{"id":7162,"date":"2023-02-03T09:13:47","date_gmt":"2023-02-03T06:13:47","guid":{"rendered":"https:\/\/birimler.atauni.edu.tr\/amerikan-kulturu-ve-edebiyati\/?page_id=7162"},"modified":"2023-02-03T09:20:46","modified_gmt":"2023-02-03T06:20:46","slug":"memnuniyet-anketleri","status":"publish","type":"page","link":"https:\/\/atauni.edu.tr\/amerikan-kulturu-ve-edebiyati\/memnuniyet-anketleri\/","title":{"rendered":"Memnuniyet Anketleri"},"content":{"rendered":"\t\t<div data-elementor-type=\"wp-page\" data-elementor-id=\"7162\" class=\"elementor elementor-7162\" data-elementor-post-type=\"page\">\n\t\t\t\t\t\t<section class=\"elementor-section elementor-top-section elementor-element elementor-element-ffcee5d elementor-section-boxed elementor-section-height-default elementor-section-height-default\" data-id=\"ffcee5d\" data-element_type=\"section\">\n\t\t\t\t\t\t<div class=\"elementor-container elementor-column-gap-default\">\n\t\t\t\t\t<div class=\"elementor-column elementor-col-100 elementor-top-column elementor-element elementor-element-a56cb27\" data-id=\"a56cb27\" data-element_type=\"column\">\n\t\t\t<div class=\"elementor-widget-wrap elementor-element-populated\">\n\t\t\t\t\t\t<div class=\"elementor-element elementor-element-bbb615c elementor-widget elementor-widget-text-editor\" data-id=\"bbb615c\" data-element_type=\"widget\" data-widget_type=\"text-editor.default\">\n\t\t\t\t<div class=\"elementor-widget-container\">\n\t\t\t\t\t\t\t\t\t<p><a href=\"https:\/\/forms.gle\/g2FKXNSS9LwnHoaN7\">\u00d6\u011frenci Memnuniyet Anketi i\u00e7in T\u0131klay\u0131n\u0131z<\/a><\/p><p>https:\/\/forms.gle\/g2FKXNSS9LwnHoaN7<\/p><p><a href=\"https:\/\/forms.gle\/TEpAHt26prs4Jfuv9\">Mezun Memnuniyet Anketi i\u00e7in T\u0131klay\u0131n\u0131z<\/a><\/p><p>https:\/\/forms.gle\/TEpAHt26prs4Jfuv9<\/p>\t\t\t\t\t\t\t\t<\/div>\n\t\t\t\t<\/div>\n\t\t\t\t\t<\/div>\n\t\t<\/div>\n\t\t\t\t\t<\/div>\n\t\t<\/section>\n\t\t\t\t<\/div>\n\t\t","protected":false},"excerpt":{"rendered":"<p>\u00d6\u011frenci Memnuniyet Anketi i\u00e7in T\u0131klay\u0131n\u0131z https:\/\/forms.gle\/g2FKXNSS9LwnHoaN7 Mezun Memnuniyet Anketi i\u00e7in T\u0131klay\u0131n\u0131z https:\/\/forms.gle\/TEpAHt26prs4Jfuv9<\/p>\n","protected":false},"author":68,"featured_media":0,"parent":0,"menu_order":0,"comment_status":"closed","ping_status":"closed","template":"","meta":{"footnotes":""},"class_list":["post-7162","page","type-page","status-publish","hentry"],"_links":{"self":[{"href":"https:\/\/atauni.edu.tr\/amerikan-kulturu-ve-edebiyati\/wp-json\/wp\/v2\/pages\/7162","targetHints":{"allow":["GET"]}}],"collection":[{"href":"https:\/\/atauni.edu.tr\/amerikan-kulturu-ve-edebiyati\/wp-json\/wp\/v2\/pages"}],"about":[{"href":"https:\/\/atauni.edu.tr\/amerikan-kulturu-ve-edebiyati\/wp-json\/wp\/v2\/types\/page"}],"author":[{"embeddable":true,"href":"https:\/\/atauni.edu.tr\/amerikan-kulturu-ve-edebiyati\/wp-json\/wp\/v2\/users\/68"}],"replies":[{"embeddable":true,"href":"https:\/\/atauni.edu.tr\/amerikan-kulturu-ve-edebiyati\/wp-json\/wp\/v2\/comments?post=7162"}],"version-history":[{"count":7,"href":"https:\/\/atauni.edu.tr\/amerikan-kulturu-ve-edebiyati\/wp-json\/wp\/v2\/pages\/7162\/revisions"}],"predecessor-version":[{"id":7171,"href":"https:\/\/atauni.edu.tr\/amerikan-kulturu-ve-edebiyati\/wp-json\/wp\/v2\/pages\/7162\/revisions\/7171"}],"wp:attachment":[{"href":"https:\/\/atauni.edu.tr\/amerikan-kulturu-ve-edebiyati\/wp-json\/wp\/v2\/media?parent=7162"}],"curies":[{"name":"wp","href":"https:\/\/api.w.org\/{rel}","templated":true}]}}