{"id":7453,"date":"2024-03-01T12:07:20","date_gmt":"2024-03-01T09:07:20","guid":{"rendered":"https:\/\/birimler.atauni.edu.tr\/amerikan-kulturu-ve-edebiyati\/?page_id=7453"},"modified":"2024-03-01T12:12:53","modified_gmt":"2024-03-01T09:12:53","slug":"anabilim-dallari-2","status":"publish","type":"page","link":"https:\/\/atauni.edu.tr\/amerikan-kulturu-ve-edebiyati\/anabilim-dallari-2\/","title":{"rendered":"Anabilim Dallar\u0131"},"content":{"rendered":"\t\t<div data-elementor-type=\"wp-page\" data-elementor-id=\"7453\" class=\"elementor elementor-7453\" data-elementor-post-type=\"page\">\n\t\t\t\t\t\t<section class=\"elementor-section elementor-top-section elementor-element elementor-element-c1851f7 elementor-section-boxed elementor-section-height-default elementor-section-height-default\" data-id=\"c1851f7\" data-element_type=\"section\">\n\t\t\t\t\t\t<div class=\"elementor-container elementor-column-gap-default\">\n\t\t\t\t\t<div class=\"elementor-column elementor-col-100 elementor-top-column elementor-element elementor-element-9822ab0\" data-id=\"9822ab0\" data-element_type=\"column\">\n\t\t\t<div class=\"elementor-widget-wrap elementor-element-populated\">\n\t\t\t\t\t\t<div class=\"elementor-element elementor-element-c89d3ed elementor-widget elementor-widget-text-editor\" data-id=\"c89d3ed\" data-element_type=\"widget\" data-widget_type=\"text-editor.default\">\n\t\t\t\t<div class=\"elementor-widget-container\">\n\t\t\t\t\t\t\t\t\t<p><strong>Amerikan K\u00fclt\u00fcr\u00fc ve Edebiyat\u0131 Anabilim Dal\u0131<\/strong><\/p><p>Dr.\u00d6\u011fr.\u00dcyesi Deniz ARAS (Ba\u015fkan)<\/p><p>Do\u00e7.Dr. Kamil C\u0130VELEK<\/p><p>Dr.\u00d6\u011fr.\u00dcyesi Cansu G\u00dcR<\/p><p>Ar\u015f.G\u00f6r.Esma S\u00d6NMEZ \u00d6Z<\/p><p>\u00a0<\/p>\t\t\t\t\t\t\t\t<\/div>\n\t\t\t\t<\/div>\n\t\t\t\t\t<\/div>\n\t\t<\/div>\n\t\t\t\t\t<\/div>\n\t\t<\/section>\n\t\t\t\t<\/div>\n\t\t","protected":false},"excerpt":{"rendered":"<p>Amerikan K\u00fclt\u00fcr\u00fc ve Edebiyat\u0131 Anabilim Dal\u0131 Dr.\u00d6\u011fr.\u00dcyesi Deniz ARAS (Ba\u015fkan) Do\u00e7.Dr. Kamil C\u0130VELEK Dr.\u00d6\u011fr.\u00dcyesi Cansu G\u00dcR Ar\u015f.G\u00f6r.Esma S\u00d6NMEZ \u00d6Z \u00a0<\/p>\n","protected":false},"author":68,"featured_media":0,"parent":0,"menu_order":0,"comment_status":"closed","ping_status":"closed","template":"","meta":{"footnotes":""},"class_list":["post-7453","page","type-page","status-publish","hentry"],"_links":{"self":[{"href":"https:\/\/atauni.edu.tr\/amerikan-kulturu-ve-edebiyati\/wp-json\/wp\/v2\/pages\/7453","targetHints":{"allow":["GET"]}}],"collection":[{"href":"https:\/\/atauni.edu.tr\/amerikan-kulturu-ve-edebiyati\/wp-json\/wp\/v2\/pages"}],"about":[{"href":"https:\/\/atauni.edu.tr\/amerikan-kulturu-ve-edebiyati\/wp-json\/wp\/v2\/types\/page"}],"author":[{"embeddable":true,"href":"https:\/\/atauni.edu.tr\/amerikan-kulturu-ve-edebiyati\/wp-json\/wp\/v2\/users\/68"}],"replies":[{"embeddable":true,"href":"https:\/\/atauni.edu.tr\/amerikan-kulturu-ve-edebiyati\/wp-json\/wp\/v2\/comments?post=7453"}],"version-history":[{"count":4,"href":"https:\/\/atauni.edu.tr\/amerikan-kulturu-ve-edebiyati\/wp-json\/wp\/v2\/pages\/7453\/revisions"}],"predecessor-version":[{"id":7459,"href":"https:\/\/atauni.edu.tr\/amerikan-kulturu-ve-edebiyati\/wp-json\/wp\/v2\/pages\/7453\/revisions\/7459"}],"wp:attachment":[{"href":"https:\/\/atauni.edu.tr\/amerikan-kulturu-ve-edebiyati\/wp-json\/wp\/v2\/media?parent=7453"}],"curies":[{"name":"wp","href":"https:\/\/api.w.org\/{rel}","templated":true}]}}