{"id":7551,"date":"2024-08-13T12:08:48","date_gmt":"2024-08-13T09:08:48","guid":{"rendered":"https:\/\/birimler.atauni.edu.tr\/amerikan-kulturu-ve-edebiyati\/?page_id=7551"},"modified":"2024-08-13T12:15:41","modified_gmt":"2024-08-13T09:15:41","slug":"ders-icerikleri","status":"publish","type":"page","link":"https:\/\/atauni.edu.tr\/amerikan-kulturu-ve-edebiyati\/ders-icerikleri\/","title":{"rendered":"Ders \u0130\u00e7erikleri"},"content":{"rendered":"\t\t<div data-elementor-type=\"wp-page\" data-elementor-id=\"7551\" class=\"elementor elementor-7551\" data-elementor-post-type=\"page\">\n\t\t\t\t\t\t<section class=\"elementor-section elementor-top-section elementor-element elementor-element-9dd5fd2 elementor-section-boxed elementor-section-height-default elementor-section-height-default\" data-id=\"9dd5fd2\" data-element_type=\"section\">\n\t\t\t\t\t\t<div class=\"elementor-container elementor-column-gap-default\">\n\t\t\t\t\t<div class=\"elementor-column elementor-col-100 elementor-top-column elementor-element elementor-element-4b55f58\" data-id=\"4b55f58\" data-element_type=\"column\">\n\t\t\t<div class=\"elementor-widget-wrap elementor-element-populated\">\n\t\t\t\t\t\t<div class=\"elementor-element elementor-element-6ab3367 elementor-widget elementor-widget-text-editor\" data-id=\"6ab3367\" data-element_type=\"widget\" data-widget_type=\"text-editor.default\">\n\t\t\t\t<div class=\"elementor-widget-container\">\n\t\t\t\t\t\t\t\t\t<p>B\u00f6l\u00fcm\u00fcm\u00fcz\u00fcn ders listesine ve ders i\u00e7eriklerine ula\u015fmak i\u00e7in <a href=\"http:\/\/birimler.atauni.edu.tr\/amerikan-kulturu-ve-edebiyati\/wp-content\/uploads\/sites\/79\/2020\/07\/DERS-ICERIKLERI.pdf\">t\u0131klay\u0131n\u0131z\u00a0<\/a><\/p>\t\t\t\t\t\t\t\t<\/div>\n\t\t\t\t<\/div>\n\t\t\t\t\t<\/div>\n\t\t<\/div>\n\t\t\t\t\t<\/div>\n\t\t<\/section>\n\t\t\t\t<\/div>\n\t\t","protected":false},"excerpt":{"rendered":"<p>B\u00f6l\u00fcm\u00fcm\u00fcz\u00fcn ders listesine ve ders i\u00e7eriklerine ula\u015fmak i\u00e7in t\u0131klay\u0131n\u0131z\u00a0<\/p>\n","protected":false},"author":68,"featured_media":0,"parent":0,"menu_order":0,"comment_status":"closed","ping_status":"closed","template":"","meta":{"footnotes":""},"class_list":["post-7551","page","type-page","status-publish","hentry"],"_links":{"self":[{"href":"https:\/\/atauni.edu.tr\/amerikan-kulturu-ve-edebiyati\/wp-json\/wp\/v2\/pages\/7551","targetHints":{"allow":["GET"]}}],"collection":[{"href":"https:\/\/atauni.edu.tr\/amerikan-kulturu-ve-edebiyati\/wp-json\/wp\/v2\/pages"}],"about":[{"href":"https:\/\/atauni.edu.tr\/amerikan-kulturu-ve-edebiyati\/wp-json\/wp\/v2\/types\/page"}],"author":[{"embeddable":true,"href":"https:\/\/atauni.edu.tr\/amerikan-kulturu-ve-edebiyati\/wp-json\/wp\/v2\/users\/68"}],"replies":[{"embeddable":true,"href":"https:\/\/atauni.edu.tr\/amerikan-kulturu-ve-edebiyati\/wp-json\/wp\/v2\/comments?post=7551"}],"version-history":[{"count":4,"href":"https:\/\/atauni.edu.tr\/amerikan-kulturu-ve-edebiyati\/wp-json\/wp\/v2\/pages\/7551\/revisions"}],"predecessor-version":[{"id":7559,"href":"https:\/\/atauni.edu.tr\/amerikan-kulturu-ve-edebiyati\/wp-json\/wp\/v2\/pages\/7551\/revisions\/7559"}],"wp:attachment":[{"href":"https:\/\/atauni.edu.tr\/amerikan-kulturu-ve-edebiyati\/wp-json\/wp\/v2\/media?parent=7551"}],"curies":[{"name":"wp","href":"https:\/\/api.w.org\/{rel}","templated":true}]}}