{"id":5688,"date":"2021-07-13T10:13:48","date_gmt":"2021-07-13T07:13:48","guid":{"rendered":"https:\/\/portaltest.atauni.edu.tr\/bilgisayar-muhendisligi\/?page_id=5688"},"modified":"2021-08-19T11:35:30","modified_gmt":"2021-08-19T08:35:30","slug":"akademik-personel","status":"publish","type":"page","link":"https:\/\/atauni.edu.tr\/anorganik-kimya-anabilim-dali\/akademik-personel\/","title":{"rendered":"Akademik Personel"},"content":{"rendered":"\t\t<div data-elementor-type=\"wp-page\" data-elementor-id=\"5688\" class=\"elementor elementor-5688\" data-elementor-post-type=\"page\">\n\t\t\t\t\t\t<section class=\"elementor-section elementor-top-section elementor-element elementor-element-22b96024 elementor-section-boxed elementor-section-height-default elementor-section-height-default\" data-id=\"22b96024\" data-element_type=\"section\">\n\t\t\t\t\t\t<div class=\"elementor-container elementor-column-gap-default\">\n\t\t\t\t\t<div class=\"elementor-column elementor-col-100 elementor-top-column elementor-element elementor-element-5a1f7769\" data-id=\"5a1f7769\" data-element_type=\"column\">\n\t\t\t<div class=\"elementor-widget-wrap elementor-element-populated\">\n\t\t\t\t\t\t<div class=\"elementor-element elementor-element-3b3e2d4a elementor-widget elementor-widget-heading\" data-id=\"3b3e2d4a\" data-element_type=\"widget\" data-widget_type=\"heading.default\">\n\t\t\t\t<div class=\"elementor-widget-container\">\n\t\t\t\t\t<h2 class=\"elementor-heading-title elementor-size-default\">Akademik Personel<\/h2>\t\t\t\t<\/div>\n\t\t\t\t<\/div>\n\t\t\t\t<div class=\"elementor-element elementor-element-35223868 elementor-widget-divider--view-line elementor-widget elementor-widget-divider\" data-id=\"35223868\" data-element_type=\"widget\" data-widget_type=\"divider.default\">\n\t\t\t\t<div class=\"elementor-widget-container\">\n\t\t\t\t\t\t\t<div class=\"elementor-divider\">\n\t\t\t<span class=\"elementor-divider-separator\">\n\t\t\t\t\t\t<\/span>\n\t\t<\/div>\n\t\t\t\t\t\t<\/div>\n\t\t\t\t<\/div>\n\t\t\t\t\t<\/div>\n\t\t<\/div>\n\t\t\t\t\t<\/div>\n\t\t<\/section>\n\t\t\t\t<section class=\"elementor-section elementor-top-section elementor-element elementor-element-b9726fb elementor-section-boxed elementor-section-height-default elementor-section-height-default\" data-id=\"b9726fb\" data-element_type=\"section\">\n\t\t\t\t\t\t<div class=\"elementor-container elementor-column-gap-default\">\n\t\t\t\t\t<div class=\"elementor-column elementor-col-100 elementor-top-column elementor-element elementor-element-db5efd7\" data-id=\"db5efd7\" data-element_type=\"column\">\n\t\t\t<div class=\"elementor-widget-wrap elementor-element-populated\">\n\t\t\t\t\t\t<div class=\"elementor-element elementor-element-7acf783 elementor-widget elementor-widget-shortcode\" data-id=\"7acf783\" data-element_type=\"widget\" data-widget_type=\"shortcode.default\">\n\t\t\t\t<div class=\"elementor-widget-container\">\n\t\t\t\t\t        <div class=\"accordion\" id=\"personel-kart\">\n            <div class=\"card p-liste\">\n                <div class=\"card-header \" id=\"p-0\">\n                    <h2 class=\"mb-0\">\n                        <button class=\"btn btn-link collapsed\" type=\"button\" data-toggle=\"collapse\"\n                                data-target=\"#k-0\"\n                                aria-expanded=\"false\" aria-controls=\"collapseOne\">\n                            Prof. Dr. Elif \u015eenkuytu                        <\/button>\n                    <\/h2>\n                <\/div>\n\n                <div id=\"k-0\" class=\"collapse\" aria-labelledby=\"p-0\"\n                     data-parent=\"#personel-kart\" style=\"\">\n                    <div class=\"card-body\">\n                        <div class=\"row\">\n                            <div class=\"col-3 kart-resim\">\n                                <img decoding=\"async\" src=\"\/\/eski.atauni.edu.tr\/resizer.php?w=189&amp;h=228&amp;zc=1&amp;src=\/uploads\/profilResimleriSha1\/16506e92c8ba86b5f9e8792d280b9494.png\"\n                                     class=\"img-fluid\">\n                            <\/div>\n                            <div class=\"col-7\">\n                                <h3 class=\"kart-baslik \">PROF\u0130L B\u0130LG\u0130S\u0130<\/h3>\n                                <div class=\"row\">\n                                    <div class=\"ad-soyad\">Prof. Dr. Elif \u015eenkuytu<\/div>\n                                    <div class=\"birim\">Anorganik Kimya Anabilim Dal\u0131<\/div>\n                                    <div class=\"bilgiler\"><strong>E-Posta<\/strong>elif.senkuytu@atauni.edu.tr                                    <\/div>\n                                                                        <div class=\"bilgiler\"><strong>Profil<\/strong> <a target=\"_blank\"\n                                                                                     href=\"http:\/\/avesis.atauni.edu.tr\/elif.senkuytu\">https:\/\/avesis.atauni.edu.tr\/elif.senkuytu<\/a>\n                                    <\/div>\n                                    <div class=\"bilgiler\">\n                                        <strong>Telefon<\/strong>\n                                        +90 442 231                                        ()&nbsp;\n                                    <\/div>\n                                    <div class=\"bilgiler\"><strong>Posta Adresi<\/strong> <span\n                                                class=\"posta\">\n                                                                                                                                                                                                                                                                                                                                                                                                                                <\/span>\n                                    <\/div>\n                                <\/div>\n                            <\/div>\n                            <div class=\"col-10 kart-egitim\">\n                                <h3>E\u011fitim<\/h3>\n                                <ul>\n\n                                    \n                                <\/ul>\n                            <\/div>\n                             <!--<div class=\"col-2 qr\">\n                                <img decoding=\"async\" src=\"https:\/\/chart.googleapis.com\/chart?chs=100x100&amp;cht=qr&amp;chl=BEGIN:VCARD%0AVERSION:3.0%0ATITLE:%0AN:Elif%20\u015eenkuytu%0ATEL;type=WORK:%2B90442231%0AEMAIL:elif.senkuytu@atauni.edu.tr%0AEND:VCARD\"\n                                     class=\"img-fluid qr\">\n                            <\/div>-->\n                        <\/div>\n                    <\/div>\n                <\/div>\n            <\/div>\n        <\/div>\n\n\n                <div class=\"accordion\" id=\"personel-kart\">\n            <div class=\"card p-liste\">\n                <div class=\"card-header \" id=\"p-1\">\n                    <h2 class=\"mb-0\">\n                        <button class=\"btn btn-link collapsed\" type=\"button\" data-toggle=\"collapse\"\n                                data-target=\"#k-1\"\n                                aria-expanded=\"false\" aria-controls=\"collapseOne\">\n                            Prof. Dr. Ertan \u015eahin                        <\/button>\n                    <\/h2>\n                <\/div>\n\n                <div id=\"k-1\" class=\"collapse\" aria-labelledby=\"p-1\"\n                     data-parent=\"#personel-kart\" style=\"\">\n                    <div class=\"card-body\">\n                        <div class=\"row\">\n                            <div class=\"col-3 kart-resim\">\n                                <img decoding=\"async\" src=\"\/\/eski.atauni.edu.tr\/resizer.php?w=189&amp;h=228&amp;zc=1&amp;src=\/uploads\/profilResimleriSha1\/adddfb987f9078f57bb9a7c3afc414df.png\"\n                                     class=\"img-fluid\">\n                            <\/div>\n                            <div class=\"col-7\">\n                                <h3 class=\"kart-baslik \">PROF\u0130L B\u0130LG\u0130S\u0130<\/h3>\n                                <div class=\"row\">\n                                    <div class=\"ad-soyad\">Prof. Dr. Ertan \u015eahin<\/div>\n                                    <div class=\"birim\">Anorganik Kimya Anabilim Dal\u0131<\/div>\n                                    <div class=\"bilgiler\"><strong>E-Posta<\/strong>ertan@atauni.edu.tr                                    <\/div>\n                                                                        <div class=\"bilgiler\"><strong>Profil<\/strong> <a target=\"_blank\"\n                                                                                     href=\"http:\/\/avesis.atauni.edu.tr\/ertan\">https:\/\/avesis.atauni.edu.tr\/ertan<\/a>\n                                    <\/div>\n                                    <div class=\"bilgiler\">\n                                        <strong>Telefon<\/strong>\n                                        +90 442 231                                        (4380)&nbsp;\n                                    <\/div>\n                                    <div class=\"bilgiler\"><strong>Posta Adresi<\/strong> <span\n                                                class=\"posta\">\n                                                                                                                                                                                                                                                                                                                                                                                                                                <\/span>\n                                    <\/div>\n                                <\/div>\n                            <\/div>\n                            <div class=\"col-10 kart-egitim\">\n                                <h3>E\u011fitim<\/h3>\n                                <ul>\n\n                                    <li>Doktora, Hacettepe \u00dcniversitesi, Fizik M\u00fchendisli\u011fi, <\/li><li>Y\u00fcksek Lisans, Hacettepe \u00dcniversitesi, Fizik M\u00fchendisli\u011fi, 1996<\/li>\n                                <\/ul>\n                            <\/div>\n                             <!--<div class=\"col-2 qr\">\n                                <img decoding=\"async\" src=\"https:\/\/chart.googleapis.com\/chart?chs=100x100&amp;cht=qr&amp;chl=BEGIN:VCARD%0AVERSION:3.0%0ATITLE:%0AN:Ertan%20\u015eahin%0ATEL;type=WORK:%2B904422314380%0AEMAIL:ertan@atauni.edu.tr%0AEND:VCARD\"\n                                     class=\"img-fluid qr\">\n                            <\/div>-->\n                        <\/div>\n                    <\/div>\n                <\/div>\n            <\/div>\n        <\/div>\n\n\n                <div class=\"accordion\" id=\"personel-kart\">\n            <div class=\"card p-liste\">\n                <div class=\"card-header \" id=\"p-2\">\n                    <h2 class=\"mb-0\">\n                        <button class=\"btn btn-link collapsed\" type=\"button\" data-toggle=\"collapse\"\n                                data-target=\"#k-2\"\n                                aria-expanded=\"false\" aria-controls=\"collapseOne\">\n                            Prof. Dr. Esra Tanr\u0131verdi E\u00e7ik                        <\/button>\n                    <\/h2>\n                <\/div>\n\n                <div id=\"k-2\" class=\"collapse\" aria-labelledby=\"p-2\"\n                     data-parent=\"#personel-kart\" style=\"\">\n                    <div class=\"card-body\">\n                        <div class=\"row\">\n                            <div class=\"col-3 kart-resim\">\n                                <img decoding=\"async\" src=\"\/\/eski.atauni.edu.tr\/resizer.php?w=189&amp;h=228&amp;zc=1&amp;src=\/uploads\/profilResimleriSha1\/9e63433a596aa5425e90a986bf9b7fe7.png\"\n                                     class=\"img-fluid\">\n                            <\/div>\n                            <div class=\"col-7\">\n                                <h3 class=\"kart-baslik \">PROF\u0130L B\u0130LG\u0130S\u0130<\/h3>\n                                <div class=\"row\">\n                                    <div class=\"ad-soyad\">Prof. Dr. Esra Tanr\u0131verdi E\u00e7ik<\/div>\n                                    <div class=\"birim\">Anorganik Kimya Anabilim Dal\u0131<\/div>\n                                    <div class=\"bilgiler\"><strong>E-Posta<\/strong>esra.ecik@atauni.edu.tr                                    <\/div>\n                                                                        <div class=\"bilgiler\"><strong>Profil<\/strong> <a target=\"_blank\"\n                                                                                     href=\"http:\/\/avesis.atauni.edu.tr\/esra.ecik\">https:\/\/avesis.atauni.edu.tr\/esra.ecik<\/a>\n                                    <\/div>\n                                    <div class=\"bilgiler\">\n                                        <strong>Telefon<\/strong>\n                                        +90 442 231                                        (4496)&nbsp;\n                                    <\/div>\n                                    <div class=\"bilgiler\"><strong>Posta Adresi<\/strong> <span\n                                                class=\"posta\">\n                                                                                                                                                                                                                                                                                                                                                                                                                                <\/span>\n                                    <\/div>\n                                <\/div>\n                            <\/div>\n                            <div class=\"col-10 kart-egitim\">\n                                <h3>E\u011fitim<\/h3>\n                                <ul>\n\n                                    \n                                <\/ul>\n                            <\/div>\n                             <!--<div class=\"col-2 qr\">\n                                <img decoding=\"async\" src=\"https:\/\/chart.googleapis.com\/chart?chs=100x100&amp;cht=qr&amp;chl=BEGIN:VCARD%0AVERSION:3.0%0ATITLE:%0AN:Esra%20Tanr\u0131verdi E\u00e7ik%0ATEL;type=WORK:%2B904422314496%0AEMAIL:esra.ecik@atauni.edu.tr%0AEND:VCARD\"\n                                     class=\"img-fluid qr\">\n                            <\/div>-->\n                        <\/div>\n                    <\/div>\n                <\/div>\n            <\/div>\n        <\/div>\n\n\n                <div class=\"accordion\" id=\"personel-kart\">\n            <div class=\"card p-liste\">\n                <div class=\"card-header \" id=\"p-3\">\n                    <h2 class=\"mb-0\">\n                        <button class=\"btn btn-link collapsed\" type=\"button\" data-toggle=\"collapse\"\n                                data-target=\"#k-3\"\n                                aria-expanded=\"false\" aria-controls=\"collapseOne\">\n                            Do\u00e7. Dr. Melike Sevim                        <\/button>\n                    <\/h2>\n                <\/div>\n\n                <div id=\"k-3\" class=\"collapse\" aria-labelledby=\"p-3\"\n                     data-parent=\"#personel-kart\" style=\"\">\n                    <div class=\"card-body\">\n                        <div class=\"row\">\n                            <div class=\"col-3 kart-resim\">\n                                <img decoding=\"async\" src=\"\/\/eski.atauni.edu.tr\/resizer.php?w=189&amp;h=228&amp;zc=1&amp;src=\/uploads\/profilResimleriSha1\/21a86dfd890436fe86a57be5fccd98bb.png\"\n                                     class=\"img-fluid\">\n                            <\/div>\n                            <div class=\"col-7\">\n                                <h3 class=\"kart-baslik \">PROF\u0130L B\u0130LG\u0130S\u0130<\/h3>\n                                <div class=\"row\">\n                                    <div class=\"ad-soyad\">Do\u00e7. Dr. Melike Sevim<\/div>\n                                    <div class=\"birim\">Anorganik Kimya Anabilim Dal\u0131<\/div>\n                                    <div class=\"bilgiler\"><strong>E-Posta<\/strong>melike.sevim@atauni.edu.tr                                    <\/div>\n                                                                        <div class=\"bilgiler\"><strong>Profil<\/strong> <a target=\"_blank\"\n                                                                                     href=\"http:\/\/avesis.atauni.edu.tr\/melike.sevim\">https:\/\/avesis.atauni.edu.tr\/melike.sevim<\/a>\n                                    <\/div>\n                                    <div class=\"bilgiler\">\n                                        <strong>Telefon<\/strong>\n                                        +90 442 231                                        (4279)&nbsp;\n                                    <\/div>\n                                    <div class=\"bilgiler\"><strong>Posta Adresi<\/strong> <span\n                                                class=\"posta\">\n                                                                                                                                                                                                                                                                                                                                                                                                                                <\/span>\n                                    <\/div>\n                                <\/div>\n                            <\/div>\n                            <div class=\"col-10 kart-egitim\">\n                                <h3>E\u011fitim<\/h3>\n                                <ul>\n\n                                    <li>Lisans, Sakarya \u00dcniversitesi, Kimya B\u00f6l\u00fcm\u00fc, 2011<\/li><li>Y\u00fcksek Lisans, Sakarya \u00dcniversitesi, Fen Bilimleri Enstit\u00fcs\u00fc, 2013<\/li><li>Doktora, Atat\u00fcrk \u00dcniversitesi, Fen Bilimleri Enstit\u00fcs\u00fc, 2018<\/li>\n                                <\/ul>\n                            <\/div>\n                             <!--<div class=\"col-2 qr\">\n                                <img decoding=\"async\" src=\"https:\/\/chart.googleapis.com\/chart?chs=100x100&amp;cht=qr&amp;chl=BEGIN:VCARD%0AVERSION:3.0%0ATITLE:%0AN:Melike%20Sevim%0ATEL;type=WORK:%2B904422314279%0AEMAIL:melike.sevim@atauni.edu.tr%0AEND:VCARD\"\n                                     class=\"img-fluid qr\">\n                            <\/div>-->\n                        <\/div>\n                    <\/div>\n                <\/div>\n            <\/div>\n        <\/div>\n\n\n                <div class=\"accordion\" id=\"personel-kart\">\n            <div class=\"card p-liste\">\n                <div class=\"card-header \" id=\"p-4\">\n                    <h2 class=\"mb-0\">\n                        <button class=\"btn btn-link collapsed\" type=\"button\" data-toggle=\"collapse\"\n                                data-target=\"#k-4\"\n                                aria-expanded=\"false\" aria-controls=\"collapseOne\">\n                            Do\u00e7. Dr. S\u00fcreyya O\u011fuz T\u00fcmay                        <\/button>\n                    <\/h2>\n                <\/div>\n\n                <div id=\"k-4\" class=\"collapse\" aria-labelledby=\"p-4\"\n                     data-parent=\"#personel-kart\" style=\"\">\n                    <div class=\"card-body\">\n                        <div class=\"row\">\n                            <div class=\"col-3 kart-resim\">\n                                <img decoding=\"async\" src=\"\/\/eski.atauni.edu.tr\/resizer.php?w=189&amp;h=228&amp;zc=1&amp;src=\/uploads\/profilResimleriSha1\/d0be71a8fc8ac7124aba6f221af83efc.png\"\n                                     class=\"img-fluid\">\n                            <\/div>\n                            <div class=\"col-7\">\n                                <h3 class=\"kart-baslik \">PROF\u0130L B\u0130LG\u0130S\u0130<\/h3>\n                                <div class=\"row\">\n                                    <div class=\"ad-soyad\">Do\u00e7. Dr. S\u00fcreyya O\u011fuz T\u00fcmay<\/div>\n                                    <div class=\"birim\">Anorganik Kimya Anabilim Dal\u0131<\/div>\n                                    <div class=\"bilgiler\"><strong>E-Posta<\/strong>sotumay@atauni.edu.tr                                    <\/div>\n                                                                        <div class=\"bilgiler\"><strong>Profil<\/strong> <a target=\"_blank\"\n                                                                                     href=\"http:\/\/avesis.atauni.edu.tr\/sotumay\">https:\/\/avesis.atauni.edu.tr\/sotumay<\/a>\n                                    <\/div>\n                                    <div class=\"bilgiler\">\n                                        <strong>Telefon<\/strong>\n                                        +90 442 231                                        ()&nbsp;\n                                    <\/div>\n                                    <div class=\"bilgiler\"><strong>Posta Adresi<\/strong> <span\n                                                class=\"posta\">\n                                                                                                                                                                                                                                                                                                                                                                                                                                <\/span>\n                                    <\/div>\n                                <\/div>\n                            <\/div>\n                            <div class=\"col-10 kart-egitim\">\n                                <h3>E\u011fitim<\/h3>\n                                <ul>\n\n                                    <li>Lisans, Karadeniz Teknik \u00dcniversitesi, Kimya, 2012<\/li><li>Y\u00fcksek Lisans, Karadeniz Teknik \u00dcniversitesi, Kimya, 2014<\/li><li>Doktora, Gebze Teknik \u00dcniversitesi, Kimya, 2020<\/li>\n                                <\/ul>\n                            <\/div>\n                             <!--<div class=\"col-2 qr\">\n                                <img decoding=\"async\" src=\"https:\/\/chart.googleapis.com\/chart?chs=100x100&amp;cht=qr&amp;chl=BEGIN:VCARD%0AVERSION:3.0%0ATITLE:%0AN:S\u00fcreyya O\u011fuz%20T\u00fcmay%0ATEL;type=WORK:%2B90442231%0AEMAIL:sotumay@atauni.edu.tr%0AEND:VCARD\"\n                                     class=\"img-fluid qr\">\n                            <\/div>-->\n                        <\/div>\n                    <\/div>\n                <\/div>\n            <\/div>\n        <\/div>\n\n\n        \t\t<div class=\"elementor-shortcode\"><\/div>\n\t\t\t\t\t\t<\/div>\n\t\t\t\t<\/div>\n\t\t\t\t\t<\/div>\n\t\t<\/div>\n\t\t\t\t\t<\/div>\n\t\t<\/section>\n\t\t\t\t<\/div>\n\t\t","protected":false},"excerpt":{"rendered":"<p>Akademik Personel<\/p>\n","protected":false},"author":1,"featured_media":0,"parent":0,"menu_order":0,"comment_status":"closed","ping_status":"closed","template":"elementor_header_footer","meta":{"footnotes":""},"class_list":["post-5688","page","type-page","status-publish","hentry"],"_links":{"self":[{"href":"https:\/\/atauni.edu.tr\/anorganik-kimya-anabilim-dali\/wp-json\/wp\/v2\/pages\/5688","targetHints":{"allow":["GET"]}}],"collection":[{"href":"https:\/\/atauni.edu.tr\/anorganik-kimya-anabilim-dali\/wp-json\/wp\/v2\/pages"}],"about":[{"href":"https:\/\/atauni.edu.tr\/anorganik-kimya-anabilim-dali\/wp-json\/wp\/v2\/types\/page"}],"author":[{"embeddable":true,"href":"https:\/\/atauni.edu.tr\/anorganik-kimya-anabilim-dali\/wp-json\/wp\/v2\/users\/1"}],"replies":[{"embeddable":true,"href":"https:\/\/atauni.edu.tr\/anorganik-kimya-anabilim-dali\/wp-json\/wp\/v2\/comments?post=5688"}],"version-history":[{"count":14,"href":"https:\/\/atauni.edu.tr\/anorganik-kimya-anabilim-dali\/wp-json\/wp\/v2\/pages\/5688\/revisions"}],"predecessor-version":[{"id":6039,"href":"https:\/\/atauni.edu.tr\/anorganik-kimya-anabilim-dali\/wp-json\/wp\/v2\/pages\/5688\/revisions\/6039"}],"wp:attachment":[{"href":"https:\/\/atauni.edu.tr\/anorganik-kimya-anabilim-dali\/wp-json\/wp\/v2\/media?parent=5688"}],"curies":[{"name":"wp","href":"https:\/\/api.w.org\/{rel}","templated":true}]}}