{"id":5791,"date":"2021-07-13T13:07:15","date_gmt":"2021-07-13T10:07:15","guid":{"rendered":"https:\/\/portaltest.atauni.edu.tr\/bilgisayar-muhendisligi\/?page_id=5791"},"modified":"2021-08-27T15:49:32","modified_gmt":"2021-08-27T12:49:32","slug":"staj","status":"publish","type":"page","link":"https:\/\/atauni.edu.tr\/antrenorluk-egitimi-bolumu-1\/staj\/","title":{"rendered":"Staj"},"content":{"rendered":"\t\t<div data-elementor-type=\"wp-page\" data-elementor-id=\"5791\" class=\"elementor elementor-5791\" data-elementor-post-type=\"page\">\n\t\t\t\t\t\t<section class=\"elementor-section elementor-top-section elementor-element elementor-element-730d320 elementor-section-boxed elementor-section-height-default elementor-section-height-default\" data-id=\"730d320\" data-element_type=\"section\">\n\t\t\t\t\t\t<div class=\"elementor-container elementor-column-gap-default\">\n\t\t\t\t\t<div class=\"elementor-column elementor-col-100 elementor-top-column elementor-element elementor-element-753d0860\" data-id=\"753d0860\" data-element_type=\"column\">\n\t\t\t<div class=\"elementor-widget-wrap\">\n\t\t\t\t\t\t\t<\/div>\n\t\t<\/div>\n\t\t\t\t\t<\/div>\n\t\t<\/section>\n\t\t\t\t<section class=\"elementor-section elementor-top-section elementor-element elementor-element-9be811a elementor-section-boxed elementor-section-height-default elementor-section-height-default\" data-id=\"9be811a\" data-element_type=\"section\">\n\t\t\t\t\t\t<div class=\"elementor-container elementor-column-gap-default\">\n\t\t\t\t\t<div class=\"elementor-column elementor-col-100 elementor-top-column elementor-element elementor-element-1ed847b7\" data-id=\"1ed847b7\" data-element_type=\"column\">\n\t\t\t<div class=\"elementor-widget-wrap elementor-element-populated\">\n\t\t\t\t\t\t<div class=\"elementor-element elementor-element-4ce0d07f elementor-widget elementor-widget-heading\" data-id=\"4ce0d07f\" data-element_type=\"widget\" data-widget_type=\"heading.default\">\n\t\t\t\t<div class=\"elementor-widget-container\">\n\t\t\t\t\t<h2 class=\"elementor-heading-title elementor-size-default\">Staj<\/h2>\t\t\t\t<\/div>\n\t\t\t\t<\/div>\n\t\t\t\t<div class=\"elementor-element elementor-element-63260862 elementor-widget-divider--view-line elementor-widget elementor-widget-divider\" data-id=\"63260862\" data-element_type=\"widget\" data-widget_type=\"divider.default\">\n\t\t\t\t<div class=\"elementor-widget-container\">\n\t\t\t\t\t\t\t<div class=\"elementor-divider\">\n\t\t\t<span class=\"elementor-divider-separator\">\n\t\t\t\t\t\t<\/span>\n\t\t<\/div>\n\t\t\t\t\t\t<\/div>\n\t\t\t\t<\/div>\n\t\t\t\t\t<\/div>\n\t\t<\/div>\n\t\t\t\t\t<\/div>\n\t\t<\/section>\n\t\t\t\t<section class=\"elementor-section elementor-top-section elementor-element elementor-element-10e8347 elementor-section-boxed elementor-section-height-default elementor-section-height-default\" data-id=\"10e8347\" data-element_type=\"section\">\n\t\t\t\t\t\t<div class=\"elementor-container elementor-column-gap-default\">\n\t\t\t\t\t<div class=\"elementor-column elementor-col-100 elementor-top-column elementor-element elementor-element-795ab05\" data-id=\"795ab05\" data-element_type=\"column\">\n\t\t\t<div class=\"elementor-widget-wrap elementor-element-populated\">\n\t\t\t\t\t\t<div class=\"elementor-element elementor-element-4524745 elementor-widget elementor-widget-text-editor\" data-id=\"4524745\" data-element_type=\"widget\" data-widget_type=\"text-editor.default\">\n\t\t\t\t<div class=\"elementor-widget-container\">\n\t\t\t\t\t\t\t\t\t<p>Atat\u00fcrk \u00dcniversitesi Antren\u00f6rl\u00fck E\u011fitimi B\u00f6l\u00fcm\u00fc, \u00f6\u011frencilerin teorik bilgilerini praktik uygulamalarla peki\u015ftirmeleri i\u00e7in staj olanaklar\u0131 sunar. Bu sayede \u00f6\u011frenciler, antren\u00f6rl\u00fck mesle\u011finin \u00e7e\u015fitli y\u00f6nlerini deneyimleyerek ger\u00e7ek hayattaki uygulamalar\u0131 \u00f6\u011frenme f\u0131rsat\u0131 bulurlar.<\/p>\n<p>Staj program\u0131, \u00f6\u011frencilerin unterschiedl\u0131 spor dallar\u0131 ve bran\u015flarda g\u00f6rev alan antren\u00f6rlerle birlikte \u00e7al\u0131\u015farak deneyim kazanmalar\u0131n\u0131 ama\u00e7lar. Bu exp\u00e9rience, gelecekte ba\u015far\u0131l\u0131 birer antren\u00f6r olarak kendi kariyerlerini \u015fekillendirmelerine katk\u0131da bulunur.<\/p>\n<p>Antren\u00f6rl\u00fck E\u011fitimi B\u00f6l\u00fcm\u00fc&#8217;n\u00fcn staj program\u0131, \u00f6\u011frencilere spor sekt\u00f6r\u00fcnde \u00e7e\u015fitli pozisyonlarda g\u00f6rev alma imkan\u0131 tan\u0131r. \u00d6\u011frenciler, farkl\u0131 t\u00fcrdeki spor organizasyonlar\u0131nda ve tesislerinde staj yapma f\u0131rsat\u0131n\u0131 bulurlar. Bu tr\u1ea3i nghi\u1ec7mler, onlar\u0131n antren\u00f6rl\u00fck mesle\u011fine ili\u015fkin bilgi ve becerilerini derinle\u015ftirerek ki\u015fisel ve profesyonel geli\u015fimlerine katk\u0131da bulunur.<\/p>\n<p>Staj boyunca \u00f6\u011frenciler, antrenman planlamas\u0131, sporcu de\u011ferlendirme, sakatl\u0131k \u00f6nleme ve y\u00f6netim gibi konularda pratik deneyim kazan\u0131rlar. Ayr\u0131ca, ileti\u015fim becerileri, liderlik ve tak\u0131m \u00e7al\u0131\u015fmas\u0131 gibi \u00f6nemli y\u00f6nlerde de geli\u015fme g\u00f6sterirler.<\/p>\n<p>Atat\u00fcrk \u00dcniversitesi Antren\u00f6rl\u00fck E\u011fitimi B\u00f6l\u00fcm\u00fc&#8217;n\u00fcn staj program\u0131, \u00f6\u011frencilere sekt\u00f6rde tan\u0131nan ve say\u0131lan antren\u00f6rlerle i\u015f birli\u011fi yapma imkan\u0131 sunar. Bu t\u00fcr deneyimler, mezun olduktan sonra i\u015f bulma olanaklar\u0131n\u0131 art\u0131rarak onlar\u0131n kariyer hedeflerine ula\u015fmalar\u0131na yard\u0131mc\u0131 olur.<\/p>\t\t\t\t\t\t\t\t<\/div>\n\t\t\t\t<\/div>\n\t\t\t\t\t<\/div>\n\t\t<\/div>\n\t\t\t\t\t<\/div>\n\t\t<\/section>\n\t\t\t\t<\/div>\n\t\t","protected":false},"excerpt":{"rendered":"<p>Staj Lorem Ipsum Nedir? Lorem Ipsum, dizgi ve bask\u0131 end\u00fcstrisinde kullan\u0131lan m\u0131g\u0131r metinlerdir. Lorem Ipsum, ad\u0131 bilinmeyen bir matbaac\u0131n\u0131n bir hurufat numune kitab\u0131 olu\u015fturmak \u00fczere bir yaz\u0131 galerisini alarak kar\u0131\u015ft\u0131rd\u0131\u011f\u0131 1500&#8217;lerden beri end\u00fcstri standard\u0131 sahte metinler olarak kullan\u0131lm\u0131\u015ft\u0131r. Be\u015fy\u00fcz y\u0131l boyunca varl\u0131\u011f\u0131n\u0131 s\u00fcrd\u00fcrmekle kalmam\u0131\u015f, ayn\u0131 zamanda pek de\u011fi\u015fmeden elektronik dizgiye de s\u0131\u00e7ram\u0131\u015ft\u0131r. 1960&#8217;larda Lorem Ipsum [&hellip;]<\/p>\n","protected":false},"author":1,"featured_media":0,"parent":0,"menu_order":0,"comment_status":"closed","ping_status":"closed","template":"elementor_header_footer","meta":{"footnotes":""},"class_list":["post-5791","page","type-page","status-publish","hentry"],"_links":{"self":[{"href":"https:\/\/atauni.edu.tr\/antrenorluk-egitimi-bolumu-1\/wp-json\/wp\/v2\/pages\/5791","targetHints":{"allow":["GET"]}}],"collection":[{"href":"https:\/\/atauni.edu.tr\/antrenorluk-egitimi-bolumu-1\/wp-json\/wp\/v2\/pages"}],"about":[{"href":"https:\/\/atauni.edu.tr\/antrenorluk-egitimi-bolumu-1\/wp-json\/wp\/v2\/types\/page"}],"author":[{"embeddable":true,"href":"https:\/\/atauni.edu.tr\/antrenorluk-egitimi-bolumu-1\/wp-json\/wp\/v2\/users\/1"}],"replies":[{"embeddable":true,"href":"https:\/\/atauni.edu.tr\/antrenorluk-egitimi-bolumu-1\/wp-json\/wp\/v2\/comments?post=5791"}],"version-history":[{"count":8,"href":"https:\/\/atauni.edu.tr\/antrenorluk-egitimi-bolumu-1\/wp-json\/wp\/v2\/pages\/5791\/revisions"}],"predecessor-version":[{"id":6094,"href":"https:\/\/atauni.edu.tr\/antrenorluk-egitimi-bolumu-1\/wp-json\/wp\/v2\/pages\/5791\/revisions\/6094"}],"wp:attachment":[{"href":"https:\/\/atauni.edu.tr\/antrenorluk-egitimi-bolumu-1\/wp-json\/wp\/v2\/media?parent=5791"}],"curies":[{"name":"wp","href":"https:\/\/api.w.org\/{rel}","templated":true}]}}