{"id":5682,"date":"2021-07-13T10:10:01","date_gmt":"2021-07-13T07:10:01","guid":{"rendered":"https:\/\/portaltest.atauni.edu.tr\/bilgisayar-muhendisligi\/?page_id=5682"},"modified":"2022-03-02T14:21:15","modified_gmt":"2022-03-02T11:21:15","slug":"misyon-vizyon-ve-temel-degerler","status":"publish","type":"page","link":"https:\/\/atauni.edu.tr\/arap-dili-ve-edebiyati\/misyon-vizyon-ve-temel-degerler\/","title":{"rendered":"B\u00f6l\u00fcm Ba\u015fkan\u0131n\u0131n Mesaj\u0131"},"content":{"rendered":"\t\t<div data-elementor-type=\"wp-page\" data-elementor-id=\"5682\" class=\"elementor elementor-5682\" data-elementor-post-type=\"page\">\n\t\t\t\t\t\t<section class=\"elementor-section elementor-top-section elementor-element elementor-element-730d320 elementor-section-boxed elementor-section-height-default elementor-section-height-default\" data-id=\"730d320\" data-element_type=\"section\">\n\t\t\t\t\t\t<div class=\"elementor-container elementor-column-gap-default\">\n\t\t\t\t\t<div class=\"elementor-column elementor-col-100 elementor-top-column elementor-element elementor-element-753d0860\" data-id=\"753d0860\" data-element_type=\"column\">\n\t\t\t<div class=\"elementor-widget-wrap\">\n\t\t\t\t\t\t\t<\/div>\n\t\t<\/div>\n\t\t\t\t\t<\/div>\n\t\t<\/section>\n\t\t\t\t<section class=\"elementor-section elementor-top-section elementor-element elementor-element-9be811a elementor-section-boxed elementor-section-height-default elementor-section-height-default\" data-id=\"9be811a\" data-element_type=\"section\">\n\t\t\t\t\t\t<div class=\"elementor-container elementor-column-gap-default\">\n\t\t\t\t\t<div class=\"elementor-column elementor-col-100 elementor-top-column elementor-element elementor-element-1ed847b7\" data-id=\"1ed847b7\" data-element_type=\"column\">\n\t\t\t<div class=\"elementor-widget-wrap elementor-element-populated\">\n\t\t\t\t\t\t<div class=\"elementor-element elementor-element-4ce0d07f elementor-widget elementor-widget-heading\" data-id=\"4ce0d07f\" data-element_type=\"widget\" data-widget_type=\"heading.default\">\n\t\t\t\t<div class=\"elementor-widget-container\">\n\t\t\t\t\t<h2 class=\"elementor-heading-title elementor-size-default\">B\u00f6l\u00fcm Ba\u015fkan\u0131n\u0131n Mesaj\u0131<\/h2>\t\t\t\t<\/div>\n\t\t\t\t<\/div>\n\t\t\t\t<div class=\"elementor-element elementor-element-63260862 elementor-widget-divider--view-line elementor-widget elementor-widget-divider\" data-id=\"63260862\" data-element_type=\"widget\" data-widget_type=\"divider.default\">\n\t\t\t\t<div class=\"elementor-widget-container\">\n\t\t\t\t\t\t\t<div class=\"elementor-divider\">\n\t\t\t<span class=\"elementor-divider-separator\">\n\t\t\t\t\t\t<\/span>\n\t\t<\/div>\n\t\t\t\t\t\t<\/div>\n\t\t\t\t<\/div>\n\t\t\t\t\t<\/div>\n\t\t<\/div>\n\t\t\t\t\t<\/div>\n\t\t<\/section>\n\t\t\t\t<section class=\"elementor-section elementor-top-section elementor-element elementor-element-681db8b elementor-section-boxed elementor-section-height-default elementor-section-height-default\" data-id=\"681db8b\" data-element_type=\"section\">\n\t\t\t\t\t\t<div class=\"elementor-container elementor-column-gap-default\">\n\t\t\t\t\t<div class=\"elementor-column elementor-col-100 elementor-top-column elementor-element elementor-element-ad4dac5\" data-id=\"ad4dac5\" data-element_type=\"column\">\n\t\t\t<div class=\"elementor-widget-wrap elementor-element-populated\">\n\t\t\t\t\t\t<div class=\"elementor-element elementor-element-2f96b3d elementor-widget elementor-widget-text-editor\" data-id=\"2f96b3d\" data-element_type=\"widget\" data-widget_type=\"text-editor.default\">\n\t\t\t\t<div class=\"elementor-widget-container\">\n\t\t\t\t\t\t\t\t\t<p>Atat\u00fcrk \u00dcniversitesi Edebiyat Fak\u00fcltesi b\u00fcnyesinde 1968 y\u0131l\u0131nda Arap-Fars Dilleri ve Edebiyatlar\u0131 ad\u0131yla kurulan b\u00f6l\u00fcm\u00fcm\u00fcz, 1983 y\u0131l\u0131nda Do\u011fu Dilleri ve Edebiyatlar\u0131 ad\u0131n\u0131 alarak Arap Dili ve Edebiyat\u0131 Anabilim Dal\u0131 ve Fars Dili ve Edebiyat\u0131 Anabilim Dal\u0131 olmak \u00fczere iki ayr\u0131 diplomaya vermeye ba\u015flam\u0131\u015ft\u0131r.\u00a0<span style=\"letter-spacing: 0px\">Tam yar\u0131m as\u0131rl\u0131k bir mazisi olan b\u00f6l\u00fcm\u00fcm\u00fcz, tecr\u00fcbeli ve donan\u0131ml\u0131 akademik kadrosuyla ve teknolojik imk\u00e2nlar\u0131 da kullanarak lisans ve lisans\u00fcst\u00fc d\u00fczeyde \u00f6\u011fretimini ba\u015far\u0131l\u0131 bir \u015fekilde s\u00fcrd\u00fcrmektedir.<\/span><\/p><p><span style=\"letter-spacing: 0px\">D\u00fcnyada s\u00fcrekli geli\u015fen bilgi ve teknoloji, insan\u0131n da kendisini s\u00fcrekli geli\u015ftirmesini ve adaptasyonunu zorunlu k\u0131lmaktad\u0131r. D\u00fcnyadaki bilgi ve teknoloji payla\u015f\u0131m\u0131 i\u00e7in dil bilmenin hatta birka\u00e7 dil bilmenin gerekli oldu\u011fu herkes\u00e7e de bilinmektedir. Ortado\u011fu, Asya ve Avrupa\u2019n\u0131n merkezinde yer alan \u00fclkemizin jeopolitik konumu ve kom\u015fular\u0131m\u0131zla siyasi, k\u00fclt\u00fcrel ve ticari ili\u015fkilerimizin her ge\u00e7en g\u00fcn daha da artmas\u0131, sizler gibi yabanc\u0131 dil bilen gen\u00e7lerin \u00f6nemini artt\u0131rmaktad\u0131r. Her zaman s\u00f6yledi\u011fim bir s\u00f6z vard\u0131r. Onu burada da tekrar etmek istiyorum: bir lisan bir insan, ne kadar \u00e7ok lisan, o kadar \u00e7ok insan demektir.<\/span><\/p><p><span style=\"letter-spacing: 0px\">Sevgili gen\u00e7ler\u2026<\/span><\/p><p><span style=\"letter-spacing: 0px\">\u00dclkemizin de\u011fi\u015fik yerlerinden \u00e7\u0131k\u0131p buralara geldiniz ve burada arkada\u015fl\u0131klar dostluklar kurdunuz. Kimi zaman sevindiniz kimi zaman zor g\u00fcnleriniz oldu. Ba\u015fka bir ifadeyle s\u00f6yleyecek olursak, hepimiz burada bir aile olduk. Beni en \u00e7ok mutlu eden ve asla unutmayaca\u011f\u0131m \u00f6zelli\u011finiz, e\u011fitim- \u00f6\u011fretim hayat\u0131n\u0131z boyunca her T\u00fcrk gencinde bulunmas\u0131n\u0131 arzu etti\u011fim \u00fcst\u00fcn niteliklere sahip olman\u0131zd\u0131. Bu g\u00fczel tabloyu ve birlik ve beraberli\u011fi kal\u0131c\u0131 k\u0131lmak i\u00e7in haz\u0131rlam\u0131\u015f oldu\u011funuz y\u0131ll\u0131ktan dolay\u0131 sizleri tebrik eder, hepinize te\u015fekk\u00fcr ederim.<\/span><\/p>\t\t\t\t\t\t\t\t<\/div>\n\t\t\t\t<\/div>\n\t\t\t\t\t<\/div>\n\t\t<\/div>\n\t\t\t\t\t<\/div>\n\t\t<\/section>\n\t\t\t\t<\/div>\n\t\t","protected":false},"excerpt":{"rendered":"<p>B\u00f6l\u00fcm Ba\u015fkan\u0131n\u0131n Mesaj\u0131 Atat\u00fcrk \u00dcniversitesi Edebiyat Fak\u00fcltesi b\u00fcnyesinde 1968 y\u0131l\u0131nda Arap-Fars Dilleri ve Edebiyatlar\u0131 ad\u0131yla kurulan b\u00f6l\u00fcm\u00fcm\u00fcz, 1983 y\u0131l\u0131nda Do\u011fu Dilleri ve Edebiyatlar\u0131 ad\u0131n\u0131 alarak Arap Dili ve Edebiyat\u0131 Anabilim Dal\u0131 ve Fars Dili ve Edebiyat\u0131 Anabilim Dal\u0131 olmak \u00fczere iki ayr\u0131 diplomaya vermeye ba\u015flam\u0131\u015ft\u0131r.\u00a0Tam yar\u0131m as\u0131rl\u0131k bir mazisi olan b\u00f6l\u00fcm\u00fcm\u00fcz, tecr\u00fcbeli ve donan\u0131ml\u0131 akademik [&hellip;]<\/p>\n","protected":false},"author":1,"featured_media":0,"parent":0,"menu_order":0,"comment_status":"closed","ping_status":"closed","template":"elementor_header_footer","meta":{"footnotes":""},"class_list":["post-5682","page","type-page","status-publish","hentry"],"_links":{"self":[{"href":"https:\/\/atauni.edu.tr\/arap-dili-ve-edebiyati\/wp-json\/wp\/v2\/pages\/5682","targetHints":{"allow":["GET"]}}],"collection":[{"href":"https:\/\/atauni.edu.tr\/arap-dili-ve-edebiyati\/wp-json\/wp\/v2\/pages"}],"about":[{"href":"https:\/\/atauni.edu.tr\/arap-dili-ve-edebiyati\/wp-json\/wp\/v2\/types\/page"}],"author":[{"embeddable":true,"href":"https:\/\/atauni.edu.tr\/arap-dili-ve-edebiyati\/wp-json\/wp\/v2\/users\/1"}],"replies":[{"embeddable":true,"href":"https:\/\/atauni.edu.tr\/arap-dili-ve-edebiyati\/wp-json\/wp\/v2\/comments?post=5682"}],"version-history":[{"count":24,"href":"https:\/\/atauni.edu.tr\/arap-dili-ve-edebiyati\/wp-json\/wp\/v2\/pages\/5682\/revisions"}],"predecessor-version":[{"id":6346,"href":"https:\/\/atauni.edu.tr\/arap-dili-ve-edebiyati\/wp-json\/wp\/v2\/pages\/5682\/revisions\/6346"}],"wp:attachment":[{"href":"https:\/\/atauni.edu.tr\/arap-dili-ve-edebiyati\/wp-json\/wp\/v2\/media?parent=5682"}],"curies":[{"name":"wp","href":"https:\/\/api.w.org\/{rel}","templated":true}]}}