{"id":5728,"date":"2021-07-13T11:33:38","date_gmt":"2021-07-13T08:33:38","guid":{"rendered":"https:\/\/portaltest.atauni.edu.tr\/bilgisayar-muhendisligi\/?page_id=5728"},"modified":"2023-01-26T12:37:04","modified_gmt":"2023-01-26T09:37:04","slug":"bolum-tanitimi","status":"publish","type":"page","link":"https:\/\/atauni.edu.tr\/arap-dili-ve-edebiyati\/bolum-tanitimi\/","title":{"rendered":"B\u00f6l\u00fcm Tan\u0131t\u0131m\u0131"},"content":{"rendered":"\t\t<div data-elementor-type=\"wp-page\" data-elementor-id=\"5728\" class=\"elementor elementor-5728\" data-elementor-post-type=\"page\">\n\t\t\t\t\t\t<section class=\"elementor-section elementor-top-section elementor-element elementor-element-730d320 elementor-section-boxed elementor-section-height-default elementor-section-height-default\" data-id=\"730d320\" data-element_type=\"section\">\n\t\t\t\t\t\t<div class=\"elementor-container elementor-column-gap-default\">\n\t\t\t\t\t<div class=\"elementor-column elementor-col-100 elementor-top-column elementor-element elementor-element-753d0860\" data-id=\"753d0860\" data-element_type=\"column\">\n\t\t\t<div class=\"elementor-widget-wrap\">\n\t\t\t\t\t\t\t<\/div>\n\t\t<\/div>\n\t\t\t\t\t<\/div>\n\t\t<\/section>\n\t\t\t\t<section class=\"elementor-section elementor-top-section elementor-element elementor-element-9be811a elementor-section-boxed elementor-section-height-default elementor-section-height-default\" data-id=\"9be811a\" data-element_type=\"section\">\n\t\t\t\t\t\t<div class=\"elementor-container elementor-column-gap-default\">\n\t\t\t\t\t<div class=\"elementor-column elementor-col-100 elementor-top-column elementor-element elementor-element-1ed847b7\" data-id=\"1ed847b7\" data-element_type=\"column\">\n\t\t\t<div class=\"elementor-widget-wrap elementor-element-populated\">\n\t\t\t\t\t\t<div class=\"elementor-element elementor-element-4ce0d07f elementor-widget elementor-widget-heading\" data-id=\"4ce0d07f\" data-element_type=\"widget\" data-widget_type=\"heading.default\">\n\t\t\t\t<div class=\"elementor-widget-container\">\n\t\t\t\t\t<h2 class=\"elementor-heading-title elementor-size-default\">Misyon ve Vizyon<\/h2>\t\t\t\t<\/div>\n\t\t\t\t<\/div>\n\t\t\t\t<div class=\"elementor-element elementor-element-63260862 elementor-widget-divider--view-line elementor-widget elementor-widget-divider\" data-id=\"63260862\" data-element_type=\"widget\" data-widget_type=\"divider.default\">\n\t\t\t\t<div class=\"elementor-widget-container\">\n\t\t\t\t\t\t\t<div class=\"elementor-divider\">\n\t\t\t<span class=\"elementor-divider-separator\">\n\t\t\t\t\t\t<\/span>\n\t\t<\/div>\n\t\t\t\t\t\t<\/div>\n\t\t\t\t<\/div>\n\t\t\t\t\t<\/div>\n\t\t<\/div>\n\t\t\t\t\t<\/div>\n\t\t<\/section>\n\t\t\t\t<section class=\"elementor-section elementor-top-section elementor-element elementor-element-f33640e elementor-section-boxed elementor-section-height-default elementor-section-height-default\" data-id=\"f33640e\" data-element_type=\"section\">\n\t\t\t\t\t\t<div class=\"elementor-container elementor-column-gap-default\">\n\t\t\t\t\t<div class=\"elementor-column elementor-col-100 elementor-top-column elementor-element elementor-element-57ac058\" data-id=\"57ac058\" data-element_type=\"column\">\n\t\t\t<div class=\"elementor-widget-wrap elementor-element-populated\">\n\t\t\t\t\t\t<div class=\"elementor-element elementor-element-71447fa elementor-widget elementor-widget-text-editor\" data-id=\"71447fa\" data-element_type=\"widget\" data-widget_type=\"text-editor.default\">\n\t\t\t\t<div class=\"elementor-widget-container\">\n\t\t\t\t\t\t\t\t\t<p class=\"MsoNormal\" style=\"margin-bottom:3.0pt;text-align:justify;line-height:normal\"><b><span style=\"font-size:12.0pt;,serif\">Misyon<\/span><\/b><\/p><p class=\"MsoNormal\" style=\"margin-bottom:3.0pt;text-align:justify;line-height:normal\"><span style=\"font-size:12.0pt;,serif\">Temel misyonumuz, Arap Dili ve Edebiyat\u0131\u2019n\u0131, k\u00fclt\u00fcr tarihi ve\nsanat\u0131n\u0131 birlikte \u00f6\u011fretmenin yan\u0131 s\u0131ra Arap d\u00fcnyas\u0131n\u0131n tarihi, k\u00fclt\u00fcr\u00fc ve\nedebiyat\u0131 hakk\u0131nda gerekli bilgi ve donan\u0131ma sahip, uluslararas\u0131 standartlarda Arap\nDili e\u011fitim f\u0131rsat\u0131 sa\u011flayarak onlar\u0131n zihinsel, <span lang=\"AR-SA\">\u200e<\/span>duygusal\nve sosyal yeteneklerini geli\u015ftirmeyi ve milli k\u00fclt\u00fcr\u00fcn\u00fc, \u00fclkesini ve <span lang=\"AR-SA\">\u200e<\/span>d\u00fcnyay\u0131 bilen, Arap d\u00fcnyas\u0131ndaki edebi, siyasi, ekonomik ve\ntoplumsal geli\u015fmeleri takip edebilecek, d\u00fc\u015f\u00fcncelerini yaz\u0131l\u0131 ve s\u00f6zl\u00fc olarak\naktarabilecek se\u00e7kin dil uzmanlar\u0131 yeti\u015ftirmektir. Ayn\u0131 zamanda b\u00fct\u00fcn bu\nkazan\u0131mlar\u0131 i\u015f hayat\u0131nda veya akademik camiada \u00fclkemiz a\u00e7\u0131s\u0131ndan faydal\u0131 bir\n\u015fekilde kullanarak Arap dili ve edebiyat\u0131 alan\u0131nda gerek klasik gerekse modern\nkaynaklar\u0131 bilim ve akademi d\u00fcnyas\u0131na kazand\u0131rmas\u0131n\u0131 sa\u011flamakt\u0131r.<\/span><\/p><p class=\"MsoNormal\" style=\"margin-bottom:3.0pt;line-height:normal\"><span style=\"font-size:12.0pt;,serif\">&nbsp;<\/span><\/p><p class=\"MsoNormal\" style=\"margin-bottom:3.0pt;line-height:normal\"><b><span style=\"font-size:12.0pt;,serif\">Vizyon<\/span><\/b><\/p><p class=\"MsoNormal\" style=\"margin-bottom:3.0pt;text-align:justify;line-height:normal\"><span style=\"font-size:12.0pt;,serif\">Arap dili ile yaz\u0131lan klasik ve modern kaynaklarda bu dillere ve\nedebiyatlara dair yer alan bilgilerle T\u00fcrk dili ve k\u00fclt\u00fcr\u00fcne ait bilgileri de\u011ferlendirerek\ng\u00fcn\u00fcm\u00fcze ta\u015f\u0131mak, toplumun yarar\u0131na sunmak, s\u00f6z konusu Arap dilini konu\u015fan\n\u00fclkeler ile \u00fclkemiz aras\u0131nda tarihi, k\u00fclt\u00fcrel, bilimsel, diplomatik ve ekonomik\nalanlara katk\u0131da bulunacak nitelikli bireyler yeti\u015ftirmektir. Vizyonumuz,\nbilim, k\u00fclt\u00fcr, tarih, diplomasi, turizm ve ekonomiye katk\u0131 yapan \u00f6nc\u00fc ve \u00f6rnek\nbir b\u00f6l\u00fcm olmakt\u0131r.<\/span><\/p><p>\n\n\n\n\n\n\n\n\n\n<\/p><p class=\"MsoNormal\" style=\"text-align:justify\"><span style=\",serif\">&nbsp;<\/span><\/p>\t\t\t\t\t\t\t\t<\/div>\n\t\t\t\t<\/div>\n\t\t\t\t\t<\/div>\n\t\t<\/div>\n\t\t\t\t\t<\/div>\n\t\t<\/section>\n\t\t\t\t<\/div>\n\t\t","protected":false},"excerpt":{"rendered":"<p>Misyon ve Vizyon Misyon Temel misyonumuz, Arap Dili ve Edebiyat\u0131\u2019n\u0131, k\u00fclt\u00fcr tarihi ve sanat\u0131n\u0131 birlikte \u00f6\u011fretmenin yan\u0131 s\u0131ra Arap d\u00fcnyas\u0131n\u0131n tarihi, k\u00fclt\u00fcr\u00fc ve edebiyat\u0131 hakk\u0131nda gerekli bilgi ve donan\u0131ma sahip, uluslararas\u0131 standartlarda Arap Dili e\u011fitim f\u0131rsat\u0131 sa\u011flayarak onlar\u0131n zihinsel, \u200eduygusal ve sosyal yeteneklerini geli\u015ftirmeyi ve milli k\u00fclt\u00fcr\u00fcn\u00fc, \u00fclkesini ve \u200ed\u00fcnyay\u0131 bilen, Arap d\u00fcnyas\u0131ndaki edebi, siyasi, [&hellip;]<\/p>\n","protected":false},"author":1,"featured_media":0,"parent":0,"menu_order":0,"comment_status":"closed","ping_status":"closed","template":"elementor_header_footer","meta":{"footnotes":""},"class_list":["post-5728","page","type-page","status-publish","hentry"],"_links":{"self":[{"href":"https:\/\/atauni.edu.tr\/arap-dili-ve-edebiyati\/wp-json\/wp\/v2\/pages\/5728","targetHints":{"allow":["GET"]}}],"collection":[{"href":"https:\/\/atauni.edu.tr\/arap-dili-ve-edebiyati\/wp-json\/wp\/v2\/pages"}],"about":[{"href":"https:\/\/atauni.edu.tr\/arap-dili-ve-edebiyati\/wp-json\/wp\/v2\/types\/page"}],"author":[{"embeddable":true,"href":"https:\/\/atauni.edu.tr\/arap-dili-ve-edebiyati\/wp-json\/wp\/v2\/users\/1"}],"replies":[{"embeddable":true,"href":"https:\/\/atauni.edu.tr\/arap-dili-ve-edebiyati\/wp-json\/wp\/v2\/comments?post=5728"}],"version-history":[{"count":17,"href":"https:\/\/atauni.edu.tr\/arap-dili-ve-edebiyati\/wp-json\/wp\/v2\/pages\/5728\/revisions"}],"predecessor-version":[{"id":6878,"href":"https:\/\/atauni.edu.tr\/arap-dili-ve-edebiyati\/wp-json\/wp\/v2\/pages\/5728\/revisions\/6878"}],"wp:attachment":[{"href":"https:\/\/atauni.edu.tr\/arap-dili-ve-edebiyati\/wp-json\/wp\/v2\/media?parent=5728"}],"curies":[{"name":"wp","href":"https:\/\/api.w.org\/{rel}","templated":true}]}}