{"id":5765,"date":"2021-07-13T12:56:51","date_gmt":"2021-07-13T09:56:51","guid":{"rendered":"https:\/\/portaltest.atauni.edu.tr\/bilgisayar-muhendisligi\/?page_id=5765"},"modified":"2025-11-20T22:33:34","modified_gmt":"2025-11-20T19:33:34","slug":"anabilim-dallari","status":"publish","type":"page","link":"https:\/\/atauni.edu.tr\/arap-dili-ve-edebiyati\/anabilim-dallari\/","title":{"rendered":"Anabilim Dallar\u0131"},"content":{"rendered":"\t\t<div data-elementor-type=\"wp-page\" data-elementor-id=\"5765\" class=\"elementor elementor-5765\" data-elementor-post-type=\"page\">\n\t\t\t\t\t\t<section class=\"elementor-section elementor-top-section elementor-element elementor-element-730d320 elementor-section-boxed elementor-section-height-default elementor-section-height-default\" data-id=\"730d320\" data-element_type=\"section\">\n\t\t\t\t\t\t<div class=\"elementor-container elementor-column-gap-default\">\n\t\t\t\t\t<div class=\"elementor-column elementor-col-100 elementor-top-column elementor-element elementor-element-753d0860\" data-id=\"753d0860\" data-element_type=\"column\">\n\t\t\t<div class=\"elementor-widget-wrap\">\n\t\t\t\t\t\t\t<\/div>\n\t\t<\/div>\n\t\t\t\t\t<\/div>\n\t\t<\/section>\n\t\t\t\t<section class=\"elementor-section elementor-top-section elementor-element elementor-element-9be811a elementor-section-boxed elementor-section-height-default elementor-section-height-default\" data-id=\"9be811a\" data-element_type=\"section\">\n\t\t\t\t\t\t<div class=\"elementor-container elementor-column-gap-default\">\n\t\t\t\t\t<div class=\"elementor-column elementor-col-100 elementor-top-column elementor-element elementor-element-1ed847b7\" data-id=\"1ed847b7\" data-element_type=\"column\">\n\t\t\t<div class=\"elementor-widget-wrap elementor-element-populated\">\n\t\t\t\t\t\t<div class=\"elementor-element elementor-element-4ce0d07f elementor-widget elementor-widget-heading\" data-id=\"4ce0d07f\" data-element_type=\"widget\" data-widget_type=\"heading.default\">\n\t\t\t\t<div class=\"elementor-widget-container\">\n\t\t\t\t\t<h2 class=\"elementor-heading-title elementor-size-default\">Anabilim Dallar\u0131<\/h2>\t\t\t\t<\/div>\n\t\t\t\t<\/div>\n\t\t\t\t<div class=\"elementor-element elementor-element-63260862 elementor-widget-divider--view-line elementor-widget elementor-widget-divider\" data-id=\"63260862\" data-element_type=\"widget\" data-widget_type=\"divider.default\">\n\t\t\t\t<div class=\"elementor-widget-container\">\n\t\t\t\t\t\t\t<div class=\"elementor-divider\">\n\t\t\t<span class=\"elementor-divider-separator\">\n\t\t\t\t\t\t<\/span>\n\t\t<\/div>\n\t\t\t\t\t\t<\/div>\n\t\t\t\t<\/div>\n\t\t\t\t\t<\/div>\n\t\t<\/div>\n\t\t\t\t\t<\/div>\n\t\t<\/section>\n\t\t\t\t<section class=\"elementor-section elementor-top-section elementor-element elementor-element-681db8b elementor-section-boxed elementor-section-height-default elementor-section-height-default\" data-id=\"681db8b\" data-element_type=\"section\">\n\t\t\t\t\t\t<div class=\"elementor-container elementor-column-gap-default\">\n\t\t\t\t\t<div class=\"elementor-column elementor-col-100 elementor-top-column elementor-element elementor-element-ad4dac5\" data-id=\"ad4dac5\" data-element_type=\"column\">\n\t\t\t<div class=\"elementor-widget-wrap elementor-element-populated\">\n\t\t\t\t\t\t<div class=\"elementor-element elementor-element-2f96b3d elementor-widget elementor-widget-text-editor\" data-id=\"2f96b3d\" data-element_type=\"widget\" data-widget_type=\"text-editor.default\">\n\t\t\t\t<div class=\"elementor-widget-container\">\n\t\t\t\t\t\t\t\t\t<div>\n<p align=\"left\"><b>Arap Dili ve Edebiyat\u0131 Anabilim Dal\u0131<\/b><\/p>\n<p align=\"left\" style=\"margin-top: 0cm;line-height: 24px;text-align: left\"><span style=\"font-weight: bolder\">Prof. Dr. Selami BAKIRCI<\/span><strong style=\"font-size: 1rem;letter-spacing: 0px\"><span style=\"font-size: 12.0pt;line-height: 150%\">&nbsp;(B\u00f6l\u00fcm Ba\u015fkan\u0131)<\/span><\/strong><\/p>\n<p style=\"margin-top: 0cm;text-align: left;line-height: 150%\" align=\"left\"><strong style=\"font-size: 1rem;letter-spacing: 0px\"><span style=\"font-size: 12.0pt;line-height: 150%\">Prof. Dr. Sait UYLA\u015e<\/span><\/strong><\/p>\n<p style=\"margin-top: 0cm;text-align: left;line-height: 150%\" align=\"left\"><strong><span style=\"font-size: 12.0pt;line-height: 150%\">Do\u00e7. Dr. Nurullah YILMAZ (B\u00f6l\u00fcm Ba\u015fkan Yard\u0131mc\u0131s\u0131)<\/span><\/strong><\/p>\n<p style=\"margin-top: 0cm;text-align: left;line-height: 150%\" align=\"left\"><strong><span style=\"font-size: 12.0pt;line-height: 150%\">Do\u00e7. Dr. \u0130lknur EMEKL\u0130<\/span><\/strong><\/p>\n<p style=\"margin-top: 0cm;text-align: left;line-height: 150%\" align=\"left\"><strong><span style=\"font-size: 12.0pt;line-height: 150%\">Dr. \u00d6\u011fr. \u00dcy. Hayati \u00d6NCEL (B\u00f6l\u00fcm Ba\u015fkan Yard\u0131mc\u0131s\u0131)<\/span><\/strong><\/p>\n<p style=\"margin-top: 0cm;text-align: left;line-height: 150%\" align=\"left\"><strong><span style=\"font-size: 12.0pt;line-height: 150%\">Ar\u015f. G\u00f6r. Dr. Muhammet Emin UZUNYAYLALI<\/span><\/strong><\/p>\n<p><strong><span style=\"font-size: 12.0pt\">Ar\u015f. G\u00f6r. Dr. \u00d6mer Faruk KARAKU\u015e&nbsp;<\/span><\/strong><\/p>\n<p><b>Ar\u015f. G\u00f6r. Beyzanur ATMACA KAYA<\/b><\/p>\n<\/div>\t\t\t\t\t\t\t\t<\/div>\n\t\t\t\t<\/div>\n\t\t\t\t\t<\/div>\n\t\t<\/div>\n\t\t\t\t\t<\/div>\n\t\t<\/section>\n\t\t\t\t<\/div>\n\t\t","protected":false},"excerpt":{"rendered":"<p>Anabilim Dallar\u0131 Arap Dili ve Edebiyat\u0131 Anabilim Dal\u0131 Prof. Dr. Selami BAKIRCI&nbsp;(B\u00f6l\u00fcm Ba\u015fkan\u0131) Prof. Dr. Sait UYLA\u015e Do\u00e7. Dr. Nurullah YILMAZ (B\u00f6l\u00fcm Ba\u015fkan Yard\u0131mc\u0131s\u0131) Do\u00e7. Dr. \u0130lknur EMEKL\u0130 Dr. \u00d6\u011fr. \u00dcy. Hayati \u00d6NCEL (B\u00f6l\u00fcm Ba\u015fkan Yard\u0131mc\u0131s\u0131) Ar\u015f. G\u00f6r. Dr. Muhammet Emin UZUNYAYLALI Ar\u015f. G\u00f6r. Dr. \u00d6mer Faruk KARAKU\u015e&nbsp; Ar\u015f. G\u00f6r. Beyzanur ATMACA KAYA<\/p>\n","protected":false},"author":1,"featured_media":0,"parent":0,"menu_order":0,"comment_status":"closed","ping_status":"closed","template":"elementor_header_footer","meta":{"footnotes":""},"class_list":["post-5765","page","type-page","status-publish","hentry"],"_links":{"self":[{"href":"https:\/\/atauni.edu.tr\/arap-dili-ve-edebiyati\/wp-json\/wp\/v2\/pages\/5765","targetHints":{"allow":["GET"]}}],"collection":[{"href":"https:\/\/atauni.edu.tr\/arap-dili-ve-edebiyati\/wp-json\/wp\/v2\/pages"}],"about":[{"href":"https:\/\/atauni.edu.tr\/arap-dili-ve-edebiyati\/wp-json\/wp\/v2\/types\/page"}],"author":[{"embeddable":true,"href":"https:\/\/atauni.edu.tr\/arap-dili-ve-edebiyati\/wp-json\/wp\/v2\/users\/1"}],"replies":[{"embeddable":true,"href":"https:\/\/atauni.edu.tr\/arap-dili-ve-edebiyati\/wp-json\/wp\/v2\/comments?post=5765"}],"version-history":[{"count":32,"href":"https:\/\/atauni.edu.tr\/arap-dili-ve-edebiyati\/wp-json\/wp\/v2\/pages\/5765\/revisions"}],"predecessor-version":[{"id":7728,"href":"https:\/\/atauni.edu.tr\/arap-dili-ve-edebiyati\/wp-json\/wp\/v2\/pages\/5765\/revisions\/7728"}],"wp:attachment":[{"href":"https:\/\/atauni.edu.tr\/arap-dili-ve-edebiyati\/wp-json\/wp\/v2\/media?parent=5765"}],"curies":[{"name":"wp","href":"https:\/\/api.w.org\/{rel}","templated":true}]}}