{"id":5791,"date":"2021-07-13T13:07:15","date_gmt":"2021-07-13T10:07:15","guid":{"rendered":"https:\/\/portaltest.atauni.edu.tr\/bilgisayar-muhendisligi\/?page_id=5791"},"modified":"2023-06-14T13:06:20","modified_gmt":"2023-06-14T10:06:20","slug":"staj","status":"publish","type":"page","link":"https:\/\/atauni.edu.tr\/arap-dili-ve-edebiyati\/staj\/","title":{"rendered":"Staj"},"content":{"rendered":"\t\t<div data-elementor-type=\"wp-page\" data-elementor-id=\"5791\" class=\"elementor elementor-5791\" data-elementor-post-type=\"page\">\n\t\t\t\t\t\t<section class=\"elementor-section elementor-top-section elementor-element elementor-element-730d320 elementor-section-boxed elementor-section-height-default elementor-section-height-default\" data-id=\"730d320\" data-element_type=\"section\">\n\t\t\t\t\t\t<div class=\"elementor-container elementor-column-gap-default\">\n\t\t\t\t\t<div class=\"elementor-column elementor-col-100 elementor-top-column elementor-element elementor-element-753d0860\" data-id=\"753d0860\" data-element_type=\"column\">\n\t\t\t<div class=\"elementor-widget-wrap\">\n\t\t\t\t\t\t\t<\/div>\n\t\t<\/div>\n\t\t\t\t\t<\/div>\n\t\t<\/section>\n\t\t\t\t<section class=\"elementor-section elementor-top-section elementor-element elementor-element-9be811a elementor-section-boxed elementor-section-height-default elementor-section-height-default\" data-id=\"9be811a\" data-element_type=\"section\">\n\t\t\t\t\t\t<div class=\"elementor-container elementor-column-gap-default\">\n\t\t\t\t\t<div class=\"elementor-column elementor-col-100 elementor-top-column elementor-element elementor-element-1ed847b7\" data-id=\"1ed847b7\" data-element_type=\"column\">\n\t\t\t<div class=\"elementor-widget-wrap elementor-element-populated\">\n\t\t\t\t\t\t<div class=\"elementor-element elementor-element-4ce0d07f elementor-widget elementor-widget-heading\" data-id=\"4ce0d07f\" data-element_type=\"widget\" data-widget_type=\"heading.default\">\n\t\t\t\t<div class=\"elementor-widget-container\">\n\t\t\t\t\t<h2 class=\"elementor-heading-title elementor-size-default\">Program \u00d6\u011fretim Ama\u00e7lar\u0131<\/h2>\t\t\t\t<\/div>\n\t\t\t\t<\/div>\n\t\t\t\t<div class=\"elementor-element elementor-element-63260862 elementor-widget-divider--view-line elementor-widget elementor-widget-divider\" data-id=\"63260862\" data-element_type=\"widget\" data-widget_type=\"divider.default\">\n\t\t\t\t<div class=\"elementor-widget-container\">\n\t\t\t\t\t\t\t<div class=\"elementor-divider\">\n\t\t\t<span class=\"elementor-divider-separator\">\n\t\t\t\t\t\t<\/span>\n\t\t<\/div>\n\t\t\t\t\t\t<\/div>\n\t\t\t\t<\/div>\n\t\t\t\t\t<\/div>\n\t\t<\/div>\n\t\t\t\t\t<\/div>\n\t\t<\/section>\n\t\t\t\t<section class=\"elementor-section elementor-top-section elementor-element elementor-element-096632d elementor-section-boxed elementor-section-height-default elementor-section-height-default\" data-id=\"096632d\" data-element_type=\"section\">\n\t\t\t\t\t\t<div class=\"elementor-container elementor-column-gap-default\">\n\t\t\t\t\t<div class=\"elementor-column elementor-col-100 elementor-top-column elementor-element elementor-element-e96950b\" data-id=\"e96950b\" data-element_type=\"column\">\n\t\t\t<div class=\"elementor-widget-wrap elementor-element-populated\">\n\t\t\t\t\t\t<div class=\"elementor-element elementor-element-c574264 elementor-widget elementor-widget-text-editor\" data-id=\"c574264\" data-element_type=\"widget\" data-widget_type=\"text-editor.default\">\n\t\t\t\t<div class=\"elementor-widget-container\">\n\t\t\t\t\t\t\t\t\t<p class=\"MsoNormal\" style=\"margin: 0cm;font-size: 12pt;font-family: Calibri, sans-serif;text-align: justify\"><b><span style=\", serif\">P\u00d6A-1.<\/span><\/b><span style=\", serif\"> Arap Dili ve Edebiyat\u0131 alan\u0131nda \u00fclkemize ve insanl\u0131\u011fa hizmet etmek ve Arap filolojisi ve edebiyat\u0131 alan\u0131nda \u00fclkemizin ulus ve uluslararas\u0131 arenada yer almas\u0131n\u0131 sa\u011flayabilecek nitelikli, sorumluluk bilinci y\u00fcksek \u2018Filologlar\u2019 yeti\u015ftirmektir.<\/span><\/p><p class=\"MsoNormal\" style=\"margin: 0cm;font-size: 12pt;font-family: Calibri, sans-serif;text-align: justify\"><span style=\", serif\">&nbsp;<\/span><\/p><p class=\"MsoNormal\" style=\"margin: 0cm;font-size: 12pt;font-family: Calibri, sans-serif;text-align: justify\"><b><span style=\", serif\">P\u00d6A-2.<\/span><\/b><span style=\", serif\"> Arap Tarihi ve Arap Dili ve Edebiyat\u0131n\u0131n ge\u00e7irdi\u011fi geli\u015fim s\u00fcre\u00e7leri hakk\u0131nda bilgi sahibi olan, Arap\u00e7an\u0131n ses bilimi, morfolojik, semantik, etimolojik \u00f6zelliklerini hakk\u0131nda yeterli, Arap\u00e7a kelimelerin do\u011fru telaffuzu ve kar\u015f\u0131l\u0131kl\u0131 metin terc\u00fcmelerinin gerektirdi\u011fi bilgi birikimine sahip, edebi metinlerin \u00e7\u00f6z\u00fcmlenmesi ve edebi metinlere ele\u015ftirel yakla\u015f\u0131m, dil e\u011fitimi ve \u00f6\u011fretimi gibi alanlarda yeterli donan\u0131m\u0131 elde etmi\u015f, bilgi toplama, s\u0131n\u0131fland\u0131rma, analiz ve g\u00fcvenilir yaz\u0131lar olu\u015fturma s\u00fcre\u00e7leri hakk\u0131nda bilgi sahibi Arap dili uzmanlar\u0131 mezun etmek.<\/span><\/p><p class=\"MsoNormal\" style=\"margin: 0cm;font-size: 12pt;font-family: Calibri, sans-serif;text-align: justify\"><span style=\", serif\">&nbsp;<\/span><\/p><p class=\"MsoNormal\" style=\"margin: 0cm;font-size: 12pt;font-family: Calibri, sans-serif;text-align: justify\"><b><span style=\", serif\">P\u00d6A-3.<\/span><\/b><span style=\", serif\"> Program mezunlar\u0131 formasyon ald\u0131klar\u0131 takdirde yurt i\u00e7inde Milli E\u011fitim Bakanl\u0131\u011f\u0131\u2019na ba\u011fl\u0131 orta ve lise d\u00fczeyindeki okullarda Arap\u00e7a \u00f6\u011fretmenli\u011fi yapabilirler.<\/span><\/p><p class=\"MsoNormal\" style=\"margin: 0cm;font-size: 12pt;font-family: Calibri, sans-serif;text-align: justify\"><span style=\", serif\">&nbsp;<\/span><\/p><p class=\"MsoNormal\" style=\"margin: 0cm;font-size: 12pt;font-family: Calibri, sans-serif;text-align: justify\"><b><span style=\", serif\">P\u00d6A-4.<\/span><\/b><span style=\", serif\"> Program mezunlar\u0131 yurt i\u00e7i ve yurt d\u0131\u015f\u0131nda lisans\u00fcst\u00fc e\u011fitim alarak akademik kariyer yapma imkan\u0131na sahiptirler.<\/span><\/p><p class=\"MsoNormal\" style=\"margin: 0cm;font-size: 12pt;font-family: Calibri, sans-serif;text-align: justify\"><span style=\", serif\">&nbsp;<\/span><\/p><p class=\"MsoNormal\" style=\"margin: 0cm;font-size: 12pt;font-family: Calibri, sans-serif;text-align: justify\"><b><span style=\", serif\">P\u00d6A-5.<\/span><\/b><span style=\", serif\"> Program mezunlar\u0131 yurt i\u00e7i ve yurt d\u0131\u015f\u0131nda \u00f6zel sekt\u00f6r ve konsolosluklar, D\u0131\u015f \u0130\u015fleri Bakanl\u0131\u011f\u0131, Emniyet te\u015fkilat ve Asker\u00ee kurumlar, Ar\u015fivler, \u00e7evirmen, edit\u00f6r, yay\u0131nc\u0131 pozisyonlar\u0131yla bas\u0131m-yay\u0131n alan\u0131, turizm sekt\u00f6r\u00fc ve muhtelif k\u00fclt\u00fcr kurumlar\u0131nda \u00e7al\u0131\u015fabilirler.<\/span><\/p>\t\t\t\t\t\t\t\t<\/div>\n\t\t\t\t<\/div>\n\t\t\t\t\t<\/div>\n\t\t<\/div>\n\t\t\t\t\t<\/div>\n\t\t<\/section>\n\t\t\t\t<\/div>\n\t\t","protected":false},"excerpt":{"rendered":"<p>Program \u00d6\u011fretim Ama\u00e7lar\u0131 P\u00d6A-1. Arap Dili ve Edebiyat\u0131 alan\u0131nda \u00fclkemize ve insanl\u0131\u011fa hizmet etmek ve Arap filolojisi ve edebiyat\u0131 alan\u0131nda \u00fclkemizin ulus ve uluslararas\u0131 arenada yer almas\u0131n\u0131 sa\u011flayabilecek nitelikli, sorumluluk bilinci y\u00fcksek \u2018Filologlar\u2019 yeti\u015ftirmektir. &nbsp; P\u00d6A-2. Arap Tarihi ve Arap Dili ve Edebiyat\u0131n\u0131n ge\u00e7irdi\u011fi geli\u015fim s\u00fcre\u00e7leri hakk\u0131nda bilgi sahibi olan, Arap\u00e7an\u0131n ses bilimi, morfolojik, semantik, [&hellip;]<\/p>\n","protected":false},"author":1,"featured_media":0,"parent":0,"menu_order":0,"comment_status":"closed","ping_status":"closed","template":"elementor_header_footer","meta":{"footnotes":""},"class_list":["post-5791","page","type-page","status-publish","hentry"],"_links":{"self":[{"href":"https:\/\/atauni.edu.tr\/arap-dili-ve-edebiyati\/wp-json\/wp\/v2\/pages\/5791","targetHints":{"allow":["GET"]}}],"collection":[{"href":"https:\/\/atauni.edu.tr\/arap-dili-ve-edebiyati\/wp-json\/wp\/v2\/pages"}],"about":[{"href":"https:\/\/atauni.edu.tr\/arap-dili-ve-edebiyati\/wp-json\/wp\/v2\/types\/page"}],"author":[{"embeddable":true,"href":"https:\/\/atauni.edu.tr\/arap-dili-ve-edebiyati\/wp-json\/wp\/v2\/users\/1"}],"replies":[{"embeddable":true,"href":"https:\/\/atauni.edu.tr\/arap-dili-ve-edebiyati\/wp-json\/wp\/v2\/comments?post=5791"}],"version-history":[{"count":35,"href":"https:\/\/atauni.edu.tr\/arap-dili-ve-edebiyati\/wp-json\/wp\/v2\/pages\/5791\/revisions"}],"predecessor-version":[{"id":7091,"href":"https:\/\/atauni.edu.tr\/arap-dili-ve-edebiyati\/wp-json\/wp\/v2\/pages\/5791\/revisions\/7091"}],"wp:attachment":[{"href":"https:\/\/atauni.edu.tr\/arap-dili-ve-edebiyati\/wp-json\/wp\/v2\/media?parent=5791"}],"curies":[{"name":"wp","href":"https:\/\/api.w.org\/{rel}","templated":true}]}}