{"id":6947,"date":"2023-01-30T12:48:08","date_gmt":"2023-01-30T09:48:08","guid":{"rendered":"https:\/\/birimler.atauni.edu.tr\/arap-dili-ve-edebiyati\/?page_id=6947"},"modified":"2023-01-30T12:53:24","modified_gmt":"2023-01-30T09:53:24","slug":"formlar","status":"publish","type":"page","link":"https:\/\/atauni.edu.tr\/arap-dili-ve-edebiyati\/formlar\/","title":{"rendered":"Formlar"},"content":{"rendered":"\t\t<div data-elementor-type=\"wp-page\" data-elementor-id=\"6947\" class=\"elementor elementor-6947\" data-elementor-post-type=\"page\">\n\t\t\t\t\t\t<section class=\"elementor-section elementor-top-section elementor-element elementor-element-dca37ae elementor-section-boxed elementor-section-height-default elementor-section-height-default\" data-id=\"dca37ae\" data-element_type=\"section\">\n\t\t\t\t\t\t<div class=\"elementor-container elementor-column-gap-default\">\n\t\t\t\t\t<div class=\"elementor-column elementor-col-100 elementor-top-column elementor-element elementor-element-582c945\" data-id=\"582c945\" data-element_type=\"column\">\n\t\t\t<div class=\"elementor-widget-wrap elementor-element-populated\">\n\t\t\t\t\t\t<div class=\"elementor-element elementor-element-3a370e1 elementor-widget-divider--view-line elementor-widget elementor-widget-divider\" data-id=\"3a370e1\" data-element_type=\"widget\" data-widget_type=\"divider.default\">\n\t\t\t\t<div class=\"elementor-widget-container\">\n\t\t\t\t\t\t\t<div class=\"elementor-divider\">\n\t\t\t<span class=\"elementor-divider-separator\">\n\t\t\t\t\t\t<\/span>\n\t\t<\/div>\n\t\t\t\t\t\t<\/div>\n\t\t\t\t<\/div>\n\t\t\t\t<div class=\"elementor-element elementor-element-03192b0 elementor-widget elementor-widget-text-editor\" data-id=\"03192b0\" data-element_type=\"widget\" data-widget_type=\"text-editor.default\">\n\t\t\t\t<div class=\"elementor-widget-container\">\n\t\t\t\t\t\t\t\t\t<div style=\"font-family: Ubuntu\"><span style=\"font-weight: bolder\">Form ve Dilek\u00e7eler<\/span><\/div><div style=\"font-family: Ubuntu\">\u00c7ift Anadal Program\u0131 Ders Sayd\u0131rma Ba\u015fvuru Dilek\u00e7esi&nbsp;<a href=\"https:\/\/www.atauni.edu.tr\/yuklemeler\/96af981b3ab29aa3a7432a6504c44135.pdf\">indir<\/a>.<br>&nbsp;Ders Muafiyet Ba\u015fvuru Dilek\u00e7esi&nbsp;<a href=\"https:\/\/www.atauni.edu.tr\/yuklemeler\/1c4af55a25c0fce022678d66a807db65.pdf\">indir<\/a>.<br>&nbsp;Kay\u0131t Dondurma Ba\u015fvuru Dilek\u00e7esi&nbsp;<a href=\"https:\/\/www.atauni.edu.tr\/yuklemeler\/60a4b1213a264af2786cc1ef850de60b.pdf\">indir<\/a>.<br>&nbsp;Kurum \u0130\u00e7i Yatay Ge\u00e7i\u015f Ba\u015fvurusu Dilek\u00e7esi&nbsp;<a href=\"https:\/\/www.atauni.edu.tr\/yuklemeler\/17520a31c6c06afe40d91803401abcd7.pdf\">indir<\/a>.<br>&nbsp;Mazeret S\u0131nav\u0131 Ba\u015fvuru Dilek\u00e7esi&nbsp;<a href=\"https:\/\/www.atauni.edu.tr\/yuklemeler\/86b602426762bff1fe4467ba8d96a5e7.pdf\">indir<\/a>.<br>&nbsp;Mezuniyet Tek Ders S\u0131nav\u0131 Ba\u015fvuru Dilek\u00e7esi&nbsp;<a href=\"https:\/\/www.atauni.edu.tr\/yuklemeler\/3ac02270a6fe4ebef189c335a7622e7f.pdf\">indir<\/a>.<br>&nbsp;Se\u00e7meli Ders De\u011fi\u015ftirme Ba\u015fvuru Dilek\u00e7esi&nbsp;<a href=\"https:\/\/www.atauni.edu.tr\/yuklemeler\/8b6e5efa7adfb700092dd6bf687cf887.pdf\">indir<\/a>.<br>&nbsp;S\u0131nav Notu \u0130tiraz Dilek\u00e7esi&nbsp;<a href=\"https:\/\/www.atauni.edu.tr\/yuklemeler\/8fc9e29de854e577c3a2d720000bd8eb.pdf\">indir<\/a>.<br>&nbsp;Yandal Program\u0131 Ba\u015fvuru Dilek\u00e7esi&nbsp;<a href=\"https:\/\/www.atauni.edu.tr\/yuklemeler\/76a14f3cb855c4c9e202f4d8379ddcb5.pdf\">indir<\/a>.<br>&nbsp;Yaz Okulu Ba\u015fvuru Dilek\u00e7esi&nbsp;<a href=\"https:\/\/www.atauni.edu.tr\/yuklemeler\/91fab0ea6dfe5f9205b6e03ea1ba686a.pdf\">indir<\/a>.<br>&nbsp;Yeni Y\u00f6netmeli\u011fe \u0130ntibak Dilek\u00e7esi&nbsp;<a href=\"https:\/\/www.atauni.edu.tr\/yuklemeler\/687ac48980e45fe6caf70d13f96cbf49.pdf\">indir<\/a>.&nbsp;<\/div>\t\t\t\t\t\t\t\t<\/div>\n\t\t\t\t<\/div>\n\t\t\t\t\t<\/div>\n\t\t<\/div>\n\t\t\t\t\t<\/div>\n\t\t<\/section>\n\t\t\t\t<\/div>\n\t\t","protected":false},"excerpt":{"rendered":"<p>Form ve Dilek\u00e7eler\u00c7ift Anadal Program\u0131 Ders Sayd\u0131rma Ba\u015fvuru Dilek\u00e7esi&nbsp;indir.&nbsp;Ders Muafiyet Ba\u015fvuru Dilek\u00e7esi&nbsp;indir.&nbsp;Kay\u0131t Dondurma Ba\u015fvuru Dilek\u00e7esi&nbsp;indir.&nbsp;Kurum \u0130\u00e7i Yatay Ge\u00e7i\u015f Ba\u015fvurusu Dilek\u00e7esi&nbsp;indir.&nbsp;Mazeret S\u0131nav\u0131 Ba\u015fvuru Dilek\u00e7esi&nbsp;indir.&nbsp;Mezuniyet Tek Ders S\u0131nav\u0131 Ba\u015fvuru Dilek\u00e7esi&nbsp;indir.&nbsp;Se\u00e7meli Ders De\u011fi\u015ftirme Ba\u015fvuru Dilek\u00e7esi&nbsp;indir.&nbsp;S\u0131nav Notu \u0130tiraz Dilek\u00e7esi&nbsp;indir.&nbsp;Yandal Program\u0131 Ba\u015fvuru Dilek\u00e7esi&nbsp;indir.&nbsp;Yaz Okulu Ba\u015fvuru Dilek\u00e7esi&nbsp;indir.&nbsp;Yeni Y\u00f6netmeli\u011fe \u0130ntibak Dilek\u00e7esi&nbsp;indir.&nbsp;<\/p>\n","protected":false},"author":516,"featured_media":0,"parent":0,"menu_order":0,"comment_status":"closed","ping_status":"closed","template":"","meta":{"footnotes":""},"class_list":["post-6947","page","type-page","status-publish","hentry"],"_links":{"self":[{"href":"https:\/\/atauni.edu.tr\/arap-dili-ve-edebiyati\/wp-json\/wp\/v2\/pages\/6947","targetHints":{"allow":["GET"]}}],"collection":[{"href":"https:\/\/atauni.edu.tr\/arap-dili-ve-edebiyati\/wp-json\/wp\/v2\/pages"}],"about":[{"href":"https:\/\/atauni.edu.tr\/arap-dili-ve-edebiyati\/wp-json\/wp\/v2\/types\/page"}],"author":[{"embeddable":true,"href":"https:\/\/atauni.edu.tr\/arap-dili-ve-edebiyati\/wp-json\/wp\/v2\/users\/516"}],"replies":[{"embeddable":true,"href":"https:\/\/atauni.edu.tr\/arap-dili-ve-edebiyati\/wp-json\/wp\/v2\/comments?post=6947"}],"version-history":[{"count":10,"href":"https:\/\/atauni.edu.tr\/arap-dili-ve-edebiyati\/wp-json\/wp\/v2\/pages\/6947\/revisions"}],"predecessor-version":[{"id":6958,"href":"https:\/\/atauni.edu.tr\/arap-dili-ve-edebiyati\/wp-json\/wp\/v2\/pages\/6947\/revisions\/6958"}],"wp:attachment":[{"href":"https:\/\/atauni.edu.tr\/arap-dili-ve-edebiyati\/wp-json\/wp\/v2\/media?parent=6947"}],"curies":[{"name":"wp","href":"https:\/\/api.w.org\/{rel}","templated":true}]}}