{"id":6965,"date":"2023-01-30T13:11:14","date_gmt":"2023-01-30T10:11:14","guid":{"rendered":"https:\/\/birimler.atauni.edu.tr\/arap-dili-ve-edebiyati\/?page_id=6965"},"modified":"2026-01-06T13:37:14","modified_gmt":"2026-01-06T10:37:14","slug":"egitim-ogretim-faaliyetleri-kurulu","status":"publish","type":"page","link":"https:\/\/atauni.edu.tr\/arap-dili-ve-edebiyati\/egitim-ogretim-faaliyetleri-kurulu\/","title":{"rendered":"E\u011fitim-\u00d6\u011fretim Faaliyetleri Kurulu"},"content":{"rendered":"\t\t<div data-elementor-type=\"wp-page\" data-elementor-id=\"6965\" class=\"elementor elementor-6965\" data-elementor-post-type=\"page\">\n\t\t\t\t\t\t<section class=\"elementor-section elementor-top-section elementor-element elementor-element-50e27c2 elementor-section-boxed elementor-section-height-default elementor-section-height-default\" data-id=\"50e27c2\" data-element_type=\"section\">\n\t\t\t\t\t\t<div class=\"elementor-container elementor-column-gap-default\">\n\t\t\t\t\t<div class=\"elementor-column elementor-col-100 elementor-top-column elementor-element elementor-element-bb15160\" data-id=\"bb15160\" data-element_type=\"column\">\n\t\t\t<div class=\"elementor-widget-wrap elementor-element-populated\">\n\t\t\t\t\t\t<div class=\"elementor-element elementor-element-22b406b elementor-widget elementor-widget-text-editor\" data-id=\"22b406b\" data-element_type=\"widget\" data-widget_type=\"text-editor.default\">\n\t\t\t\t<div class=\"elementor-widget-container\">\n\t\t\t\t\t\t\t\t\t<p><strong>Komisyon \u00dcyeleri: <\/strong><\/p>\n<p><strong>Prof.Dr. Selami BAKIRCI (Ba\u015fkan) <\/strong><\/p>\n<p><strong>Do\u00e7.Dr. Nurullah YILMAZ<\/strong><\/p>\n<p><strong> Dr. \u00d6\u011fr.\u00dcyesi. Hayati \u00d6NCEL<\/strong><\/p>\n<p><strong> Ar\u015f.G\u00f6r. Dr. Muhammet Emin UZUNYAYLALI<\/strong><\/p>\t\t\t\t\t\t\t\t<\/div>\n\t\t\t\t<\/div>\n\t\t\t\t\t<\/div>\n\t\t<\/div>\n\t\t\t\t\t<\/div>\n\t\t<\/section>\n\t\t\t\t<\/div>\n\t\t","protected":false},"excerpt":{"rendered":"<p>Komisyon \u00dcyeleri: Prof.Dr. Selami BAKIRCI (Ba\u015fkan) Do\u00e7.Dr. Nurullah YILMAZ Dr. \u00d6\u011fr.\u00dcyesi. Hayati \u00d6NCEL Ar\u015f.G\u00f6r. Dr. Muhammet Emin UZUNYAYLALI<\/p>\n","protected":false},"author":516,"featured_media":0,"parent":0,"menu_order":0,"comment_status":"closed","ping_status":"closed","template":"","meta":{"footnotes":""},"class_list":["post-6965","page","type-page","status-publish","hentry"],"_links":{"self":[{"href":"https:\/\/atauni.edu.tr\/arap-dili-ve-edebiyati\/wp-json\/wp\/v2\/pages\/6965","targetHints":{"allow":["GET"]}}],"collection":[{"href":"https:\/\/atauni.edu.tr\/arap-dili-ve-edebiyati\/wp-json\/wp\/v2\/pages"}],"about":[{"href":"https:\/\/atauni.edu.tr\/arap-dili-ve-edebiyati\/wp-json\/wp\/v2\/types\/page"}],"author":[{"embeddable":true,"href":"https:\/\/atauni.edu.tr\/arap-dili-ve-edebiyati\/wp-json\/wp\/v2\/users\/516"}],"replies":[{"embeddable":true,"href":"https:\/\/atauni.edu.tr\/arap-dili-ve-edebiyati\/wp-json\/wp\/v2\/comments?post=6965"}],"version-history":[{"count":10,"href":"https:\/\/atauni.edu.tr\/arap-dili-ve-edebiyati\/wp-json\/wp\/v2\/pages\/6965\/revisions"}],"predecessor-version":[{"id":7771,"href":"https:\/\/atauni.edu.tr\/arap-dili-ve-edebiyati\/wp-json\/wp\/v2\/pages\/6965\/revisions\/7771"}],"wp:attachment":[{"href":"https:\/\/atauni.edu.tr\/arap-dili-ve-edebiyati\/wp-json\/wp\/v2\/media?parent=6965"}],"curies":[{"name":"wp","href":"https:\/\/api.w.org\/{rel}","templated":true}]}}