{"id":7113,"date":"2023-06-21T14:32:20","date_gmt":"2023-06-21T11:32:20","guid":{"rendered":"https:\/\/birimler.atauni.edu.tr\/arap-dili-ve-edebiyati\/?page_id=7113"},"modified":"2026-01-06T13:40:30","modified_gmt":"2026-01-06T10:40:30","slug":"mufredat-olcme-ve-degerlendirme-komisyonu","status":"publish","type":"page","link":"https:\/\/atauni.edu.tr\/arap-dili-ve-edebiyati\/mufredat-olcme-ve-degerlendirme-komisyonu\/","title":{"rendered":"M\u00fcfredat \u00d6l\u00e7me ve De\u011ferlendirme Komisyonu"},"content":{"rendered":"\t\t<div data-elementor-type=\"wp-page\" data-elementor-id=\"7113\" class=\"elementor elementor-7113\" data-elementor-post-type=\"page\">\n\t\t\t\t<div class=\"elementor-element elementor-element-926601d e-flex e-con-boxed e-con e-parent\" data-id=\"926601d\" data-element_type=\"container\">\n\t\t\t\t\t<div class=\"e-con-inner\">\n\t\t\t\t<div class=\"elementor-element elementor-element-284e3d6 elementor-widget elementor-widget-text-editor\" data-id=\"284e3d6\" data-element_type=\"widget\" data-widget_type=\"text-editor.default\">\n\t\t\t\t<div class=\"elementor-widget-container\">\n\t\t\t\t\t\t\t\t\t<p style=\"margin: 0cm 0cm 6pt;text-align: justify;font-size: 12pt;font-family: 'Times New Roman', serif;color: #000000;line-height: 18.4px\"><strong>Komisyon \u00dcyeleri:&nbsp;&nbsp;&nbsp;<\/strong><\/p>\n<p style=\"margin: 0cm 0cm 6pt;line-height: 18.4px;font-size: 12pt;text-align: justify;, serif\"><span style=\"font-weight: bolder\">Prof. Dr. Selami BAKIRCI<\/span><strong style=\"font-size: 12pt;letter-spacing: 0px\">&nbsp;(Ba\u015fkan)<\/strong><\/p>\n<p style=\"margin: 0cm 0cm 6pt;text-align: justify;font-size: 12pt;font-family: 'Times New Roman', serif;color: #000000;line-height: 18.4px\"><strong style=\"font-size: 12pt;letter-spacing: 0px\">Prof. Dr. Sait UYLA\u015e<\/strong><\/p>\n<p style=\"margin: 0cm 0cm 6pt;text-align: justify;font-size: 12pt;font-family: 'Times New Roman', serif;color: #000000;line-height: 18.4px\"><strong>Do\u00e7. Dr. \u0130lknur EMEKL\u0130<\/strong><\/p>\t\t\t\t\t\t\t\t<\/div>\n\t\t\t\t<\/div>\n\t\t\t\t\t<\/div>\n\t\t\t\t<\/div>\n\t\t\t\t<\/div>\n\t\t","protected":false},"excerpt":{"rendered":"<p>Komisyon \u00dcyeleri:&nbsp;&nbsp;&nbsp; Prof. Dr. Selami BAKIRCI&nbsp;(Ba\u015fkan) Prof. Dr. Sait UYLA\u015e Do\u00e7. Dr. \u0130lknur EMEKL\u0130<\/p>\n","protected":false},"author":516,"featured_media":0,"parent":0,"menu_order":0,"comment_status":"closed","ping_status":"closed","template":"","meta":{"footnotes":""},"class_list":["post-7113","page","type-page","status-publish","hentry"],"_links":{"self":[{"href":"https:\/\/atauni.edu.tr\/arap-dili-ve-edebiyati\/wp-json\/wp\/v2\/pages\/7113","targetHints":{"allow":["GET"]}}],"collection":[{"href":"https:\/\/atauni.edu.tr\/arap-dili-ve-edebiyati\/wp-json\/wp\/v2\/pages"}],"about":[{"href":"https:\/\/atauni.edu.tr\/arap-dili-ve-edebiyati\/wp-json\/wp\/v2\/types\/page"}],"author":[{"embeddable":true,"href":"https:\/\/atauni.edu.tr\/arap-dili-ve-edebiyati\/wp-json\/wp\/v2\/users\/516"}],"replies":[{"embeddable":true,"href":"https:\/\/atauni.edu.tr\/arap-dili-ve-edebiyati\/wp-json\/wp\/v2\/comments?post=7113"}],"version-history":[{"count":13,"href":"https:\/\/atauni.edu.tr\/arap-dili-ve-edebiyati\/wp-json\/wp\/v2\/pages\/7113\/revisions"}],"predecessor-version":[{"id":7777,"href":"https:\/\/atauni.edu.tr\/arap-dili-ve-edebiyati\/wp-json\/wp\/v2\/pages\/7113\/revisions\/7777"}],"wp:attachment":[{"href":"https:\/\/atauni.edu.tr\/arap-dili-ve-edebiyati\/wp-json\/wp\/v2\/media?parent=7113"}],"curies":[{"name":"wp","href":"https:\/\/api.w.org\/{rel}","templated":true}]}}