{"id":7120,"date":"2023-06-21T14:38:40","date_gmt":"2023-06-21T11:38:40","guid":{"rendered":"https:\/\/birimler.atauni.edu.tr\/arap-dili-ve-edebiyati\/?page_id=7120"},"modified":"2026-01-06T13:38:23","modified_gmt":"2026-01-06T10:38:23","slug":"mezun-izleme-komisyonu","status":"publish","type":"page","link":"https:\/\/atauni.edu.tr\/arap-dili-ve-edebiyati\/mezun-izleme-komisyonu\/","title":{"rendered":"Mezun \u0130zleme Komisyonu"},"content":{"rendered":"\t\t<div data-elementor-type=\"wp-page\" data-elementor-id=\"7120\" class=\"elementor elementor-7120\" data-elementor-post-type=\"page\">\n\t\t\t\t<div class=\"elementor-element elementor-element-b707cd6 e-flex e-con-boxed e-con e-parent\" data-id=\"b707cd6\" data-element_type=\"container\">\n\t\t\t\t\t<div class=\"e-con-inner\">\n\t\t\t\t<div class=\"elementor-element elementor-element-03b8ead elementor-widget elementor-widget-text-editor\" data-id=\"03b8ead\" data-element_type=\"widget\" data-widget_type=\"text-editor.default\">\n\t\t\t\t<div class=\"elementor-widget-container\">\n\t\t\t\t\t\t\t\t\t<p><strong><u>Komisyon \u00dcyeleri:<\/u><\/strong><\/p>\n<p><strong>Do\u00e7. Dr. \u0130lknur EMEKL\u0130 (Ba\u015fkan)<\/strong><\/p>\n<p><strong>Dr. \u00d6\u011fr.\u00dcy. Hayati \u00d6NCEL<\/strong><\/p>\n<p><strong>Ar\u015f. G\u00f6r. Dr. Muhammet Emin UZUNYAYLALI<\/strong><\/p>\t\t\t\t\t\t\t\t<\/div>\n\t\t\t\t<\/div>\n\t\t\t\t\t<\/div>\n\t\t\t\t<\/div>\n\t\t\t\t<\/div>\n\t\t","protected":false},"excerpt":{"rendered":"<p>Komisyon \u00dcyeleri: Do\u00e7. Dr. \u0130lknur EMEKL\u0130 (Ba\u015fkan) Dr. \u00d6\u011fr.\u00dcy. Hayati \u00d6NCEL Ar\u015f. G\u00f6r. Dr. Muhammet Emin UZUNYAYLALI<\/p>\n","protected":false},"author":516,"featured_media":0,"parent":0,"menu_order":0,"comment_status":"closed","ping_status":"closed","template":"","meta":{"footnotes":""},"class_list":["post-7120","page","type-page","status-publish","hentry"],"_links":{"self":[{"href":"https:\/\/atauni.edu.tr\/arap-dili-ve-edebiyati\/wp-json\/wp\/v2\/pages\/7120","targetHints":{"allow":["GET"]}}],"collection":[{"href":"https:\/\/atauni.edu.tr\/arap-dili-ve-edebiyati\/wp-json\/wp\/v2\/pages"}],"about":[{"href":"https:\/\/atauni.edu.tr\/arap-dili-ve-edebiyati\/wp-json\/wp\/v2\/types\/page"}],"author":[{"embeddable":true,"href":"https:\/\/atauni.edu.tr\/arap-dili-ve-edebiyati\/wp-json\/wp\/v2\/users\/516"}],"replies":[{"embeddable":true,"href":"https:\/\/atauni.edu.tr\/arap-dili-ve-edebiyati\/wp-json\/wp\/v2\/comments?post=7120"}],"version-history":[{"count":10,"href":"https:\/\/atauni.edu.tr\/arap-dili-ve-edebiyati\/wp-json\/wp\/v2\/pages\/7120\/revisions"}],"predecessor-version":[{"id":7774,"href":"https:\/\/atauni.edu.tr\/arap-dili-ve-edebiyati\/wp-json\/wp\/v2\/pages\/7120\/revisions\/7774"}],"wp:attachment":[{"href":"https:\/\/atauni.edu.tr\/arap-dili-ve-edebiyati\/wp-json\/wp\/v2\/media?parent=7120"}],"curies":[{"name":"wp","href":"https:\/\/api.w.org\/{rel}","templated":true}]}}