{"id":7126,"date":"2023-06-21T14:40:49","date_gmt":"2023-06-21T11:40:49","guid":{"rendered":"https:\/\/birimler.atauni.edu.tr\/arap-dili-ve-edebiyati\/?page_id=7126"},"modified":"2023-06-21T14:48:23","modified_gmt":"2023-06-21T11:48:23","slug":"program-degerlendirme-ve-mufredat-gelistirme-komisyonu","status":"publish","type":"page","link":"https:\/\/atauni.edu.tr\/arap-dili-ve-edebiyati\/program-degerlendirme-ve-mufredat-gelistirme-komisyonu\/","title":{"rendered":"Program De\u011ferlendirme ve M\u00fcfredat Geli\u015ftirme Komisyonu"},"content":{"rendered":"\t\t<div data-elementor-type=\"wp-page\" data-elementor-id=\"7126\" class=\"elementor elementor-7126\" data-elementor-post-type=\"page\">\n\t\t\t\t<div class=\"elementor-element elementor-element-67b7959 e-flex e-con-boxed e-con e-parent\" data-id=\"67b7959\" data-element_type=\"container\">\n\t\t\t\t\t<div class=\"e-con-inner\">\n\t\t\t\t<div class=\"elementor-element elementor-element-29d2f08 elementor-widget elementor-widget-text-editor\" data-id=\"29d2f08\" data-element_type=\"widget\" data-widget_type=\"text-editor.default\">\n\t\t\t\t<div class=\"elementor-widget-container\">\n\t\t\t\t\t\t\t\t\t<p class=\"MsoNormal\" style=\"margin: 0cm 0cm 6pt;text-align: justify;font-size: 12pt;font-family: 'Times New Roman', serif;color: #000000;line-height: 18.4px\"><b><u><span style=\"font-family: Calibri, sans-serif\">Komisyon \u00dcyeleri:<\/span><\/u><\/b><\/p><p class=\"MsoNormal\" style=\"margin: 0cm 0cm 6pt;text-align: justify;font-size: 12pt;font-family: 'Times New Roman', serif;color: #000000;line-height: 18.4px\"><span style=\"font-family: Calibri, sans-serif\">Do\u00e7. Dr. Nurullah YILMAZ(Ba\u015fkan)<\/span><\/p><p class=\"MsoNormal\" style=\"margin: 0cm 0cm 6pt;font-size: 12pt;font-family: 'Times New Roman', serif;color: #000000;line-height: 18.4px\" align=\"left\"><span style=\"font-family: Calibri, sans-serif\">Dr. \u00d6\u011fr.\u00dcy. Hayati \u00d6NCEL<\/span><\/p><p class=\"MsoNormal\" style=\"margin: 0cm 0cm 6pt;text-align: justify;font-size: 12pt;font-family: 'Times New Roman', serif;color: #000000;line-height: 18.4px\"><span style=\"font-family: Calibri, sans-serif\">Ar\u015f. G\u00f6r. Muhammet Emin UZUNYAYLALI<\/span><\/p><p class=\"MsoNormal\" style=\"margin: 0cm 0cm 6pt;text-align: justify;font-size: 12pt;font-family: 'Times New Roman', serif;color: #000000;line-height: 18.4px\"><span style=\"font-family: Calibri, sans-serif\">Ar\u015f. G\u00f6r. \u00d6mer Faruk KARAKU\u015e<\/span><\/p>\t\t\t\t\t\t\t\t<\/div>\n\t\t\t\t<\/div>\n\t\t\t\t\t<\/div>\n\t\t\t\t<\/div>\n\t\t\t\t<\/div>\n\t\t","protected":false},"excerpt":{"rendered":"<p>Komisyon \u00dcyeleri: Do\u00e7. Dr. Nurullah YILMAZ(Ba\u015fkan) Dr. \u00d6\u011fr.\u00dcy. Hayati \u00d6NCEL Ar\u015f. G\u00f6r. Muhammet Emin UZUNYAYLALI Ar\u015f. G\u00f6r. \u00d6mer Faruk KARAKU\u015e<\/p>\n","protected":false},"author":516,"featured_media":0,"parent":0,"menu_order":0,"comment_status":"closed","ping_status":"closed","template":"","meta":{"footnotes":""},"class_list":["post-7126","page","type-page","status-publish","hentry"],"_links":{"self":[{"href":"https:\/\/atauni.edu.tr\/arap-dili-ve-edebiyati\/wp-json\/wp\/v2\/pages\/7126","targetHints":{"allow":["GET"]}}],"collection":[{"href":"https:\/\/atauni.edu.tr\/arap-dili-ve-edebiyati\/wp-json\/wp\/v2\/pages"}],"about":[{"href":"https:\/\/atauni.edu.tr\/arap-dili-ve-edebiyati\/wp-json\/wp\/v2\/types\/page"}],"author":[{"embeddable":true,"href":"https:\/\/atauni.edu.tr\/arap-dili-ve-edebiyati\/wp-json\/wp\/v2\/users\/516"}],"replies":[{"embeddable":true,"href":"https:\/\/atauni.edu.tr\/arap-dili-ve-edebiyati\/wp-json\/wp\/v2\/comments?post=7126"}],"version-history":[{"count":7,"href":"https:\/\/atauni.edu.tr\/arap-dili-ve-edebiyati\/wp-json\/wp\/v2\/pages\/7126\/revisions"}],"predecessor-version":[{"id":7143,"href":"https:\/\/atauni.edu.tr\/arap-dili-ve-edebiyati\/wp-json\/wp\/v2\/pages\/7126\/revisions\/7143"}],"wp:attachment":[{"href":"https:\/\/atauni.edu.tr\/arap-dili-ve-edebiyati\/wp-json\/wp\/v2\/media?parent=7126"}],"curies":[{"name":"wp","href":"https:\/\/api.w.org\/{rel}","templated":true}]}}