{"id":7684,"date":"2025-07-30T09:57:02","date_gmt":"2025-07-30T06:57:02","guid":{"rendered":"https:\/\/birimler.atauni.edu.tr\/arap-dili-ve-edebiyati\/?page_id=7684"},"modified":"2025-07-30T09:57:02","modified_gmt":"2025-07-30T06:57:02","slug":"haberler","status":"publish","type":"page","link":"https:\/\/atauni.edu.tr\/arap-dili-ve-edebiyati\/haberler\/","title":{"rendered":"Haberler"},"content":{"rendered":"<form method=\"get\" class=\"row g-3\" style=\"margin-bottom: 20px;\"><div class=\"col-md-3\"><input type=\"text\" name=\"haber_ara\" class=\"form-control\" placeholder=\"Haber ara...\" value=\"\"><\/div><div class=\"col-md-3\"><input type=\"date\" name=\"baslangic_tarihi\" class=\"form-control\" value=\"\"><\/div><div class=\"col-md-3\"><input type=\"date\" name=\"bitis_tarihi\" class=\"form-control\" value=\"\"><\/div><div class=\"col-md-3\"><button type=\"submit\" class=\"btn btn-secondary w-50\">Filtrele<\/button><\/div><\/form><ul class=\"kategori-yazilari-liste\"><li style=\"display: flex; margin-bottom: 10px; align-items: center;\"><div class=\"post-thumbnail\" style=\"margin-right: 15px;\"><a href=\"https:\/\/atauni.edu.tr\/arap-dili-ve-edebiyati\/2024\/05\/03\/bolum-ziyareti\/\"><img decoding=\"async\" width=\"150\" height=\"150\" src=\"https:\/\/atauni.edu.tr\/arap-dili-ve-edebiyati\/wp-content\/uploads\/sites\/80\/2024\/05\/IMG_6156-150x150.jpg\" class=\"attachment-thumbnail size-thumbnail wp-post-image\" alt=\"\" \/><\/a><\/div><div class=\"post-content\" style=\"flex-grow: 1;\"><span class=\"post-date habertarih\" style=\"display: block; font-weight: bold; margin-bottom: 5px;\">3 May\u0131s 2024<\/span><a class=\"haberbaslik\" href=\"https:\/\/atauni.edu.tr\/arap-dili-ve-edebiyati\/2024\/05\/03\/bolum-ziyareti\/\">B\u00f6l\u00fcm Ziyareti<\/a><\/div><\/li><li style=\"display: flex; margin-bottom: 10px; align-items: center;\"><div class=\"post-thumbnail\" style=\"margin-right: 15px;\"><a href=\"https:\/\/atauni.edu.tr\/arap-dili-ve-edebiyati\/2023\/12\/19\/dunya-arapca-gunu-kutlandi\/\"><img decoding=\"async\" width=\"150\" height=\"150\" src=\"https:\/\/atauni.edu.tr\/arap-dili-ve-edebiyati\/wp-content\/uploads\/sites\/80\/2023\/12\/de64d1e6-57db-4ce7-9e5e-7cebba7f149b-150x150.jpg\" class=\"attachment-thumbnail size-thumbnail wp-post-image\" alt=\"\" \/><\/a><\/div><div class=\"post-content\" style=\"flex-grow: 1;\"><span class=\"post-date habertarih\" style=\"display: block; font-weight: bold; margin-bottom: 5px;\">19 Aral\u0131k 2023<\/span><a class=\"haberbaslik\" href=\"https:\/\/atauni.edu.tr\/arap-dili-ve-edebiyati\/2023\/12\/19\/dunya-arapca-gunu-kutlandi\/\">&#8220;18 Aral\u0131k D\u00fcnya Arap\u00e7a G\u00fcn\u00fc&#8221; Kutland\u0131<\/a><\/div><\/li><li style=\"display: flex; margin-bottom: 10px; align-items: center;\"><div class=\"post-thumbnail\" style=\"margin-right: 15px;\"><a href=\"https:\/\/atauni.edu.tr\/arap-dili-ve-edebiyati\/2023\/12\/11\/prof-dr-nevzat-h-yanikdan-yeni-kitap\/\"><img decoding=\"async\" width=\"150\" height=\"150\" src=\"https:\/\/atauni.edu.tr\/arap-dili-ve-edebiyati\/wp-content\/uploads\/sites\/80\/2023\/10\/Dostluk-10-04-110735-150x150.jpg\" class=\"attachment-thumbnail size-thumbnail wp-post-image\" alt=\"\" \/><\/a><\/div><div class=\"post-content\" style=\"flex-grow: 1;\"><span class=\"post-date habertarih\" style=\"display: block; font-weight: bold; margin-bottom: 5px;\">11 Aral\u0131k 2023<\/span><a class=\"haberbaslik\" href=\"https:\/\/atauni.edu.tr\/arap-dili-ve-edebiyati\/2023\/12\/11\/prof-dr-nevzat-h-yanikdan-yeni-kitap\/\">Prof. Dr. Nevzat H. YANIK\u2019dan Yeni Kitap<\/a><\/div><\/li><li style=\"display: flex; margin-bottom: 10px; align-items: center;\"><div class=\"post-thumbnail\" style=\"margin-right: 15px;\"><a href=\"https:\/\/atauni.edu.tr\/arap-dili-ve-edebiyati\/2023\/12\/10\/ogretmenlik-uygulamasi-dersi-kapsaminda-okullar-ziyaret-edildi\/\"><img loading=\"lazy\" decoding=\"async\" width=\"150\" height=\"150\" src=\"https:\/\/atauni.edu.tr\/arap-dili-ve-edebiyati\/wp-content\/uploads\/sites\/80\/2023\/12\/WhatsApp-Image-2023-12-08-at-10.55.12-150x150.jpeg\" class=\"attachment-thumbnail size-thumbnail wp-post-image\" alt=\"\" \/><\/a><\/div><div class=\"post-content\" style=\"flex-grow: 1;\"><span class=\"post-date habertarih\" style=\"display: block; font-weight: bold; margin-bottom: 5px;\">10 Aral\u0131k 2023<\/span><a class=\"haberbaslik\" href=\"https:\/\/atauni.edu.tr\/arap-dili-ve-edebiyati\/2023\/12\/10\/ogretmenlik-uygulamasi-dersi-kapsaminda-okullar-ziyaret-edildi\/\">\u00d6\u011fretmenlik Uygulamas\u0131 Dersi Kapsam\u0131nda Okullar Ziyaret Edildi.<\/a><\/div><\/li><li style=\"display: flex; margin-bottom: 10px; align-items: center;\"><div class=\"post-thumbnail\" style=\"margin-right: 15px;\"><a href=\"https:\/\/atauni.edu.tr\/arap-dili-ve-edebiyati\/2023\/10\/10\/1-sinif-ogrencilerimize-oryantasyon-programi-duzenledi\/\"><img loading=\"lazy\" decoding=\"async\" width=\"150\" height=\"150\" src=\"https:\/\/atauni.edu.tr\/arap-dili-ve-edebiyati\/wp-content\/uploads\/sites\/80\/2023\/10\/78528764-914e-4a56-a695-ae127c695027-150x150.jpg\" class=\"attachment-thumbnail size-thumbnail wp-post-image\" alt=\"\" \/><\/a><\/div><div class=\"post-content\" style=\"flex-grow: 1;\"><span class=\"post-date habertarih\" style=\"display: block; font-weight: bold; margin-bottom: 5px;\">10 Ekim 2023<\/span><a class=\"haberbaslik\" href=\"https:\/\/atauni.edu.tr\/arap-dili-ve-edebiyati\/2023\/10\/10\/1-sinif-ogrencilerimize-oryantasyon-programi-duzenledi\/\">1. S\u0131n\u0131f \u00f6\u011frencilerimize Oryantasyon Program\u0131 d\u00fczenledi.<\/a><\/div><\/li><li style=\"display: flex; margin-bottom: 10px; align-items: center;\"><div class=\"post-thumbnail\" style=\"margin-right: 15px;\"><a href=\"https:\/\/atauni.edu.tr\/arap-dili-ve-edebiyati\/2023\/01\/07\/prof-dr-nevzat-h-yanikdan-yeni-kitap%ef%bf%bc\/\"><img loading=\"lazy\" decoding=\"async\" width=\"150\" height=\"150\" src=\"https:\/\/atauni.edu.tr\/arap-dili-ve-edebiyati\/wp-content\/uploads\/sites\/80\/2023\/01\/Nevzat-Hoca-150x150.jpg\" class=\"attachment-thumbnail size-thumbnail wp-post-image\" alt=\"\" \/><\/a><\/div><div class=\"post-content\" style=\"flex-grow: 1;\"><span class=\"post-date habertarih\" style=\"display: block; font-weight: bold; margin-bottom: 5px;\">7 Ocak 2023<\/span><a class=\"haberbaslik\" href=\"https:\/\/atauni.edu.tr\/arap-dili-ve-edebiyati\/2023\/01\/07\/prof-dr-nevzat-h-yanikdan-yeni-kitap%ef%bf%bc\/\">Prof. Dr. Nevzat H. YANIK\u2019dan Yeni Kitap\ufffc<\/a><\/div><\/li><li style=\"display: flex; margin-bottom: 10px; align-items: center;\"><div class=\"post-thumbnail\" style=\"margin-right: 15px;\"><a href=\"https:\/\/atauni.edu.tr\/arap-dili-ve-edebiyati\/2023\/01\/07\/doc-dr-nurullah-yilmazdan-yeni-kitap\/\"><img loading=\"lazy\" decoding=\"async\" width=\"150\" height=\"150\" src=\"https:\/\/atauni.edu.tr\/arap-dili-ve-edebiyati\/wp-content\/uploads\/sites\/80\/2023\/01\/Nurullah-Hoca-150x150.jpg\" class=\"attachment-thumbnail size-thumbnail wp-post-image\" alt=\"\" \/><\/a><\/div><div class=\"post-content\" style=\"flex-grow: 1;\"><span class=\"post-date habertarih\" style=\"display: block; font-weight: bold; margin-bottom: 5px;\">7 Ocak 2023<\/span><a class=\"haberbaslik\" href=\"https:\/\/atauni.edu.tr\/arap-dili-ve-edebiyati\/2023\/01\/07\/doc-dr-nurullah-yilmazdan-yeni-kitap\/\">Do\u00e7. Dr. Nurullah YILMAZ&#8217;dan Yeni Kitap<\/a><\/div><\/li><li style=\"display: flex; margin-bottom: 10px; align-items: center;\"><div class=\"post-thumbnail\" style=\"margin-right: 15px;\"><a href=\"https:\/\/atauni.edu.tr\/arap-dili-ve-edebiyati\/2023\/01\/07\/prof-dr-selami-bakircidan-yeni-kitap\/\"><img loading=\"lazy\" decoding=\"async\" width=\"150\" height=\"150\" src=\"https:\/\/atauni.edu.tr\/arap-dili-ve-edebiyati\/wp-content\/uploads\/sites\/80\/2023\/01\/IMG-2660-150x150.jpg\" class=\"attachment-thumbnail size-thumbnail wp-post-image\" alt=\"\" \/><\/a><\/div><div class=\"post-content\" style=\"flex-grow: 1;\"><span class=\"post-date habertarih\" style=\"display: block; font-weight: bold; margin-bottom: 5px;\">7 Ocak 2023<\/span><a class=\"haberbaslik\" href=\"https:\/\/atauni.edu.tr\/arap-dili-ve-edebiyati\/2023\/01\/07\/prof-dr-selami-bakircidan-yeni-kitap\/\">Prof. Dr. Selami BAKIRCIdan Yeni Kitap<\/a><\/div><\/li><\/ul>\n\n\n\n<p><\/p>\n","protected":false},"excerpt":{"rendered":"","protected":false},"author":1,"featured_media":0,"parent":0,"menu_order":0,"comment_status":"closed","ping_status":"closed","template":"","meta":{"footnotes":""},"class_list":["post-7684","page","type-page","status-publish","hentry"],"_links":{"self":[{"href":"https:\/\/atauni.edu.tr\/arap-dili-ve-edebiyati\/wp-json\/wp\/v2\/pages\/7684","targetHints":{"allow":["GET"]}}],"collection":[{"href":"https:\/\/atauni.edu.tr\/arap-dili-ve-edebiyati\/wp-json\/wp\/v2\/pages"}],"about":[{"href":"https:\/\/atauni.edu.tr\/arap-dili-ve-edebiyati\/wp-json\/wp\/v2\/types\/page"}],"author":[{"embeddable":true,"href":"https:\/\/atauni.edu.tr\/arap-dili-ve-edebiyati\/wp-json\/wp\/v2\/users\/1"}],"replies":[{"embeddable":true,"href":"https:\/\/atauni.edu.tr\/arap-dili-ve-edebiyati\/wp-json\/wp\/v2\/comments?post=7684"}],"version-history":[{"count":1,"href":"https:\/\/atauni.edu.tr\/arap-dili-ve-edebiyati\/wp-json\/wp\/v2\/pages\/7684\/revisions"}],"predecessor-version":[{"id":7687,"href":"https:\/\/atauni.edu.tr\/arap-dili-ve-edebiyati\/wp-json\/wp\/v2\/pages\/7684\/revisions\/7687"}],"wp:attachment":[{"href":"https:\/\/atauni.edu.tr\/arap-dili-ve-edebiyati\/wp-json\/wp\/v2\/media?parent=7684"}],"curies":[{"name":"wp","href":"https:\/\/api.w.org\/{rel}","templated":true}]}}