{"id":7685,"date":"2025-07-30T09:57:24","date_gmt":"2025-07-30T06:57:24","guid":{"rendered":"https:\/\/birimler.atauni.edu.tr\/arap-dili-ve-edebiyati\/?page_id=7685"},"modified":"2025-07-30T09:57:24","modified_gmt":"2025-07-30T06:57:24","slug":"etkinlikler","status":"publish","type":"page","link":"https:\/\/atauni.edu.tr\/arap-dili-ve-edebiyati\/etkinlikler\/","title":{"rendered":"Etkinlikler"},"content":{"rendered":"<form method=\"get\" class=\"row g-3\" style=\"margin-bottom: 20px;\"><div class=\"col-md-3\"><input type=\"text\" name=\"etkinlik_ara\" class=\"form-control\" placeholder=\"Etkinlik ara...\" value=\"\"><\/div><div class=\"col-md-3\"><input type=\"date\" name=\"baslangic_tarihi\" class=\"form-control\" value=\"\"><\/div><div class=\"col-md-3\"><input type=\"date\" name=\"bitis_tarihi\" class=\"form-control\" value=\"\"><\/div><div class=\"col-md-3\"><button type=\"submit\" class=\"btn btn-secondary w-50\">Filtrele<\/button><\/div><\/form><div class=\"etkinlikler-grid-container\" style=\"display: grid; grid-template-columns: repeat(3, 1fr); gap: 20px;\"><div class=\"etkinlik-grid-item\"><div class=\"etkinlik-thumbnail\"><img fetchpriority=\"high\" decoding=\"async\" width=\"300\" height=\"228\" src=\"https:\/\/atauni.edu.tr\/arap-dili-ve-edebiyati\/wp-content\/uploads\/sites\/80\/2024\/03\/WhatsApp-Image-2024-03-18-at-11.07.24-300x228.jpeg\" class=\"img-fluid wp-post-image\" alt=\"\" srcset=\"https:\/\/atauni.edu.tr\/arap-dili-ve-edebiyati\/wp-content\/uploads\/sites\/80\/2024\/03\/WhatsApp-Image-2024-03-18-at-11.07.24-300x228.jpeg 300w, https:\/\/atauni.edu.tr\/arap-dili-ve-edebiyati\/wp-content\/uploads\/sites\/80\/2024\/03\/WhatsApp-Image-2024-03-18-at-11.07.24-1024x777.jpeg 1024w, https:\/\/atauni.edu.tr\/arap-dili-ve-edebiyati\/wp-content\/uploads\/sites\/80\/2024\/03\/WhatsApp-Image-2024-03-18-at-11.07.24-768x582.jpeg 768w, https:\/\/atauni.edu.tr\/arap-dili-ve-edebiyati\/wp-content\/uploads\/sites\/80\/2024\/03\/WhatsApp-Image-2024-03-18-at-11.07.24-600x455.jpeg 600w, https:\/\/atauni.edu.tr\/arap-dili-ve-edebiyati\/wp-content\/uploads\/sites\/80\/2024\/03\/WhatsApp-Image-2024-03-18-at-11.07.24-560x425.jpeg 560w, https:\/\/atauni.edu.tr\/arap-dili-ve-edebiyati\/wp-content\/uploads\/sites\/80\/2024\/03\/WhatsApp-Image-2024-03-18-at-11.07.24.jpeg 1035w\" sizes=\"(max-width: 300px) 100vw, 300px\" \/><\/div><div class=\"etkinlik-datee\"><span class=\"day\">18<\/span><span class=\"month\">Mart<\/span><span class=\"year\">2024<\/span><\/div><a href=\"https:\/\/atauni.edu.tr\/arap-dili-ve-edebiyati\/2024\/03\/18\/toplumsal-duyarlilik-projeleri-kapsaminda-eski-arap-siiri-ve-kuran-benzerligi-iddialari-uzerine-bir-degerlendirme-adli-sunum-duzenlendi-2\/\" class=\"etkinlik-titlee\">Toplumsal Duyarl\u0131l\u0131k Projeleri kapsam\u0131nda \u201cErzurumlu H\u00e2ce Muhammed Lutf\u00ee Efendi (Alvarl\u0131 Efe) Hazretlerinin Hayat\u0131 ve H\u00fcl\u00e2satu&#8217;l-Hak\u00e2y\u0131k Adl\u0131 D\u00eev\u00e2n\u0131ndaki Arap\u00e7a \u015eiirlerden \u00d6rnekler \u201d adl\u0131 sunum d\u00fczenlendi.<\/a><\/div><div class=\"etkinlik-grid-item\"><div class=\"etkinlik-thumbnail\"><img decoding=\"async\" width=\"300\" height=\"225\" src=\"https:\/\/atauni.edu.tr\/arap-dili-ve-edebiyati\/wp-content\/uploads\/sites\/80\/2024\/03\/f2ae6924-dba6-47a9-ba0e-98d30cc1e408-300x225.jpg\" class=\"img-fluid wp-post-image\" alt=\"\" srcset=\"https:\/\/atauni.edu.tr\/arap-dili-ve-edebiyati\/wp-content\/uploads\/sites\/80\/2024\/03\/f2ae6924-dba6-47a9-ba0e-98d30cc1e408-300x225.jpg 300w, https:\/\/atauni.edu.tr\/arap-dili-ve-edebiyati\/wp-content\/uploads\/sites\/80\/2024\/03\/f2ae6924-dba6-47a9-ba0e-98d30cc1e408-e1710749375144.jpg 1024w, https:\/\/atauni.edu.tr\/arap-dili-ve-edebiyati\/wp-content\/uploads\/sites\/80\/2024\/03\/f2ae6924-dba6-47a9-ba0e-98d30cc1e408-768x576.jpg 768w, https:\/\/atauni.edu.tr\/arap-dili-ve-edebiyati\/wp-content\/uploads\/sites\/80\/2024\/03\/f2ae6924-dba6-47a9-ba0e-98d30cc1e408-1536x1152.jpg 1536w, https:\/\/atauni.edu.tr\/arap-dili-ve-edebiyati\/wp-content\/uploads\/sites\/80\/2024\/03\/f2ae6924-dba6-47a9-ba0e-98d30cc1e408-600x450.jpg 600w, https:\/\/atauni.edu.tr\/arap-dili-ve-edebiyati\/wp-content\/uploads\/sites\/80\/2024\/03\/f2ae6924-dba6-47a9-ba0e-98d30cc1e408-560x420.jpg 560w\" sizes=\"(max-width: 300px) 100vw, 300px\" \/><\/div><div class=\"etkinlik-datee\"><span class=\"day\">18<\/span><span class=\"month\">Mart<\/span><span class=\"year\">2024<\/span><\/div><a href=\"https:\/\/atauni.edu.tr\/arap-dili-ve-edebiyati\/2024\/03\/18\/toplumsal-duyarlilik-projeleri-kapsaminda-eski-arap-siiri-ve-kuran-benzerligi-iddialari-uzerine-bir-degerlendirme-adli-sunum-duzenlendi\/\" class=\"etkinlik-titlee\">Toplumsal Duyarl\u0131l\u0131k Projeleri kapsam\u0131nda \u201cEski Arap \u015eiiri ve Kur&#8217;\u00e2n Benzerli\u011fi \u0130ddialar\u0131 \u00dczerine Bir De\u011ferlendirme \u201d adl\u0131 sunum d\u00fczenlendi.<\/a><\/div><div class=\"etkinlik-grid-item\"><div class=\"etkinlik-thumbnail\"><img decoding=\"async\" width=\"223\" height=\"300\" src=\"https:\/\/atauni.edu.tr\/arap-dili-ve-edebiyati\/wp-content\/uploads\/sites\/80\/2023\/12\/IMG_3BFCDB674944-1-223x300.jpeg\" class=\"img-fluid wp-post-image\" alt=\"\" srcset=\"https:\/\/atauni.edu.tr\/arap-dili-ve-edebiyati\/wp-content\/uploads\/sites\/80\/2023\/12\/IMG_3BFCDB674944-1-223x300.jpeg 223w, https:\/\/atauni.edu.tr\/arap-dili-ve-edebiyati\/wp-content\/uploads\/sites\/80\/2023\/12\/IMG_3BFCDB674944-1-762x1024.jpeg 762w, https:\/\/atauni.edu.tr\/arap-dili-ve-edebiyati\/wp-content\/uploads\/sites\/80\/2023\/12\/IMG_3BFCDB674944-1-768x1032.jpeg 768w, https:\/\/atauni.edu.tr\/arap-dili-ve-edebiyati\/wp-content\/uploads\/sites\/80\/2023\/12\/IMG_3BFCDB674944-1-1143x1536.jpeg 1143w, https:\/\/atauni.edu.tr\/arap-dili-ve-edebiyati\/wp-content\/uploads\/sites\/80\/2023\/12\/IMG_3BFCDB674944-1-446x600.jpeg 446w, https:\/\/atauni.edu.tr\/arap-dili-ve-edebiyati\/wp-content\/uploads\/sites\/80\/2023\/12\/IMG_3BFCDB674944-1-417x560.jpeg 417w, https:\/\/atauni.edu.tr\/arap-dili-ve-edebiyati\/wp-content\/uploads\/sites\/80\/2023\/12\/IMG_3BFCDB674944-1.jpeg 1157w\" sizes=\"(max-width: 223px) 100vw, 223px\" \/><\/div><div class=\"etkinlik-datee\"><span class=\"day\">16<\/span><span class=\"month\">Aral\u0131k<\/span><span class=\"year\">2023<\/span><\/div><a href=\"https:\/\/atauni.edu.tr\/arap-dili-ve-edebiyati\/2023\/12\/16\/dunya-arapca-gunu-etkinligi\/\" class=\"etkinlik-titlee\">D\u00fcnya Arap\u00e7a G\u00fcn\u00fc Etkinli\u011fi<\/a><\/div><\/div><div class=\"pagination\" style=\"margin-top: 20px;\"><\/div>\n","protected":false},"excerpt":{"rendered":"","protected":false},"author":1,"featured_media":0,"parent":0,"menu_order":0,"comment_status":"closed","ping_status":"closed","template":"","meta":{"footnotes":""},"class_list":["post-7685","page","type-page","status-publish","hentry"],"_links":{"self":[{"href":"https:\/\/atauni.edu.tr\/arap-dili-ve-edebiyati\/wp-json\/wp\/v2\/pages\/7685","targetHints":{"allow":["GET"]}}],"collection":[{"href":"https:\/\/atauni.edu.tr\/arap-dili-ve-edebiyati\/wp-json\/wp\/v2\/pages"}],"about":[{"href":"https:\/\/atauni.edu.tr\/arap-dili-ve-edebiyati\/wp-json\/wp\/v2\/types\/page"}],"author":[{"embeddable":true,"href":"https:\/\/atauni.edu.tr\/arap-dili-ve-edebiyati\/wp-json\/wp\/v2\/users\/1"}],"replies":[{"embeddable":true,"href":"https:\/\/atauni.edu.tr\/arap-dili-ve-edebiyati\/wp-json\/wp\/v2\/comments?post=7685"}],"version-history":[{"count":1,"href":"https:\/\/atauni.edu.tr\/arap-dili-ve-edebiyati\/wp-json\/wp\/v2\/pages\/7685\/revisions"}],"predecessor-version":[{"id":7688,"href":"https:\/\/atauni.edu.tr\/arap-dili-ve-edebiyati\/wp-json\/wp\/v2\/pages\/7685\/revisions\/7688"}],"wp:attachment":[{"href":"https:\/\/atauni.edu.tr\/arap-dili-ve-edebiyati\/wp-json\/wp\/v2\/media?parent=7685"}],"curies":[{"name":"wp","href":"https:\/\/api.w.org\/{rel}","templated":true}]}}