{"id":7686,"date":"2025-07-30T09:57:41","date_gmt":"2025-07-30T06:57:41","guid":{"rendered":"https:\/\/birimler.atauni.edu.tr\/arap-dili-ve-edebiyati\/?page_id=7686"},"modified":"2025-07-30T09:57:41","modified_gmt":"2025-07-30T06:57:41","slug":"duyurular","status":"publish","type":"page","link":"https:\/\/atauni.edu.tr\/arap-dili-ve-edebiyati\/duyurular\/","title":{"rendered":"Duyurular"},"content":{"rendered":"<form method=\"get\" class=\"row g-3\" style=\"margin-bottom: 20px;\"><div class=\"col-md-3\"><input type=\"text\" name=\"Duyuru_ara\" class=\"form-control\" placeholder=\"Duyuru ara...\" value=\"\"><\/div><div class=\"col-md-3\"><input type=\"date\" name=\"baslangic_tarihi\" class=\"form-control\" value=\"\"><\/div><div class=\"col-md-3\"><input type=\"date\" name=\"bitis_tarihi\" class=\"form-control\" value=\"\"><\/div><div class=\"col-md-3\"><button type=\"submit\" class=\"btn btn-secondary w-50\">Filtrele<\/button><\/div><\/form><ul class=\"kategori-yazilari-liste\"><li style=\"display: flex; margin-bottom: 10px; align-items: center;\"><div class=\"post-content\" style=\"flex-grow: 1;\"><span class=\"post-date Duyurutarih\" style=\"display: block; font-weight: bold; margin-bottom: 5px;\">12 Mart 2026<\/span><a class=\"Duyurubaslik\" href=\"https:\/\/atauni.edu.tr\/arap-dili-ve-edebiyati\/2026\/03\/12\/2025-2026-egitim-ogretim-yili-bahar-yariyili-vize-programi\/\">2025-2026 E\u011fitim-\u00d6\u011fretim Y\u0131l\u0131 Bahar Yar\u0131y\u0131l\u0131 Vize Program\u0131\u00a0\u00a0<\/a><\/div><\/li><li style=\"display: flex; margin-bottom: 10px; align-items: center;\"><div class=\"post-content\" style=\"flex-grow: 1;\"><span class=\"post-date Duyurutarih\" style=\"display: block; font-weight: bold; margin-bottom: 5px;\">19 \u015eubat 2026<\/span><a class=\"Duyurubaslik\" href=\"https:\/\/atauni.edu.tr\/arap-dili-ve-edebiyati\/2026\/02\/19\/ramazan-suresince-uygulanacak-olan-bolum-ders-programi\/\">Ramazan S\u00fcresince Uygulanacak Olan B\u00f6l\u00fcm Ders Program\u0131<\/a><\/div><\/li><li style=\"display: flex; margin-bottom: 10px; align-items: center;\"><div class=\"post-content\" style=\"flex-grow: 1;\"><span class=\"post-date Duyurutarih\" style=\"display: block; font-weight: bold; margin-bottom: 5px;\">22 Ocak 2026<\/span><a class=\"Duyurubaslik\" href=\"https:\/\/atauni.edu.tr\/arap-dili-ve-edebiyati\/2026\/01\/22\/2025-2026-akademik-yili-guz-yariyili-butunleme-sonrasi-mezuniyet-tek-ders-sinavi\/\">2025-2026 Akademik Y\u0131l\u0131 G\u00fcz Yar\u0131y\u0131l\u0131 B\u00fct\u00fcnleme Sonras\u0131 Mezuniyet Tek Ders S\u0131nav\u0131<\/a><\/div><\/li><li style=\"display: flex; margin-bottom: 10px; align-items: center;\"><div class=\"post-content\" style=\"flex-grow: 1;\"><span class=\"post-date Duyurutarih\" style=\"display: block; font-weight: bold; margin-bottom: 5px;\">13 Ocak 2026<\/span><a class=\"Duyurubaslik\" href=\"https:\/\/atauni.edu.tr\/arap-dili-ve-edebiyati\/2026\/01\/13\/butunlesik-yuksek-lisans-programi\/\">B\u00fct\u00fcnle\u015fik Y\u00fcksek Lisans Program\u0131<\/a><\/div><\/li><li style=\"display: flex; margin-bottom: 10px; align-items: center;\"><div class=\"post-content\" style=\"flex-grow: 1;\"><span class=\"post-date Duyurutarih\" style=\"display: block; font-weight: bold; margin-bottom: 5px;\">6 Ocak 2026<\/span><a class=\"Duyurubaslik\" href=\"https:\/\/atauni.edu.tr\/arap-dili-ve-edebiyati\/2026\/01\/06\/2025-2026-egitim-ogretim-yili-guz-yariyili-lisansustu-final-programi\/\">2025-2026 E\u011fitim-\u00d6\u011fretim Y\u0131l\u0131 G\u00fcz Yar\u0131y\u0131l\u0131 Lisans\u00fcst\u00fc Final Program\u0131\u00a0<\/a><\/div><\/li><li style=\"display: flex; margin-bottom: 10px; align-items: center;\"><div class=\"post-content\" style=\"flex-grow: 1;\"><span class=\"post-date Duyurutarih\" style=\"display: block; font-weight: bold; margin-bottom: 5px;\">23 Aral\u0131k 2025<\/span><a class=\"Duyurubaslik\" href=\"https:\/\/atauni.edu.tr\/arap-dili-ve-edebiyati\/2025\/12\/23\/2025-2026-egitim-ogretim-yili-guz-yariyili-final-butunleme-programi\/\">2025-2026 E\u011fitim-\u00d6\u011fretim Y\u0131l\u0131 G\u00fcz Yar\u0131y\u0131l\u0131 Final-B\u00fct\u00fcnleme Program\u0131\u00a0<\/a><\/div><\/li><li style=\"display: flex; margin-bottom: 10px; align-items: center;\"><div class=\"post-content\" style=\"flex-grow: 1;\"><span class=\"post-date Duyurutarih\" style=\"display: block; font-weight: bold; margin-bottom: 5px;\">9 Kas\u0131m 2025<\/span><a class=\"Duyurubaslik\" href=\"https:\/\/atauni.edu.tr\/arap-dili-ve-edebiyati\/2025\/11\/09\/2025-2026-egitim-ogretim-yili-guz-yariyili-vize-programi\/\">2025-2026 E\u011fitim-\u00d6\u011fretim Y\u0131l\u0131 G\u00fcz Yar\u0131y\u0131l\u0131 Vize Program\u0131<\/a><\/div><\/li><li style=\"display: flex; margin-bottom: 10px; align-items: center;\"><div class=\"post-content\" style=\"flex-grow: 1;\"><span class=\"post-date Duyurutarih\" style=\"display: block; font-weight: bold; margin-bottom: 5px;\">29 May\u0131s 2025<\/span><a class=\"Duyurubaslik\" href=\"https:\/\/atauni.edu.tr\/arap-dili-ve-edebiyati\/2025\/05\/29\/2024-2025-egitim-ogretim-yili-bahar-yariyili-final-butunleme-programi\/\">2024-2025 E\u011fitim-\u00d6\u011fretim Y\u0131l\u0131 Bahar Yar\u0131y\u0131l\u0131 Final B\u00fct\u00fcnleme Program\u0131<\/a><\/div><\/li><li style=\"display: flex; margin-bottom: 10px; align-items: center;\"><div class=\"post-content\" style=\"flex-grow: 1;\"><span class=\"post-date Duyurutarih\" style=\"display: block; font-weight: bold; margin-bottom: 5px;\">28 Nisan 2025<\/span><a class=\"Duyurubaslik\" href=\"https:\/\/atauni.edu.tr\/arap-dili-ve-edebiyati\/2025\/04\/28\/2024-2025-egitim-ogretim-yili-bahar-yariyili-vize-mazeret-programi\/\">2024-2025 E\u011fitim-\u00d6\u011fretim Y\u0131l\u0131 Bahar Yar\u0131y\u0131l\u0131 Vize Mazeret Program\u0131<\/a><\/div><\/li><li style=\"display: flex; margin-bottom: 10px; align-items: center;\"><div class=\"post-content\" style=\"flex-grow: 1;\"><span class=\"post-date Duyurutarih\" style=\"display: block; font-weight: bold; margin-bottom: 5px;\">21 Mart 2025<\/span><a class=\"Duyurubaslik\" href=\"https:\/\/atauni.edu.tr\/arap-dili-ve-edebiyati\/2025\/03\/21\/lisansustu-2024-2025-egitim-ogretim-yili-bahar-vize-programi\/\">Lisans\u00fcst\u00fc 2024-2025 E\u011fitim-\u00d6\u011fretim Y\u0131l\u0131 Bahar Ders Program\u0131\u00a0<\/a><\/div><\/li><\/ul><nav class=\"pagination\" style=\"margin-top: 20px;\"><ul class='page-numbers'>\n\t<li><span aria-current=\"page\" class=\"page-numbers current\">1<\/span><\/li>\n\t<li><a class=\"page-numbers\" href=\"https:\/\/atauni.edu.tr\/arap-dili-ve-edebiyati\/wp-json\/wp\/v2\/pages\/7686\/page\/2\/\">2<\/a><\/li>\n\t<li><a class=\"next page-numbers\" href=\"https:\/\/atauni.edu.tr\/arap-dili-ve-edebiyati\/wp-json\/wp\/v2\/pages\/7686\/page\/2\/\">Sonraki &raquo;<\/a><\/li>\n<\/ul>\n<\/nav>\n\n\n\n<p><\/p>\n","protected":false},"excerpt":{"rendered":"","protected":false},"author":1,"featured_media":0,"parent":0,"menu_order":0,"comment_status":"closed","ping_status":"closed","template":"","meta":{"footnotes":""},"class_list":["post-7686","page","type-page","status-publish","hentry"],"_links":{"self":[{"href":"https:\/\/atauni.edu.tr\/arap-dili-ve-edebiyati\/wp-json\/wp\/v2\/pages\/7686","targetHints":{"allow":["GET"]}}],"collection":[{"href":"https:\/\/atauni.edu.tr\/arap-dili-ve-edebiyati\/wp-json\/wp\/v2\/pages"}],"about":[{"href":"https:\/\/atauni.edu.tr\/arap-dili-ve-edebiyati\/wp-json\/wp\/v2\/types\/page"}],"author":[{"embeddable":true,"href":"https:\/\/atauni.edu.tr\/arap-dili-ve-edebiyati\/wp-json\/wp\/v2\/users\/1"}],"replies":[{"embeddable":true,"href":"https:\/\/atauni.edu.tr\/arap-dili-ve-edebiyati\/wp-json\/wp\/v2\/comments?post=7686"}],"version-history":[{"count":1,"href":"https:\/\/atauni.edu.tr\/arap-dili-ve-edebiyati\/wp-json\/wp\/v2\/pages\/7686\/revisions"}],"predecessor-version":[{"id":7689,"href":"https:\/\/atauni.edu.tr\/arap-dili-ve-edebiyati\/wp-json\/wp\/v2\/pages\/7686\/revisions\/7689"}],"wp:attachment":[{"href":"https:\/\/atauni.edu.tr\/arap-dili-ve-edebiyati\/wp-json\/wp\/v2\/media?parent=7686"}],"curies":[{"name":"wp","href":"https:\/\/api.w.org\/{rel}","templated":true}]}}