{"id":10011,"date":"2025-08-11T16:45:46","date_gmt":"2025-08-11T13:45:46","guid":{"rendered":"https:\/\/birimler.atauni.edu.tr\/arastirma-metodolojisi-egitim-ve-uygulama-ofisi\/?page_id=10011"},"modified":"2025-08-11T16:45:46","modified_gmt":"2025-08-11T13:45:46","slug":"etkinlikler","status":"publish","type":"page","link":"https:\/\/atauni.edu.tr\/arastirma-metodolojisi-egitim-ve-uygulama-ofisi\/etkinlikler\/","title":{"rendered":"Etkinlikler"},"content":{"rendered":"<form method=\"get\" class=\"row g-3\" style=\"margin-bottom: 20px;\"><div class=\"col-md-3\"><input type=\"text\" name=\"etkinlik_ara\" class=\"form-control\" placeholder=\"Etkinlik ara...\" value=\"\"><\/div><div class=\"col-md-3\"><input type=\"date\" name=\"baslangic_tarihi\" class=\"form-control\" value=\"\"><\/div><div class=\"col-md-3\"><input type=\"date\" name=\"bitis_tarihi\" class=\"form-control\" value=\"\"><\/div><div class=\"col-md-3\"><button type=\"submit\" class=\"btn btn-secondary w-50\">Filtrele<\/button><\/div><\/form><div class=\"etkinlikler-grid-container\" style=\"display: grid; grid-template-columns: repeat(3, 1fr); gap: 20px;\"><div class=\"etkinlik-grid-item\"><div class=\"etkinlik-thumbnail\"><img fetchpriority=\"high\" decoding=\"async\" width=\"214\" height=\"300\" src=\"https:\/\/atauni.edu.tr\/arastirma-metodolojisi-egitim-ve-uygulama-ofisi\/wp-content\/uploads\/sites\/474\/2025\/03\/afis-214x300.jpeg\" class=\"img-fluid wp-post-image\" alt=\"\" srcset=\"https:\/\/atauni.edu.tr\/arastirma-metodolojisi-egitim-ve-uygulama-ofisi\/wp-content\/uploads\/sites\/474\/2025\/03\/afis-214x300.jpeg 214w, https:\/\/atauni.edu.tr\/arastirma-metodolojisi-egitim-ve-uygulama-ofisi\/wp-content\/uploads\/sites\/474\/2025\/03\/afis-731x1024.jpeg 731w, https:\/\/atauni.edu.tr\/arastirma-metodolojisi-egitim-ve-uygulama-ofisi\/wp-content\/uploads\/sites\/474\/2025\/03\/afis-768x1076.jpeg 768w, https:\/\/atauni.edu.tr\/arastirma-metodolojisi-egitim-ve-uygulama-ofisi\/wp-content\/uploads\/sites\/474\/2025\/03\/afis-1097x1536.jpeg 1097w, https:\/\/atauni.edu.tr\/arastirma-metodolojisi-egitim-ve-uygulama-ofisi\/wp-content\/uploads\/sites\/474\/2025\/03\/afis-1462x2048.jpeg 1462w, https:\/\/atauni.edu.tr\/arastirma-metodolojisi-egitim-ve-uygulama-ofisi\/wp-content\/uploads\/sites\/474\/2025\/03\/afis-428x600.jpeg 428w, https:\/\/atauni.edu.tr\/arastirma-metodolojisi-egitim-ve-uygulama-ofisi\/wp-content\/uploads\/sites\/474\/2025\/03\/afis-400x560.jpeg 400w, https:\/\/atauni.edu.tr\/arastirma-metodolojisi-egitim-ve-uygulama-ofisi\/wp-content\/uploads\/sites\/474\/2025\/03\/afis.jpeg 1828w\" sizes=\"(max-width: 214px) 100vw, 214px\" \/><\/div><div class=\"etkinlik-datee\"><span class=\"day\">20<\/span><span class=\"month\">Nisan<\/span><span class=\"year\">2025<\/span><\/div><a href=\"https:\/\/atauni.edu.tr\/arastirma-metodolojisi-egitim-ve-uygulama-ofisi\/2025\/04\/20\/tubitak-2237-destekli-egitim-etkinligi\/\" class=\"etkinlik-titlee\">T\u00dcB\u0130TAK 2237 DESTEKL\u0130 E\u011e\u0130T\u0130M ETK\u0130NL\u0130\u011e\u0130<\/a><\/div><\/div><div class=\"pagination\" style=\"margin-top: 20px;\"><\/div>\n\n\n\n<p><\/p>\n","protected":false},"excerpt":{"rendered":"","protected":false},"author":1,"featured_media":0,"parent":0,"menu_order":0,"comment_status":"closed","ping_status":"closed","template":"","meta":{"footnotes":""},"class_list":["post-10011","page","type-page","status-publish","hentry"],"_links":{"self":[{"href":"https:\/\/atauni.edu.tr\/arastirma-metodolojisi-egitim-ve-uygulama-ofisi\/wp-json\/wp\/v2\/pages\/10011","targetHints":{"allow":["GET"]}}],"collection":[{"href":"https:\/\/atauni.edu.tr\/arastirma-metodolojisi-egitim-ve-uygulama-ofisi\/wp-json\/wp\/v2\/pages"}],"about":[{"href":"https:\/\/atauni.edu.tr\/arastirma-metodolojisi-egitim-ve-uygulama-ofisi\/wp-json\/wp\/v2\/types\/page"}],"author":[{"embeddable":true,"href":"https:\/\/atauni.edu.tr\/arastirma-metodolojisi-egitim-ve-uygulama-ofisi\/wp-json\/wp\/v2\/users\/1"}],"replies":[{"embeddable":true,"href":"https:\/\/atauni.edu.tr\/arastirma-metodolojisi-egitim-ve-uygulama-ofisi\/wp-json\/wp\/v2\/comments?post=10011"}],"version-history":[{"count":1,"href":"https:\/\/atauni.edu.tr\/arastirma-metodolojisi-egitim-ve-uygulama-ofisi\/wp-json\/wp\/v2\/pages\/10011\/revisions"}],"predecessor-version":[{"id":10014,"href":"https:\/\/atauni.edu.tr\/arastirma-metodolojisi-egitim-ve-uygulama-ofisi\/wp-json\/wp\/v2\/pages\/10011\/revisions\/10014"}],"wp:attachment":[{"href":"https:\/\/atauni.edu.tr\/arastirma-metodolojisi-egitim-ve-uygulama-ofisi\/wp-json\/wp\/v2\/media?parent=10011"}],"curies":[{"name":"wp","href":"https:\/\/api.w.org\/{rel}","templated":true}]}}