{"id":5638,"date":"2021-07-13T09:49:25","date_gmt":"2021-07-13T06:49:25","guid":{"rendered":"https:\/\/portaltest.atauni.edu.tr\/bilgisayar-muhendisligi\/?page_id=5638"},"modified":"2022-11-19T23:50:22","modified_gmt":"2022-11-19T20:50:22","slug":"kimligimiz","status":"publish","type":"page","link":"https:\/\/atauni.edu.tr\/arastirma-metodolojisi-egitim-ve-uygulama-ofisi\/kimligimiz\/","title":{"rendered":"Kimli\u011fimiz"},"content":{"rendered":"\t\t<div data-elementor-type=\"wp-page\" data-elementor-id=\"5638\" class=\"elementor elementor-5638\" data-elementor-post-type=\"page\">\n\t\t\t\t\t\t<section class=\"elementor-section elementor-top-section elementor-element elementor-element-681db8b elementor-section-boxed elementor-section-height-default elementor-section-height-default\" data-id=\"681db8b\" data-element_type=\"section\">\n\t\t\t\t\t\t<div class=\"elementor-container elementor-column-gap-default\">\n\t\t\t\t\t<div class=\"elementor-column elementor-col-100 elementor-top-column elementor-element elementor-element-ad4dac5\" data-id=\"ad4dac5\" data-element_type=\"column\">\n\t\t\t<div class=\"elementor-widget-wrap elementor-element-populated\">\n\t\t\t\t\t\t<div class=\"elementor-element elementor-element-2f96b3d elementor-widget elementor-widget-text-editor\" data-id=\"2f96b3d\" data-element_type=\"widget\" data-widget_type=\"text-editor.default\">\n\t\t\t\t<div class=\"elementor-widget-container\">\n\t\t\t\t\t\t\t\t\t<h4>Kimli\u011fimiz\u00a0<\/h4><p align=\"justified\">Ara\u015ft\u0131rma Metodolojisi E\u011fitim ve Uygulama Ofisi (Metodoloji Destek Ofisi) Atat\u00fcrk \u00dcniversitesi Rekt\u00f6rl\u00fc\u011f\u00fc b\u00fcnyesinde 2018 y\u0131l\u0131nda olu\u015fturulan bir birimdir. Bilimsel ara\u015ft\u0131rma dizayn\u0131, istatistiksel modelleme ve veri analizine odakl\u0131y\u0131z. \u00dcniversitemizin \u00f6\u011fretim elemanlar\u0131na ve lisans\u00fcst\u00fc \u00f6\u011frencilerine hizmet veriyoruz ve ayr\u0131ca yap\u0131lacak protokoller \u00e7er\u00e7evesinde kamu kurumlar\u0131na ve \u00f6zel kurulu\u015flara da hizmet \u00f6neriyoruz.<\/p>\t\t\t\t\t\t\t\t<\/div>\n\t\t\t\t<\/div>\n\t\t\t\t\t<\/div>\n\t\t<\/div>\n\t\t\t\t\t<\/div>\n\t\t<\/section>\n\t\t\t\t<\/div>\n\t\t","protected":false},"excerpt":{"rendered":"<p>Kimli\u011fimiz\u00a0 Ara\u015ft\u0131rma Metodolojisi E\u011fitim ve Uygulama Ofisi (Metodoloji Destek Ofisi) Atat\u00fcrk \u00dcniversitesi Rekt\u00f6rl\u00fc\u011f\u00fc b\u00fcnyesinde 2018 y\u0131l\u0131nda olu\u015fturulan bir birimdir. Bilimsel ara\u015ft\u0131rma dizayn\u0131, istatistiksel modelleme ve veri analizine odakl\u0131y\u0131z. \u00dcniversitemizin \u00f6\u011fretim elemanlar\u0131na ve lisans\u00fcst\u00fc \u00f6\u011frencilerine hizmet veriyoruz ve ayr\u0131ca yap\u0131lacak protokoller \u00e7er\u00e7evesinde kamu kurumlar\u0131na ve \u00f6zel kurulu\u015flara da hizmet \u00f6neriyoruz.<\/p>\n","protected":false},"author":1,"featured_media":0,"parent":0,"menu_order":0,"comment_status":"closed","ping_status":"closed","template":"","meta":{"footnotes":""},"class_list":["post-5638","page","type-page","status-publish","hentry"],"_links":{"self":[{"href":"https:\/\/atauni.edu.tr\/arastirma-metodolojisi-egitim-ve-uygulama-ofisi\/wp-json\/wp\/v2\/pages\/5638","targetHints":{"allow":["GET"]}}],"collection":[{"href":"https:\/\/atauni.edu.tr\/arastirma-metodolojisi-egitim-ve-uygulama-ofisi\/wp-json\/wp\/v2\/pages"}],"about":[{"href":"https:\/\/atauni.edu.tr\/arastirma-metodolojisi-egitim-ve-uygulama-ofisi\/wp-json\/wp\/v2\/types\/page"}],"author":[{"embeddable":true,"href":"https:\/\/atauni.edu.tr\/arastirma-metodolojisi-egitim-ve-uygulama-ofisi\/wp-json\/wp\/v2\/users\/1"}],"replies":[{"embeddable":true,"href":"https:\/\/atauni.edu.tr\/arastirma-metodolojisi-egitim-ve-uygulama-ofisi\/wp-json\/wp\/v2\/comments?post=5638"}],"version-history":[{"count":58,"href":"https:\/\/atauni.edu.tr\/arastirma-metodolojisi-egitim-ve-uygulama-ofisi\/wp-json\/wp\/v2\/pages\/5638\/revisions"}],"predecessor-version":[{"id":8174,"href":"https:\/\/atauni.edu.tr\/arastirma-metodolojisi-egitim-ve-uygulama-ofisi\/wp-json\/wp\/v2\/pages\/5638\/revisions\/8174"}],"wp:attachment":[{"href":"https:\/\/atauni.edu.tr\/arastirma-metodolojisi-egitim-ve-uygulama-ofisi\/wp-json\/wp\/v2\/media?parent=5638"}],"curies":[{"name":"wp","href":"https:\/\/api.w.org\/{rel}","templated":true}]}}