{"id":5662,"date":"2021-07-13T10:01:45","date_gmt":"2021-07-13T07:01:45","guid":{"rendered":"https:\/\/portaltest.atauni.edu.tr\/bilgisayar-muhendisligi\/?page_id=5662"},"modified":"2025-01-27T13:36:02","modified_gmt":"2025-01-27T10:36:02","slug":"yurutme-kurulu","status":"publish","type":"page","link":"https:\/\/atauni.edu.tr\/arastirma-metodolojisi-egitim-ve-uygulama-ofisi\/yurutme-kurulu\/","title":{"rendered":"Y\u00fcr\u00fctme Kurulu"},"content":{"rendered":"\t\t<div data-elementor-type=\"wp-page\" data-elementor-id=\"5662\" class=\"elementor elementor-5662\" data-elementor-post-type=\"page\">\n\t\t\t\t\t\t<section class=\"elementor-section elementor-top-section elementor-element elementor-element-2c64b3b elementor-section-boxed elementor-section-height-default elementor-section-height-default\" data-id=\"2c64b3b\" data-element_type=\"section\">\n\t\t\t\t\t\t<div class=\"elementor-container elementor-column-gap-default\">\n\t\t\t\t\t<div class=\"elementor-column elementor-col-100 elementor-top-column elementor-element elementor-element-fd91130\" data-id=\"fd91130\" data-element_type=\"column\">\n\t\t\t<div class=\"elementor-widget-wrap elementor-element-populated\">\n\t\t\t\t\t\t<div class=\"elementor-element elementor-element-a3fceca elementor-widget elementor-widget-text-editor\" data-id=\"a3fceca\" data-element_type=\"widget\" data-widget_type=\"text-editor.default\">\n\t\t\t\t<div class=\"elementor-widget-container\">\n\t\t\t\t\t\t\t\t\t<div>\n<p><b>Y\u00fcr\u00fctme Kurulu<\/b><\/p>\n<ul>\n<li><span style=\"letter-spacing: 0px;text-align: -webkit-match-parent\">Dr. \u00d6\u011fr. \u00dcyesi. Kamber KA\u015eAL\u0130 (Koordinat\u00f6r)<\/span><\/li>\n<li><span style=\"text-align: -webkit-match-parent;letter-spacing: 0px\">Dr. \u00d6\u011fr. \u00dcyesi. Arzu Tural Dikmen (Koordinat\u00f6r Yard\u0131mc\u0131s\u0131)<\/span><\/li>\n<li><span style=\"letter-spacing: 0px;text-align: -webkit-match-parent\">Prof. Dr. Adnan Ta\u015fg\u0131n (\u00dcye)<\/span><\/li><li>Do\u00e7. Dr. Murat \u00c7OBAN (\u00dcye)<\/li>\n<li><span style=\"letter-spacing: 0px;text-align: -webkit-match-parent\">Do\u00e7.Dr. Nermin \u00c7akmak (\u00dcye)<\/span><\/li>\n<li><span style=\"letter-spacing: 0px;text-align: -webkit-match-parent\">Do\u00e7.Dr. Onur \u015eenol (\u00dcye)<\/span><\/li>\n<li><span style=\"letter-spacing: 0px;text-align: -webkit-match-parent\">Dr.\u00d6\u011fr.\u00dcyesi M\u00fcr\u00fcvvet Demiral \u00dczan (\u00dcye)<\/span><\/li>\n<li><span style=\"letter-spacing: 0px;text-align: -webkit-match-parent\">Dr.\u00d6\u011fr.\u00dcyesi Senem G\u00f6nen\u00e7 (\u00dcye)<\/span><\/li>\n<li><span style=\"letter-spacing: 0px;text-align: -webkit-match-parent\">Dr. Ar\u015f.G\u00f6r. Olcay Besnili Memi\u015f (\u00dcye)<\/span><\/li>\n<\/ul>\n<\/div>\n<p align=\"justified\">\n<\/p>\t\t\t\t\t\t\t\t<\/div>\n\t\t\t\t<\/div>\n\t\t\t\t\t<\/div>\n\t\t<\/div>\n\t\t\t\t\t<\/div>\n\t\t<\/section>\n\t\t\t\t<\/div>\n\t\t","protected":false},"excerpt":{"rendered":"<p>Y\u00fcr\u00fctme Kurulu Dr. \u00d6\u011fr. \u00dcyesi. Kamber KA\u015eAL\u0130 (Koordinat\u00f6r) Dr. \u00d6\u011fr. \u00dcyesi. Arzu Tural Dikmen (Koordinat\u00f6r Yard\u0131mc\u0131s\u0131) Prof. Dr. Adnan Ta\u015fg\u0131n (\u00dcye) Do\u00e7. Dr. Murat \u00c7OBAN (\u00dcye) Do\u00e7.Dr. Nermin \u00c7akmak (\u00dcye) Do\u00e7.Dr. Onur \u015eenol (\u00dcye) Dr.\u00d6\u011fr.\u00dcyesi M\u00fcr\u00fcvvet Demiral \u00dczan (\u00dcye) Dr.\u00d6\u011fr.\u00dcyesi Senem G\u00f6nen\u00e7 (\u00dcye) Dr. Ar\u015f.G\u00f6r. Olcay Besnili Memi\u015f (\u00dcye)<\/p>\n","protected":false},"author":471,"featured_media":0,"parent":0,"menu_order":0,"comment_status":"closed","ping_status":"closed","template":"elementor_header_footer","meta":{"footnotes":""},"class_list":["post-5662","page","type-page","status-publish","hentry"],"_links":{"self":[{"href":"https:\/\/atauni.edu.tr\/arastirma-metodolojisi-egitim-ve-uygulama-ofisi\/wp-json\/wp\/v2\/pages\/5662","targetHints":{"allow":["GET"]}}],"collection":[{"href":"https:\/\/atauni.edu.tr\/arastirma-metodolojisi-egitim-ve-uygulama-ofisi\/wp-json\/wp\/v2\/pages"}],"about":[{"href":"https:\/\/atauni.edu.tr\/arastirma-metodolojisi-egitim-ve-uygulama-ofisi\/wp-json\/wp\/v2\/types\/page"}],"author":[{"embeddable":true,"href":"https:\/\/atauni.edu.tr\/arastirma-metodolojisi-egitim-ve-uygulama-ofisi\/wp-json\/wp\/v2\/users\/471"}],"replies":[{"embeddable":true,"href":"https:\/\/atauni.edu.tr\/arastirma-metodolojisi-egitim-ve-uygulama-ofisi\/wp-json\/wp\/v2\/comments?post=5662"}],"version-history":[{"count":70,"href":"https:\/\/atauni.edu.tr\/arastirma-metodolojisi-egitim-ve-uygulama-ofisi\/wp-json\/wp\/v2\/pages\/5662\/revisions"}],"predecessor-version":[{"id":9889,"href":"https:\/\/atauni.edu.tr\/arastirma-metodolojisi-egitim-ve-uygulama-ofisi\/wp-json\/wp\/v2\/pages\/5662\/revisions\/9889"}],"wp:attachment":[{"href":"https:\/\/atauni.edu.tr\/arastirma-metodolojisi-egitim-ve-uygulama-ofisi\/wp-json\/wp\/v2\/media?parent=5662"}],"curies":[{"name":"wp","href":"https:\/\/api.w.org\/{rel}","templated":true}]}}