{"id":5682,"date":"2021-07-13T10:10:01","date_gmt":"2021-07-13T07:10:01","guid":{"rendered":"https:\/\/portaltest.atauni.edu.tr\/bilgisayar-muhendisligi\/?page_id=5682"},"modified":"2022-12-12T11:20:04","modified_gmt":"2022-12-12T08:20:04","slug":"isimiz","status":"publish","type":"page","link":"https:\/\/atauni.edu.tr\/arastirma-metodolojisi-egitim-ve-uygulama-ofisi\/isimiz\/","title":{"rendered":"\u0130\u015fimiz"},"content":{"rendered":"\t\t<div data-elementor-type=\"wp-page\" data-elementor-id=\"5682\" class=\"elementor elementor-5682\" data-elementor-post-type=\"page\">\n\t\t\t\t\t\t<section class=\"elementor-section elementor-top-section elementor-element elementor-element-681db8b elementor-section-boxed elementor-section-height-default elementor-section-height-default\" data-id=\"681db8b\" data-element_type=\"section\">\n\t\t\t\t\t\t<div class=\"elementor-container elementor-column-gap-default\">\n\t\t\t\t\t<div class=\"elementor-column elementor-col-100 elementor-top-column elementor-element elementor-element-ad4dac5\" data-id=\"ad4dac5\" data-element_type=\"column\">\n\t\t\t<div class=\"elementor-widget-wrap elementor-element-populated\">\n\t\t\t\t\t\t<div class=\"elementor-element elementor-element-2f96b3d elementor-widget elementor-widget-text-editor\" data-id=\"2f96b3d\" data-element_type=\"widget\" data-widget_type=\"text-editor.default\">\n\t\t\t\t<div class=\"elementor-widget-container\">\n\t\t\t\t\t\t\t\t\t<h4>\u0130\u015fimiz<\/h4>\n<p align=\"justified\"><strong>Dan\u0131\u015fma<\/strong>\n\u00d6\u011fretim elemanlar\u0131na ve lisans\u00fcst\u00fc \u00f6\u011frencilere, proje tekliflerini haz\u0131rlarken ve ara\u015ft\u0131rmalar\u0131n\u0131 y\u00fcr\u00fct\u00fcrken ara\u015ft\u0131rma metodolojisi ve istatistiksel veri analizi konular\u0131nda dan\u0131\u015fmanl\u0131k yap\u0131yoruz. Dan\u0131\u015fmada, her t\u00fcrden metodolojik ve istatistiksel problemlerin yan\u0131s\u0131ra, bilimsel yaz\u0131m tekni\u011fine ve dile dair problemleri de tart\u0131\u015fabiliriz, istatistiksel yaz\u0131l\u0131mlar\u0131 nas\u0131l kullanaca\u011f\u0131n\u0131z konusunda yol g\u00f6sterebiliriz, \u00e7\u0131kt\u0131lar\u0131n\u0131z\u0131 g\u00f6zden ge\u00e7irebiliriz ve ald\u0131\u011f\u0131n\u0131z panel, edit\u00f6r ve hakem ele\u015ftirilerini de\u011ferlendirebiliriz.<\/p>\n<p align=\"justified\"><strong>E\u011fitim<\/strong>\nBilimsel metodun, ara\u015ft\u0131rma metodolojisi, istatistiksel d\u00fc\u015f\u00fcnme ve istatistiksel ak\u0131l y\u00fcr\u00fctme prati\u011finin \u00f6\u011fretim elemanlar\u0131 ve lisans\u00fcst\u00fc \u00f6\u011frenciler aras\u0131nda yayg\u0131nla\u015fmas\u0131n\u0131 ve daha iyi anla\u015f\u0131lmas\u0131n\u0131 ve veri analizi tekniklerinin daha iyi kullan\u0131labilmesini sa\u011flamak maksad\u0131yla e\u011fitim faaliyetleri (e\u011fitim seminerleri, at\u00f6lyeler, webinarlar, yard\u0131mc\u0131 materyal) d\u00fczenliyoruz.<\/p>\t\t\t\t\t\t\t\t<\/div>\n\t\t\t\t<\/div>\n\t\t\t\t\t<\/div>\n\t\t<\/div>\n\t\t\t\t\t<\/div>\n\t\t<\/section>\n\t\t\t\t<\/div>\n\t\t","protected":false},"excerpt":{"rendered":"<p>\u0130\u015fimiz Dan\u0131\u015fma \u00d6\u011fretim elemanlar\u0131na ve lisans\u00fcst\u00fc \u00f6\u011frencilere, proje tekliflerini haz\u0131rlarken ve ara\u015ft\u0131rmalar\u0131n\u0131 y\u00fcr\u00fct\u00fcrken ara\u015ft\u0131rma metodolojisi ve istatistiksel veri analizi konular\u0131nda dan\u0131\u015fmanl\u0131k yap\u0131yoruz. Dan\u0131\u015fmada, her t\u00fcrden metodolojik ve istatistiksel problemlerin yan\u0131s\u0131ra, bilimsel yaz\u0131m tekni\u011fine ve dile dair problemleri de tart\u0131\u015fabiliriz, istatistiksel yaz\u0131l\u0131mlar\u0131 nas\u0131l kullanaca\u011f\u0131n\u0131z konusunda yol g\u00f6sterebiliriz, \u00e7\u0131kt\u0131lar\u0131n\u0131z\u0131 g\u00f6zden ge\u00e7irebiliriz ve ald\u0131\u011f\u0131n\u0131z panel, edit\u00f6r ve hakem [&hellip;]<\/p>\n","protected":false},"author":1,"featured_media":0,"parent":0,"menu_order":0,"comment_status":"closed","ping_status":"closed","template":"elementor_header_footer","meta":{"footnotes":""},"class_list":["post-5682","page","type-page","status-publish","hentry"],"_links":{"self":[{"href":"https:\/\/atauni.edu.tr\/arastirma-metodolojisi-egitim-ve-uygulama-ofisi\/wp-json\/wp\/v2\/pages\/5682","targetHints":{"allow":["GET"]}}],"collection":[{"href":"https:\/\/atauni.edu.tr\/arastirma-metodolojisi-egitim-ve-uygulama-ofisi\/wp-json\/wp\/v2\/pages"}],"about":[{"href":"https:\/\/atauni.edu.tr\/arastirma-metodolojisi-egitim-ve-uygulama-ofisi\/wp-json\/wp\/v2\/types\/page"}],"author":[{"embeddable":true,"href":"https:\/\/atauni.edu.tr\/arastirma-metodolojisi-egitim-ve-uygulama-ofisi\/wp-json\/wp\/v2\/users\/1"}],"replies":[{"embeddable":true,"href":"https:\/\/atauni.edu.tr\/arastirma-metodolojisi-egitim-ve-uygulama-ofisi\/wp-json\/wp\/v2\/comments?post=5682"}],"version-history":[{"count":71,"href":"https:\/\/atauni.edu.tr\/arastirma-metodolojisi-egitim-ve-uygulama-ofisi\/wp-json\/wp\/v2\/pages\/5682\/revisions"}],"predecessor-version":[{"id":8353,"href":"https:\/\/atauni.edu.tr\/arastirma-metodolojisi-egitim-ve-uygulama-ofisi\/wp-json\/wp\/v2\/pages\/5682\/revisions\/8353"}],"wp:attachment":[{"href":"https:\/\/atauni.edu.tr\/arastirma-metodolojisi-egitim-ve-uygulama-ofisi\/wp-json\/wp\/v2\/media?parent=5682"}],"curies":[{"name":"wp","href":"https:\/\/api.w.org\/{rel}","templated":true}]}}