{"id":5700,"date":"2021-07-13T10:17:09","date_gmt":"2021-07-13T07:17:09","guid":{"rendered":"https:\/\/portaltest.atauni.edu.tr\/bilgisayar-muhendisligi\/?page_id=5700"},"modified":"2025-01-27T12:40:22","modified_gmt":"2025-01-27T09:40:22","slug":"danisma-ve-egitim-kurulu","status":"publish","type":"page","link":"https:\/\/atauni.edu.tr\/arastirma-metodolojisi-egitim-ve-uygulama-ofisi\/danisma-ve-egitim-kurulu\/","title":{"rendered":"Dan\u0131\u015fma ve E\u011fitim Kurulu"},"content":{"rendered":"\t\t<div data-elementor-type=\"wp-page\" data-elementor-id=\"5700\" class=\"elementor elementor-5700\" data-elementor-post-type=\"page\">\n\t\t\t\t\t\t<section class=\"elementor-section elementor-top-section elementor-element elementor-element-65c54fc elementor-section-boxed elementor-section-height-default elementor-section-height-default\" data-id=\"65c54fc\" data-element_type=\"section\">\n\t\t\t\t\t\t<div class=\"elementor-container elementor-column-gap-default\">\n\t\t\t\t\t<div class=\"elementor-column elementor-col-100 elementor-top-column elementor-element elementor-element-eec995a\" data-id=\"eec995a\" data-element_type=\"column\">\n\t\t\t<div class=\"elementor-widget-wrap elementor-element-populated\">\n\t\t\t\t\t\t<div class=\"elementor-element elementor-element-253e8a5 elementor-widget elementor-widget-text-editor\" data-id=\"253e8a5\" data-element_type=\"widget\" data-widget_type=\"text-editor.default\">\n\t\t\t\t<div class=\"elementor-widget-container\">\n\t\t\t\t\t\t\t\t\t<h4>Dan\u0131\u015fma ve E\u011fitim Kurulu<\/h4>\n<p align=\"justified\"><ul><li>Prof. Dr. \u00d6mer Cevdet Bilgin&nbsp;<\/li><li>Prof. Dr. Memi\u015f \u00d6zdemir&nbsp;<\/li><li>Prof. Dr. Adnan Ta\u015fg\u0131n&nbsp;<\/li><li>Prof. Dr. Suat \u00c7elik<\/li><li>Do\u00e7. Dr. Murat \u00c7oban<\/li><li>Do\u00e7. Dr. Nermin \u00c7akmak<\/li><li>Do\u00e7. Dr. Yasemin Ta\u015f&nbsp;<\/li><li>Do\u00e7. Dr. Dilek \u00d6zdemir&nbsp;<\/li><li>Do\u00e7. Dr. Oktay Ya\u011f\u0131z&nbsp;<\/li><li>Do\u00e7. Dr. \u00d6mer Ko\u00e7ak<\/li><li>Do\u00e7. Dr. Onur \u015eenol<\/li><li>Do\u00e7. Dr. Abdullah Emre \u00c7a\u011flar<\/li><li>Dr. \u00d6\u011fr. \u00dcyesi. T\u00fcrkan Kadiro\u011flu&nbsp;<\/li><li>Dr. \u00d6\u011fr. \u00dcyesi. Ufuk \u015eahin&nbsp;<\/li><li>Dr. \u00d6\u011fr. \u00dcyesi. Cansu G\u00fcr&nbsp;<\/li><li>Dr. \u00d6\u011fr. \u00dcyesi. M\u00fcr\u00fcvvet Demiral \u00dczan&nbsp;<\/li><li>Dr. \u00d6\u011fr. \u00dcyesi. Senem G\u00f6nen\u00e7<\/li><\/ul><\/p>\t\t\t\t\t\t\t\t<\/div>\n\t\t\t\t<\/div>\n\t\t\t\t<div class=\"elementor-element elementor-element-6b121bc elementor-widget elementor-widget-shortcode\" data-id=\"6b121bc\" data-element_type=\"widget\" data-widget_type=\"shortcode.default\">\n\t\t\t\t<div class=\"elementor-widget-container\">\n\t\t\t\t\t\t\t<div class=\"elementor-shortcode\"><\/div>\n\t\t\t\t\t\t<\/div>\n\t\t\t\t<\/div>\n\t\t\t\t\t<\/div>\n\t\t<\/div>\n\t\t\t\t\t<\/div>\n\t\t<\/section>\n\t\t\t\t<\/div>\n\t\t","protected":false},"excerpt":{"rendered":"<p>Dan\u0131\u015fma ve E\u011fitim Kurulu Prof. Dr. \u00d6mer Cevdet Bilgin&nbsp; Prof. Dr. Memi\u015f \u00d6zdemir&nbsp; Prof. Dr. Adnan Ta\u015fg\u0131n&nbsp; Prof. Dr. Suat \u00c7elik Do\u00e7. Dr. Murat \u00c7oban Do\u00e7. Dr. Nermin \u00c7akmak Do\u00e7. Dr. Yasemin Ta\u015f&nbsp; Do\u00e7. Dr. Dilek \u00d6zdemir&nbsp; Do\u00e7. Dr. Oktay Ya\u011f\u0131z&nbsp; Do\u00e7. Dr. \u00d6mer Ko\u00e7ak Do\u00e7. Dr. Onur \u015eenol Do\u00e7. Dr. Abdullah Emre \u00c7a\u011flar Dr. [&hellip;]<\/p>\n","protected":false},"author":471,"featured_media":0,"parent":0,"menu_order":0,"comment_status":"closed","ping_status":"closed","template":"elementor_header_footer","meta":{"footnotes":""},"class_list":["post-5700","page","type-page","status-publish","hentry"],"_links":{"self":[{"href":"https:\/\/atauni.edu.tr\/arastirma-metodolojisi-egitim-ve-uygulama-ofisi\/wp-json\/wp\/v2\/pages\/5700","targetHints":{"allow":["GET"]}}],"collection":[{"href":"https:\/\/atauni.edu.tr\/arastirma-metodolojisi-egitim-ve-uygulama-ofisi\/wp-json\/wp\/v2\/pages"}],"about":[{"href":"https:\/\/atauni.edu.tr\/arastirma-metodolojisi-egitim-ve-uygulama-ofisi\/wp-json\/wp\/v2\/types\/page"}],"author":[{"embeddable":true,"href":"https:\/\/atauni.edu.tr\/arastirma-metodolojisi-egitim-ve-uygulama-ofisi\/wp-json\/wp\/v2\/users\/471"}],"replies":[{"embeddable":true,"href":"https:\/\/atauni.edu.tr\/arastirma-metodolojisi-egitim-ve-uygulama-ofisi\/wp-json\/wp\/v2\/comments?post=5700"}],"version-history":[{"count":78,"href":"https:\/\/atauni.edu.tr\/arastirma-metodolojisi-egitim-ve-uygulama-ofisi\/wp-json\/wp\/v2\/pages\/5700\/revisions"}],"predecessor-version":[{"id":9846,"href":"https:\/\/atauni.edu.tr\/arastirma-metodolojisi-egitim-ve-uygulama-ofisi\/wp-json\/wp\/v2\/pages\/5700\/revisions\/9846"}],"wp:attachment":[{"href":"https:\/\/atauni.edu.tr\/arastirma-metodolojisi-egitim-ve-uygulama-ofisi\/wp-json\/wp\/v2\/media?parent=5700"}],"curies":[{"name":"wp","href":"https:\/\/api.w.org\/{rel}","templated":true}]}}