{"id":6216,"date":"2022-03-02T14:54:37","date_gmt":"2022-03-02T11:54:37","guid":{"rendered":"https:\/\/birimler.atauni.edu.tr\/metodoloji-destek-ofisi\/?page_id=6216"},"modified":"2025-03-04T12:42:56","modified_gmt":"2025-03-04T09:42:56","slug":"egitim","status":"publish","type":"page","link":"https:\/\/atauni.edu.tr\/arastirma-metodolojisi-egitim-ve-uygulama-ofisi\/egitim\/","title":{"rendered":"E\u011fitim"},"content":{"rendered":"\t\t<div data-elementor-type=\"wp-page\" data-elementor-id=\"6216\" class=\"elementor elementor-6216\" data-elementor-post-type=\"page\">\n\t\t\t\t\t\t<section class=\"elementor-section elementor-top-section elementor-element elementor-element-ada0e58 elementor-section-boxed elementor-section-height-default elementor-section-height-default\" data-id=\"ada0e58\" data-element_type=\"section\">\n\t\t\t\t\t\t<div class=\"elementor-container elementor-column-gap-default\">\n\t\t\t\t\t<div class=\"elementor-column elementor-col-100 elementor-top-column elementor-element elementor-element-e27b1ee\" data-id=\"e27b1ee\" data-element_type=\"column\">\n\t\t\t<div class=\"elementor-widget-wrap elementor-element-populated\">\n\t\t\t\t\t\t<div class=\"elementor-element elementor-element-2f7d3d6 elementor-widget elementor-widget-text-editor\" data-id=\"2f7d3d6\" data-element_type=\"widget\" data-widget_type=\"text-editor.default\">\n\t\t\t\t<div class=\"elementor-widget-container\">\n\t\t\t\t\t\t\t\t\t<h4>E\u011fitim<\/h4>\n<p align=\"justify\">\u00dcniversitemizin \u00f6\u011fretim elemanlar\u0131 ve lisans\u00fcst\u00fc \u00f6\u011frencileri i\u00e7in ara\u015ft\u0131rma metodolojisi, veri analizi ve akademik yaz\u0131m konular\u0131nda e\u011fitim faaliyetleri d\u00fczenliyoruz ve ayr\u0131ca yap\u0131lacak protokoller \u00e7er\u00e7evesinde kamu kurumlar\u0131 ve \u00f6zel kurulu\u015flar i\u00e7in de bu e\u011fitim faaliyetlerini d\u00fczenlemeyi \u00f6neriyoruz. E\u011fitimlerimizi uzun veya k\u0131sa s\u00fcreli seminerler, at\u00f6lyeler ve \u00e7al\u0131\u015fma gruplar\u0131 bi\u00e7iminde dizayn ediyoruz.<\/p>\t\t\t\t\t\t\t\t<\/div>\n\t\t\t\t<\/div>\n\t\t\t\t\t<\/div>\n\t\t<\/div>\n\t\t\t\t\t<\/div>\n\t\t<\/section>\n\t\t\t\t<section class=\"elementor-section elementor-top-section elementor-element elementor-element-c9391c0 elementor-section-boxed elementor-section-height-default elementor-section-height-default\" data-id=\"c9391c0\" data-element_type=\"section\">\n\t\t\t\t\t\t<div class=\"elementor-container elementor-column-gap-default\">\n\t\t\t\t\t<div class=\"elementor-column elementor-col-50 elementor-top-column elementor-element elementor-element-4d453f6\" data-id=\"4d453f6\" data-element_type=\"column\">\n\t\t\t<div class=\"elementor-widget-wrap elementor-element-populated\">\n\t\t\t\t\t\t<div class=\"elementor-element elementor-element-fe4bfa9 elementor-widget elementor-widget-text-editor\" data-id=\"fe4bfa9\" data-element_type=\"widget\" data-widget_type=\"text-editor.default\">\n\t\t\t\t<div class=\"elementor-widget-container\">\n\t\t\t\t\t\t\t\t\t<p><strong>Gelecek E\u011fitimler<\/strong><\/p>\n<ul>\n<li>20-25 Nisan 2025 Tarihleri Aras\u0131nda T\u00dcB\u0130TAK 2237 Sa\u011fl\u0131k Bilimlerinde Lisans\u00fcst\u00fc \u00d6\u011frencilere Y\u00f6nelik \u0130statistik E\u011fitimi Verilecektir. E\u011fitimle \u0130lgili Kapsaml\u0131 Bilgi \u0130\u00e7in A\u015fa\u011f\u0131daki Ba\u011flant\u0131y\u0131 Ziyaret Edebilirsiniz.<\/li><br>\n<p><a href=\"https:\/\/tubitakbilegitim2025.atauni.edu.tr\/\" target=\"_blank\">2237 T\u00dcB\u0130TAK E\u011fitimi<\/a><\/p>\n<\/ul>\t\t\t\t\t\t\t\t<\/div>\n\t\t\t\t<\/div>\n\t\t\t\t\t<\/div>\n\t\t<\/div>\n\t\t\t\t<div class=\"elementor-column elementor-col-50 elementor-top-column elementor-element elementor-element-7619f5e\" data-id=\"7619f5e\" data-element_type=\"column\">\n\t\t\t<div class=\"elementor-widget-wrap elementor-element-populated\">\n\t\t\t\t\t\t<div class=\"elementor-element elementor-element-7050e22 elementor-widget elementor-widget-text-editor\" data-id=\"7050e22\" data-element_type=\"widget\" data-widget_type=\"text-editor.default\">\n\t\t\t\t<div class=\"elementor-widget-container\">\n\t\t\t\t\t\t\t\t\t<strong>Ge\u00e7mi\u015f E\u011fitimler<\/strong>\n<ul>\n \t<li><a>Evri\u015fimli Sinir A\u011flar\u0131 ile G\u00f6r\u00fcnt\u00fc \u0130\u015fleme (03 Haziran 2024) (At\u00f6lye II. Periyot)<\/a><\/li>\n \t<li><a>Basit Arac\u0131 ve D\u00fczenleyici Etki Analizi (30 May\u0131s 2024) (At\u00f6lye II. Periyot)<\/a><\/li>\n \t<li><a>Bibliyometrik Analiz (30 May\u0131s 2024) (At\u00f6lye II. Periyot)<\/a><\/li>\n \t<li><a>\u00c7ok De\u011fi\u015fkenli Panel Veri Analizi (29 May\u0131s 2024) (At\u00f6lye II. Periyot)<\/a><\/li>\n \t<li><a>Tek ve \u00c7ok De\u011fi\u015fkenli Zaman Serileri Analizi (28 May\u0131s 2024) (At\u00f6lye II. Periyot)<\/a><\/li>\n \t<li><a>Nitel Ara\u015ft\u0131rmada Vaka Analizi (28 May\u0131s 2024) (At\u00f6lye II. Periyot)<\/a><\/li>\n \t<li><a>AMOS ile Yap\u0131sal E\u015fitlik Modellemesi (27 May\u0131s 2024) (At\u00f6lye II. Periyot)<\/a><\/li>\n \t<li><a>Sistematik Derleme (27 May\u0131s 2024) (At\u00f6lye II. Periyot)<\/a><\/li>\n \t<li><a>Meta Analiz (10 May\u0131s 2024) (At\u00f6lye I. Periyot)<\/a><\/li>\n \t<li><a>Evri\u015fimli Sinir A\u011flar\u0131 ile G\u00f6r\u00fcnt\u00fc \u0130\u015fleme (10 May\u0131s 2024) (At\u00f6lye I. Periyot)<\/a><\/li>\n \t<li><a>Basit Arac\u0131 ve D\u00fczenleyici Etki Analizi (09 May\u0131s 2024) (At\u00f6lye I. Periyot)<\/a><\/li>\n \t<li><a>Bibliyometrik Analiz (09 May\u0131s 2024) (At\u00f6lye I. Periyot)<\/a><\/li>\n \t<li><a>\u00c7ok De\u011fi\u015fkenli Panel Veri Analizi (08 May\u0131s 2024) (At\u00f6lye I. Periyot)<\/a><\/li>\n \t<li><a>Tek ve \u00c7ok De\u011fi\u015fkenli Zaman Serileri Analizi (08 May\u0131s 2024) (At\u00f6lye I. Periyot)<\/a><\/li>\n \t<li><a>Nitel Ara\u015ft\u0131rmada Vaka Analizi (07 May\u0131s 2024) (At\u00f6lye I. Periyot)<\/a><\/li>\n \t<li><a>AMOS ile Yap\u0131sal E\u015fitlik Modellemesi (06 May\u0131s 2024) (At\u00f6lye I. Periyot)<\/a><\/li>\n \t<li><a>Sistematik Derleme (06 May\u0131s 2024) (At\u00f6lye I. Periyot)<\/a><\/li>\n \t<li><a>Nitel Ara\u015ft\u0131rmada Vaka Analizi (30 Nisan 2024) (Dr.\u00d6\u011fr.\u00dcyesi M\u00fcr\u00fcvvet Demiral \u00dczan, Ar\u015f.G\u00f6r.Dr. Olcay Besnili Memi\u015f) <\/a><\/li>\n \t<li><a>Evri\u015fimli Sinir A\u011flar\u0131 ile G\u00f6r\u00fcnt\u00fc \u0130\u015fleme (29 Nisan 2024) (Dr.\u00d6\u011fr.\u00dcyesi \u00d6znur \u00d6zalt\u0131n) <\/a><\/li>\n \t<li><a>AMOS ile Yap\u0131sal E\u015fitlik Modellemesi (26 Nisan 2024) (Do\u00e7.Dr. Hakan Eyg\u00fc) <\/a><\/li>\n \t<li><a>Basit Arac\u0131 ve D\u00fczenleyici Etki Analizi (25 Nisan 2024) (Do\u00e7.Dr. Adnan Ta\u015fg\u0131n) <\/a><\/li>\n \t<li><a>\u00c7ok De\u011fi\u015fkenli Panel Veri Analizi (24 Nisan 2024) (Do\u00e7.Dr. Abdullah Emre \u00c7a\u011flar) <\/a><\/li>\n \t<li><a>ROC Analizi (22 Nisan 2024) (Do\u00e7.Dr. Aycan Mutlu Ya\u011fano\u011flu)<\/a><\/li>\n \t<li><a>Tek ve \u00c7ok De\u011fi\u015fkenli Zaman Serileri Analizi (17 Nisan 2024) (Do\u00e7.Dr. Abdullah Emre \u00c7a\u011flar)<\/a><\/li>\n \t<li><a>Sistematik Derleme (22 Nisan 2024) (Prof.Dr. Suat \u00c7elik, Dr.\u00d6\u011fr.\u00dcyesi Nermin \u00c7akmak)<\/a><\/li>\n \t<li><a>Meta Analiz (19 Nisan 2024) (Dr.\u00d6\u011fr.\u00dcyesi Kamber Ka\u015fali)<\/a><\/li>\n \t<li><a>Bibliyometrik Analiz (18 Nisan 2024) (Prof.Dr. Memi\u015f \u00d6zdemir)<\/a><\/li>\n \t<li><a>\u00d6l\u00e7ek Geli\u015ftirme ve Uyarlama (28 Aral\u0131k 2023)<\/a><\/li>\n \t<li><a>Bir At\u0131f ve Referans Program\u0131 Olarak Zotero&#8217;nun Kullan\u0131m\u0131 (07 Aral\u0131k 2023)<\/a><\/li>\n \t<li><a>Fen Bilimlerinde Meta Analiz (22 Mart 2023)<\/a><\/li>\n \t<li><a>R ile Veri Analizine Giri\u015f (16 Mart 2023)<\/a><\/li>\n \t<li><a>\u00d6l\u00e7ek Geli\u015ftirme ve Uyarlama S\u00fcreci (02 Mart 2023)<\/a><\/li>\n \t<li><a>Uygulamal\u0131 ROC Analizi (16 \u015eubat 2023)<\/a><\/li>\n \t<li><a>\u00d6rnek Hacmi Belirleme ve G\u00fc\u00e7 Analizi (09 \u015eubat 2023)<\/a><\/li>\n \t<li><a>Ara\u015ft\u0131rmada Teori, Teorik ve Kavramsal \u00c7er\u00e7eve (26 Ocak 2023)<\/a><\/li>\n \t<li><a>Meta Analiz (19 Ocak 2023)<\/a><\/li>\n \t<li><a>\u0130ngilizce Akademik Yaz\u0131m (12 Ocak 2023)<\/a><\/li>\n \t<li><a>Literat\u00fcr Derleme Y\u00f6ntemleri: Sistematik Derleme, Meta Analiz, Meta Sentez ve Bibliyometrik Analiz (29 Aral\u0131k 2022)<\/a><\/li>\n \t<li><a href=\"https:\/\/birimler.atauni.edu.tr\/arastirma-metodolojisi-egitim-ve-uygulama-ofisi\/wp-content\/uploads\/sites\/474\/2020\/07\/panel.veri_.analizi.1.2.3-duyuru.pdf\">Panel Veri Analizi III (26 Aral\u0131k 2022)<\/a><\/li>\n \t<li><a href=\"https:\/\/birimler.atauni.edu.tr\/arastirma-metodolojisi-egitim-ve-uygulama-ofisi\/wp-content\/uploads\/sites\/474\/2020\/07\/panel.veri_.analizi.1.2.3-duyuru.pdf\">Panel Veri Analizi II (19 Aral\u0131k 2022)<\/a><\/li>\n \t<li><a href=\"https:\/\/birimler.atauni.edu.tr\/arastirma-metodolojisi-egitim-ve-uygulama-ofisi\/wp-content\/uploads\/sites\/474\/2020\/07\/panel.veri_.analizi.1.2.3-duyuru.pdf\">Panel Veri Analizi I (12 Aral\u0131k 2022)<\/a><\/li>\n \t<li><a href=\"https:\/\/birimler.atauni.edu.tr\/arastirma-metodolojisi-egitim-ve-uygulama-ofisi\/wp-content\/uploads\/sites\/474\/2020\/07\/SPSS-ile-Boylamsal-Veri-Analizi-I.pdf\">SPSS ile Boylamsal Veri Analizi I (01 Aral\u0131k 2022)<\/a><\/li>\n \t<li><a href=\"https:\/\/birimler.atauni.edu.tr\/arastirma-metodolojisi-egitim-ve-uygulama-ofisi\/wp-content\/uploads\/sites\/474\/2020\/07\/AMOS.Uygulamali.YEM_.17Kasim2022.pdf\">Amos Uygulamal\u0131 YEM (17 Kas\u0131m 2022)<\/a><\/li>\n \t<li><a href=\"https:\/\/birimler.atauni.edu.tr\/arastirma-metodolojisi-egitim-ve-uygulama-ofisi\/wp-content\/uploads\/sites\/474\/2020\/07\/Eviews-ve-Gauss-Uygulamali-Dogrusal-Zaman-Serileri-Analizi2.pdf\">Eviews ve Gauss Uygulamal\u0131 Do\u011frusal Zaman Serileri Analizi (24 May\u0131s 2022)<\/a><\/li>\n \t<li><a>Sosyal Bilimlerde Nicel Ara\u015ft\u0131rmalarda Nelere Dikkat Edilmelidir? (29 Nisan 2021)<\/a><\/li>\n \t<li><a href=\"https:\/\/birimler.atauni.edu.tr\/arastirma-metodolojisi-egitim-ve-uygulama-ofisi\/wp-content\/uploads\/sites\/474\/2020\/07\/duyuru.pdf\">MAXQDA Uygulamal\u0131 Nitel (Fenomenolojik) Ara\u015ft\u0131rma (21 Nisan 2022)<\/a><\/li>\n \t<li><a href=\"https:\/\/birimler.atauni.edu.tr\/arastirma-metodolojisi-egitim-ve-uygulama-ofisi\/wp-content\/uploads\/sites\/474\/2020\/07\/Eviews-ve-Gauss-Uygulamali-Dogrusal-Zaman-Serileri-Analizi.pdf\">Eviews ve Gauss Uygulamal\u0131 Do\u011frusal Zaman Serileri Analizi (04 Nisan 2022)<\/a><\/li>\n \t<li><a target=\"_blank\" rel=\"noopener\">Sosyal Bilimlerde Ara\u015ft\u0131rmalar\u0131n Planlanmas\u0131 (25 Mart 2021)<\/a><\/li>\n \t<li><a href=\"https:\/\/metodoloji.atauni.edu.tr\/wp-content\/uploads\/2022\/03\/duyuru.jpg\">Presenting in English for Academic Purposes (17 Mart 2022)<\/a><\/li>\n \t<li><a href=\"https:\/\/metodoloji.atauni.edu.tr\/wp-content\/uploads\/2022\/03\/duyuru.jpg\">AMOS ile Yap\u0131sal E\u015fitlik Modellemesi (10 Mart 2022)<\/a><\/li>\n \t<li><a href=\"https:\/\/birimler.atauni.edu.tr\/metodoloji-destek-ofisi\/wp-content\/uploads\/sites\/474\/2020\/07\/MAXQDA-2022-Uygulamali-Fenomenolojik-Arastirma-Edebiyat-Fakultesi-23-Aralik-2021.jpg\" target=\"_blank\" rel=\"noopener\">MAXQDA 2022 Uygulamal\u0131 Fenomenolojik Ara\u015ft\u0131rma (23 Aral\u0131k 2021 &#8211; Edebiyat Fak\u00fcltesi)<\/a><\/li>\n \t<li><a href=\"https:\/\/birimler.atauni.edu.tr\/metodoloji-destek-ofisi\/wp-content\/uploads\/sites\/474\/2020\/07\/DuyuruTemelIstatistikIlahiyatFakultesi-scaled-1.jpg\" target=\"_blank\" rel=\"noopener\">Temel \u0130statistik (16 Aral\u0131k 2021 &#8211; \u0130lahiyat Fak\u00fcltesi)<\/a><\/li>\n \t<li><a target=\"_blank\" rel=\"noopener\">NVIVO ile Nitel Veri Analizi II (27 May\u0131s 2021)<\/a><\/li>\n \t<li><a target=\"_blank\" rel=\"noopener\">NVIVO ile Nitel Veri Analizi I (23 Nisan 2021)<\/a><\/li>\n \t<li><a target=\"_blank\" rel=\"noopener\">\u0130ngilizce Makale Yaz\u0131m\u0131nda Team\u00fcl ve Normlar (08 Nisan 2021)<\/a><\/li>\n \t<li><a target=\"_blank\" rel=\"noopener\">Elektronik Kaynaklar\u0131n Etkin Kullan\u0131m\u0131 (11 Mart 2021)<\/a><\/li>\n \t<li><a target=\"_blank\" rel=\"noopener\">Ara\u015ft\u0131rma Metodolojileri: Bilgi \u00dcretiminin Felsefi Temelleri (25 \u015eubat 2021)<\/a><\/li>\n \t<li><a href=\"https:\/\/birimler.atauni.edu.tr\/metodoloji-destek-ofisi\/wp-content\/uploads\/sites\/474\/2020\/07\/Olcek-Gelistirme-Sureci-%E2%80%93-IzlenceV.jpg\" target=\"_blank\" rel=\"noopener\">\u00d6l\u00e7ek Geli\u015ftirme S\u00fcreci (25 \u015eubat 2020)<\/a><\/li>\n \t<li><a href=\"https:\/\/birimler.atauni.edu.tr\/metodoloji-destek-ofisi\/makale-yazma-kursu\/\">Makale Yazma Kursu (11, 18, 26 Mart; 08, 15, 22, 29 Nisan; 06, 13, 20, 27 May\u0131s; 03, 10, 17, 24 Haziran 2019)<\/a><\/li>\n \t<li><a href=\"https:\/\/birimler.atauni.edu.tr\/metodoloji-destek-ofisi\/elektronik-kaynaklarin-etkin-kullanimi\/\">Elektronik Kaynaklar\u0131n Etkin Kullan\u0131m\u0131 (10 Aral\u0131k 2019)<\/a><\/li>\n \t<li><a href=\"https:\/\/birimler.atauni.edu.tr\/metodoloji-destek-ofisi\/sosyal-bilimlerde-spss-ile-veri-analizi\/\">Sosyal Bilimlerde SPSS ile Veri Analizi (26 Kas\u0131m 2019)<\/a><\/li>\n \t<li><a href=\"https:\/\/birimler.atauni.edu.tr\/metodoloji-destek-ofisi\/maxqda-ile-nitel-veri-analizine-giris\/\">MAXQDA ile Nitel Veri Analizine Giri\u015f (23 Kas\u0131m 2019)<\/a><\/li>\n \t<li><a href=\"https:\/\/birimler.atauni.edu.tr\/metodoloji-destek-ofisi\/nvivo-ile-nitel-veri-analizine-giris-2\/\">NVIVO ile Nitel Veri Analizine Giri\u015f (16 Kas\u0131m 2019)<\/a><\/li>\n \t<li><a href=\"https:\/\/birimler.atauni.edu.tr\/metodoloji-destek-ofisi\/sosyal-bilimlerde-nitel-arastirma\/\">Sosyal Bilimlerde Nitel Ara\u015ft\u0131rma (09 Kas\u0131m 2019)<\/a><\/li>\n \t<li><a href=\"https:\/\/birimler.atauni.edu.tr\/metodoloji-destek-ofisi\/wp-content\/uploads\/sites\/474\/2020\/07\/SPSS-ile-Veri-Analizine-Giris.jpg\" target=\"_blank\" rel=\"noopener\">SPSS ile Veri Analizine Giri\u015f (22 Ekim 2019)<\/a><\/li>\n \t<li><a href=\"https:\/\/birimler.atauni.edu.tr\/metodoloji-destek-ofisi\/wp-content\/uploads\/sites\/474\/2020\/07\/Arastirmacilar-icin-Temel-Istatistik.jpg\" target=\"_blank\" rel=\"noopener\">Ara\u015ft\u0131rmac\u0131lar i\u00e7in Temel \u0130statistik (15 Ekim 2019)<\/a><\/li>\n \t<li><a href=\"https:\/\/birimler.atauni.edu.tr\/metodoloji-destek-ofisi\/wp-content\/uploads\/sites\/474\/2020\/07\/Makale-Yazim-ve-Yayim-Sureci-izlence.jpg\" target=\"_blank\" rel=\"noopener\">Makale Yaz\u0131m ve Yay\u0131m S\u00fcreci (08 Ekim 2019)<\/a><\/li>\n \t<li><a href=\"https:\/\/birimler.atauni.edu.tr\/metodoloji-destek-ofisi\/wp-content\/uploads\/sites\/474\/2020\/07\/Uygulamali-ROC-Analizi-30-Temmuz-2019.jpg\" target=\"_blank\" rel=\"noopener\">Uygulamal\u0131 ROC Analizi (30 Temmuz 2019)<\/a><\/li>\n \t<li><a href=\"https:\/\/birimler.atauni.edu.tr\/metodoloji-destek-ofisi\/wp-content\/uploads\/sites\/474\/2020\/07\/Sosyal-Bilimlerde-Arastirma-Metotlari-ve-Veri-Analizi-23-24-Temmuz-2019.jpg\" target=\"_blank\" rel=\"noopener\">Sosyal Bilimlerde Ara\u015ft\u0131rma Metotlar\u0131 ve Veri Analizi (23-24 Temmuz 2019)<\/a><\/li>\n \t<li><a href=\"https:\/\/birimler.atauni.edu.tr\/metodoloji-destek-ofisi\/wp-content\/uploads\/sites\/474\/2020\/07\/Saglik-Bilimlerinde-Arastirma-Metotlari-ve-Veri-Analizi.jpg\" target=\"_blank\" rel=\"noopener\">Sa\u011fl\u0131k Bilimlerinde Ara\u015ft\u0131rma Metotlar\u0131 ve Veri Analizi (25 Haziran 2019)<\/a><\/li>\n \t<li><a href=\"https:\/\/birimler.atauni.edu.tr\/metodoloji-destek-ofisi\/wp-content\/uploads\/sites\/474\/2020\/07\/NVIVO-ile-Nitel-Veri-Analizine-Giris.jpg\" target=\"_blank\" rel=\"noopener\">NVIVO ile Nitel Veri Analizine Giri\u015f (18 Haziran 2019)<\/a><\/li>\n \t<li><a href=\"https:\/\/birimler.atauni.edu.tr\/metodoloji-destek-ofisi\/elektronik-kaynaklarin-etkin-kullanimi\/\">Elektronik Kaynaklar\u0131n Etkin Kullan\u0131m\u0131 (11 Haziran 2019)<\/a><\/li>\n \t<li><a href=\"https:\/\/birimler.atauni.edu.tr\/metodoloji-destek-ofisi\/wp-content\/uploads\/sites\/474\/2020\/07\/Olcek-Gelistirme-ve-Uyarlama-21-Mayis-2019.jpg\" target=\"_blank\" rel=\"noopener\">\u00d6l\u00e7ek Geli\u015ftirme ve Uyarlama (21 May\u0131s 2019)<\/a><\/li>\n \t<li><a href=\"https:\/\/birimler.atauni.edu.tr\/metodoloji-destek-ofisi\/wp-content\/uploads\/sites\/474\/2020\/07\/Sosyal-Bilimlerde-Arastirma-Metodolojisi-Nitel-Arastirma-14-Mayis-2019-1-scaled.jpg\" target=\"_blank\" rel=\"noopener\">Sosyal Bilimlerde Ara\u015ft\u0131rma Metodolojisi \u2013 Nitel Ara\u015ft\u0131rma (14 May\u0131s 2019)<\/a><\/li>\n \t<li><a href=\"https:\/\/birimler.atauni.edu.tr\/metodoloji-destek-ofisi\/wp-content\/uploads\/sites\/474\/2020\/07\/ECZFK.png\" target=\"_blank\" rel=\"noopener\">Ara\u015ft\u0131rma Metotlar\u0131 ve Veri Analizi (04-05 Nisan 2019)<\/a><\/li>\n \t<li><a href=\"https:\/\/birimler.atauni.edu.tr\/metodoloji-destek-ofisi\/wp-content\/uploads\/sites\/474\/2020\/07\/Academic-Writing-in-English-Conventions-and-Norms-scaled.jpg\" target=\"_blank\" rel=\"noopener\">Academic Writing in English: Conventions and Norms (19 Mart 2019)<\/a><\/li>\n \t<li><a href=\"https:\/\/birimler.atauni.edu.tr\/metodoloji-destek-ofisi\/wp-content\/uploads\/sites\/474\/2020\/07\/SOSYAL-BILIMLER.png\">Sosyal Bilimlerde Ara\u015ft\u0131rma metodolojisi ve Veri Analizi (15-16-17 \u015eubat 2019)<\/a><\/li>\n \t<li><a href=\"https:\/\/birimler.atauni.edu.tr\/metodoloji-destek-ofisi\/wp-content\/uploads\/sites\/474\/2020\/07\/duyuru-724x1024-1.png\" target=\"_blank\" rel=\"noopener\">Academic Writing \u2013 Step by Step \u2013 Editor\u2019s Perspectives (19 \u015eubat 2019)<\/a><\/li>\n \t<li><a href=\"https:\/\/birimler.atauni.edu.tr\/metodoloji-destek-ofisi\/wp-content\/uploads\/sites\/474\/2020\/07\/A-Journey-through-Scientific-Writing-My-Experience-as-an-AuthorReviewer-and-Editor-22-Ocak-2019-scaled.jpg\" target=\"_blank\" rel=\"noopener\">A Journey through Scientific Writing \u2013 My Experience as an Author, Reviewer, and Editor (22 Ocak 2019)<\/a><\/li>\n \t<li><a href=\"https:\/\/birimler.atauni.edu.tr\/metodoloji-destek-ofisi\/wp-content\/uploads\/sites\/474\/2020\/07\/Saglik-Bilimlerinde-Arastirma-Metodolojisi-ve-Veri-Analizi-11-13-Ocak-2019-scaled.jpg\" target=\"_blank\" rel=\"noopener\">Sa\u011fl\u0131k Bilimlerinde Ara\u015ft\u0131rma Metodolojisi ve Veri Analizi (11-12-13 Ocak 2019)<\/a><\/li>\n<\/ul>\t\t\t\t\t\t\t\t<\/div>\n\t\t\t\t<\/div>\n\t\t\t\t\t<\/div>\n\t\t<\/div>\n\t\t\t\t\t<\/div>\n\t\t<\/section>\n\t\t\t\t<\/div>\n\t\t","protected":false},"excerpt":{"rendered":"<p>E\u011fitim \u00dcniversitemizin \u00f6\u011fretim elemanlar\u0131 ve lisans\u00fcst\u00fc \u00f6\u011frencileri i\u00e7in ara\u015ft\u0131rma metodolojisi, veri analizi ve akademik yaz\u0131m konular\u0131nda e\u011fitim faaliyetleri d\u00fczenliyoruz ve ayr\u0131ca yap\u0131lacak protokoller \u00e7er\u00e7evesinde kamu kurumlar\u0131 ve \u00f6zel kurulu\u015flar i\u00e7in de bu e\u011fitim faaliyetlerini d\u00fczenlemeyi \u00f6neriyoruz. E\u011fitimlerimizi uzun veya k\u0131sa s\u00fcreli seminerler, at\u00f6lyeler ve \u00e7al\u0131\u015fma gruplar\u0131 bi\u00e7iminde dizayn ediyoruz. Gelecek E\u011fitimler 20-25 Nisan 2025 Tarihleri [&hellip;]<\/p>\n","protected":false},"author":471,"featured_media":0,"parent":0,"menu_order":0,"comment_status":"closed","ping_status":"closed","template":"","meta":{"footnotes":""},"class_list":["post-6216","page","type-page","status-publish","hentry"],"_links":{"self":[{"href":"https:\/\/atauni.edu.tr\/arastirma-metodolojisi-egitim-ve-uygulama-ofisi\/wp-json\/wp\/v2\/pages\/6216","targetHints":{"allow":["GET"]}}],"collection":[{"href":"https:\/\/atauni.edu.tr\/arastirma-metodolojisi-egitim-ve-uygulama-ofisi\/wp-json\/wp\/v2\/pages"}],"about":[{"href":"https:\/\/atauni.edu.tr\/arastirma-metodolojisi-egitim-ve-uygulama-ofisi\/wp-json\/wp\/v2\/types\/page"}],"author":[{"embeddable":true,"href":"https:\/\/atauni.edu.tr\/arastirma-metodolojisi-egitim-ve-uygulama-ofisi\/wp-json\/wp\/v2\/users\/471"}],"replies":[{"embeddable":true,"href":"https:\/\/atauni.edu.tr\/arastirma-metodolojisi-egitim-ve-uygulama-ofisi\/wp-json\/wp\/v2\/comments?post=6216"}],"version-history":[{"count":455,"href":"https:\/\/atauni.edu.tr\/arastirma-metodolojisi-egitim-ve-uygulama-ofisi\/wp-json\/wp\/v2\/pages\/6216\/revisions"}],"predecessor-version":[{"id":9938,"href":"https:\/\/atauni.edu.tr\/arastirma-metodolojisi-egitim-ve-uygulama-ofisi\/wp-json\/wp\/v2\/pages\/6216\/revisions\/9938"}],"wp:attachment":[{"href":"https:\/\/atauni.edu.tr\/arastirma-metodolojisi-egitim-ve-uygulama-ofisi\/wp-json\/wp\/v2\/media?parent=6216"}],"curies":[{"name":"wp","href":"https:\/\/api.w.org\/{rel}","templated":true}]}}