{"id":6230,"date":"2022-03-02T14:58:32","date_gmt":"2022-03-02T11:58:32","guid":{"rendered":"https:\/\/birimler.atauni.edu.tr\/metodoloji-destek-ofisi\/?page_id=6230"},"modified":"2024-04-30T14:13:53","modified_gmt":"2024-04-30T11:13:53","slug":"yardimci-materyal","status":"publish","type":"page","link":"https:\/\/atauni.edu.tr\/arastirma-metodolojisi-egitim-ve-uygulama-ofisi\/yardimci-materyal\/","title":{"rendered":"Yard\u0131mc\u0131 Materyal"},"content":{"rendered":"\t\t<div data-elementor-type=\"wp-page\" data-elementor-id=\"6230\" class=\"elementor elementor-6230\" data-elementor-post-type=\"page\">\n\t\t\t\t\t\t<section class=\"elementor-section elementor-top-section elementor-element elementor-element-6b2196e elementor-section-boxed elementor-section-height-default elementor-section-height-default\" data-id=\"6b2196e\" data-element_type=\"section\">\n\t\t\t\t\t\t<div class=\"elementor-container elementor-column-gap-default\">\n\t\t\t\t\t<div class=\"elementor-column elementor-col-100 elementor-top-column elementor-element elementor-element-c69874f\" data-id=\"c69874f\" data-element_type=\"column\">\n\t\t\t<div class=\"elementor-widget-wrap elementor-element-populated\">\n\t\t\t\t\t\t<div class=\"elementor-element elementor-element-ff9f75b elementor-widget elementor-widget-text-editor\" data-id=\"ff9f75b\" data-element_type=\"widget\" data-widget_type=\"text-editor.default\">\n\t\t\t\t<div class=\"elementor-widget-container\">\n\t\t\t\t\t\t\t\t\t<h4>Yard\u0131mc\u0131 Materyal<\/h4><p align=\"justified\">Ara\u015ft\u0131rma metodolojisine dair d\u00f6k\u00fcmanlar\u0131, istatistiksel metotlar\u0131n uygulamalar\u0131na dair d\u00f6k\u00fcmanlar\u0131 ve \u00e7e\u015fitli paket programlar\u0131n temel ve ileri d\u00fczeyde veri analizi prosed\u00fcrlerinin icras\u0131na dair k\u0131lavuzlar\u0131 bu sayfada ara\u015ft\u0131rmac\u0131lar\u0131n istifadesine sunuyoruz.<\/p>\t\t\t\t\t\t\t\t<\/div>\n\t\t\t\t<\/div>\n\t\t\t\t\t<\/div>\n\t\t<\/div>\n\t\t\t\t\t<\/div>\n\t\t<\/section>\n\t\t\t\t<section class=\"elementor-section elementor-top-section elementor-element elementor-element-6475f78 elementor-section-boxed elementor-section-height-default elementor-section-height-default\" data-id=\"6475f78\" data-element_type=\"section\">\n\t\t\t\t\t\t<div class=\"elementor-container elementor-column-gap-default\">\n\t\t\t\t\t<div class=\"elementor-column elementor-col-50 elementor-top-column elementor-element elementor-element-157df2a\" data-id=\"157df2a\" data-element_type=\"column\">\n\t\t\t<div class=\"elementor-widget-wrap elementor-element-populated\">\n\t\t\t\t\t\t<div class=\"elementor-element elementor-element-5494109 elementor-widget elementor-widget-text-editor\" data-id=\"5494109\" data-element_type=\"widget\" data-widget_type=\"text-editor.default\">\n\t\t\t\t<div class=\"elementor-widget-container\">\n\t\t\t\t\t\t\t\t\t<ul><li><a href=\"https:\/\/birimler.atauni.edu.tr\/arastirma-metodolojisi-egitim-ve-uygulama-ofisi\/wp-content\/uploads\/sites\/474\/2020\/07\/ornek.hacmi_.hesaplama-orantiya.istinaden.pdf\">\u00d6rnek Hacmi Hesaplama: Pop\u00fclasyon Orant\u0131s\u0131na \u0130stinaden<\/a><\/li><li><a href=\"https:\/\/birimler.atauni.edu.tr\/arastirma-metodolojisi-egitim-ve-uygulama-ofisi\/wp-content\/uploads\/sites\/474\/2020\/07\/ornek.hacmi_.hesaplama-aritmetik.ortalamaya.istinaden.pdf\">\u00d6rnek Hacmi Hesaplama: Pop\u00fclasyon Aritmetik-ortalamas\u0131na \u0130stinaden<\/a><\/li><li><a href=\"https:\/\/birimler.atauni.edu.tr\/arastirma-metodolojisi-egitim-ve-uygulama-ofisi\/wp-content\/uploads\/sites\/474\/2020\/07\/ikili.binary.degisken.pdf\">\u0130kili De\u011fi\u015fken <\/a><\/li><li><a href=\"https:\/\/birimler.atauni.edu.tr\/arastirma-metodolojisi-egitim-ve-uygulama-ofisi\/wp-content\/uploads\/sites\/474\/2020\/07\/Deney_Dizayninin_Prensipleri-OCB.pdf\">Deney Dizayn\u0131n\u0131n Prensipleri<\/a><\/li><li><a href=\"https:\/\/birimler.atauni.edu.tr\/arastirma-metodolojisi-egitim-ve-uygulama-ofisi\/wp-content\/uploads\/sites\/474\/2020\/07\/Bilimin_Prosesleri-OCB.pdf\">Bilimin Prosesleri<\/a><\/li><li><a href=\"https:\/\/birimler.atauni.edu.tr\/arastirma-metodolojisi-egitim-ve-uygulama-ofisi\/wp-content\/uploads\/sites\/474\/2020\/07\/Nitel.arastirmada.guvenilirlik.ve_.gecerlilik.pdf\">Nitel Ara\u015ft\u0131rmada G\u00fcvenilirlik ve Ge\u00e7erlilik Nas\u0131l Ger\u00e7ekle\u015ftirilir?<\/a><\/li><li><a href=\"https:\/\/birimler.atauni.edu.tr\/arastirma-metodolojisi-egitim-ve-uygulama-ofisi\/wp-content\/uploads\/sites\/474\/2020\/07\/isabetlilik.vs_.kesinlik.ve_.hata_.vs_.bellisizlik.pdf\">\u0130sabetlilik vs. Kesinlik ve Hata vs. Bellisizlik<\/a><\/li><li><a href=\"https:\/\/birimler.atauni.edu.tr\/arastirma-metodolojisi-egitim-ve-uygulama-ofisi\/wp-content\/uploads\/sites\/474\/2020\/07\/Istatistiksel.Anlamlilik.ve_.Istatistiksel.guc_.pdf\">\u0130statistiksel Anlaml\u0131l\u0131k ve \u0130statistiksel G\u00fc\u00e7<\/a><\/li><li><a href=\"https:\/\/birimler.atauni.edu.tr\/arastirma-metodolojisi-egitim-ve-uygulama-ofisi\/wp-content\/uploads\/sites\/474\/2020\/07\/Bir-arastirma-projesi-icin-Secilecek-Mevzunun-Munasebeti.pdf\">Bir Ara\u015ft\u0131rma Projesi i\u00e7in Se\u00e7ilecek Mevzunun M\u00fcnasebeti<\/a><\/li><li><a href=\"https:\/\/birimler.atauni.edu.tr\/arastirma-metodolojisi-egitim-ve-uygulama-ofisi\/wp-content\/uploads\/sites\/474\/2020\/07\/Varyans.Analizinde.Sabit_.ve_.Rastgele.Faktorler.pdf\">Varyans Analizinde Sabit ve Rastgele Fakt\u00f6rler<\/a><\/li><li><a href=\"https:\/\/birimler.atauni.edu.tr\/arastirma-metodolojisi-egitim-ve-uygulama-ofisi\/wp-content\/uploads\/sites\/474\/2020\/07\/Yoklama.ve_.Anket_.Ayni_.Sey_.mi_.pdf\">Yoklama ve Anket Ayn\u0131 \u015eey mi?<\/a><\/li><\/ul>\t\t\t\t\t\t\t\t<\/div>\n\t\t\t\t<\/div>\n\t\t\t\t\t<\/div>\n\t\t<\/div>\n\t\t\t\t<div class=\"elementor-column elementor-col-50 elementor-top-column elementor-element elementor-element-3bba68b\" data-id=\"3bba68b\" data-element_type=\"column\">\n\t\t\t<div class=\"elementor-widget-wrap elementor-element-populated\">\n\t\t\t\t\t\t<div class=\"elementor-element elementor-element-f7f5062 elementor-widget elementor-widget-text-editor\" data-id=\"f7f5062\" data-element_type=\"widget\" data-widget_type=\"text-editor.default\">\n\t\t\t\t<div class=\"elementor-widget-container\">\n\t\t\t\t\t\t\t\t\t<ul>\n \t<li><a href=\"https:\/\/birimler.atauni.edu.tr\/arastirma-metodolojisi-egitim-ve-uygulama-ofisi\/wp-content\/uploads\/sites\/474\/2020\/07\/Sosyal.Bilim_.Arastirmasi-Prensipler.Metotlar.ve_.Uygulama.pdf\">Sosyal Bilim Ara\u015ft\u0131rmas\u0131: Prensipler, Metotlar ve Uygulamalar &#8211; Ders Notlar\u0131<\/a><\/li>\n \t<li><a href=\"https:\/\/birimler.atauni.edu.tr\/arastirma-metodolojisi-egitim-ve-uygulama-ofisi\/wp-content\/uploads\/sites\/474\/2020\/07\/Istatistige.Giris-Ders.Notlari-OCB.pdf\">\u0130statisti\u011fe Giri\u015f &#8211; Ders Notlar\u0131 <\/a><\/li>\n \t<li><a href=\"https:\/\/birimler.atauni.edu.tr\/arastirma-metodolojisi-egitim-ve-uygulama-ofisi\/wp-content\/uploads\/sites\/474\/2020\/07\/Bilimsel.Arastirma.Projesi.Kilavuzu-OCB.pdf\">Bilimsel Ara\u015ft\u0131rma Projesi K\u0131lavuzu &#8211; Ders Notlar\u0131<\/a><\/li>\n<\/ul>\t\t\t\t\t\t\t\t<\/div>\n\t\t\t\t<\/div>\n\t\t\t\t\t<\/div>\n\t\t<\/div>\n\t\t\t\t\t<\/div>\n\t\t<\/section>\n\t\t\t\t<\/div>\n\t\t","protected":false},"excerpt":{"rendered":"<p>Yard\u0131mc\u0131 Materyal Ara\u015ft\u0131rma metodolojisine dair d\u00f6k\u00fcmanlar\u0131, istatistiksel metotlar\u0131n uygulamalar\u0131na dair d\u00f6k\u00fcmanlar\u0131 ve \u00e7e\u015fitli paket programlar\u0131n temel ve ileri d\u00fczeyde veri analizi prosed\u00fcrlerinin icras\u0131na dair k\u0131lavuzlar\u0131 bu sayfada ara\u015ft\u0131rmac\u0131lar\u0131n istifadesine sunuyoruz. \u00d6rnek Hacmi Hesaplama: Pop\u00fclasyon Orant\u0131s\u0131na \u0130stinaden \u00d6rnek Hacmi Hesaplama: Pop\u00fclasyon Aritmetik-ortalamas\u0131na \u0130stinaden \u0130kili De\u011fi\u015fken Deney Dizayn\u0131n\u0131n Prensipleri Bilimin Prosesleri Nitel Ara\u015ft\u0131rmada G\u00fcvenilirlik ve Ge\u00e7erlilik Nas\u0131l [&hellip;]<\/p>\n","protected":false},"author":8,"featured_media":0,"parent":0,"menu_order":0,"comment_status":"closed","ping_status":"closed","template":"","meta":{"footnotes":""},"class_list":["post-6230","page","type-page","status-publish","hentry"],"_links":{"self":[{"href":"https:\/\/atauni.edu.tr\/arastirma-metodolojisi-egitim-ve-uygulama-ofisi\/wp-json\/wp\/v2\/pages\/6230","targetHints":{"allow":["GET"]}}],"collection":[{"href":"https:\/\/atauni.edu.tr\/arastirma-metodolojisi-egitim-ve-uygulama-ofisi\/wp-json\/wp\/v2\/pages"}],"about":[{"href":"https:\/\/atauni.edu.tr\/arastirma-metodolojisi-egitim-ve-uygulama-ofisi\/wp-json\/wp\/v2\/types\/page"}],"author":[{"embeddable":true,"href":"https:\/\/atauni.edu.tr\/arastirma-metodolojisi-egitim-ve-uygulama-ofisi\/wp-json\/wp\/v2\/users\/8"}],"replies":[{"embeddable":true,"href":"https:\/\/atauni.edu.tr\/arastirma-metodolojisi-egitim-ve-uygulama-ofisi\/wp-json\/wp\/v2\/comments?post=6230"}],"version-history":[{"count":258,"href":"https:\/\/atauni.edu.tr\/arastirma-metodolojisi-egitim-ve-uygulama-ofisi\/wp-json\/wp\/v2\/pages\/6230\/revisions"}],"predecessor-version":[{"id":9762,"href":"https:\/\/atauni.edu.tr\/arastirma-metodolojisi-egitim-ve-uygulama-ofisi\/wp-json\/wp\/v2\/pages\/6230\/revisions\/9762"}],"wp:attachment":[{"href":"https:\/\/atauni.edu.tr\/arastirma-metodolojisi-egitim-ve-uygulama-ofisi\/wp-json\/wp\/v2\/media?parent=6230"}],"curies":[{"name":"wp","href":"https:\/\/api.w.org\/{rel}","templated":true}]}}