{"id":6237,"date":"2022-03-02T15:01:05","date_gmt":"2022-03-02T12:01:05","guid":{"rendered":"https:\/\/birimler.atauni.edu.tr\/metodoloji-destek-ofisi\/?page_id=6237"},"modified":"2022-11-19T23:25:35","modified_gmt":"2022-11-19T20:25:35","slug":"yazilim","status":"publish","type":"page","link":"https:\/\/atauni.edu.tr\/arastirma-metodolojisi-egitim-ve-uygulama-ofisi\/yazilim\/","title":{"rendered":"Yaz\u0131l\u0131m"},"content":{"rendered":"\t\t<div data-elementor-type=\"wp-page\" data-elementor-id=\"6237\" class=\"elementor elementor-6237\" data-elementor-post-type=\"page\">\n\t\t\t\t\t\t<section class=\"elementor-section elementor-top-section elementor-element elementor-element-fa40038 elementor-section-boxed elementor-section-height-default elementor-section-height-default\" data-id=\"fa40038\" data-element_type=\"section\">\n\t\t\t\t\t\t<div class=\"elementor-container elementor-column-gap-default\">\n\t\t\t\t\t<div class=\"elementor-column elementor-col-100 elementor-top-column elementor-element elementor-element-98783bf\" data-id=\"98783bf\" data-element_type=\"column\">\n\t\t\t<div class=\"elementor-widget-wrap elementor-element-populated\">\n\t\t\t\t\t\t<div class=\"elementor-element elementor-element-a8c924c elementor-widget elementor-widget-text-editor\" data-id=\"a8c924c\" data-element_type=\"widget\" data-widget_type=\"text-editor.default\">\n\t\t\t\t<div class=\"elementor-widget-container\">\n\t\t\t\t\t\t\t\t\t<h4>Yaz\u0131l\u0131m<\/h4><p align=\"justify\">Veri analizi i\u00e7in kullan\u0131lan \u00e7ok \u00e7e\u015fitli yaz\u0131l\u0131m paketleri mevcuttur. Metodoloji Destek Ofisi mensuplar\u0131 bu yaz\u0131l\u0131mlar\u0131n se\u00e7imine ve kullan\u0131lmas\u0131na dair sizlere yard\u0131mc\u0131 olabilir. Her yaz\u0131l\u0131m\u0131n kendine g\u00f6re avantaj ve dezavantajlar\u0131 olmas\u0131 hasebiyle, hangi yaz\u0131l\u0131m\u0131n sizin i\u00e7in daha uygun olaca\u011f\u0131 sorusunun cevab\u0131 esasen yapmak istedi\u011finiz analize, meslekta\u015flar\u0131n\u0131z\u0131n \u00e7o\u011funlukla hangisini kulland\u0131\u011f\u0131na ve ayn\u0131 zamanda sizin veri analizi ve programlama ge\u00e7mi\u015finize ba\u011fl\u0131d\u0131r. L\u00fctfen bu konuda Metodoloji Destek Ofisi\u2019ne dan\u0131\u015fmaktan \u00e7ekinmeyin.<\/p><p align=\"justify\">Atat\u00fcrk \u00dcniversitesi yaz\u0131l\u0131m paketlerinin bir k\u0131sm\u0131n\u0131n lisans\u0131n\u0131\u00a0<a href=\"https:\/\/birimler.atauni.edu.tr\/atabaum\/diger-yazilimlar\/\">BAUM<\/a>\u00a0vas\u0131tas\u0131yla sat\u0131n alm\u0131\u015ft\u0131r ve \u00f6\u011fretim elemanlar\u0131n\u0131n ve \u00f6\u011frencilerinin hizmetine sunmu\u015ftur.<\/p>\t\t\t\t\t\t\t\t<\/div>\n\t\t\t\t<\/div>\n\t\t\t\t<section class=\"elementor-section elementor-inner-section elementor-element elementor-element-95f0618 elementor-section-boxed elementor-section-height-default elementor-section-height-default\" data-id=\"95f0618\" data-element_type=\"section\">\n\t\t\t\t\t\t<div class=\"elementor-container elementor-column-gap-default\">\n\t\t\t\t\t<div class=\"elementor-column elementor-col-50 elementor-inner-column elementor-element elementor-element-6e6d180\" data-id=\"6e6d180\" data-element_type=\"column\">\n\t\t\t<div class=\"elementor-widget-wrap elementor-element-populated\">\n\t\t\t\t\t\t<div class=\"elementor-element elementor-element-002ba2a elementor-widget elementor-widget-text-editor\" data-id=\"002ba2a\" data-element_type=\"widget\" data-widget_type=\"text-editor.default\">\n\t\t\t\t<div class=\"elementor-widget-container\">\n\t\t\t\t\t\t\t\t\t<p><strong>Lisansl\u0131 Yaz\u0131l\u0131m Paketleri\u00a0<\/strong><br \/><u><a>IBM SPSS Statistics<\/a><\/u><br \/><u><a>IBM SPSS AMOS<\/a><\/u><br \/><u><a>IBM SPSS SDAP 6.1<\/a><\/u><br \/><u><a>IBM SPSS Text Analytics for Surveys 4<\/a><\/u><br \/><u><a>IBM SPSS Sample Power<\/a><\/u><br \/><u><a>SAS<\/a><\/u><br \/><u><a>NVIVO<\/a><\/u><br \/><u><a>Matlab<\/a><\/u><br \/><u>Mathematica<\/u><\/p>\t\t\t\t\t\t\t\t<\/div>\n\t\t\t\t<\/div>\n\t\t\t\t\t<\/div>\n\t\t<\/div>\n\t\t\t\t<div class=\"elementor-column elementor-col-50 elementor-inner-column elementor-element elementor-element-7d98d30\" data-id=\"7d98d30\" data-element_type=\"column\">\n\t\t\t<div class=\"elementor-widget-wrap elementor-element-populated\">\n\t\t\t\t\t\t<div class=\"elementor-element elementor-element-5a00189 elementor-widget elementor-widget-text-editor\" data-id=\"5a00189\" data-element_type=\"widget\" data-widget_type=\"text-editor.default\">\n\t\t\t\t<div class=\"elementor-widget-container\">\n\t\t\t\t\t\t\t\t\t<p><strong>\u00dccretsiz yaz\u0131l\u0131mlar<\/strong><br><u><a>R<\/a><\/u><br><u><a>PSPP<\/a><\/u><br><u><a>G*Power<\/a><\/u><\/p>\t\t\t\t\t\t\t\t<\/div>\n\t\t\t\t<\/div>\n\t\t\t\t\t<\/div>\n\t\t<\/div>\n\t\t\t\t\t<\/div>\n\t\t<\/section>\n\t\t\t\t\t<\/div>\n\t\t<\/div>\n\t\t\t\t\t<\/div>\n\t\t<\/section>\n\t\t\t\t<\/div>\n\t\t","protected":false},"excerpt":{"rendered":"<p>Yaz\u0131l\u0131m Veri analizi i\u00e7in kullan\u0131lan \u00e7ok \u00e7e\u015fitli yaz\u0131l\u0131m paketleri mevcuttur. Metodoloji Destek Ofisi mensuplar\u0131 bu yaz\u0131l\u0131mlar\u0131n se\u00e7imine ve kullan\u0131lmas\u0131na dair sizlere yard\u0131mc\u0131 olabilir. Her yaz\u0131l\u0131m\u0131n kendine g\u00f6re avantaj ve dezavantajlar\u0131 olmas\u0131 hasebiyle, hangi yaz\u0131l\u0131m\u0131n sizin i\u00e7in daha uygun olaca\u011f\u0131 sorusunun cevab\u0131 esasen yapmak istedi\u011finiz analize, meslekta\u015flar\u0131n\u0131z\u0131n \u00e7o\u011funlukla hangisini kulland\u0131\u011f\u0131na ve ayn\u0131 zamanda sizin veri analizi [&hellip;]<\/p>\n","protected":false},"author":8,"featured_media":0,"parent":0,"menu_order":0,"comment_status":"closed","ping_status":"closed","template":"","meta":{"footnotes":""},"class_list":["post-6237","page","type-page","status-publish","hentry"],"_links":{"self":[{"href":"https:\/\/atauni.edu.tr\/arastirma-metodolojisi-egitim-ve-uygulama-ofisi\/wp-json\/wp\/v2\/pages\/6237","targetHints":{"allow":["GET"]}}],"collection":[{"href":"https:\/\/atauni.edu.tr\/arastirma-metodolojisi-egitim-ve-uygulama-ofisi\/wp-json\/wp\/v2\/pages"}],"about":[{"href":"https:\/\/atauni.edu.tr\/arastirma-metodolojisi-egitim-ve-uygulama-ofisi\/wp-json\/wp\/v2\/types\/page"}],"author":[{"embeddable":true,"href":"https:\/\/atauni.edu.tr\/arastirma-metodolojisi-egitim-ve-uygulama-ofisi\/wp-json\/wp\/v2\/users\/8"}],"replies":[{"embeddable":true,"href":"https:\/\/atauni.edu.tr\/arastirma-metodolojisi-egitim-ve-uygulama-ofisi\/wp-json\/wp\/v2\/comments?post=6237"}],"version-history":[{"count":76,"href":"https:\/\/atauni.edu.tr\/arastirma-metodolojisi-egitim-ve-uygulama-ofisi\/wp-json\/wp\/v2\/pages\/6237\/revisions"}],"predecessor-version":[{"id":8170,"href":"https:\/\/atauni.edu.tr\/arastirma-metodolojisi-egitim-ve-uygulama-ofisi\/wp-json\/wp\/v2\/pages\/6237\/revisions\/8170"}],"wp:attachment":[{"href":"https:\/\/atauni.edu.tr\/arastirma-metodolojisi-egitim-ve-uygulama-ofisi\/wp-json\/wp\/v2\/media?parent=6237"}],"curies":[{"name":"wp","href":"https:\/\/api.w.org\/{rel}","templated":true}]}}