{"id":6256,"date":"2022-03-02T15:40:14","date_gmt":"2022-03-02T12:40:14","guid":{"rendered":"https:\/\/birimler.atauni.edu.tr\/metodoloji-destek-ofisi\/?page_id=6256"},"modified":"2022-05-24T09:56:01","modified_gmt":"2022-05-24T06:56:01","slug":"danisma-talep-formu","status":"publish","type":"page","link":"https:\/\/atauni.edu.tr\/arastirma-metodolojisi-egitim-ve-uygulama-ofisi\/danisma-talep-formu\/","title":{"rendered":"Dan\u0131\u015fma Talep Formu\u200b"},"content":{"rendered":"\t\t<div data-elementor-type=\"wp-page\" data-elementor-id=\"6256\" class=\"elementor elementor-6256\" data-elementor-post-type=\"page\">\n\t\t\t\t\t\t<section class=\"elementor-section elementor-top-section elementor-element elementor-element-0f48bda elementor-section-boxed elementor-section-height-default elementor-section-height-default\" data-id=\"0f48bda\" data-element_type=\"section\">\n\t\t\t\t\t\t<div class=\"elementor-container elementor-column-gap-default\">\n\t\t\t\t\t<div class=\"elementor-column elementor-col-100 elementor-top-column elementor-element elementor-element-2e5fbe9\" data-id=\"2e5fbe9\" data-element_type=\"column\">\n\t\t\t<div class=\"elementor-widget-wrap elementor-element-populated\">\n\t\t\t\t\t\t<div class=\"elementor-element elementor-element-1ea2fae elementor-button-align-stretch elementor-widget elementor-widget-form\" data-id=\"1ea2fae\" data-element_type=\"widget\" data-settings=\"{&quot;step_next_label&quot;:&quot;Next&quot;,&quot;step_previous_label&quot;:&quot;Previous&quot;,&quot;button_width&quot;:&quot;33&quot;,&quot;step_type&quot;:&quot;number_text&quot;,&quot;step_icon_shape&quot;:&quot;circle&quot;}\" data-widget_type=\"form.default\">\n\t\t\t\t<div class=\"elementor-widget-container\">\n\t\t\t\t\t\t\t<form class=\"elementor-form\" method=\"post\" name=\"Dan\u0131\u015fma Talep Formu\" aria-label=\"Dan\u0131\u015fma Talep Formu\">\n\t\t\t<input type=\"hidden\" name=\"post_id\" value=\"6256\"\/>\n\t\t\t<input type=\"hidden\" name=\"form_id\" value=\"1ea2fae\"\/>\n\t\t\t<input type=\"hidden\" name=\"referer_title\" value=\"Dan\u0131\u015fma Talep Formu\u200b\" \/>\n\n\t\t\t\t\t\t\t<input type=\"hidden\" name=\"queried_id\" value=\"6256\"\/>\n\t\t\t\n\t\t\t<div class=\"elementor-form-fields-wrapper elementor-labels-above\">\n\t\t\t\t\t\t\t\t<div class=\"elementor-field-type-text elementor-field-group elementor-column elementor-field-group-name elementor-col-100 elementor-field-required elementor-mark-required\">\n\t\t\t\t\t\t\t\t\t\t\t\t<label for=\"form-field-name\" class=\"elementor-field-label\">\n\t\t\t\t\t\t\t\tAd Soyad \t\t\t\t\t\t\t<\/label>\n\t\t\t\t\t\t\t\t\t\t\t\t\t\t<input size=\"1\" type=\"text\" name=\"form_fields[name]\" id=\"form-field-name\" class=\"elementor-field elementor-size-sm  elementor-field-textual\" required=\"required\">\n\t\t\t\t\t\t\t\t\t\t\t<\/div>\n\t\t\t\t\t\t\t\t<div class=\"elementor-field-type-email elementor-field-group elementor-column elementor-field-group-email elementor-col-100 elementor-field-required elementor-mark-required\">\n\t\t\t\t\t\t\t\t\t\t\t\t<label for=\"form-field-email\" class=\"elementor-field-label\">\n\t\t\t\t\t\t\t\tE-posta\t\t\t\t\t\t\t<\/label>\n\t\t\t\t\t\t\t\t\t\t\t\t\t\t<input size=\"1\" type=\"email\" name=\"form_fields[email]\" id=\"form-field-email\" class=\"elementor-field elementor-size-sm  elementor-field-textual\" required=\"required\">\n\t\t\t\t\t\t\t\t\t\t\t<\/div>\n\t\t\t\t\t\t\t\t<div class=\"elementor-field-type-tel elementor-field-group elementor-column elementor-field-group-message elementor-col-100 elementor-field-required elementor-mark-required\">\n\t\t\t\t\t\t\t\t\t\t\t\t<label for=\"form-field-message\" class=\"elementor-field-label\">\n\t\t\t\t\t\t\t\tTelefon No \t\t\t\t\t\t\t<\/label>\n\t\t\t\t\t\t\t\t<input size=\"1\" type=\"tel\" name=\"form_fields[message]\" id=\"form-field-message\" class=\"elementor-field elementor-size-sm  elementor-field-textual\" required=\"required\" pattern=\"[0-9()#&amp;+*-=.]+\" title=\"Only numbers and phone characters (#, -, *, etc) are accepted.\">\n\n\t\t\t\t\t\t<\/div>\n\t\t\t\t\t\t\t\t<div class=\"elementor-field-type-select elementor-field-group elementor-column elementor-field-group-field_9b5258f elementor-col-100 elementor-field-required elementor-mark-required\">\n\t\t\t\t\t\t\t\t\t\t\t\t<label for=\"form-field-field_9b5258f\" class=\"elementor-field-label\">\n\t\t\t\t\t\t\t\tPozisyon\t\t\t\t\t\t\t<\/label>\n\t\t\t\t\t\t\t\t<div class=\"elementor-field elementor-select-wrapper remove-before \">\n\t\t\t<div class=\"select-caret-down-wrapper\">\n\t\t\t\t<i aria-hidden=\"true\" class=\"eicon-caret-down\"><\/i>\t\t\t<\/div>\n\t\t\t<select name=\"form_fields[field_9b5258f]\" id=\"form-field-field_9b5258f\" class=\"elementor-field-textual elementor-size-sm\" required=\"required\">\n\t\t\t\t\t\t\t\t\t<option value=\"Se\u00e7iniz\">Se\u00e7iniz<\/option>\n\t\t\t\t\t\t\t\t\t<option value=\"Y\u00fcksek Lisans \u00d6\u011frenisi\">Y\u00fcksek Lisans \u00d6\u011frenisi<\/option>\n\t\t\t\t\t\t\t\t\t<option value=\"Doktora \u00d6\u011frencisi\">Doktora \u00d6\u011frencisi<\/option>\n\t\t\t\t\t\t\t\t\t<option value=\"\u00d6\u011fretim Eleman\u0131\">\u00d6\u011fretim Eleman\u0131<\/option>\n\t\t\t\t\t\t\t\t\t<option value=\"Di\u011fer\">Di\u011fer<\/option>\n\t\t\t\t\t\t\t<\/select>\n\t\t<\/div>\n\t\t\t\t\t\t<\/div>\n\t\t\t\t\t\t\t\t<div class=\"elementor-field-type-text elementor-field-group elementor-column elementor-field-group-field_08b05ce elementor-col-100 elementor-field-required elementor-mark-required\">\n\t\t\t\t\t\t\t\t\t\t\t\t<label for=\"form-field-field_08b05ce\" class=\"elementor-field-label\">\n\t\t\t\t\t\t\t\tEnstit\u00fc\/Fak\u00fclte\/Y\u00fcksekokul\t\t\t\t\t\t\t<\/label>\n\t\t\t\t\t\t\t\t\t\t\t\t\t\t<input size=\"1\" type=\"text\" name=\"form_fields[field_08b05ce]\" id=\"form-field-field_08b05ce\" class=\"elementor-field elementor-size-sm  elementor-field-textual\" required=\"required\">\n\t\t\t\t\t\t\t\t\t\t\t<\/div>\n\t\t\t\t\t\t\t\t<div class=\"elementor-field-type-text elementor-field-group elementor-column elementor-field-group-field_96631f4 elementor-col-100\">\n\t\t\t\t\t\t\t\t\t\t\t\t<label for=\"form-field-field_96631f4\" class=\"elementor-field-label\">\n\t\t\t\t\t\t\t\tB\u00f6l\u00fcm\/Anabilim Dal\u0131\t\t\t\t\t\t\t<\/label>\n\t\t\t\t\t\t\t\t\t\t\t\t\t\t<input size=\"1\" type=\"text\" name=\"form_fields[field_96631f4]\" id=\"form-field-field_96631f4\" class=\"elementor-field elementor-size-sm  elementor-field-textual\">\n\t\t\t\t\t\t\t\t\t\t\t<\/div>\n\t\t\t\t\t\t\t\t<div class=\"elementor-field-type-select elementor-field-group elementor-column elementor-field-group-field_96c57d7 elementor-col-100 elementor-field-required elementor-mark-required\">\n\t\t\t\t\t\t\t\t\t\t\t\t<label for=\"form-field-field_96c57d7\" class=\"elementor-field-label\">\n\t\t\t\t\t\t\t\tAra\u015ft\u0131rman\u0131z\u0131n Alan\u0131\t\t\t\t\t\t\t<\/label>\n\t\t\t\t\t\t\t\t<div class=\"elementor-field elementor-select-wrapper remove-before \">\n\t\t\t<div class=\"select-caret-down-wrapper\">\n\t\t\t\t<i aria-hidden=\"true\" class=\"eicon-caret-down\"><\/i>\t\t\t<\/div>\n\t\t\t<select name=\"form_fields[field_96c57d7]\" id=\"form-field-field_96c57d7\" class=\"elementor-field-textual elementor-size-sm\" required=\"required\">\n\t\t\t\t\t\t\t\t\t<option value=\"Se\u00e7iniz\">Se\u00e7iniz<\/option>\n\t\t\t\t\t\t\t\t\t<option value=\"Sa\u011fl\u0131k Bilimleri\">Sa\u011fl\u0131k Bilimleri<\/option>\n\t\t\t\t\t\t\t\t\t<option value=\"Sosyal Bilimler\">Sosyal Bilimler<\/option>\n\t\t\t\t\t\t\t\t\t<option value=\"Fen Bilimleri\">Fen Bilimleri<\/option>\n\t\t\t\t\t\t\t\t\t<option value=\"E\u011fitim Bilimleri\">E\u011fitim Bilimleri<\/option>\n\t\t\t\t\t\t\t\t\t<option value=\"Spor Bilimleri\">Spor Bilimleri<\/option>\n\t\t\t\t\t\t\t\t\t<option value=\"Di\u011fer\">Di\u011fer<\/option>\n\t\t\t\t\t\t\t<\/select>\n\t\t<\/div>\n\t\t\t\t\t\t<\/div>\n\t\t\t\t\t\t\t\t<div class=\"elementor-field-type-select elementor-field-group elementor-column elementor-field-group-field_1c30be6 elementor-col-100 elementor-field-required elementor-mark-required\">\n\t\t\t\t\t\t\t\t\t\t\t\t<label for=\"form-field-field_1c30be6\" class=\"elementor-field-label\">\n\t\t\t\t\t\t\t\tAra\u015ft\u0131rman\u0131z\u0131n Tipi\t\t\t\t\t\t\t<\/label>\n\t\t\t\t\t\t\t\t<div class=\"elementor-field elementor-select-wrapper remove-before \">\n\t\t\t<div class=\"select-caret-down-wrapper\">\n\t\t\t\t<i aria-hidden=\"true\" class=\"eicon-caret-down\"><\/i>\t\t\t<\/div>\n\t\t\t<select name=\"form_fields[field_1c30be6]\" id=\"form-field-field_1c30be6\" class=\"elementor-field-textual elementor-size-sm\" required=\"required\">\n\t\t\t\t\t\t\t\t\t<option value=\"Se\u00e7iniz\">Se\u00e7iniz<\/option>\n\t\t\t\t\t\t\t\t\t<option value=\"Proje Teklifi\">Proje Teklifi<\/option>\n\t\t\t\t\t\t\t\t\t<option value=\"BAP fonlu\">BAP fonlu<\/option>\n\t\t\t\t\t\t\t\t\t<option value=\"T\u00dcB\u0130TAK Fonlu\">T\u00dcB\u0130TAK Fonlu<\/option>\n\t\t\t\t\t\t\t\t\t<option value=\"M\u00fcnferit\">M\u00fcnferit<\/option>\n\t\t\t\t\t\t\t\t\t<option value=\"Y\u00fcksek Lisans Tezi\">Y\u00fcksek Lisans Tezi<\/option>\n\t\t\t\t\t\t\t\t\t<option value=\"Doktora Tezi\">Doktora Tezi<\/option>\n\t\t\t\t\t\t\t\t\t<option value=\"Di\u011fer\">Di\u011fer<\/option>\n\t\t\t\t\t\t\t<\/select>\n\t\t<\/div>\n\t\t\t\t\t\t<\/div>\n\t\t\t\t\t\t\t\t<div class=\"elementor-field-type-text elementor-field-group elementor-column elementor-field-group-field_caed6a8 elementor-col-100\">\n\t\t\t\t\t\t\t\t\t\t\t\t<label for=\"form-field-field_caed6a8\" class=\"elementor-field-label\">\n\t\t\t\t\t\t\t\tDan\u0131\u015fman\u0131n\u0131z\u0131n Ad\u0131 Soyad\u0131 (Tez ise)\t\t\t\t\t\t\t<\/label>\n\t\t\t\t\t\t\t\t\t\t\t\t\t\t<input size=\"1\" type=\"text\" name=\"form_fields[field_caed6a8]\" id=\"form-field-field_caed6a8\" class=\"elementor-field elementor-size-sm  elementor-field-textual\">\n\t\t\t\t\t\t\t\t\t\t\t<\/div>\n\t\t\t\t\t\t\t\t<div class=\"elementor-field-type-text elementor-field-group elementor-column elementor-field-group-field_ee71607 elementor-col-100\">\n\t\t\t\t\t\t\t\t\t\t\t\t<label for=\"form-field-field_ee71607\" class=\"elementor-field-label\">\n\t\t\t\t\t\t\t\tY\u00fcr\u00fct\u00fcc\u00fcn\u00fcn Ad\u0131 Soyad\u0131 (Proje ise)\t\t\t\t\t\t\t<\/label>\n\t\t\t\t\t\t\t\t\t\t\t\t\t\t<input size=\"1\" type=\"text\" name=\"form_fields[field_ee71607]\" id=\"form-field-field_ee71607\" class=\"elementor-field elementor-size-sm  elementor-field-textual\">\n\t\t\t\t\t\t\t\t\t\t\t<\/div>\n\t\t\t\t\t\t\t\t<div class=\"elementor-field-type-upload elementor-field-group elementor-column elementor-field-group-field_6fe1269 elementor-col-100\">\n\t\t\t\t\t\t\t\t\t\t\t\t<label for=\"form-field-field_6fe1269\" class=\"elementor-field-label\">\n\t\t\t\t\t\t\t\tAra\u015ft\u0131rman\u0131z ile do\u011frudan ilgili \u00fc\u00e7 makaleyi ekleyiniz (pdf format\u0131nda)\t\t\t\t\t\t\t<\/label>\n\t\t\t\t\t\t\t\t<input type=\"file\" name=\"form_fields[field_6fe1269][]\" id=\"form-field-field_6fe1269\" class=\"elementor-field elementor-size-sm  elementor-upload-field\" multiple=\"multiple\" data-maxsize=\"244\" data-maxsize-message=\"This file exceeds the maximum allowed size.\">\n\n\t\t\t\t\t\t<\/div>\n\t\t\t\t\t\t\t\t<div class=\"elementor-field-type-text elementor-field-group elementor-column elementor-field-group-field_95770e2 elementor-col-100 elementor-field-required elementor-mark-required\">\n\t\t\t\t\t\t\t\t\t\t\t\t<label for=\"form-field-field_95770e2\" class=\"elementor-field-label\">\n\t\t\t\t\t\t\t\tAra\u015ft\u0131rman\u0131z\u0131 k\u0131saca betimleyiniz\t\t\t\t\t\t\t<\/label>\n\t\t\t\t\t\t\t\t\t\t\t\t\t\t<input size=\"1\" type=\"text\" name=\"form_fields[field_95770e2]\" id=\"form-field-field_95770e2\" class=\"elementor-field elementor-size-sm  elementor-field-textual\" required=\"required\">\n\t\t\t\t\t\t\t\t\t\t\t<\/div>\n\t\t\t\t\t\t\t\t<div class=\"elementor-field-type-select elementor-field-group elementor-column elementor-field-group-field_df09b64 elementor-col-100 elementor-field-required elementor-mark-required\">\n\t\t\t\t\t\t\t\t\t\t\t\t<label for=\"form-field-field_df09b64\" class=\"elementor-field-label\">\n\t\t\t\t\t\t\t\tAra\u015ft\u0131rman\u0131z\u0131n hangi a\u015famas\u0131ndas\u0131n\u0131z?\t\t\t\t\t\t\t<\/label>\n\t\t\t\t\t\t\t\t<div class=\"elementor-field elementor-select-wrapper remove-before \">\n\t\t\t<div class=\"select-caret-down-wrapper\">\n\t\t\t\t<i aria-hidden=\"true\" class=\"eicon-caret-down\"><\/i>\t\t\t<\/div>\n\t\t\t<select name=\"form_fields[field_df09b64]\" id=\"form-field-field_df09b64\" class=\"elementor-field-textual elementor-size-sm\" required=\"required\">\n\t\t\t\t\t\t\t\t\t<option value=\"Se\u00e7iniz\">Se\u00e7iniz<\/option>\n\t\t\t\t\t\t\t\t\t<option value=\"Ara\u015ft\u0131rma Sorusunun Spesifikasyonu\">Ara\u015ft\u0131rma Sorusunun Spesifikasyonu<\/option>\n\t\t\t\t\t\t\t\t\t<option value=\"Ara\u015ft\u0131rma Dizayn\u0131\">Ara\u015ft\u0131rma Dizayn\u0131<\/option>\n\t\t\t\t\t\t\t\t\t<option value=\"Veri Toplama\">Veri Toplama<\/option>\n\t\t\t\t\t\t\t\t\t<option value=\"Veri Analizi\">Veri Analizi<\/option>\n\t\t\t\t\t\t\t\t\t<option value=\"Analiz Sonu\u00e7lar\u0131n\u0131n \u0130nterpretasyonu\">Analiz Sonu\u00e7lar\u0131n\u0131n \u0130nterpretasyonu<\/option>\n\t\t\t\t\t\t\t\t\t<option value=\"Raporlama\">Raporlama<\/option>\n\t\t\t\t\t\t\t<\/select>\n\t\t<\/div>\n\t\t\t\t\t\t<\/div>\n\t\t\t\t\t\t\t\t<div class=\"elementor-field-type-text elementor-field-group elementor-column elementor-field-group-field_17a71ab elementor-col-100\">\n\t\t\t\t\t\t\t\t\t\t\t\t<label for=\"form-field-field_17a71ab\" class=\"elementor-field-label\">\n\t\t\t\t\t\t\t\tAra\u015ft\u0131rman\u0131z\u0131n sorusu nedir?\t\t\t\t\t\t\t<\/label>\n\t\t\t\t\t\t\t\t\t\t\t\t\t\t<input size=\"1\" type=\"text\" name=\"form_fields[field_17a71ab]\" id=\"form-field-field_17a71ab\" class=\"elementor-field elementor-size-sm  elementor-field-textual\">\n\t\t\t\t\t\t\t\t\t\t\t<\/div>\n\t\t\t\t\t\t\t\t<div class=\"elementor-field-type-text elementor-field-group elementor-column elementor-field-group-field_57e7e73 elementor-col-100\">\n\t\t\t\t\t\t\t\t\t\t\t\t<label for=\"form-field-field_57e7e73\" class=\"elementor-field-label\">\n\t\t\t\t\t\t\t\tAra\u015ft\u0131rman\u0131z\u0131n hipotezi nedir?\t\t\t\t\t\t\t<\/label>\n\t\t\t\t\t\t\t\t\t\t\t\t\t\t<input size=\"1\" type=\"text\" name=\"form_fields[field_57e7e73]\" id=\"form-field-field_57e7e73\" class=\"elementor-field elementor-size-sm  elementor-field-textual\">\n\t\t\t\t\t\t\t\t\t\t\t<\/div>\n\t\t\t\t\t\t\t\t<div class=\"elementor-field-type-select elementor-field-group elementor-column elementor-field-group-field_db92653 elementor-col-100\">\n\t\t\t\t\t\t\t\t\t\t\t\t<label for=\"form-field-field_db92653\" class=\"elementor-field-label\">\n\t\t\t\t\t\t\t\tVeri toplama tekni\u011finiz nedir?\t\t\t\t\t\t\t<\/label>\n\t\t\t\t\t\t\t\t<div class=\"elementor-field elementor-select-wrapper remove-before \">\n\t\t\t<div class=\"select-caret-down-wrapper\">\n\t\t\t\t<i aria-hidden=\"true\" class=\"eicon-caret-down\"><\/i>\t\t\t<\/div>\n\t\t\t<select name=\"form_fields[field_db92653]\" id=\"form-field-field_db92653\" class=\"elementor-field-textual elementor-size-sm\">\n\t\t\t\t\t\t\t\t\t<option value=\"Se\u00e7iniz\">Se\u00e7iniz<\/option>\n\t\t\t\t\t\t\t\t\t<option value=\"Deney\">Deney<\/option>\n\t\t\t\t\t\t\t\t\t<option value=\"G\u00f6zlem\">G\u00f6zlem<\/option>\n\t\t\t\t\t\t\t\t\t<option value=\"Veri Analizi\">Veri Analizi<\/option>\n\t\t\t\t\t\t\t\t\t<option value=\"G\u00f6r\u00fc\u015fme\">G\u00f6r\u00fc\u015fme<\/option>\n\t\t\t\t\t\t\t\t\t<option value=\"Haz\u0131r Veri\">Haz\u0131r Veri<\/option>\n\t\t\t\t\t\t\t\t\t<option value=\"Yaz\u0131l\u0131 Kaynaklar\">Yaz\u0131l\u0131 Kaynaklar<\/option>\n\t\t\t\t\t\t\t<\/select>\n\t\t<\/div>\n\t\t\t\t\t\t<\/div>\n\t\t\t\t\t\t\t\t<div class=\"elementor-field-type-text elementor-field-group elementor-column elementor-field-group-field_f661def elementor-col-100\">\n\t\t\t\t\t\t\t\t\t\t\t\t<label for=\"form-field-field_f661def\" class=\"elementor-field-label\">\n\t\t\t\t\t\t\t\tHangi istatiksel analiz metodunu ve modelini se\u00e7tiniz?\t\t\t\t\t\t\t<\/label>\n\t\t\t\t\t\t\t\t\t\t\t\t\t\t<input size=\"1\" type=\"text\" name=\"form_fields[field_f661def]\" id=\"form-field-field_f661def\" class=\"elementor-field elementor-size-sm  elementor-field-textual\">\n\t\t\t\t\t\t\t\t\t\t\t<\/div>\n\t\t\t\t\t\t\t\t<div class=\"elementor-field-type-text elementor-field-group elementor-column elementor-field-group-field_8223b55 elementor-col-100 elementor-field-required elementor-mark-required\">\n\t\t\t\t\t\t\t\t\t\t\t\t<label for=\"form-field-field_8223b55\" class=\"elementor-field-label\">\n\t\t\t\t\t\t\t\tNe i\u00e7in dan\u0131\u015fma talep ediyorsunuz? (L\u00fctfen olabildi\u011fince spesifik olsun)\t\t\t\t\t\t\t<\/label>\n\t\t\t\t\t\t\t\t\t\t\t\t\t\t<input size=\"1\" type=\"text\" name=\"form_fields[field_8223b55]\" id=\"form-field-field_8223b55\" class=\"elementor-field elementor-size-sm  elementor-field-textual\" required=\"required\">\n\t\t\t\t\t\t\t\t\t\t\t<\/div>\n\t\t\t\t\t\t\t\t<div class=\"elementor-field-type-upload elementor-field-group elementor-column elementor-field-group-field_e516cf2 elementor-col-100\">\n\t\t\t\t\t\t\t\t\t\t\t\t<label for=\"form-field-field_e516cf2\" class=\"elementor-field-label\">\n\t\t\t\t\t\t\t\tDan\u0131\u015fma talebiniz istatistiksel analiz sonu\u00e7lar\u0131n\u0131n interprestasyonunu gerektiriyor ise, l\u00fctfen komp\u00fcter program\u0131 \u00e7\u0131kt\u0131s\u0131n\u0131 ekleyiniz\t\t\t\t\t\t\t<\/label>\n\t\t\t\t\t\t\t\t<input type=\"file\" name=\"form_fields[field_e516cf2]\" id=\"form-field-field_e516cf2\" class=\"elementor-field elementor-size-sm  elementor-upload-field\">\n\n\t\t\t\t\t\t<\/div>\n\t\t\t\t\t\t\t\t<div class=\"elementor-field-type-text elementor-field-group elementor-column elementor-field-group-field_cf10a15 elementor-col-100 elementor-field-required elementor-mark-required\">\n\t\t\t\t\t\t\t\t\t\t\t\t<label for=\"form-field-field_cf10a15\" class=\"elementor-field-label\">\n\t\t\t\t\t\t\t\tG\u00f6r\u00fc\u015fme i\u00e7in haftan\u0131n hangi g\u00fcnlerini ve saatlerini tercih edersiniz?\t\t\t\t\t\t\t<\/label>\n\t\t\t\t\t\t\t\t\t\t\t\t\t\t<input size=\"1\" type=\"text\" name=\"form_fields[field_cf10a15]\" id=\"form-field-field_cf10a15\" class=\"elementor-field elementor-size-sm  elementor-field-textual\" required=\"required\">\n\t\t\t\t\t\t\t\t\t\t\t<\/div>\n\t\t\t\t\t\t\t\t<div class=\"elementor-field-group elementor-column elementor-field-type-submit elementor-col-33 e-form__buttons\">\n\t\t\t\t\t<button class=\"elementor-button elementor-size-sm\" type=\"submit\">\n\t\t\t\t\t\t<span class=\"elementor-button-content-wrapper\">\n\t\t\t\t\t\t\t\t\t\t\t\t\t\t\t\t\t\t\t\t\t\t<span class=\"elementor-button-text\">G\u00d6NDER<\/span>\n\t\t\t\t\t\t\t\t\t\t\t\t\t<\/span>\n\t\t\t\t\t<\/button>\n\t\t\t\t<\/div>\n\t\t\t<\/div>\n\t\t<\/form>\n\t\t\t\t\t\t<\/div>\n\t\t\t\t<\/div>\n\t\t\t\t\t<\/div>\n\t\t<\/div>\n\t\t\t\t\t<\/div>\n\t\t<\/section>\n\t\t\t\t<\/div>\n\t\t","protected":false},"excerpt":{"rendered":"","protected":false},"author":8,"featured_media":0,"parent":0,"menu_order":0,"comment_status":"closed","ping_status":"closed","template":"","meta":{"footnotes":""},"class_list":["post-6256","page","type-page","status-publish","hentry"],"_links":{"self":[{"href":"https:\/\/atauni.edu.tr\/arastirma-metodolojisi-egitim-ve-uygulama-ofisi\/wp-json\/wp\/v2\/pages\/6256","targetHints":{"allow":["GET"]}}],"collection":[{"href":"https:\/\/atauni.edu.tr\/arastirma-metodolojisi-egitim-ve-uygulama-ofisi\/wp-json\/wp\/v2\/pages"}],"about":[{"href":"https:\/\/atauni.edu.tr\/arastirma-metodolojisi-egitim-ve-uygulama-ofisi\/wp-json\/wp\/v2\/types\/page"}],"author":[{"embeddable":true,"href":"https:\/\/atauni.edu.tr\/arastirma-metodolojisi-egitim-ve-uygulama-ofisi\/wp-json\/wp\/v2\/users\/8"}],"replies":[{"embeddable":true,"href":"https:\/\/atauni.edu.tr\/arastirma-metodolojisi-egitim-ve-uygulama-ofisi\/wp-json\/wp\/v2\/comments?post=6256"}],"version-history":[{"count":92,"href":"https:\/\/atauni.edu.tr\/arastirma-metodolojisi-egitim-ve-uygulama-ofisi\/wp-json\/wp\/v2\/pages\/6256\/revisions"}],"predecessor-version":[{"id":8262,"href":"https:\/\/atauni.edu.tr\/arastirma-metodolojisi-egitim-ve-uygulama-ofisi\/wp-json\/wp\/v2\/pages\/6256\/revisions\/8262"}],"wp:attachment":[{"href":"https:\/\/atauni.edu.tr\/arastirma-metodolojisi-egitim-ve-uygulama-ofisi\/wp-json\/wp\/v2\/media?parent=6256"}],"curies":[{"name":"wp","href":"https:\/\/api.w.org\/{rel}","templated":true}]}}