{"id":6262,"date":"2022-03-02T15:44:31","date_gmt":"2022-03-02T12:44:31","guid":{"rendered":"https:\/\/birimler.atauni.edu.tr\/metodoloji-destek-ofisi\/?page_id=6262"},"modified":"2022-05-26T11:27:25","modified_gmt":"2022-05-26T08:27:25","slug":"isbirligi-talep-formu","status":"publish","type":"page","link":"https:\/\/atauni.edu.tr\/arastirma-metodolojisi-egitim-ve-uygulama-ofisi\/isbirligi-talep-formu\/","title":{"rendered":"\u0130\u015fbirli\u011fi Talep Formu \u200b"},"content":{"rendered":"\t\t<div data-elementor-type=\"wp-page\" data-elementor-id=\"6262\" class=\"elementor elementor-6262\" data-elementor-post-type=\"page\">\n\t\t\t\t\t\t<section class=\"elementor-section elementor-top-section elementor-element elementor-element-6b752f0 elementor-section-boxed elementor-section-height-default elementor-section-height-default\" data-id=\"6b752f0\" data-element_type=\"section\">\n\t\t\t\t\t\t<div class=\"elementor-container elementor-column-gap-default\">\n\t\t\t\t\t<div class=\"elementor-column elementor-col-100 elementor-top-column elementor-element elementor-element-6659928\" data-id=\"6659928\" data-element_type=\"column\">\n\t\t\t<div class=\"elementor-widget-wrap elementor-element-populated\">\n\t\t\t\t\t\t<div class=\"elementor-element elementor-element-5437d6d elementor-button-align-stretch elementor-widget elementor-widget-form\" data-id=\"5437d6d\" data-element_type=\"widget\" data-settings=\"{&quot;step_next_label&quot;:&quot;Next&quot;,&quot;step_previous_label&quot;:&quot;Previous&quot;,&quot;button_width&quot;:&quot;33&quot;,&quot;step_type&quot;:&quot;number_text&quot;,&quot;step_icon_shape&quot;:&quot;circle&quot;}\" data-widget_type=\"form.default\">\n\t\t\t\t<div class=\"elementor-widget-container\">\n\t\t\t\t\t\t\t<form class=\"elementor-form\" method=\"post\" name=\"\u0130\u015fbirli\u011fi Talep Formu\" aria-label=\"\u0130\u015fbirli\u011fi Talep Formu\">\n\t\t\t<input type=\"hidden\" name=\"post_id\" value=\"6262\"\/>\n\t\t\t<input type=\"hidden\" name=\"form_id\" value=\"5437d6d\"\/>\n\t\t\t<input type=\"hidden\" name=\"referer_title\" value=\"\u0130\u015fbirli\u011fi Talep Formu \u200b\" \/>\n\n\t\t\t\t\t\t\t<input type=\"hidden\" name=\"queried_id\" value=\"6262\"\/>\n\t\t\t\n\t\t\t<div class=\"elementor-form-fields-wrapper elementor-labels-above\">\n\t\t\t\t\t\t\t\t<div class=\"elementor-field-type-text elementor-field-group elementor-column elementor-field-group-name elementor-col-100 elementor-field-required elementor-mark-required\">\n\t\t\t\t\t\t\t\t\t\t\t\t<label for=\"form-field-name\" class=\"elementor-field-label\">\n\t\t\t\t\t\t\t\tAd Soyad\t\t\t\t\t\t\t<\/label>\n\t\t\t\t\t\t\t\t\t\t\t\t\t\t<input size=\"1\" type=\"text\" name=\"form_fields[name]\" id=\"form-field-name\" class=\"elementor-field elementor-size-sm  elementor-field-textual\" required=\"required\">\n\t\t\t\t\t\t\t\t\t\t\t<\/div>\n\t\t\t\t\t\t\t\t<div class=\"elementor-field-type-email elementor-field-group elementor-column elementor-field-group-email elementor-col-100 elementor-field-required elementor-mark-required\">\n\t\t\t\t\t\t\t\t\t\t\t\t<label for=\"form-field-email\" class=\"elementor-field-label\">\n\t\t\t\t\t\t\t\tE-posta\t\t\t\t\t\t\t<\/label>\n\t\t\t\t\t\t\t\t\t\t\t\t\t\t<input size=\"1\" type=\"email\" name=\"form_fields[email]\" id=\"form-field-email\" class=\"elementor-field elementor-size-sm  elementor-field-textual\" required=\"required\">\n\t\t\t\t\t\t\t\t\t\t\t<\/div>\n\t\t\t\t\t\t\t\t<div class=\"elementor-field-type-tel elementor-field-group elementor-column elementor-field-group-message elementor-col-100 elementor-field-required elementor-mark-required\">\n\t\t\t\t\t\t\t\t\t\t\t\t<label for=\"form-field-message\" class=\"elementor-field-label\">\n\t\t\t\t\t\t\t\tTelefon No\t\t\t\t\t\t\t<\/label>\n\t\t\t\t\t\t\t\t<input size=\"1\" type=\"tel\" name=\"form_fields[message]\" id=\"form-field-message\" class=\"elementor-field elementor-size-sm  elementor-field-textual\" required=\"required\" pattern=\"[0-9()#&amp;+*-=.]+\" title=\"Only numbers and phone characters (#, -, *, etc) are accepted.\">\n\n\t\t\t\t\t\t<\/div>\n\t\t\t\t\t\t\t\t<div class=\"elementor-field-type-select elementor-field-group elementor-column elementor-field-group-field_9b5258f elementor-col-100 elementor-field-required elementor-mark-required\">\n\t\t\t\t\t\t\t\t\t\t\t\t<label for=\"form-field-field_9b5258f\" class=\"elementor-field-label\">\n\t\t\t\t\t\t\t\tPozisyon\t\t\t\t\t\t\t<\/label>\n\t\t\t\t\t\t\t\t<div class=\"elementor-field elementor-select-wrapper remove-before \">\n\t\t\t<div class=\"select-caret-down-wrapper\">\n\t\t\t\t<i aria-hidden=\"true\" class=\"eicon-caret-down\"><\/i>\t\t\t<\/div>\n\t\t\t<select name=\"form_fields[field_9b5258f]\" id=\"form-field-field_9b5258f\" class=\"elementor-field-textual elementor-size-sm\" required=\"required\">\n\t\t\t\t\t\t\t\t\t<option value=\"Se\u00e7iniz\">Se\u00e7iniz<\/option>\n\t\t\t\t\t\t\t\t\t<option value=\"Y\u00fcksek Lisans \u00d6\u011frencisi\">Y\u00fcksek Lisans \u00d6\u011frencisi<\/option>\n\t\t\t\t\t\t\t\t\t<option value=\"Doktora \u00d6\u011frencisi\">Doktora \u00d6\u011frencisi<\/option>\n\t\t\t\t\t\t\t\t\t<option value=\"\u00d6\u011fretim Eleman\u0131\">\u00d6\u011fretim Eleman\u0131<\/option>\n\t\t\t\t\t\t\t\t\t<option value=\"Di\u011fer\">Di\u011fer<\/option>\n\t\t\t\t\t\t\t<\/select>\n\t\t<\/div>\n\t\t\t\t\t\t<\/div>\n\t\t\t\t\t\t\t\t<div class=\"elementor-field-type-text elementor-field-group elementor-column elementor-field-group-field_08b05ce elementor-col-100 elementor-field-required elementor-mark-required\">\n\t\t\t\t\t\t\t\t\t\t\t\t<label for=\"form-field-field_08b05ce\" class=\"elementor-field-label\">\n\t\t\t\t\t\t\t\tEnstit\u00fc\/Fak\u00fclte\/Y\u00fcksekokul\t\t\t\t\t\t\t<\/label>\n\t\t\t\t\t\t\t\t\t\t\t\t\t\t<input size=\"1\" type=\"text\" name=\"form_fields[field_08b05ce]\" id=\"form-field-field_08b05ce\" class=\"elementor-field elementor-size-sm  elementor-field-textual\" required=\"required\">\n\t\t\t\t\t\t\t\t\t\t\t<\/div>\n\t\t\t\t\t\t\t\t<div class=\"elementor-field-type-text elementor-field-group elementor-column elementor-field-group-field_96631f4 elementor-col-100 elementor-field-required elementor-mark-required\">\n\t\t\t\t\t\t\t\t\t\t\t\t<label for=\"form-field-field_96631f4\" class=\"elementor-field-label\">\n\t\t\t\t\t\t\t\tB\u00f6l\u00fcm\/Anabilim Dal\u0131\t\t\t\t\t\t\t<\/label>\n\t\t\t\t\t\t\t\t\t\t\t\t\t\t<input size=\"1\" type=\"text\" name=\"form_fields[field_96631f4]\" id=\"form-field-field_96631f4\" class=\"elementor-field elementor-size-sm  elementor-field-textual\" required=\"required\">\n\t\t\t\t\t\t\t\t\t\t\t<\/div>\n\t\t\t\t\t\t\t\t<div class=\"elementor-field-type-select elementor-field-group elementor-column elementor-field-group-field_96c57d7 elementor-col-100 elementor-field-required elementor-mark-required\">\n\t\t\t\t\t\t\t\t\t\t\t\t<label for=\"form-field-field_96c57d7\" class=\"elementor-field-label\">\n\t\t\t\t\t\t\t\tAra\u015ft\u0131rman\u0131z\u0131n Alan\u0131\t\t\t\t\t\t\t<\/label>\n\t\t\t\t\t\t\t\t<div class=\"elementor-field elementor-select-wrapper remove-before \">\n\t\t\t<div class=\"select-caret-down-wrapper\">\n\t\t\t\t<i aria-hidden=\"true\" class=\"eicon-caret-down\"><\/i>\t\t\t<\/div>\n\t\t\t<select name=\"form_fields[field_96c57d7]\" id=\"form-field-field_96c57d7\" class=\"elementor-field-textual elementor-size-sm\" required=\"required\">\n\t\t\t\t\t\t\t\t\t<option value=\"Se\u00e7iniz\">Se\u00e7iniz<\/option>\n\t\t\t\t\t\t\t\t\t<option value=\"Fen Bilimleri\">Fen Bilimleri<\/option>\n\t\t\t\t\t\t\t\t\t<option value=\"Sosyal Bilimler\">Sosyal Bilimler<\/option>\n\t\t\t\t\t\t\t\t\t<option value=\"Sa\u011fl\u0131k Bilimleri\">Sa\u011fl\u0131k Bilimleri<\/option>\n\t\t\t\t\t\t\t\t\t<option value=\"E\u011fitim Bilimleri\">E\u011fitim Bilimleri<\/option>\n\t\t\t\t\t\t\t\t\t<option value=\"Spor Bilimleri\">Spor Bilimleri<\/option>\n\t\t\t\t\t\t\t\t\t<option value=\"Di\u011fer\">Di\u011fer<\/option>\n\t\t\t\t\t\t\t<\/select>\n\t\t<\/div>\n\t\t\t\t\t\t<\/div>\n\t\t\t\t\t\t\t\t<div class=\"elementor-field-type-select elementor-field-group elementor-column elementor-field-group-field_1c30be6 elementor-col-100 elementor-field-required elementor-mark-required\">\n\t\t\t\t\t\t\t\t\t\t\t\t<label for=\"form-field-field_1c30be6\" class=\"elementor-field-label\">\n\t\t\t\t\t\t\t\tAra\u015ft\u0131rman\u0131z\u0131n Tipi\t\t\t\t\t\t\t<\/label>\n\t\t\t\t\t\t\t\t<div class=\"elementor-field elementor-select-wrapper remove-before \">\n\t\t\t<div class=\"select-caret-down-wrapper\">\n\t\t\t\t<i aria-hidden=\"true\" class=\"eicon-caret-down\"><\/i>\t\t\t<\/div>\n\t\t\t<select name=\"form_fields[field_1c30be6]\" id=\"form-field-field_1c30be6\" class=\"elementor-field-textual elementor-size-sm\" required=\"required\">\n\t\t\t\t\t\t\t\t\t<option value=\"Se\u00e7iniz\">Se\u00e7iniz<\/option>\n\t\t\t\t\t\t\t\t\t<option value=\"Proje Teklifi\">Proje Teklifi<\/option>\n\t\t\t\t\t\t\t\t\t<option value=\"BAP fonlu\">BAP fonlu<\/option>\n\t\t\t\t\t\t\t\t\t<option value=\"T\u00dcB\u0130TAK Fonlu\">T\u00dcB\u0130TAK Fonlu<\/option>\n\t\t\t\t\t\t\t\t\t<option value=\"Y\u00fcksek Lisans Tezi\">Y\u00fcksek Lisans Tezi<\/option>\n\t\t\t\t\t\t\t\t\t<option value=\"Doktora Tezi\">Doktora Tezi<\/option>\n\t\t\t\t\t\t\t\t\t<option value=\"M\u00fcnferit\">M\u00fcnferit<\/option>\n\t\t\t\t\t\t\t\t\t<option value=\"Di\u011fer\">Di\u011fer<\/option>\n\t\t\t\t\t\t\t<\/select>\n\t\t<\/div>\n\t\t\t\t\t\t<\/div>\n\t\t\t\t\t\t\t\t<div class=\"elementor-field-type-text elementor-field-group elementor-column elementor-field-group-field_caed6a8 elementor-col-100\">\n\t\t\t\t\t\t\t\t\t\t\t\t<label for=\"form-field-field_caed6a8\" class=\"elementor-field-label\">\n\t\t\t\t\t\t\t\tDan\u0131\u015fman\u0131n\u0131z\u0131n Ad\u0131 Soyad\u0131 (Tez ise)\t\t\t\t\t\t\t<\/label>\n\t\t\t\t\t\t\t\t\t\t\t\t\t\t<input size=\"1\" type=\"text\" name=\"form_fields[field_caed6a8]\" id=\"form-field-field_caed6a8\" class=\"elementor-field elementor-size-sm  elementor-field-textual\">\n\t\t\t\t\t\t\t\t\t\t\t<\/div>\n\t\t\t\t\t\t\t\t<div class=\"elementor-field-type-text elementor-field-group elementor-column elementor-field-group-field_ee71607 elementor-col-100\">\n\t\t\t\t\t\t\t\t\t\t\t\t<label for=\"form-field-field_ee71607\" class=\"elementor-field-label\">\n\t\t\t\t\t\t\t\tY\u00fcr\u00fct\u00fcc\u00fcn\u00fcn Ad\u0131 Soyad\u0131 (Proje ise)\t\t\t\t\t\t\t<\/label>\n\t\t\t\t\t\t\t\t\t\t\t\t\t\t<input size=\"1\" type=\"text\" name=\"form_fields[field_ee71607]\" id=\"form-field-field_ee71607\" class=\"elementor-field elementor-size-sm  elementor-field-textual\">\n\t\t\t\t\t\t\t\t\t\t\t<\/div>\n\t\t\t\t\t\t\t\t<div class=\"elementor-field-type-text elementor-field-group elementor-column elementor-field-group-field_c65fc5e elementor-col-100 elementor-field-required elementor-mark-required\">\n\t\t\t\t\t\t\t\t\t\t\t\t<label for=\"form-field-field_c65fc5e\" class=\"elementor-field-label\">\n\t\t\t\t\t\t\t\tAra\u015ft\u0131rman\u0131z\u0131 k\u0131saca betimleyiniz?\t\t\t\t\t\t\t<\/label>\n\t\t\t\t\t\t\t\t\t\t\t\t\t\t<input size=\"1\" type=\"text\" name=\"form_fields[field_c65fc5e]\" id=\"form-field-field_c65fc5e\" class=\"elementor-field elementor-size-sm  elementor-field-textual\" placeholder=\"maksimum 300 kelime\" required=\"required\">\n\t\t\t\t\t\t\t\t\t\t\t<\/div>\n\t\t\t\t\t\t\t\t<div class=\"elementor-field-type-select elementor-field-group elementor-column elementor-field-group-field_8d27054 elementor-col-100 elementor-field-required elementor-mark-required\">\n\t\t\t\t\t\t\t\t\t\t\t\t<label for=\"form-field-field_8d27054\" class=\"elementor-field-label\">\n\t\t\t\t\t\t\t\tAra\u015ft\u0131rman\u0131n Hangi A\u015famas\u0131ndas\u0131n\u0131z?\t\t\t\t\t\t\t<\/label>\n\t\t\t\t\t\t\t\t<div class=\"elementor-field elementor-select-wrapper remove-before \">\n\t\t\t<div class=\"select-caret-down-wrapper\">\n\t\t\t\t<i aria-hidden=\"true\" class=\"eicon-caret-down\"><\/i>\t\t\t<\/div>\n\t\t\t<select name=\"form_fields[field_8d27054]\" id=\"form-field-field_8d27054\" class=\"elementor-field-textual elementor-size-sm\" required=\"required\">\n\t\t\t\t\t\t\t\t\t<option value=\"Se\u00e7iniz\">Se\u00e7iniz<\/option>\n\t\t\t\t\t\t\t\t\t<option value=\"Ara\u015ft\u0131rma dizayn\u0131\">Ara\u015ft\u0131rma dizayn\u0131<\/option>\n\t\t\t\t\t\t\t\t\t<option value=\"Veri toplama\">Veri toplama<\/option>\n\t\t\t\t\t\t\t\t\t<option value=\"Veri giri\u015fi\">Veri giri\u015fi<\/option>\n\t\t\t\t\t\t\t\t\t<option value=\"Veri analizi\">Veri analizi<\/option>\n\t\t\t\t\t\t\t\t\t<option value=\"Analiz sonu\u00e7lar\u0131n\u0131n interpretasyonu\">Analiz sonu\u00e7lar\u0131n\u0131n interpretasyonu<\/option>\n\t\t\t\t\t\t\t\t\t<option value=\"Raporlama\">Raporlama<\/option>\n\t\t\t\t\t\t\t<\/select>\n\t\t<\/div>\n\t\t\t\t\t\t<\/div>\n\t\t\t\t\t\t\t\t<div class=\"elementor-field-group elementor-column elementor-field-type-submit elementor-col-33 e-form__buttons\">\n\t\t\t\t\t<button class=\"elementor-button elementor-size-sm\" type=\"submit\">\n\t\t\t\t\t\t<span class=\"elementor-button-content-wrapper\">\n\t\t\t\t\t\t\t\t\t\t\t\t\t\t\t\t\t\t\t\t\t\t<span class=\"elementor-button-text\">G\u00d6NDER<\/span>\n\t\t\t\t\t\t\t\t\t\t\t\t\t<\/span>\n\t\t\t\t\t<\/button>\n\t\t\t\t<\/div>\n\t\t\t<\/div>\n\t\t<\/form>\n\t\t\t\t\t\t<\/div>\n\t\t\t\t<\/div>\n\t\t\t\t\t<\/div>\n\t\t<\/div>\n\t\t\t\t\t<\/div>\n\t\t<\/section>\n\t\t\t\t<\/div>\n\t\t","protected":false},"excerpt":{"rendered":"","protected":false},"author":8,"featured_media":0,"parent":0,"menu_order":0,"comment_status":"closed","ping_status":"closed","template":"","meta":{"footnotes":""},"class_list":["post-6262","page","type-page","status-publish","hentry"],"_links":{"self":[{"href":"https:\/\/atauni.edu.tr\/arastirma-metodolojisi-egitim-ve-uygulama-ofisi\/wp-json\/wp\/v2\/pages\/6262","targetHints":{"allow":["GET"]}}],"collection":[{"href":"https:\/\/atauni.edu.tr\/arastirma-metodolojisi-egitim-ve-uygulama-ofisi\/wp-json\/wp\/v2\/pages"}],"about":[{"href":"https:\/\/atauni.edu.tr\/arastirma-metodolojisi-egitim-ve-uygulama-ofisi\/wp-json\/wp\/v2\/types\/page"}],"author":[{"embeddable":true,"href":"https:\/\/atauni.edu.tr\/arastirma-metodolojisi-egitim-ve-uygulama-ofisi\/wp-json\/wp\/v2\/users\/8"}],"replies":[{"embeddable":true,"href":"https:\/\/atauni.edu.tr\/arastirma-metodolojisi-egitim-ve-uygulama-ofisi\/wp-json\/wp\/v2\/comments?post=6262"}],"version-history":[{"count":49,"href":"https:\/\/atauni.edu.tr\/arastirma-metodolojisi-egitim-ve-uygulama-ofisi\/wp-json\/wp\/v2\/pages\/6262\/revisions"}],"predecessor-version":[{"id":7647,"href":"https:\/\/atauni.edu.tr\/arastirma-metodolojisi-egitim-ve-uygulama-ofisi\/wp-json\/wp\/v2\/pages\/6262\/revisions\/7647"}],"wp:attachment":[{"href":"https:\/\/atauni.edu.tr\/arastirma-metodolojisi-egitim-ve-uygulama-ofisi\/wp-json\/wp\/v2\/media?parent=6262"}],"curies":[{"name":"wp","href":"https:\/\/api.w.org\/{rel}","templated":true}]}}