{"id":6466,"date":"2022-03-09T09:42:02","date_gmt":"2022-03-09T06:42:02","guid":{"rendered":"https:\/\/birimler.atauni.edu.tr\/metodoloji-destek-ofisi\/?page_id=6466"},"modified":"2024-05-15T11:35:42","modified_gmt":"2024-05-15T08:35:42","slug":"egitim-basvuru-formu-2","status":"publish","type":"page","link":"https:\/\/atauni.edu.tr\/arastirma-metodolojisi-egitim-ve-uygulama-ofisi\/egitim-basvuru-formu-2\/","title":{"rendered":"E\u011fitim Ba\u015fvuru Formu"},"content":{"rendered":"\t\t<div data-elementor-type=\"wp-page\" data-elementor-id=\"6466\" class=\"elementor elementor-6466\" data-elementor-post-type=\"page\">\n\t\t\t\t\t\t<section class=\"elementor-section elementor-top-section elementor-element elementor-element-dac8c65 elementor-section-boxed elementor-section-height-default elementor-section-height-default\" data-id=\"dac8c65\" data-element_type=\"section\">\n\t\t\t\t\t\t<div class=\"elementor-container elementor-column-gap-default\">\n\t\t\t\t\t<div class=\"elementor-column elementor-col-100 elementor-top-column elementor-element elementor-element-5de9e38\" data-id=\"5de9e38\" data-element_type=\"column\">\n\t\t\t<div class=\"elementor-widget-wrap elementor-element-populated\">\n\t\t\t\t\t\t<div class=\"elementor-element elementor-element-4410a47 elementor-button-align-stretch elementor-widget elementor-widget-form\" data-id=\"4410a47\" data-element_type=\"widget\" data-settings=\"{&quot;button_width&quot;:&quot;33&quot;,&quot;step_next_label&quot;:&quot;Next&quot;,&quot;step_previous_label&quot;:&quot;Previous&quot;,&quot;step_type&quot;:&quot;number_text&quot;,&quot;step_icon_shape&quot;:&quot;circle&quot;}\" data-widget_type=\"form.default\">\n\t\t\t\t<div class=\"elementor-widget-container\">\n\t\t\t\t\t\t\t<form class=\"elementor-form\" method=\"post\" name=\"E\u011fitim Ba\u015fvuru Formu\" aria-label=\"E\u011fitim Ba\u015fvuru Formu\">\n\t\t\t<input type=\"hidden\" name=\"post_id\" value=\"6466\"\/>\n\t\t\t<input type=\"hidden\" name=\"form_id\" value=\"4410a47\"\/>\n\t\t\t<input type=\"hidden\" name=\"referer_title\" value=\"E\u011fitim Ba\u015fvuru Formu\" \/>\n\n\t\t\t\t\t\t\t<input type=\"hidden\" name=\"queried_id\" value=\"6466\"\/>\n\t\t\t\n\t\t\t<div class=\"elementor-form-fields-wrapper elementor-labels-above\">\n\t\t\t\t\t\t\t\t<div class=\"elementor-field-type-select elementor-field-group elementor-column elementor-field-group-name elementor-col-100 elementor-field-required elementor-mark-required\">\n\t\t\t\t\t\t\t\t\t\t\t\t<label for=\"form-field-name\" class=\"elementor-field-label\">\n\t\t\t\t\t\t\t\tE\u011fitimin Ad\u0131\t\t\t\t\t\t\t<\/label>\n\t\t\t\t\t\t\t\t<div class=\"elementor-field elementor-select-wrapper remove-before \">\n\t\t\t<div class=\"select-caret-down-wrapper\">\n\t\t\t\t<i aria-hidden=\"true\" class=\"eicon-caret-down\"><\/i>\t\t\t<\/div>\n\t\t\t<select name=\"form_fields[name]\" id=\"form-field-name\" class=\"elementor-field-textual elementor-size-sm\" required=\"required\">\n\t\t\t\t\t\t\t\t\t<option value=\"Se\u00e7iniz \">Se\u00e7iniz <\/option>\n\t\t\t\t\t\t\t\t\t<option value=\"Sistematik Derleme (At\u00f6lye II. Priyot) (27 May\u0131s 2024 10.00-12.00) \">Sistematik Derleme (At\u00f6lye II. Priyot) (27 May\u0131s 2024 10.00-12.00) <\/option>\n\t\t\t\t\t\t\t\t\t<option value=\"AMOS ile Yap\u0131sal e\u015fitlik Modellemesi (At\u00f6lye II. Priyot) (27 May\u0131s 2024 14.00-16.00) \">AMOS ile Yap\u0131sal e\u015fitlik Modellemesi (At\u00f6lye II. Priyot) (27 May\u0131s 2024 14.00-16.00) <\/option>\n\t\t\t\t\t\t\t\t\t<option value=\"Nitel Ara\u015ft\u0131rmada Vaka Analizi (At\u00f6lye II. Priyot) (28 May\u0131s 2024 14.00-16.00) \">Nitel Ara\u015ft\u0131rmada Vaka Analizi (At\u00f6lye II. Priyot) (28 May\u0131s 2024 14.00-16.00) <\/option>\n\t\t\t\t\t\t\t\t\t<option value=\"Tek ve \u00c7ok De\u011fi\u015fkenli Zaman Serileri Analizi (At\u00f6lye II. Priyot) (28 May\u0131s 2024 09.00-12.00) \">Tek ve \u00c7ok De\u011fi\u015fkenli Zaman Serileri Analizi (At\u00f6lye II. Priyot) (28 May\u0131s 2024 09.00-12.00) <\/option>\n\t\t\t\t\t\t\t\t\t<option value=\"\u00c7okde\u011fi\u015fkenli Panel Veri Analizi (At\u00f6lye II. Priyot) (29 May\u0131s 2024 09.00-12.00) \">\u00c7okde\u011fi\u015fkenli Panel Veri Analizi (At\u00f6lye II. Priyot) (29 May\u0131s 2024 09.00-12.00) <\/option>\n\t\t\t\t\t\t\t\t\t<option value=\"Basit Arac\u0131 ve D\u00fczenleyici Etki Analizi (At\u00f6lye II. Priyot) (30 May\u0131s 2024 10.00-12.00) \">Basit Arac\u0131 ve D\u00fczenleyici Etki Analizi (At\u00f6lye II. Priyot) (30 May\u0131s 2024 10.00-12.00) <\/option>\n\t\t\t\t\t\t\t\t\t<option value=\"Bibliyometrik Analiz (At\u00f6lye II. Priyot) (30 May\u0131s 2024 14.00-16.00) \">Bibliyometrik Analiz (At\u00f6lye II. Priyot) (30 May\u0131s 2024 14.00-16.00) <\/option>\n\t\t\t\t\t\t\t\t\t<option value=\"Evri\u015fimli Sinir A\u011flar\u0131 ile G\u00f6r\u00fcnt\u00fc \u0130\u015fleme (At\u00f6lye II. Priyot) (03 Haziran 2024 14.00-16.00) \">Evri\u015fimli Sinir A\u011flar\u0131 ile G\u00f6r\u00fcnt\u00fc \u0130\u015fleme (At\u00f6lye II. Priyot) (03 Haziran 2024 14.00-16.00) <\/option>\n\t\t\t\t\t\t\t\t\t<option value=\"Meta Analiz (At\u00f6lye II. Priyot) (31 May\u0131s 2024 14.00-16.00) \">Meta Analiz (At\u00f6lye II. Priyot) (31 May\u0131s 2024 14.00-16.00) <\/option>\n\t\t\t\t\t\t\t<\/select>\n\t\t<\/div>\n\t\t\t\t\t\t<\/div>\n\t\t\t\t\t\t\t\t<div class=\"elementor-field-type-select elementor-field-group elementor-column elementor-field-group-field_46ed8dd elementor-col-100 elementor-field-required elementor-mark-required\">\n\t\t\t\t\t\t\t\t\t\t\t\t<label for=\"form-field-field_46ed8dd\" class=\"elementor-field-label\">\n\t\t\t\t\t\t\t\t\u00dcnvan\t\t\t\t\t\t\t<\/label>\n\t\t\t\t\t\t\t\t<div class=\"elementor-field elementor-select-wrapper remove-before \">\n\t\t\t<div class=\"select-caret-down-wrapper\">\n\t\t\t\t<i aria-hidden=\"true\" class=\"eicon-caret-down\"><\/i>\t\t\t<\/div>\n\t\t\t<select name=\"form_fields[field_46ed8dd]\" id=\"form-field-field_46ed8dd\" class=\"elementor-field-textual elementor-size-sm\" required=\"required\">\n\t\t\t\t\t\t\t\t\t<option value=\"Se\u00e7iniz\">Se\u00e7iniz<\/option>\n\t\t\t\t\t\t\t\t\t<option value=\"Prof. Dr\">Prof. Dr<\/option>\n\t\t\t\t\t\t\t\t\t<option value=\"Do\u00e7. Dr.\">Do\u00e7. Dr.<\/option>\n\t\t\t\t\t\t\t\t\t<option value=\"Dr. \u00d6\u011fr. \u00dcyesi\">Dr. \u00d6\u011fr. \u00dcyesi<\/option>\n\t\t\t\t\t\t\t\t\t<option value=\"Ar\u015f. G\u00f6r.\">Ar\u015f. G\u00f6r.<\/option>\n\t\t\t\t\t\t\t\t\t<option value=\"\u00d6\u011fr. G\u00f6r.\">\u00d6\u011fr. G\u00f6r.<\/option>\n\t\t\t\t\t\t\t\t\t<option value=\"Di\u011fer\">Di\u011fer<\/option>\n\t\t\t\t\t\t\t\t\t<option value=\"\"><\/option>\n\t\t\t\t\t\t\t<\/select>\n\t\t<\/div>\n\t\t\t\t\t\t<\/div>\n\t\t\t\t\t\t\t\t<div class=\"elementor-field-type-text elementor-field-group elementor-column elementor-field-group-email elementor-col-100 elementor-field-required elementor-mark-required\">\n\t\t\t\t\t\t\t\t\t\t\t\t<label for=\"form-field-email\" class=\"elementor-field-label\">\n\t\t\t\t\t\t\t\tAd Soyad\t\t\t\t\t\t\t<\/label>\n\t\t\t\t\t\t\t\t\t\t\t\t\t\t<input size=\"1\" type=\"text\" name=\"form_fields[email]\" id=\"form-field-email\" class=\"elementor-field elementor-size-sm  elementor-field-textual\" required=\"required\">\n\t\t\t\t\t\t\t\t\t\t\t<\/div>\n\t\t\t\t\t\t\t\t<div class=\"elementor-field-type-email elementor-field-group elementor-column elementor-field-group-message elementor-col-100 elementor-field-required elementor-mark-required\">\n\t\t\t\t\t\t\t\t\t\t\t\t<label for=\"form-field-message\" class=\"elementor-field-label\">\n\t\t\t\t\t\t\t\tE-posta\t\t\t\t\t\t\t<\/label>\n\t\t\t\t\t\t\t\t\t\t\t\t\t\t<input size=\"1\" type=\"email\" name=\"form_fields[message]\" id=\"form-field-message\" class=\"elementor-field elementor-size-sm  elementor-field-textual\" required=\"required\">\n\t\t\t\t\t\t\t\t\t\t\t<\/div>\n\t\t\t\t\t\t\t\t<div class=\"elementor-field-type-tel elementor-field-group elementor-column elementor-field-group-field_25e010f elementor-col-100 elementor-field-required elementor-mark-required\">\n\t\t\t\t\t\t\t\t\t\t\t\t<label for=\"form-field-field_25e010f\" class=\"elementor-field-label\">\n\t\t\t\t\t\t\t\tTelefon No \t\t\t\t\t\t\t<\/label>\n\t\t\t\t\t\t\t\t<input size=\"1\" type=\"tel\" name=\"form_fields[field_25e010f]\" id=\"form-field-field_25e010f\" class=\"elementor-field elementor-size-sm  elementor-field-textual\" required=\"required\" pattern=\"[0-9()#&amp;+*-=.]+\" title=\"Only numbers and phone characters (#, -, *, etc) are accepted.\">\n\n\t\t\t\t\t\t<\/div>\n\t\t\t\t\t\t\t\t<div class=\"elementor-field-type-text elementor-field-group elementor-column elementor-field-group-field_5e9b6c1 elementor-col-100 elementor-field-required elementor-mark-required\">\n\t\t\t\t\t\t\t\t\t\t\t\t<label for=\"form-field-field_5e9b6c1\" class=\"elementor-field-label\">\n\t\t\t\t\t\t\t\tBirim\t\t\t\t\t\t\t<\/label>\n\t\t\t\t\t\t\t\t\t\t\t\t\t\t<input size=\"1\" type=\"text\" name=\"form_fields[field_5e9b6c1]\" id=\"form-field-field_5e9b6c1\" class=\"elementor-field elementor-size-sm  elementor-field-textual\" required=\"required\">\n\t\t\t\t\t\t\t\t\t\t\t<\/div>\n\t\t\t\t\t\t\t\t<div class=\"elementor-field-group elementor-column elementor-field-type-submit elementor-col-33 e-form__buttons\">\n\t\t\t\t\t<button class=\"elementor-button elementor-size-sm\" type=\"submit\">\n\t\t\t\t\t\t<span class=\"elementor-button-content-wrapper\">\n\t\t\t\t\t\t\t\t\t\t\t\t\t\t\t\t\t\t\t\t\t\t<span class=\"elementor-button-text\">G\u00d6NDER<\/span>\n\t\t\t\t\t\t\t\t\t\t\t\t\t<\/span>\n\t\t\t\t\t<\/button>\n\t\t\t\t<\/div>\n\t\t\t<\/div>\n\t\t<\/form>\n\t\t\t\t\t\t<\/div>\n\t\t\t\t<\/div>\n\t\t\t\t\t<\/div>\n\t\t<\/div>\n\t\t\t\t\t<\/div>\n\t\t<\/section>\n\t\t\t\t<\/div>\n\t\t","protected":false},"excerpt":{"rendered":"","protected":false},"author":471,"featured_media":0,"parent":0,"menu_order":0,"comment_status":"closed","ping_status":"closed","template":"","meta":{"footnotes":""},"class_list":["post-6466","page","type-page","status-publish","hentry"],"_links":{"self":[{"href":"https:\/\/atauni.edu.tr\/arastirma-metodolojisi-egitim-ve-uygulama-ofisi\/wp-json\/wp\/v2\/pages\/6466","targetHints":{"allow":["GET"]}}],"collection":[{"href":"https:\/\/atauni.edu.tr\/arastirma-metodolojisi-egitim-ve-uygulama-ofisi\/wp-json\/wp\/v2\/pages"}],"about":[{"href":"https:\/\/atauni.edu.tr\/arastirma-metodolojisi-egitim-ve-uygulama-ofisi\/wp-json\/wp\/v2\/types\/page"}],"author":[{"embeddable":true,"href":"https:\/\/atauni.edu.tr\/arastirma-metodolojisi-egitim-ve-uygulama-ofisi\/wp-json\/wp\/v2\/users\/471"}],"replies":[{"embeddable":true,"href":"https:\/\/atauni.edu.tr\/arastirma-metodolojisi-egitim-ve-uygulama-ofisi\/wp-json\/wp\/v2\/comments?post=6466"}],"version-history":[{"count":178,"href":"https:\/\/atauni.edu.tr\/arastirma-metodolojisi-egitim-ve-uygulama-ofisi\/wp-json\/wp\/v2\/pages\/6466\/revisions"}],"predecessor-version":[{"id":9787,"href":"https:\/\/atauni.edu.tr\/arastirma-metodolojisi-egitim-ve-uygulama-ofisi\/wp-json\/wp\/v2\/pages\/6466\/revisions\/9787"}],"wp:attachment":[{"href":"https:\/\/atauni.edu.tr\/arastirma-metodolojisi-egitim-ve-uygulama-ofisi\/wp-json\/wp\/v2\/media?parent=6466"}],"curies":[{"name":"wp","href":"https:\/\/api.w.org\/{rel}","templated":true}]}}