{"id":8360,"date":"2022-12-12T11:30:42","date_gmt":"2022-12-12T08:30:42","guid":{"rendered":"https:\/\/birimler.atauni.edu.tr\/arastirma-metodolojisi-egitim-ve-uygulama-ofisi\/?page_id=8360"},"modified":"2024-03-21T22:44:21","modified_gmt":"2024-03-21T19:44:21","slug":"calisma-gruplari","status":"publish","type":"page","link":"https:\/\/atauni.edu.tr\/arastirma-metodolojisi-egitim-ve-uygulama-ofisi\/calisma-gruplari\/","title":{"rendered":"\u00c7al\u0131\u015fma Gruplar\u0131"},"content":{"rendered":"\t\t<div data-elementor-type=\"wp-page\" data-elementor-id=\"8360\" class=\"elementor elementor-8360\" data-elementor-post-type=\"page\">\n\t\t\t\t\t\t<section class=\"elementor-section elementor-top-section elementor-element elementor-element-2c64b3b elementor-section-boxed elementor-section-height-default elementor-section-height-default\" data-id=\"2c64b3b\" data-element_type=\"section\">\n\t\t\t\t\t\t<div class=\"elementor-container elementor-column-gap-default\">\n\t\t\t\t\t<div class=\"elementor-column elementor-col-50 elementor-top-column elementor-element elementor-element-fd91130\" data-id=\"fd91130\" data-element_type=\"column\">\n\t\t\t<div class=\"elementor-widget-wrap elementor-element-populated\">\n\t\t\t\t\t\t<div class=\"elementor-element elementor-element-a3fceca elementor-widget elementor-widget-text-editor\" data-id=\"a3fceca\" data-element_type=\"widget\" data-widget_type=\"text-editor.default\">\n\t\t\t\t<div class=\"elementor-widget-container\">\n\t\t\t\t\t\t\t\t\t<h4>\u00c7al\u0131\u015fma Gruplar\u0131<\/h4>\n<p align=\"left\"><a href=\"https:\/\/birimler.atauni.edu.tr\/arastirma-metodolojisi-egitim-ve-uygulama-ofisi\/meta-analiz\/\">Meta Analiz<\/a><br class=\"blank\" \/><a href=\"https:\/\/birimler.atauni.edu.tr\/arastirma-metodolojisi-egitim-ve-uygulama-ofisi\/medyasyon-analizi\/\">Medyasyon Analizi (Mediation Analysis)<\/a><br class=\"blank\" \/><a href=\"https:\/\/birimler.atauni.edu.tr\/arastirma-metodolojisi-egitim-ve-uygulama-ofisi\/dogrusal-karisik-modelleme\/\">Do\u011frusal Kar\u0131\u015f\u0131k Modelleme (Linear Mixed Modelling)<\/a><br class=\"blank\" \/><a href=\"https:\/\/birimler.atauni.edu.tr\/arastirma-metodolojisi-egitim-ve-uygulama-ofisi\/zaman-serisi-analizi\/\">Zaman Serisi Analizi<\/a><br class=\"blank\" \/><a href=\"https:\/\/birimler.atauni.edu.tr\/arastirma-metodolojisi-egitim-ve-uygulama-ofisi\/panel-veri-analizi\/\">Panel Veri Analizi<\/a><br class=\"blank\" \/><a href=\"https:\/\/birimler.atauni.edu.tr\/arastirma-metodolojisi-egitim-ve-uygulama-ofisi\/strukturel-esitlik-modellemesi\/\">Str\u00fckt\u00fcrel E\u015fitlik Modellemesi (Structural Equation Modelling)<\/a><br class=\"blank\" \/><a href=\"https:\/\/birimler.atauni.edu.tr\/arastirma-metodolojisi-egitim-ve-uygulama-ofisi\/olcek-gelistirme-ve-uyarlama\/\">\u00d6l\u00e7ek Geli\u015ftirme ve Uyarlama<\/a><br class=\"blank\" \/><a href=\"https:\/\/birimler.atauni.edu.tr\/arastirma-metodolojisi-egitim-ve-uygulama-ofisi\/yoklama-dizayni-ve-analizi\/\">Yoklama Dizayn\u0131 ve Analizi (Survey Design and Analysis)<\/a><br class=\"blank\" \/><a href=\"https:\/\/birimler.atauni.edu.tr\/arastirma-metodolojisi-egitim-ve-uygulama-ofisi\/anket-dizayni\/\">Anket Dizayn\u0131 (Questionnaire Design)<\/a><br class=\"blank\" \/><a href=\"https:\/\/birimler.atauni.edu.tr\/arastirma-metodolojisi-egitim-ve-uygulama-ofisi\/boylamsal-veri-analizi\/\">Boylamsal Veri Analizi (Longitudinal Data Analysis)<\/a><br class=\"blank\" \/><a href=\"https:\/\/birimler.atauni.edu.tr\/arastirma-metodolojisi-egitim-ve-uygulama-ofisi\/yinelenen-olcumler-analizi\/\">Yinelenen \u00d6l\u00e7\u00fcmler Analizi (Repeated Measures Analysis)<\/a><br class=\"blank\" \/><a href=\"https:\/\/birimler.atauni.edu.tr\/arastirma-metodolojisi-egitim-ve-uygulama-ofisi\/cok-degiskeli-veri-analizi\/\">Bayes\u00e7i \u0130statistik<\/a><br class=\"blank\" \/><a href=\"https:\/\/birimler.atauni.edu.tr\/arastirma-metodolojisi-egitim-ve-uygulama-ofisi\/roc-analizi\/\">ROC Analizi<\/a><br class=\"blank\" \/><a href=\"https:\/\/birimler.atauni.edu.tr\/arastirma-metodolojisi-egitim-ve-uygulama-ofisi\/sagkalim-analizi\/\">Sa\u011fkal\u0131m Analizi<\/a><br class=\"blank\" \/><a href=\"https:\/\/birimler.atauni.edu.tr\/arastirma-metodolojisi-egitim-ve-uygulama-ofisi\/istatistiksel-kalite-kontrolu\/\">\u0130statistiksel Kalite Kontrol\u00fc<\/a><br class=\"blank\" \/><a href=\"https:\/\/birimler.atauni.edu.tr\/arastirma-metodolojisi-egitim-ve-uygulama-ofisi\/goruntu-isleme\/\">G\u00f6r\u00fcnt\u00fc \u0130\u015fleme<\/a><br class=\"blank\" \/><a href=\"https:\/\/birimler.atauni.edu.tr\/arastirma-metodolojisi-egitim-ve-uygulama-ofisi\/jamovi\/\">JAMOVI<\/a><br class=\"blank\" \/><a href=\"https:\/\/birimler.atauni.edu.tr\/arastirma-metodolojisi-egitim-ve-uygulama-ofisi\/r\/\">R<\/a><br class=\"blank\" \/><a href=\"https:\/\/birimler.atauni.edu.tr\/arastirma-metodolojisi-egitim-ve-uygulama-ofisi\/spss\/\">SPSS<\/a><br class=\"blank\" \/><a href=\"https:\/\/birimler.atauni.edu.tr\/arastirma-metodolojisi-egitim-ve-uygulama-ofisi\/ms-excel\/\">MS Excel<\/a><br class=\"blank\" \/><a href=\"https:\/\/birimler.atauni.edu.tr\/arastirma-metodolojisi-egitim-ve-uygulama-ofisi\/faktor-analizi\/\">Fakt\u00f6r Analizi<\/a><br class=\"blank\" \/><a href=\"https:\/\/birimler.atauni.edu.tr\/arastirma-metodolojisi-egitim-ve-uygulama-ofisi\/baslica-bilesenler-analizi-principle-components-analysis\/\">Ba\u015fl\u0131ca Bile\u015fenler Analizi (Principle Components Analysis)<\/a><br class=\"blank\" \/><a href=\"https:\/\/birimler.atauni.edu.tr\/arastirma-metodolojisi-egitim-ve-uygulama-ofisi\/dogrusal-regresyon-analizi\/\">Do\u011frusal Regresyon Analizi<\/a><br class=\"blank\" \/><a href=\"https:\/\/birimler.atauni.edu.tr\/arastirma-metodolojisi-egitim-ve-uygulama-ofisi\/lojistik-regresyon-analizi\/\">Lojistik Regresyon Analizi<\/a><br class=\"blank\" \/><a href=\"https:\/\/birimler.atauni.edu.tr\/arastirma-metodolojisi-egitim-ve-uygulama-ofisi\/diskriminant-analizi\/\">Diskriminant Analizi<\/a><br class=\"blank\" \/><a href=\"https:\/\/birimler.atauni.edu.tr\/arastirma-metodolojisi-egitim-ve-uygulama-ofisi\/varyans-analizi-anova\/\">Varyans Analizi (ANOVA)<\/a><br class=\"blank\" \/><a href=\"https:\/\/birimler.atauni.edu.tr\/arastirma-metodolojisi-egitim-ve-uygulama-ofisi\/cok-degiskeli-varyans-analizi-manova\/\">\u00c7ok-de\u011fi\u015fkeli Varyans Analizi (MANOVA)<\/a><br class=\"blank\" \/><a href=\"https:\/\/birimler.atauni.edu.tr\/arastirma-metodolojisi-egitim-ve-uygulama-ofisi\/obek-analizi-cluster-analysis\/\">\u00d6bek Analizi (Cluster Analysis)<\/a><br class=\"blank\" \/><a href=\"https:\/\/birimler.atauni.edu.tr\/arastirma-metodolojisi-egitim-ve-uygulama-ofisi\/kanonik-korelasyon-analizi\/\">Kanonik Korelasyon Analizi<\/a><br class=\"blank\" \/><a href=\"https:\/\/birimler.atauni.edu.tr\/arastirma-metodolojisi-egitim-ve-uygulama-ofisi\/konjoint-analizi\/\">Konjoint Analiz<\/a><br class=\"blank\" \/><a href=\"https:\/\/birimler.atauni.edu.tr\/arastirma-metodolojisi-egitim-ve-uygulama-ofisi\/korrespondence-analizi\/\">Korrespondans Analizi<\/a><br class=\"blank\" \/><a href=\"https:\/\/birimler.atauni.edu.tr\/arastirma-metodolojisi-egitim-ve-uygulama-ofisi\/cok-boyutlu-olceklendirme-multidimensional-scaling\/\">\u00c7ok-boyutlu \u00d6l\u00e7eklendirme (Multidimensional Scaling)<\/a><br class=\"blank\" \/><a href=\"https:\/\/birimler.atauni.edu.tr\/arastirma-metodolojisi-egitim-ve-uygulama-ofisi\/korelasyon-analizi\/\">Korelasyon Analizi<\/a><br class=\"blank\" \/><a href=\"https:\/\/birimler.atauni.edu.tr\/arastirma-metodolojisi-egitim-ve-uygulama-ofisi\/log-linear-modeller\/\">Log-linear Modeller<\/a><br class=\"blank\" \/><a href=\"https:\/\/birimler.atauni.edu.tr\/arastirma-metodolojisi-egitim-ve-uygulama-ofisi\/path-analizi\/\">Path Analizi<\/a><br class=\"blank\" \/><a href=\"https:\/\/birimler.atauni.edu.tr\/arastirma-metodolojisi-egitim-ve-uygulama-ofisi\/ornek-hacmi-hesaplama-guc-ve-isabetlilik\/\">\u00d6rnek Hacmi Hesaplama, G\u00fc\u00e7 ve \u0130sabetlilik<\/a><br class=\"blank\" \/><a href=\"https:\/\/birimler.atauni.edu.tr\/arastirma-metodolojisi-egitim-ve-uygulama-ofisi\/kayip-veri-analizi\/\">Kay\u0131p Veri Analizi<\/a><br class=\"blank\" \/><a href=\"https:\/\/birimler.atauni.edu.tr\/arastirma-metodolojisi-egitim-ve-uygulama-ofisi\/...\/\">&#8230;<\/a><br class=\"blank\" \/><a href=\"https:\/\/birimler.atauni.edu.tr\/arastirma-metodolojisi-egitim-ve-uygulama-ofisi\/...\/\">&#8230;<\/a><br class=\"blank\" \/><a href=\"https:\/\/birimler.atauni.edu.tr\/arastirma-metodolojisi-egitim-ve-uygulama-ofisi\/...\/\">&#8230;<\/a><br class=\"blank\" \/><a href=\"https:\/\/birimler.atauni.edu.tr\/arastirma-metodolojisi-egitim-ve-uygulama-ofisi\/...\/\">&#8230;<\/a><br class=\"blank\" \/><a href=\"https:\/\/birimler.atauni.edu.tr\/arastirma-metodolojisi-egitim-ve-uygulama-ofisi\/...\/\">&#8230;<\/a><br class=\"blank\" \/><a href=\"https:\/\/birimler.atauni.edu.tr\/arastirma-metodolojisi-egitim-ve-uygulama-ofisi\/...\/\">&#8230;<\/a><\/p>\t\t\t\t\t\t\t\t<\/div>\n\t\t\t\t<\/div>\n\t\t\t\t\t<\/div>\n\t\t<\/div>\n\t\t\t\t<div class=\"elementor-column elementor-col-50 elementor-top-column elementor-element elementor-element-d2fb7bc\" data-id=\"d2fb7bc\" data-element_type=\"column\">\n\t\t\t<div class=\"elementor-widget-wrap elementor-element-populated\">\n\t\t\t\t\t\t<div class=\"elementor-element elementor-element-f80649b elementor-widget elementor-widget-text-editor\" data-id=\"f80649b\" data-element_type=\"widget\" data-widget_type=\"text-editor.default\">\n\t\t\t\t<div class=\"elementor-widget-container\">\n\t\t\t\t\t\t\t\t\t<h4>\u00a0<\/h4><p align=\"left\"><a href=\"https:\/\/birimler.atauni.edu.tr\/arastirma-metodolojisi-egitim-ve-uygulama-ofisi\/arastirma-metodolojileri\/\">Ara\u015ft\u0131rma Metodolojileri<\/a><br class=\"blank\" \/><a href=\"https:\/\/birimler.atauni.edu.tr\/arastirma-metodolojisi-egitim-ve-uygulama-ofisi\/vaka-ogrenme-calismasi\/\">Vaka \u00d6\u011frenme-\u00e7al\u0131\u015fmas\u0131 (Case Study)<\/a><br class=\"blank\" \/><a href=\"https:\/\/birimler.atauni.edu.tr\/arastirma-metodolojisi-egitim-ve-uygulama-ofisi\/sistematik-derleme\/\">Sistematik Derleme<\/a><br class=\"blank\" \/><a href=\"https:\/\/birimler.atauni.edu.tr\/arastirma-metodolojisi-egitim-ve-uygulama-ofisi\/meta-sentez\/\">Meta Sentez<\/a><br class=\"blank\" \/><a href=\"https:\/\/birimler.atauni.edu.tr\/arastirma-metodolojisi-egitim-ve-uygulama-ofisi\/bibliyometrik-analiz\/\">Bibliyometrik Analiz<\/a><br class=\"blank\" \/><a href=\"https:\/\/birimler.atauni.edu.tr\/arastirma-metodolojisi-egitim-ve-uygulama-ofisi\/karisik-metodoloji\/\">Kar\u0131\u015f\u0131k Metodoloji (Mixed Methodology)<\/a><br class=\"blank\" \/><a href=\"https:\/\/birimler.atauni.edu.tr\/arastirma-metodolojisi-egitim-ve-uygulama-ofisi\/grounded-teori\/\">Grounded Teori<\/a><br class=\"blank\" \/><a href=\"https:\/\/birimler.atauni.edu.tr\/arastirma-metodolojisi-egitim-ve-uygulama-ofisi\/icerik-analizi\/\">\u0130\u00e7erik Analizi (Content Analysis)<\/a><br class=\"blank\" \/><a href=\"https:\/\/birimler.atauni.edu.tr\/arastirma-metodolojisi-egitim-ve-uygulama-ofisi\/soylem-analizi\/\">S\u00f6ylem Analizi (Discourse Analysis)<\/a><br class=\"blank\" \/><a href=\"https:\/\/birimler.atauni.edu.tr\/arastirma-metodolojisi-egitim-ve-uygulama-ofisi\/fenomenolojik-arastirma\/\">Fenomenolojik Ara\u015ft\u0131rma<\/a><br class=\"blank\" \/><a href=\"https:\/\/birimler.atauni.edu.tr\/arastirma-metodolojisi-egitim-ve-uygulama-ofisi\/etnografik-arastirma\/\">Etnografik Ara\u015ft\u0131rma<\/a><br class=\"blank\" \/><a href=\"https:\/\/birimler.atauni.edu.tr\/arastirma-metodolojisi-egitim-ve-uygulama-ofisi\/nvivo\/\">NVIVO<\/a><br class=\"blank\" \/><a href=\"https:\/\/birimler.atauni.edu.tr\/arastirma-metodolojisi-egitim-ve-uygulama-ofisi\/maxqda\/\">MAXQDA<\/a><\/p>\t\t\t\t\t\t\t\t<\/div>\n\t\t\t\t<\/div>\n\t\t\t\t\t<\/div>\n\t\t<\/div>\n\t\t\t\t\t<\/div>\n\t\t<\/section>\n\t\t\t\t<\/div>\n\t\t","protected":false},"excerpt":{"rendered":"<p>\u00c7al\u0131\u015fma Gruplar\u0131 Meta AnalizMedyasyon Analizi (Mediation Analysis)Do\u011frusal Kar\u0131\u015f\u0131k Modelleme (Linear Mixed Modelling)Zaman Serisi AnaliziPanel Veri AnaliziStr\u00fckt\u00fcrel E\u015fitlik Modellemesi (Structural Equation Modelling)\u00d6l\u00e7ek Geli\u015ftirme ve UyarlamaYoklama Dizayn\u0131 ve Analizi (Survey Design and Analysis)Anket Dizayn\u0131 (Questionnaire Design)Boylamsal Veri Analizi (Longitudinal Data Analysis)Yinelenen \u00d6l\u00e7\u00fcmler Analizi (Repeated Measures Analysis)Bayes\u00e7i \u0130statistikROC AnaliziSa\u011fkal\u0131m Analizi\u0130statistiksel Kalite Kontrol\u00fcG\u00f6r\u00fcnt\u00fc \u0130\u015flemeJAMOVIRSPSSMS ExcelFakt\u00f6r AnaliziBa\u015fl\u0131ca Bile\u015fenler Analizi (Principle [&hellip;]<\/p>\n","protected":false},"author":471,"featured_media":0,"parent":0,"menu_order":0,"comment_status":"closed","ping_status":"closed","template":"elementor_header_footer","meta":{"footnotes":""},"class_list":["post-8360","page","type-page","status-publish","hentry"],"_links":{"self":[{"href":"https:\/\/atauni.edu.tr\/arastirma-metodolojisi-egitim-ve-uygulama-ofisi\/wp-json\/wp\/v2\/pages\/8360","targetHints":{"allow":["GET"]}}],"collection":[{"href":"https:\/\/atauni.edu.tr\/arastirma-metodolojisi-egitim-ve-uygulama-ofisi\/wp-json\/wp\/v2\/pages"}],"about":[{"href":"https:\/\/atauni.edu.tr\/arastirma-metodolojisi-egitim-ve-uygulama-ofisi\/wp-json\/wp\/v2\/types\/page"}],"author":[{"embeddable":true,"href":"https:\/\/atauni.edu.tr\/arastirma-metodolojisi-egitim-ve-uygulama-ofisi\/wp-json\/wp\/v2\/users\/471"}],"replies":[{"embeddable":true,"href":"https:\/\/atauni.edu.tr\/arastirma-metodolojisi-egitim-ve-uygulama-ofisi\/wp-json\/wp\/v2\/comments?post=8360"}],"version-history":[{"count":351,"href":"https:\/\/atauni.edu.tr\/arastirma-metodolojisi-egitim-ve-uygulama-ofisi\/wp-json\/wp\/v2\/pages\/8360\/revisions"}],"predecessor-version":[{"id":9648,"href":"https:\/\/atauni.edu.tr\/arastirma-metodolojisi-egitim-ve-uygulama-ofisi\/wp-json\/wp\/v2\/pages\/8360\/revisions\/9648"}],"wp:attachment":[{"href":"https:\/\/atauni.edu.tr\/arastirma-metodolojisi-egitim-ve-uygulama-ofisi\/wp-json\/wp\/v2\/media?parent=8360"}],"curies":[{"name":"wp","href":"https:\/\/api.w.org\/{rel}","templated":true}]}}