{"id":9741,"date":"2024-04-26T10:51:11","date_gmt":"2024-04-26T07:51:11","guid":{"rendered":"https:\/\/birimler.atauni.edu.tr\/arastirma-metodolojisi-egitim-ve-uygulama-ofisi\/?page_id=9741"},"modified":"2024-04-26T11:00:44","modified_gmt":"2024-04-26T08:00:44","slug":"tez-danismani-onay-formu","status":"publish","type":"page","link":"https:\/\/atauni.edu.tr\/arastirma-metodolojisi-egitim-ve-uygulama-ofisi\/tez-danismani-onay-formu\/","title":{"rendered":"Tez Dan\u0131\u015fman\u0131 Onay Formu"},"content":{"rendered":"\t\t<div data-elementor-type=\"wp-page\" data-elementor-id=\"9741\" class=\"elementor elementor-9741\" data-elementor-post-type=\"page\">\n\t\t\t\t\t\t<section class=\"elementor-section elementor-top-section elementor-element elementor-element-a0f2286 elementor-section-boxed elementor-section-height-default elementor-section-height-default\" data-id=\"a0f2286\" data-element_type=\"section\">\n\t\t\t\t\t\t<div class=\"elementor-container elementor-column-gap-default\">\n\t\t\t\t\t<div class=\"elementor-column elementor-col-100 elementor-top-column elementor-element elementor-element-7ddb0d8\" data-id=\"7ddb0d8\" data-element_type=\"column\">\n\t\t\t<div class=\"elementor-widget-wrap elementor-element-populated\">\n\t\t\t\t\t\t<div class=\"elementor-element elementor-element-e3ce5c1 elementor-widget elementor-widget-text-editor\" data-id=\"e3ce5c1\" data-element_type=\"widget\" data-widget_type=\"text-editor.default\">\n\t\t\t\t<div class=\"elementor-widget-container\">\n\t\t\t\t\t\t\t\t\t<p><a href=\"https:\/\/birimler.atauni.edu.tr\/arastirma-metodolojisi-egitim-ve-uygulama-ofisi\/wp-content\/uploads\/sites\/474\/2020\/07\/Form.F-Tez.Danismani.Onay_.Formu_.docx\">Tez Dan\u0131\u015fman\u0131 Onay Formu<\/a><\/p>\t\t\t\t\t\t\t\t<\/div>\n\t\t\t\t<\/div>\n\t\t\t\t\t<\/div>\n\t\t<\/div>\n\t\t\t\t\t<\/div>\n\t\t<\/section>\n\t\t\t\t<\/div>\n\t\t","protected":false},"excerpt":{"rendered":"<p>Tez Dan\u0131\u015fman\u0131 Onay Formu<\/p>\n","protected":false},"author":471,"featured_media":0,"parent":0,"menu_order":0,"comment_status":"closed","ping_status":"closed","template":"","meta":{"footnotes":""},"class_list":["post-9741","page","type-page","status-publish","hentry"],"_links":{"self":[{"href":"https:\/\/atauni.edu.tr\/arastirma-metodolojisi-egitim-ve-uygulama-ofisi\/wp-json\/wp\/v2\/pages\/9741","targetHints":{"allow":["GET"]}}],"collection":[{"href":"https:\/\/atauni.edu.tr\/arastirma-metodolojisi-egitim-ve-uygulama-ofisi\/wp-json\/wp\/v2\/pages"}],"about":[{"href":"https:\/\/atauni.edu.tr\/arastirma-metodolojisi-egitim-ve-uygulama-ofisi\/wp-json\/wp\/v2\/types\/page"}],"author":[{"embeddable":true,"href":"https:\/\/atauni.edu.tr\/arastirma-metodolojisi-egitim-ve-uygulama-ofisi\/wp-json\/wp\/v2\/users\/471"}],"replies":[{"embeddable":true,"href":"https:\/\/atauni.edu.tr\/arastirma-metodolojisi-egitim-ve-uygulama-ofisi\/wp-json\/wp\/v2\/comments?post=9741"}],"version-history":[{"count":7,"href":"https:\/\/atauni.edu.tr\/arastirma-metodolojisi-egitim-ve-uygulama-ofisi\/wp-json\/wp\/v2\/pages\/9741\/revisions"}],"predecessor-version":[{"id":9753,"href":"https:\/\/atauni.edu.tr\/arastirma-metodolojisi-egitim-ve-uygulama-ofisi\/wp-json\/wp\/v2\/pages\/9741\/revisions\/9753"}],"wp:attachment":[{"href":"https:\/\/atauni.edu.tr\/arastirma-metodolojisi-egitim-ve-uygulama-ofisi\/wp-json\/wp\/v2\/media?parent=9741"}],"curies":[{"name":"wp","href":"https:\/\/api.w.org\/{rel}","templated":true}]}}