{"id":9827,"date":"2024-09-06T17:34:54","date_gmt":"2024-09-06T14:34:54","guid":{"rendered":"https:\/\/birimler.atauni.edu.tr\/arastirma-metodolojisi-egitim-ve-uygulama-ofisi\/?page_id=9827"},"modified":"2025-01-27T14:15:35","modified_gmt":"2025-01-27T11:15:35","slug":"yonerge","status":"publish","type":"page","link":"https:\/\/atauni.edu.tr\/arastirma-metodolojisi-egitim-ve-uygulama-ofisi\/yonerge\/","title":{"rendered":"Y\u00f6nerge"},"content":{"rendered":"\t\t<div data-elementor-type=\"wp-page\" data-elementor-id=\"9827\" class=\"elementor elementor-9827\" data-elementor-post-type=\"page\">\n\t\t\t\t\t\t<section class=\"elementor-section elementor-top-section elementor-element elementor-element-6ca9bd7 elementor-section-height-min-height elementor-section-boxed elementor-section-height-default elementor-section-items-middle\" data-id=\"6ca9bd7\" data-element_type=\"section\">\n\t\t\t\t\t\t<div class=\"elementor-container elementor-column-gap-default\">\n\t\t\t\t\t<div class=\"elementor-column elementor-col-100 elementor-top-column elementor-element elementor-element-427d8d8\" data-id=\"427d8d8\" data-element_type=\"column\">\n\t\t\t<div class=\"elementor-widget-wrap elementor-element-populated\">\n\t\t\t\t\t\t<div class=\"elementor-element elementor-element-417e366 elementor-widget elementor-widget-heading\" data-id=\"417e366\" data-element_type=\"widget\" data-widget_type=\"heading.default\">\n\t\t\t\t<div class=\"elementor-widget-container\">\n\t\t\t\t\t<h2 class=\"elementor-heading-title elementor-size-default\"><p style=\"margin-bottom: 2rem;line-height: inherit;font-family: Ubuntu, sans-serif;font-size: 14px;font-weight: 400\"><span style=\"font-weight: bolder\">ATAT\u00dcRK \u00dcN\u0130VERS\u0130TES\u0130<\/span><\/p><p style=\"margin-bottom: 2rem;line-height: inherit;font-family: Ubuntu, sans-serif;font-size: 14px;font-weight: 400\"><span style=\"letter-spacing: 0px;font-weight: bolder\">ARA\u015eTIRMA METODOLOJ\u0130S\u0130 E\u011e\u0130T\u0130M VE UYGULAMA OF\u0130S\u0130 Y\u00d6NERGES\u0130<\/span><span style=\"font-family: Roboto, sans-serif;font-size: 2rem;letter-spacing: 0px\"><\/span><\/p><\/h2>\t\t\t\t<\/div>\n\t\t\t\t<\/div>\n\t\t\t\t\t<\/div>\n\t\t<\/div>\n\t\t\t\t\t<\/div>\n\t\t<\/section>\n\t\t\t\t<section class=\"elementor-section elementor-top-section elementor-element elementor-element-1dc9cb8 elementor-section-boxed elementor-section-height-default elementor-section-height-default\" data-id=\"1dc9cb8\" data-element_type=\"section\">\n\t\t\t\t\t\t<div class=\"elementor-container elementor-column-gap-default\">\n\t\t\t\t\t<div class=\"elementor-column elementor-col-100 elementor-top-column elementor-element elementor-element-9abfc2c\" data-id=\"9abfc2c\" data-element_type=\"column\">\n\t\t\t<div class=\"elementor-widget-wrap elementor-element-populated\">\n\t\t\t\t\t\t<div class=\"elementor-element elementor-element-6141447 elementor-widget elementor-widget-text-editor\" data-id=\"6141447\" data-element_type=\"widget\" data-widget_type=\"text-editor.default\">\n\t\t\t\t<div class=\"elementor-widget-container\">\n\t\t\t\t\t\t\t\t\t<p>\u00a0<\/p><p><strong style=\"color: var( --e-global-color-text );font-family: var( --e-global-typography-text-font-family ), Sans-serif;font-size: var( --e-global-typography-text-font-size );letter-spacing: 0px\">B\u0130R\u0130NC\u0130 B\u00d6L\u00dcM<\/strong><\/p><p><strong>Ama\u00e7, Kapsam, Dayanak ve Tan\u0131mlar<\/strong><\/p><p><strong>AMA\u00c7<\/strong><\/p><p><strong>MADDE 1 <\/strong>Bu Y\u00f6nerge, Atat\u00fcrk \u00dcniversitesi Rekt\u00f6rl\u00fc\u011f\u00fcne ba\u011fl\u0131, <strong>Ara\u015ft\u0131rma Metodolojisi E\u011fitim ve Uygulama Ofisi<\/strong>\u2019nin faaliyet alanlar\u0131n\u0131, ama\u00e7lar\u0131n\u0131, y\u00f6netim organlar\u0131n\u0131n \u00e7al\u0131\u015fma \u015fekillerini, g\u00f6rev, yetki ve sorumluluklar\u0131na ili\u015fkin esaslar\u0131 d\u00fczenlemek amac\u0131yla haz\u0131rlanm\u0131\u015ft\u0131r.<\/p><p><strong>KAPSAM<\/strong><\/p><p><strong>MADDE 2 <\/strong>Bu Y\u00f6nerge, Atat\u00fcrk \u00dcniversitesi Rekt\u00f6rl\u00fc\u011f\u00fcne ba\u011fl\u0131 <strong>Ara\u015ft\u0131rma Metodolojisi E\u011fitim ve Uygulama Ofisi<\/strong>\u2019nin \u00f6rg\u00fctlenme \u015feklini faaliyet alanlar\u0131n\u0131, g\u00f6revlilerin yetki ve sorumluluklar\u0131na ili\u015fkin h\u00fck\u00fcmleri ve Atat\u00fcrk \u00dcniversitesi birim \/ \u00f6\u011fretim elemanlar\u0131n\u0131 kapsar.<\/p><p><strong>DAYANAK<\/strong><\/p><p><strong>MADDE 3 <\/strong>Bu Y\u00f6nerge, a\u015fa\u011f\u0131da belirtilen mevzuat ve konuya ili\u015fkin olarak Atat\u00fcrk \u00dcniversitesi taraf\u0131ndan haz\u0131rlanan ilgili Y\u00f6nergelerde yer alan esaslara dayan\u0131larak haz\u0131rlanm\u0131\u015ft\u0131r.<\/p><p><span style=\"color: var( --e-global-color-text );font-family: var( --e-global-typography-text-font-family ), Sans-serif;font-size: var( --e-global-typography-text-font-size );font-weight: var( --e-global-typography-text-font-weight );letter-spacing: 0px\">a) 2547 Say\u0131l\u0131 Y\u00fcksek\u00f6\u011fretim Kanunu<\/span><\/p><p><span style=\"color: var( --e-global-color-text );font-family: var( --e-global-typography-text-font-family ), Sans-serif;font-size: var( --e-global-typography-text-font-size );font-weight: var( --e-global-typography-text-font-weight );letter-spacing: 0px\">b) 2809 Say\u0131l\u0131 Y\u00fcksek\u00f6\u011fretim Kurumlar\u0131 Te\u015fkilat\u0131 Kanunu<\/span><\/p><p><span style=\"color: var( --e-global-color-text );font-family: var( --e-global-typography-text-font-family ), Sans-serif;font-size: var( --e-global-typography-text-font-size );font-weight: var( --e-global-typography-text-font-weight );letter-spacing: 0px\">c) 5018 Say\u0131l\u0131 Kamu Mali Y\u00f6netimi ve Kontrol\u00fc Kanunu<\/span><\/p><p><strong>TANIMLAR<\/strong><\/p><p><strong>MADDE 4 <\/strong>Bu Y\u00f6nergede ge\u00e7en kavramlar\u0131n tan\u0131mlar\u0131 a\u015fa\u011f\u0131da belirtilmi\u015ftir;<\/p><p><strong>\u00dcniversite: <\/strong>Atat\u00fcrk \u00dcniversitesini,<\/p><p><strong>Rekt\u00f6r: <\/strong>Atat\u00fcrk \u00dcniversitesi Rekt\u00f6r\u00fcn\u00fc,<\/p><p><strong>Rekt\u00f6r Yard\u0131mc\u0131s\u0131: <\/strong>Atat\u00fcrk \u00dcniversitesi, <strong>Ara\u015ft\u0131rma Metodolojisi E\u011fitim ve Uygulama Ofisi<\/strong>\u2018nden sorumlu Rekt\u00f6r Yard\u0131mc\u0131s\u0131n\u0131,<\/p><p><strong>Birim:<\/strong> Atat\u00fcrk \u00dcniversitesine ba\u011fl\u0131 Fak\u00fclte, Enstit\u00fc, Y\u00fcksekokul, Meslek Y\u00fcksekokulu, Ara\u015ft\u0131rma ve Uygulama Merkezlerini,<\/p><p><strong>Y\u00f6netim Kurulu: <\/strong>Atat\u00fcrk \u00dcniversitesi Y\u00f6netim Kurulunu,<\/p><p><strong>Senato: <\/strong>Atat\u00fcrk \u00dcniversitesi Senatosunu,<\/p><p><strong>Dekan: <\/strong>Atat\u00fcrk \u00dcniversitesi Fak\u00fclte Dekanlar\u0131n\u0131,<\/p><p><strong>M\u00fcd\u00fcr: <\/strong>Enstit\u00fc, Y\u00fcksekokul, Meslek Y\u00fcksekokulu, Ara\u015ft\u0131rma ve Uygulama Merkez M\u00fcd\u00fcrlerini,<\/p><p><strong>Ara\u015ft\u0131rma Ofisi: <\/strong>Atat\u00fcrk \u00dcniversitesi <strong>Ara\u015ft\u0131rma Metodolojisi E\u011fitim ve Uygulama Ofisi<\/strong>\u2019ni,<\/p><p><strong>Ara\u015ft\u0131rma Ofisi Hizmet Birimi: <\/strong>Atat\u00fcrk \u00dcniversitesi <strong>Ara\u015ft\u0131rma Metodolojisi E\u011fitim ve Uygulama Ofisi<\/strong> Hizmet Birimini,<\/p><p><strong>Koordinat\u00f6r (Ba\u015fkan): Ara\u015ft\u0131rma Metodolojisi E\u011fitim ve Uygulama<\/strong> Ofisi Koordinat\u00f6r\u00fcn\u00fc,<\/p><p><strong>Koordinat\u00f6r Yard\u0131mc\u0131s\u0131 (Ba\u015fkan Yard\u0131mc\u0131s\u0131): Ara\u015ft\u0131rma Metodolojisi E\u011fitim ve Uygulama Ofisi<\/strong> Koordinat\u00f6r Yard\u0131mc\u0131s\u0131n\u0131,<\/p><p><strong>Dan\u0131\u015fmanlar Kurulu: Ara\u015ft\u0131rma Metodolojisi E\u011fitim ve Uygulama Ofisi<\/strong>\u2019nde tam veya yar\u0131 zamanl\u0131 g\u00f6revlendirilmi\u015f \u00f6\u011fretim \u00fcyelerini,<\/p><p><strong>Temsilciler Kurulu: Ara\u015ft\u0131rma Metodolojisi E\u011fitim ve Uygulama Ofisi\u2019<\/strong>nde Atat\u00fcrk \u00dcniversitesi birimlerini temsil eden \u00f6\u011fretim elemanlar\u0131n\u0131,<\/p><p><strong>Ara\u015ft\u0131rma G\u00f6revlileri:<\/strong> <strong>Ara\u015ft\u0131rma Metodolojisi E\u011fitim ve Uygulama Ofisi<\/strong> nde tam veya yar\u0131 zamanl\u0131 g\u00f6revlendirilmi\u015f ara\u015ft\u0131rma g\u00f6revlilerini,<\/p><p><strong>Ara\u015ft\u0131rma Uzmanlar\u0131: Ara\u015ft\u0131rma Metodolojisi E\u011fitim ve Uygulama Ofisi<\/strong>\u2019nde \u00e7al\u0131\u015fan uzmanlar\u0131,<\/p><p><strong>Ara\u015ft\u0131rmac\u0131:<\/strong> Y\u00fcr\u00fctt\u00fc\u011f\u00fc bilimsel ara\u015ft\u0131rma i\u00e7in, <strong>Ara\u015ft\u0131rma Metodolojisi E\u011fitim ve Uygulama Ofisi\u2019<\/strong>nden metodolojik dan\u0131\u015fmanl\u0131k talep eden Atat\u00fcrk \u00dcniversitesi \u00f6\u011fretim elemanlar\u0131n\u0131 ve lisans\u00fcst\u00fc \u00f6\u011frencilerini,<\/p><p><strong>Dan\u0131\u015fman: <\/strong>Bilimsel ara\u015ft\u0131rmalara metodolojik dan\u0131\u015fmanl\u0131k sa\u011flayacak \u00f6\u011fretim elemanlar\u0131n\u0131,<\/p><p><strong>Ara\u015ft\u0131rma: <\/strong>\u00dcniversite i\u00e7i ve\/veya d\u0131\u015f\u0131 ulusal ve\/veya uluslararas\u0131 kurum yada kurulu\u015flarca fonlanan, sonu\u00e7lar\u0131n\u0131n alan\u0131nda evrensel ve ulusal \u00f6l\u00e7\u00fclerde bilime, \u00fclkenin ve\/veya b\u00f6lgenin end\u00fcstriyel, ekonomik, sosyal ve k\u00fclt\u00fcrel kalk\u0131nmas\u0131na katk\u0131 sa\u011flamas\u0131 beklenen bilimsel \u00f6\u011frenme-\u00e7al\u0131\u015fmalar\u0131n\u0131\u00a0<span style=\"color: var( --e-global-color-text );font-family: var( --e-global-typography-text-font-family ), Sans-serif;font-size: var( --e-global-typography-text-font-size );font-weight: var( --e-global-typography-text-font-weight );letter-spacing: 0px\">ifade eder.<\/span><\/p><p><strong>\u0130K\u0130NC\u0130 B\u00d6L\u00dcM<\/strong><\/p><p><strong>Ara\u015ft\u0131rma Metodolojisi E\u011fitim ve Uygulama Ofisi\u2019nin G\u00f6rev ve \u00c7al\u0131\u015fma Alanlar\u0131<\/strong><\/p><p><strong>MADDE 5 Ara\u015ft\u0131rma Metodolojisi E\u011fitim ve Uygulama Ofisi<\/strong>\u2019nin g\u00f6rev ve \u00e7al\u0131\u015fma alanlar\u0131;<\/p><p>\u00dcniversitede ara\u015ft\u0131rma k\u00fclt\u00fcr\u00fcn\u00fc g\u00fcncelle\u015ftirerek geli\u015ftirmek, bilimsel metodun \u00f6\u011frenme-\u00e7al\u0131\u015fmalar\u0131na do\u011fru uygulanmas\u0131n\u0131 sa\u011flamak suretiyle bilimsel niteli\u011fi y\u00fcksek ara\u015ft\u0131rmalar\u0131n say\u0131s\u0131n\u0131 art\u0131rmak amac\u0131yla \u00f6\u011fretim elemanlar\u0131n\u0131 ve lisans\u00fcst\u00fc \u00f6\u011frencilerini hedef alan faaliyetlerde bulunmak,<\/p><p>\u00d6\u011fretim elemanlar\u0131na ve lisans\u00fcst\u00fc \u00f6\u011frencilere, bilimsel ara\u015ft\u0131rmalar\u0131nda, a\u015fa\u011f\u0131daki hususlarda dan\u0131\u015fmanl\u0131k yapmak:<\/p><ul><li>Ara\u015ft\u0131rma dizayn\u0131 (deneyler ve yoklamalar), \u00f6rnekleme dizayn\u0131, anket dizayn\u0131 ve veri toplama metodolojisi,<\/li><li>Veri giri\u015fi ve veri idaresi,<\/li><li>\u0130statistiksel modelleme,<\/li><li>Veri analizi,<\/li><li>Analiz sonu\u00e7lar\u0131n\u0131n interpretasyonu,<\/li><li>Raporlama<\/li><\/ul><p>\u00d6\u011fretim elemanlar\u0131n\u0131n ve lisans\u00fcst\u00fc \u00f6\u011frencilerin proje teklifleri ve dergilere sunduklar\u0131 ara\u015ft\u0131rma makalelerinde edit\u00f6r ve hakem s\u00fcre\u00e7lerinde metodolojik dan\u0131\u015fmanl\u0131k yapmak.<\/p><p>\u0130statistiksel d\u00fc\u015f\u00fcnmenin ve istatistiksel ak\u0131l y\u00fcr\u00fctmenin \u00f6\u011fretim elemanlar\u0131 ve lisans\u00fcst\u00fc \u00f6\u011frenciler aras\u0131nda yayg\u0131nla\u015fmas\u0131n\u0131 ve daha iyi anla\u015f\u0131lmas\u0131n\u0131 ve istatistiksel tekniklerin daha iyi kullan\u0131labilmesini sa\u011flamak amac\u0131yla e\u011fitim faaliyetleri d\u00fczenlemek,<\/p><p>Kamu kurumlar\u0131na ve \u00f6zel kurulu\u015flara, yap\u0131lacak protokoller kapsam\u0131nda yukar\u0131da an\u0131lan hizmetleri sunmak.<\/p><p><strong>\u00dc\u00c7\u00dcNC\u00dc B\u00d6L\u00dcM<\/strong><\/p><p><strong>Ara\u015ft\u0131rma Metodolojisi E\u011fitim ve Uygulama Ofisi Y\u00f6netimi, Organlar\u0131, G\u00f6rev, Yetki ve Sorumluluklar\u0131<\/strong><\/p><p><strong>Y\u00d6NET\u0130M VE \u00d6RG\u00dcT<\/strong><\/p><p><strong>MADDE 6 Ara\u015ft\u0131rma Metodolojisi E\u011fitim ve Uygulama Ofisi<\/strong>\u2019nin organlar\u0131; Rekt\u00f6r Yard\u0131mc\u0131s\u0131, Ba\u015fkan, Ba\u015fkan Yard\u0131mc\u0131s\u0131, Kurullar, Komisyonlar, Birimler ve Dan\u0131\u015fma Gruplar\u0131ndan olu\u015fur.<\/p><p><strong>REKT\u00d6R YARDIMCISI<\/strong><\/p><p><strong>MADDE 7 <\/strong>Atat\u00fcrk \u00dcniversitesi, <strong>Ara\u015ft\u0131rma Metodolojisi E\u011fitim ve Uygulama Ofisi<\/strong>\u2019nden sorumlu Rekt\u00f6r Yard\u0131mc\u0131s\u0131n\u0131 ifade eder<\/p><p><strong>REKT\u00d6R YARDIMCISI\u2019NIN G\u00d6REVLER\u0130<\/strong><\/p><p><strong>MADDE 8 Rekt\u00f6r Yard\u0131mc\u0131s\u0131; Ara\u015ft\u0131rma Metodolojisi E\u011fitim ve Uygulama Ofisi<\/strong>\u2019nin faaliyetleri ve resmi yaz\u0131\u015fmalar\u0131ndan sorumludur.<\/p><p><strong>KOORD\u0130NAT\u00d6R\/BA\u015eKAN<\/strong><\/p><p><strong>MADDE 9 Ba\u015fkan;<\/strong>\u00a0Ara\u015ft\u0131rma metodolojisi e\u011fitimi ve dan\u0131\u015fmanl\u0131\u011f\u0131 deneyimine sahip ve \u00fcniversitemizde \u0130statistik B\u00f6l\u00fcm\u00fc veya Uygulamal\u0131 \u0130statistik anabilim dallar\u0131ndan birisinde tam zamanl\u0131 g\u00f6rev yapan \u00f6\u011fretim \u00fcyeleri aras\u0131ndan Rekt\u00f6r taraf\u0131ndan d\u00f6rt y\u0131l i\u00e7in g\u00f6revlendirilir. S\u00fcresi biten Ba\u015fkan yeniden g\u00f6revlendirilebilir. <strong>Ara\u015ft\u0131rma Metodolojisi E\u011fitim ve Uygulama Ofisi<\/strong>\u2019nin \u00e7al\u0131\u015fmalar\u0131ndan Rekt\u00f6re kar\u015f\u0131 sorumludur.<\/p><p><strong>KOORD\u0130NAT\u00d6R\/BA\u015eKANIN G\u00d6REVLER\u0130<\/strong><\/p><p><strong>MADDE 10 <\/strong>Ba\u015fkan\u0131n g\u00f6revleri \u015funlard\u0131r;<\/p><p><strong>Ara\u015ft\u0131rma Metodolojisi E\u011fitim ve Uygulama Ofisi<\/strong>\u2019ni temsil ve ilgili kurullara ba\u015fkanl\u0131k etmek,<\/p><p><strong>Ara\u015ft\u0131rma Metodolojisi E\u011fitim ve Uygulama Ofisi<\/strong>\u2019nin \u00e7al\u0131\u015fmalar\u0131n\u0131 d\u00fczenlemek, kurullar\u0131n, ara\u015ft\u0131rma g\u00f6revlilerinin, ara\u015ft\u0131rma uzmanlar\u0131n\u0131n ve idari personelin d\u00fczenli ve etkin \u00e7al\u0131\u015fmas\u0131n\u0131 sa\u011flamak,<\/p><p><strong>Ara\u015ft\u0131rma Metodolojisi E\u011fitim ve Uygulama Ofisi<\/strong> Kurullar\u0131n\u0131n g\u00fcndemini haz\u0131rlamak, toplant\u0131ya \u00e7a\u011f\u0131rmak,<\/p><p><strong>Ara\u015ft\u0131rma Metodolojisi E\u011fitim ve Uygulama Ofisi<\/strong> y\u0131ll\u0131k faaliyet raporu ve bir sonraki y\u0131la ait y\u0131ll\u0131k \u00e7al\u0131\u015fma program\u0131n\u0131 haz\u0131rlamak ve Rekt\u00f6r\u2019\u00fcn onay\u0131na sunmak.<\/p><p><strong>KOORD\u0130NAT\u00d6R YARDIMCISI \/ BA\u015eKAN YARDIMCISI<\/strong><\/p><p><strong>MADDE 11 Ba\u015fkan Yard\u0131mc\u0131s\u0131;<\/strong>\u00a0<strong>Ara\u015ft\u0131rma Metodolojisi E\u011fitim ve Uygulama Ofisi<\/strong> Ba\u015fkan\u0131\u2019n\u0131n \u00f6nerisi \u00fczerine Rekt\u00f6r taraf\u0131ndan <strong>Ara\u015ft\u0131rma Metodolojisi E\u011fitim ve Uygulama Ofisi<\/strong> \u00e7al\u0131\u015fmalar\u0131na yard\u0131mc\u0131 olmak \u00fczere, \u00f6\u011fretim \u00fcyeleri aras\u0131ndan en fazla iki \u00f6\u011fretim \u00fcyesi ba\u015fkan yard\u0131mc\u0131s\u0131 olarak d\u00f6rt y\u0131l i\u00e7in g\u00f6revlendirilir.\u00a0 Ba\u015fkan g\u00f6revde bulunmad\u0131\u011f\u0131 zamanlarda kendisine yard\u0131mc\u0131lardan birisi vek\u00e2let eder. Vek\u00e2let s\u00fcresi alt\u0131 ay\u0131 a\u015ft\u0131\u011f\u0131 takdirde yeni bir Ba\u015fkan g\u00f6revlendirilir. Ba\u015fkan\u0131n g\u00f6rev s\u00fcresinin dolmas\u0131 veya herhangi bir sebeple g\u00f6revinden ayr\u0131lmas\u0131 halinde Ba\u015fkan Yard\u0131mc\u0131s\u0131n\u0131n da g\u00f6revi sona erer.<\/p><p><strong>KOORD\u0130NAT\u00d6R YARDIMCISI\/BA\u015eKAN YARDIMCISININ G\u00d6REVLER\u0130<\/strong><\/p><p><strong>MADDE 12<\/strong><\/p><p>Koordinat\u00f6r\/Ba\u015fkan taraf\u0131ndan yap\u0131lan i\u015f b\u00f6l\u00fcm\u00fcne uygun olarak verilen g\u00f6revleri y\u00fcr\u00fctmek,<\/p><p>Koordinat\u00f6r\u00fcn\/Ba\u015fkan\u0131n g\u00f6revde bulunmad\u0131\u011f\u0131 zamanlarda Koordinat\u00f6rl\u00fck\/Ba\u015fkanl\u0131k g\u00f6revini vek\u00e2leten y\u00fcr\u00fctmek<\/p><p><strong>KURULLAR<\/strong><\/p><p><strong>MADDE 13<\/strong> Kurullar\u0131n \u00e7al\u0131\u015fmas\u0131nda a\u015fa\u011f\u0131daki ilkelere uyulur;<\/p><p>Ara\u015ft\u0131rma metodolojisi dan\u0131\u015fmanl\u0131\u011f\u0131 ve e\u011fitimi \u00e7al\u0131\u015fmalar\u0131n\u0131 i\u015f b\u00f6l\u00fcm\u00fc \u00e7er\u00e7evesinde y\u00fcr\u00fctmek \u00fczere Ba\u015fkan\u2019\u0131n \u00f6nerisi ve Rekt\u00f6r\u2019\u00fcn onay\u0131 ile ofisin \u00e7al\u0131\u015fma alanlar\u0131nda dan\u0131\u015fma ve e\u011fitim komisyonlar\u0131, birimleri ve gruplar\u0131 kurulabilir.<\/p><p>Ofisin akademik, teknik ve idari personel ihtiyac\u0131, usul\u00fcne g\u00f6re, Rekt\u00f6rl\u00fck\u00e7e tahsis edilecek kadrolar ile s\u00f6zle\u015fmeli personel atama esaslar\u0131na g\u00f6re sa\u011flanacak kadrolar veya 2547 say\u0131l\u0131 Kanunun maddesi gere\u011fi Rekt\u00f6r taraf\u0131ndan g\u00f6revlendirilecek elemanlarla kar\u015f\u0131lan\u0131r.<\/p><p>Ofiste gerekli sekretarya, saymanl\u0131k, terc\u00fcmanl\u0131k, hukuki dan\u0131\u015fmanl\u0131k, dan\u0131\u015fmanl\u0131k ve uzmanl\u0131k i\u00e7in uygun niteliklere sahip ve say\u0131da \u00fcniversite elemanlar\u0131 g\u00f6revlendirilebilir.<\/p><p><strong>DANI\u015eMANLAR KURULU<\/strong><\/p><p><strong>MADDE 14<\/strong> Dan\u0131\u015fmanlar Kurulu \u00fcyeleri, \u00f6ncelikle \u0130statistik B\u00f6l\u00fcm\u00fcnde ve\/veya Uygulamal\u0131 \u0130statistik Anabilim Dallar\u0131nda g\u00f6revli \u00f6\u011fretim \u00fcyeleri aras\u0131ndan veya di\u011fer b\u00f6l\u00fcm veya anabilim dallar\u0131nda g\u00f6rev yapmakla beraber SCI, SSCI Expanded, AHCI Arts, Educational Index, API (Architectural Publication Index), AI (Art Index), DAII (Desing and Applied Arts Index) d\u00e2hilindeki dergilerde yay\u0131n\u0131, yay\u0131nlar\u0131na at\u0131f\u0131 olan \u00f6\u011fretim \u00fcyeleri aras\u0131ndan Ba\u015fkan\u0131n \u00f6nerisi \u00fczerine Rekt\u00f6r taraf\u0131ndan iki y\u0131l i\u00e7in g\u00f6revlendirilen en az 7 \u00fcyeden olu\u015fur. Ba\u015fkan ve Ba\u015fkan yard\u0131mc\u0131lar\u0131 bu kurulun do\u011fal \u00fcyesidir. G\u00f6rev s\u00fcresi dolan \u00fcye yeniden g\u00f6revlendirilebilir. G\u00f6rev s\u00fcresi dolmadan g\u00f6revden ayr\u0131lan \u00fcyenin yerine yeni bir \u00fcye g\u00f6revlendirilir.<\/p><p>Dan\u0131\u015fmanlar Kurulu, Ba\u015fkan\u0131n daveti \u00fczerine toplan\u0131r.<\/p><p><strong>DANI\u015eMANLAR KURULUNUN G\u00d6REVLER\u0130<\/strong><\/p><p><strong>Madde 15<\/strong><\/p><p>Dan\u0131\u015fmanlar Kurulu,<\/p><p><strong>Ara\u015ft\u0131rma Metodolojisi E\u011fitim ve Uygulama Ofisinde y\u00fcr\u00fct\u00fclen<\/strong> ara\u015ft\u0131rma metodolojisi e\u011fitimi ve uygulamas\u0131 \u00e7al\u0131\u015fmalar\u0131na destek sa\u011flamak,<\/p><p>Bu y\u00f6nergenin 5. maddesinde yer alan, <strong>Ara\u015ft\u0131rma Metodolojisi E\u011fitim ve Uygulama Ofisi\u2019nin g\u00f6revlerini yerine getirmesine ve \u00e7al\u0131\u015fmalar\u0131n\u0131 yapmas\u0131na katk\u0131 sa\u011flamak, <\/strong><\/p><p>Ba\u015fkan\u0131n haz\u0131rlayaca\u011f\u0131 y\u0131ll\u0131k \u00e7al\u0131\u015fma raporunu de\u011ferlendirmek ve de\u011ferlendirme sonu\u00e7lar\u0131n\u0131 rapor halinde Rekt\u00f6rl\u00fc\u011fe sunmak,<\/p><p>g\u00f6revlerini y\u00fcr\u00fctmekle y\u00fck\u00fcml\u00fcd\u00fcr.<\/p><p><strong>TEMS\u0130LC\u0130LER KURULU<\/strong><\/p><p><strong>MADDE 16 <\/strong><\/p><p>Temsilciler Kurulu;<\/p><p>Ara\u015ft\u0131rma Ofisinden sorumlu Rekt\u00f6r Yard\u0131mc\u0131s\u0131, Ba\u015fkan ve Ba\u015fkan Yard\u0131mc\u0131s\u0131 taraf\u0131ndan \u00f6nerilerek Rekt\u00f6r taraf\u0131ndan iki y\u0131l s\u00fcreyle g\u00f6revlendirilen, SCI, SSCI Expanded, AHCI Arts, Educational Index, API (Architectural Publication Index), AI (Art Index), DAII (Desing and Applied Arts Index) d\u00e2hilindeki dergilerde yay\u0131n\u0131, yay\u0131nlar\u0131na at\u0131f\u0131 olan \u00f6\u011fretim \u00fcyelerinden olu\u015fur. Temsilciler Kurulu \u00fcyeleri Dekan ve M\u00fcd\u00fcrleri ile i\u015fbirli\u011fi i\u00e7erisinde faaliyetleri y\u00fcr\u00fct\u00fcrler.<\/p><p><strong>TEMS\u0130LC\u0130LER KURULUNUN G\u00d6REVLER\u0130<\/strong><\/p><p><strong>MADDE 17 <\/strong><\/p><p>Dan\u0131\u015fmanlar kurulunun \u00f6nerileri do\u011frultusunda birimlerindeki bilim insanlar\u0131n\u0131 Ara\u015ft\u0131rma Ofisi ile ba\u011flant\u0131 kurmaya \u00a0te\u015fvik eder.<\/p><p>Ara\u015ft\u0131rma Ofisinin faaliyetlerine ili\u015fkin bilgileri etkin bir \u015fekilde birimlerine duyurur.<\/p><p>Ara\u015ft\u0131rma Ofisi\u2019nin faaliyetlerine ili\u015fkin birimde bilgilendirme toplant\u0131lar\u0131 yapar.<\/p><p>Birimlerden gelen g\u00f6r\u00fc\u015fleri Ara\u015ft\u0131rma Ofisiyle payla\u015f\u0131r.<\/p><p><strong>ARA\u015eTIRMA OF\u0130S\u0130 H\u0130ZMET B\u0130R\u0130M\u0130<\/strong><\/p><p><strong>MADDE 18 <\/strong>Ba\u015fkan ve Ba\u015fkan Yard\u0131mc\u0131s\u0131 taraf\u0131ndan, Ara\u015ft\u0131rma Ofisinin faaliyet alan\u0131 kapsam\u0131nda verilecek g\u00f6rev ve sorumluluklar\u0131 yerine getiren ara\u015ft\u0131rma g\u00f6revlileri ve uzmanlardan olu\u015fur.<\/p><p><strong>ARA\u015eTIRMA OF\u0130S\u0130 H\u0130ZMET B\u0130R\u0130M\u0130N\u0130N G\u00d6REVLER\u0130<\/strong><\/p><p><strong>MADDE 19 <\/strong><\/p><p>Ara\u015ft\u0131rma Ofisi\u2019nin faaliyetleri kapsam\u0131ndaki yaz\u0131\u015fmalar\u0131 y\u00fcr\u00fct\u00fcr.<\/p><p>Ara\u015ft\u0131rma Ofisi Web-sitesi bilgilerini g\u00fcncelleyerek bilim insanlar\u0131na gerekli duyurular\u0131 yapar.<\/p><p>Ba\u015fkan ve Ba\u015fkan Yard\u0131mc\u0131s\u0131 taraf\u0131ndan, Ara\u015ft\u0131rma Ofisi\u2019nin faaliyet alan\u0131 kapsam\u0131nda verilecek g\u00f6rev ve sorumluluklar\u0131 yerine getirir.<\/p><p>\u00dcniversitenin \u00f6\u011fretim elemanlar\u0131 ve lisans\u00fcst\u00fc \u00f6\u011frencilerine ait dan\u0131\u015fmanl\u0131k taleplerinin y\u00f6netimi s\u00fcreci Ara\u015ft\u0131rma Hizmet Birimi taraf\u0131ndan y\u00fcr\u00fct\u00fcl\u00fcr.<\/p><p>Dan\u0131\u015fmanl\u0131k taleplerinin uygun bir fomatta al\u0131nmas\u0131, \u00f6n de\u011ferlendirme yap\u0131lmas\u0131, konunun uzman\u0131 dan\u0131\u015fmanlara iletilmesi, g\u00f6r\u00fc\u015fme zamanlar\u0131n\u0131n ayarlanmas\u0131, sonu\u00e7lar\u0131n iletilmesi bu birimin g\u00f6revidir.<\/p><p>Y\u0131ll\u0131k faaliyet raporunun haz\u0131rlanmas\u0131nda g\u00f6rev al\u0131r.<\/p><p><strong>D\u00d6RD\u00dcNC\u00dc B\u00d6L\u00dcM <\/strong><\/p><p><strong>Son H\u00fck\u00fcmler<\/strong><\/p><p><strong>H\u00dcK\u00dcM BULUNMAYAN HALLER<\/strong><\/p><p><strong>MADDE 20 <\/strong>Y\u00f6nergede h\u00fck\u00fcm bulunmamas\u0131 halinde 2547 say\u0131l\u0131 Y\u00fcksek\u00f6\u011fretim Kanunu, Atat\u00fcrk \u00dcniversitesi y\u00f6nergeleri, Atat\u00fcrk \u00dcniversitesi Y\u00f6netim Kurulu kararlar\u0131 ve ilgili faaliyeti ilgilendiren mevzuat ve s\u00f6zle\u015fmedeki esaslar uygulan\u0131r.<\/p><p><strong>Y\u00dcR\u00dcRL\u00dcK<\/strong><\/p><p><strong>MADDE 21 <\/strong>Bu Y\u00f6nerge Atat\u00fcrk \u00dcniversitesi Senatosu\u2019nun onaylad\u0131\u011f\u0131 tarihten itibaren y\u00fcr\u00fcrl\u00fc\u011fe girer.<\/p><p><strong>Y\u00dcR\u00dcTME<\/strong><\/p><p><strong>MADDE 22 <\/strong>Bu Y\u00f6nerge h\u00fck\u00fcmlerini Atat\u00fcrk \u00dcniversitesi Rekt\u00f6r\u00fc y\u00fcr\u00fct\u00fcr.<\/p>\t\t\t\t\t\t\t\t<\/div>\n\t\t\t\t<\/div>\n\t\t\t\t\t<\/div>\n\t\t<\/div>\n\t\t\t\t\t<\/div>\n\t\t<\/section>\n\t\t\t\t<\/div>\n\t\t","protected":false},"excerpt":{"rendered":"<p>ATAT\u00dcRK \u00dcN\u0130VERS\u0130TES\u0130 ARA\u015eTIRMA METODOLOJ\u0130S\u0130 E\u011e\u0130T\u0130M VE UYGULAMA OF\u0130S\u0130 Y\u00d6NERGES\u0130 \u00a0 B\u0130R\u0130NC\u0130 B\u00d6L\u00dcM Ama\u00e7, Kapsam, Dayanak ve Tan\u0131mlar AMA\u00c7 MADDE 1 Bu Y\u00f6nerge, Atat\u00fcrk \u00dcniversitesi Rekt\u00f6rl\u00fc\u011f\u00fcne ba\u011fl\u0131, Ara\u015ft\u0131rma Metodolojisi E\u011fitim ve Uygulama Ofisi\u2019nin faaliyet alanlar\u0131n\u0131, ama\u00e7lar\u0131n\u0131, y\u00f6netim organlar\u0131n\u0131n \u00e7al\u0131\u015fma \u015fekillerini, g\u00f6rev, yetki ve sorumluluklar\u0131na ili\u015fkin esaslar\u0131 d\u00fczenlemek amac\u0131yla haz\u0131rlanm\u0131\u015ft\u0131r. KAPSAM MADDE 2 Bu Y\u00f6nerge, Atat\u00fcrk \u00dcniversitesi [&hellip;]<\/p>\n","protected":false},"author":471,"featured_media":0,"parent":0,"menu_order":0,"comment_status":"closed","ping_status":"closed","template":"","meta":{"footnotes":""},"class_list":["post-9827","page","type-page","status-publish","hentry"],"_links":{"self":[{"href":"https:\/\/atauni.edu.tr\/arastirma-metodolojisi-egitim-ve-uygulama-ofisi\/wp-json\/wp\/v2\/pages\/9827","targetHints":{"allow":["GET"]}}],"collection":[{"href":"https:\/\/atauni.edu.tr\/arastirma-metodolojisi-egitim-ve-uygulama-ofisi\/wp-json\/wp\/v2\/pages"}],"about":[{"href":"https:\/\/atauni.edu.tr\/arastirma-metodolojisi-egitim-ve-uygulama-ofisi\/wp-json\/wp\/v2\/types\/page"}],"author":[{"embeddable":true,"href":"https:\/\/atauni.edu.tr\/arastirma-metodolojisi-egitim-ve-uygulama-ofisi\/wp-json\/wp\/v2\/users\/471"}],"replies":[{"embeddable":true,"href":"https:\/\/atauni.edu.tr\/arastirma-metodolojisi-egitim-ve-uygulama-ofisi\/wp-json\/wp\/v2\/comments?post=9827"}],"version-history":[{"count":34,"href":"https:\/\/atauni.edu.tr\/arastirma-metodolojisi-egitim-ve-uygulama-ofisi\/wp-json\/wp\/v2\/pages\/9827\/revisions"}],"predecessor-version":[{"id":9890,"href":"https:\/\/atauni.edu.tr\/arastirma-metodolojisi-egitim-ve-uygulama-ofisi\/wp-json\/wp\/v2\/pages\/9827\/revisions\/9890"}],"wp:attachment":[{"href":"https:\/\/atauni.edu.tr\/arastirma-metodolojisi-egitim-ve-uygulama-ofisi\/wp-json\/wp\/v2\/media?parent=9827"}],"curies":[{"name":"wp","href":"https:\/\/api.w.org\/{rel}","templated":true}]}}