{"id":5638,"date":"2021-07-13T09:49:25","date_gmt":"2021-07-13T06:49:25","guid":{"rendered":"https:\/\/portaltest.atauni.edu.tr\/bilgisayar-muhendisligi\/?page_id=5638"},"modified":"2024-11-19T20:21:24","modified_gmt":"2024-11-19T17:21:24","slug":"tarihce","status":"publish","type":"page","link":"https:\/\/atauni.edu.tr\/arkeoloji\/tarihce\/","title":{"rendered":"Tarih\u00e7e"},"content":{"rendered":"\t\t<div data-elementor-type=\"wp-page\" data-elementor-id=\"5638\" class=\"elementor elementor-5638\" data-elementor-post-type=\"page\">\n\t\t\t\t\t\t<section class=\"elementor-section elementor-top-section elementor-element elementor-element-730d320 elementor-section-boxed elementor-section-height-default elementor-section-height-default\" data-id=\"730d320\" data-element_type=\"section\">\n\t\t\t\t\t\t<div class=\"elementor-container elementor-column-gap-default\">\n\t\t\t\t\t<div class=\"elementor-column elementor-col-100 elementor-top-column elementor-element elementor-element-753d0860\" data-id=\"753d0860\" data-element_type=\"column\">\n\t\t\t<div class=\"elementor-widget-wrap\">\n\t\t\t\t\t\t\t<\/div>\n\t\t<\/div>\n\t\t\t\t\t<\/div>\n\t\t<\/section>\n\t\t\t\t<section class=\"elementor-section elementor-top-section elementor-element elementor-element-9be811a elementor-section-boxed elementor-section-height-default elementor-section-height-default\" data-id=\"9be811a\" data-element_type=\"section\">\n\t\t\t\t\t\t<div class=\"elementor-container elementor-column-gap-default\">\n\t\t\t\t\t<div class=\"elementor-column elementor-col-100 elementor-top-column elementor-element elementor-element-1ed847b7\" data-id=\"1ed847b7\" data-element_type=\"column\">\n\t\t\t<div class=\"elementor-widget-wrap elementor-element-populated\">\n\t\t\t\t\t\t<div class=\"elementor-element elementor-element-4ce0d07f elementor-widget elementor-widget-heading\" data-id=\"4ce0d07f\" data-element_type=\"widget\" data-widget_type=\"heading.default\">\n\t\t\t\t<div class=\"elementor-widget-container\">\n\t\t\t\t\t<h2 class=\"elementor-heading-title elementor-size-default\">Tarih\u00e7e<\/h2>\t\t\t\t<\/div>\n\t\t\t\t<\/div>\n\t\t\t\t<div class=\"elementor-element elementor-element-63260862 elementor-widget-divider--view-line elementor-widget elementor-widget-divider\" data-id=\"63260862\" data-element_type=\"widget\" data-widget_type=\"divider.default\">\n\t\t\t\t<div class=\"elementor-widget-container\">\n\t\t\t\t\t\t\t<div class=\"elementor-divider\">\n\t\t\t<span class=\"elementor-divider-separator\">\n\t\t\t\t\t\t<\/span>\n\t\t<\/div>\n\t\t\t\t\t\t<\/div>\n\t\t\t\t<\/div>\n\t\t\t\t\t<\/div>\n\t\t<\/div>\n\t\t\t\t\t<\/div>\n\t\t<\/section>\n\t\t\t\t<section class=\"elementor-section elementor-top-section elementor-element elementor-element-681db8b elementor-section-boxed elementor-section-height-default elementor-section-height-default\" data-id=\"681db8b\" data-element_type=\"section\">\n\t\t\t\t\t\t<div class=\"elementor-container elementor-column-gap-default\">\n\t\t\t\t\t<div class=\"elementor-column elementor-col-100 elementor-top-column elementor-element elementor-element-ad4dac5\" data-id=\"ad4dac5\" data-element_type=\"column\">\n\t\t\t<div class=\"elementor-widget-wrap elementor-element-populated\">\n\t\t\t\t\t\t<div class=\"elementor-element elementor-element-2f96b3d elementor-widget elementor-widget-text-editor\" data-id=\"2f96b3d\" data-element_type=\"widget\" data-widget_type=\"text-editor.default\">\n\t\t\t\t<div class=\"elementor-widget-container\">\n\t\t\t\t\t\t\t\t\t<p>&#8211; Arkeoloji B\u00f6l\u00fcm\u00fc T\u00fcrkiye\u2019de Ankara \u00dcniversitesi ve \u0130stanbul \u00dcniversitesi, Arkeoloji B\u00f6l\u00fcmlerinden sonra 1973 tarihinde kurulan 3. B\u00f6l\u00fcmd\u00fcr. T\u00fcrk Arkeolojisine farkl\u0131 bir bak\u0131\u015f a\u00e7\u0131s\u0131 getiren B\u00f6l\u00fcm\u00fcn kurucular\u0131 Almanya\u2019da Klasik Arkeoloji program\u0131nda doktoralar\u0131n\u0131 tamamlayarak Erzurum Atat\u00fcrk \u00dcniversitesine tayin olunan Dr. Fahri I\u015eIK, Dr. Tomris BAKIR,&nbsp; Dr. G\u00fcven&nbsp; BAKIR,&nbsp; Dr. Abdullah YAYLALI ve Dr. Hayat ERKANAL\u2019la birlikte B\u00f6l\u00fcm Ba\u015fkan\u0131 Sanat Tarih\u00e7i Do\u00e7. Dr. Rahmi H\u00fcseyin \u00dcNAL\u2019\u0131n y\u00f6netiminde Arkeoloji b\u00f6l\u00fcm\u00fcn\u00fcn temelleri at\u0131l\u0131r.&nbsp;<span style=\"letter-spacing: 0px\">\u0130lk mezunlar\u0131n\u0131 1978 &#8211; 1979 y\u0131l\u0131nda veren arkeoloji B\u00f6l\u00fcm\u00fc ilk asistanlar\u0131 ayn\u0131 b\u00f6l\u00fcmden mezun olan Mehmet KARAOSMANO\u011eLU ve Nurettin KO\u00c7HAN 1980 y\u0131l\u0131nda g\u00f6revlerine ba\u015flarlar. B\u00f6l\u00fcm de Do\u00e7. Dr. Fahri I\u015f\u0131k Dr. Abdullah YAYLALI Ar\u015f. G\u00f6r. Mehmet KARAOSMANO\u011eLU ve&nbsp; Ar\u015f. G\u00f6r. Nurettin KO\u00c7HAN\u2019la birlikte b\u00f6l\u00fcm dersleri y\u00fcr\u00fct\u00fcl\u00fcr. B\u00f6l\u00fcm\u00fcn ertesi y\u0131l mezunlar\u0131ndan Cevat BA\u015eARAN\u2019da 1981 y\u0131l\u0131nda Ar\u015f. G\u00f6r. olarak g\u00f6reve ba\u015flar.<\/span><\/p>\n<p>&#8211; 1982-1983 e\u011fitim \u00f6\u011fretim y\u0131l\u0131nda Y\u00d6K Karar\u0131yla Arkeoloji ve Sanat Tarihi B\u00f6l\u00fcmleri Anabilim Dal\u0131 baz\u0131nda birle\u015ftirilince 1981 y\u0131l\u0131nda Prof. Dr. kadrosuna atanan Fahri I\u015eIK Arkeoloji ve Sanat Tarihi B\u00f6l\u00fcm Ba\u015fkan\u0131 olur.&nbsp;<span style=\"letter-spacing: 0px\">1999 y\u0131l\u0131na kadar \u201cArkeoloji ve Sanat Tarihi B\u00f6l\u00fcm\u00fc\u201d i\u00e7erisinde Anabilim Dal\u0131 olarak varl\u0131\u011f\u0131n\u0131 devam ettirir, bu tarihten sonra Anabilim Dallar\u0131 ayr\u0131l\u0131r. B\u00f6l\u00fcm\u00fcm\u00fcz bug\u00fcne dek bir\u00e7ok Arkeolog yeti\u015ftirerek g\u00f6revini aral\u0131ks\u0131z s\u00fcrd\u00fcrmektedir.<\/span><\/p>\n<p>&#8211; T\u00fcrk Arkeolojisi\u2019nin kurumsalla\u015fmas\u0131nda Erzurum Arkeoloji k\u00f6kenli Akademik \u00e7al\u0131\u015fma yapanlar\u0131n rol\u00fc de b\u00fcy\u00fckt\u00fcr. Di\u011fer yandan ilk d\u00f6nemi izleyen s\u00fcrecin mezunlar\u0131 aras\u0131ndan \u00e7ok say\u0131da ki\u015fi akademik yolu tercih ederek bu g\u00fcn, ba\u015fta B\u00f6l\u00fcm\u00fcm\u00fcz olmak \u00fczere, \u00fclkemizin 30\u2019u a\u015fk\u0131n \u00fcniversitesindeki Arkeoloji b\u00f6l\u00fcmlerinde kurucu veya \u00f6\u011fretim \u00fcyesi olarak g\u00f6rev yapmaktad\u0131rlar.&nbsp;<\/p>\n<p>&#8211; Arkeoloji B\u00f6l\u00fcm\u00fc bir taraftan e\u011fitime h\u0131z verirken di\u011fer yandan da \u00f6nemli arkeolojik kaz\u0131 ve y\u00fczey ara\u015ft\u0131rmas\u0131 projelerini de y\u00fcr\u00fctmeye ba\u015flar. Anadolu ve \u00e7evresindeki ge\u00e7mi\u015fi binlerce y\u0131l \u00f6nceye giden k\u00fclt\u00fcrel miras\u0131 tan\u0131mak, tan\u0131tmak ve bu kapsamda nitelikli yay\u0131nlar yaparak bilimsel faaliyet alan\u0131nda \u00fcniversitemizin \u00fcst s\u0131ralara y\u00fckselmesine katk\u0131da bulunmakt\u0131r.<\/p>\n<p>&#8211; Atat\u00fcrk \u00dcniversitesi Edebiyat Fak\u00fcltesi Arkeoloji B\u00f6l\u00fcm\u00fc olarak faaliyetlerimiz yaln\u0131z akademik anlamda de\u011fil, arazi \u00e7al\u0131\u015fmalar\u0131na da y\u00f6neliktir.&nbsp;<span style=\"letter-spacing: 0px\">Bug\u00fcn i\u00e7in Atat\u00fcrk \u00dcniversitesi Arkeoloji B\u00f6l\u00fcm\u00fc geli\u015fimini tamamlam\u0131\u015f, gen\u00e7-dinamik akademik kadrosu, yeni arkeolojik kaz\u0131 ve projeleri ile gelece\u011fe g\u00fcvenle bakmaktad\u0131r.&nbsp; 2020 y\u0131l\u0131 T.C. K\u00fclt\u00fcr ve Turizm Bakanl\u0131\u011f\u0131 ve Atat\u00fcrk \u00dcniversitesi ad\u0131na bilimsel kaz\u0131 projesini Prof. Dr. Mehmet I\u015f\u0131kl\u0131 ve ekibi Van-Ayanis Kaz\u0131s\u0131n\u0131; Prof. Dr. Ali Yal\u00e7\u0131n Tavuk\u00e7u Ayd\u0131n-\u00c7ine-Alabanda Antik Kenti Kaz\u0131lar\u0131n\u0131 Do\u00e7. Dr. Zerrin Ayd\u0131n Tavuk\u00e7u,&nbsp; Do\u00e7. Dr. Mesut&nbsp; Ceylan ve Ar\u015f. G\u00f6r. Ay\u015fe Avli ile y\u00fcr\u00fctmektedirler. 2021 y\u0131l\u0131ndan itibaren Erzurum \u00d6mertepe K\u00f6y\u00fc&#8217;nde yer alan Pulur H\u00f6y\u00fck Kaz\u0131 \u00e7al\u0131\u015fmalar\u0131 Do\u00e7. Dr. Rabia Akarsu&#8217;nun ba\u015fkanl\u0131\u011f\u0131nda s\u00fcrd\u00fcr\u00fclmektedir.<\/span><\/p>\n<p>&#8211; Di\u011fer \u00fcniversitelerin projelerinde yer alan b\u00f6l\u00fcmden Do\u00e7. Dr. Hasan Kasapo\u011flu ve Dr. \u00d6\u011fr. \u00dcyesi B\u00fc\u015fra Elif Kasapo\u011flu,&nbsp; 19 May\u0131s \u00dcniversitesi Fen Edebiyat Fak\u00fcltesi Arkeoloji B\u00f6l\u00fcm\u00fc \u00f6\u011fretim \u00fcyesi Prof. Dr. Vedat Kele\u015f\u2019in ba\u015fkanl\u0131\u011f\u0131n\u0131 y\u00fcr\u00fctt\u00fc\u011f\u00fc, \u00c7anakkale Parion Antik Kenti kaz\u0131 projesinde yer almaktad\u0131rlar.<\/p>\n<p>&#8211; Ba\u015flang\u0131\u00e7tan beri B\u00f6l\u00fcm mezunlar\u0131 \u00f6zellikle T\u00fcrk Arkeolojisi\u2019nin kurumsalla\u015fmas\u0131nda ilgili birimlerde g\u00f6rev alarak \u00f6nemli katk\u0131lar sa\u011flam\u0131\u015flard\u0131r. Bu durum devam eden s\u00fcre\u00e7te de ayn\u0131 \u015fekilde s\u00fcrd\u00fcr\u00fclmektedir. Bu s\u00fcrecin sonucu olarak bu g\u00fcn \u00fclkemizin hemen her m\u00fczesinde veya K\u00fclt\u00fcr ve Turizm Bakanl\u0131\u011f\u0131, K\u00fclt\u00fcr Varl\u0131klar\u0131 ve M\u00fczeler Genel M\u00fcd\u00fcrl\u00fc\u011f\u00fc\u2019n\u00fcn birimlerinde Erzurum Arkeoloji mezunu arkeologlar g\u00f6rev yapmaktad\u0131rlar.<\/p>\n<p>&#8211; Uluslararas\u0131 standartlarda Arkeoloji e\u011fitimi vererek disiplinler aras\u0131 \u00e7al\u0131\u015fmalarla ad\u0131n\u0131 t\u00fcm d\u00fcnyaya duyurmay\u0131 hedefleyen bir b\u00f6l\u00fcm\u00fcz. Meslekle ilgili konular\u0131 de\u011ferlendirirken do\u011fruyu ara\u015ft\u0131ran, sorgulayan ve sistematik d\u00fc\u015f\u00fcnme ve analiz yapabilme becerisi kazanm\u0131\u015f nitelikli arkeologlar yeti\u015ftirip d\u00fcn oldu\u011fu gibi bug\u00fcn de uluslararas\u0131 anlamda Atat\u00fcrk \u00dcniversitesi -Arkeoloji B\u00f6l\u00fcm\u00fc ad\u0131n\u0131 ya\u015fatmakt\u0131r. <strong><em>&nbsp;<\/em><\/strong><\/p>\n<p>&#8211; B\u00f6l\u00fcm\u00fcm\u00fczde 2024-2025 E\u011fitim-\u00d6\u011fretim Y\u0131l\u0131 itibariyle 5 Profes\u00f6r, 6 Do\u00e7ent, 2 Dr. \u00d6\u011fr. \u00dcyesi ve 2 Ara\u015ft\u0131rma G\u00f6revlisi bulunmaktad\u0131r.<\/p>\t\t\t\t\t\t\t\t<\/div>\n\t\t\t\t<\/div>\n\t\t\t\t\t<\/div>\n\t\t<\/div>\n\t\t\t\t\t<\/div>\n\t\t<\/section>\n\t\t\t\t<\/div>\n\t\t","protected":false},"excerpt":{"rendered":"<p>Tarih\u00e7e &#8211; Arkeoloji B\u00f6l\u00fcm\u00fc T\u00fcrkiye\u2019de Ankara \u00dcniversitesi ve \u0130stanbul \u00dcniversitesi, Arkeoloji B\u00f6l\u00fcmlerinden sonra 1973 tarihinde kurulan 3. B\u00f6l\u00fcmd\u00fcr. T\u00fcrk Arkeolojisine farkl\u0131 bir bak\u0131\u015f a\u00e7\u0131s\u0131 getiren B\u00f6l\u00fcm\u00fcn kurucular\u0131 Almanya\u2019da Klasik Arkeoloji program\u0131nda doktoralar\u0131n\u0131 tamamlayarak Erzurum Atat\u00fcrk \u00dcniversitesine tayin olunan Dr. Fahri I\u015eIK, Dr. Tomris BAKIR,&nbsp; Dr. G\u00fcven&nbsp; BAKIR,&nbsp; Dr. Abdullah YAYLALI ve Dr. Hayat ERKANAL\u2019la birlikte [&hellip;]<\/p>\n","protected":false},"author":1,"featured_media":0,"parent":0,"menu_order":0,"comment_status":"closed","ping_status":"closed","template":"","meta":{"footnotes":""},"class_list":["post-5638","page","type-page","status-publish","hentry"],"_links":{"self":[{"href":"https:\/\/atauni.edu.tr\/arkeoloji\/wp-json\/wp\/v2\/pages\/5638","targetHints":{"allow":["GET"]}}],"collection":[{"href":"https:\/\/atauni.edu.tr\/arkeoloji\/wp-json\/wp\/v2\/pages"}],"about":[{"href":"https:\/\/atauni.edu.tr\/arkeoloji\/wp-json\/wp\/v2\/types\/page"}],"author":[{"embeddable":true,"href":"https:\/\/atauni.edu.tr\/arkeoloji\/wp-json\/wp\/v2\/users\/1"}],"replies":[{"embeddable":true,"href":"https:\/\/atauni.edu.tr\/arkeoloji\/wp-json\/wp\/v2\/comments?post=5638"}],"version-history":[{"count":37,"href":"https:\/\/atauni.edu.tr\/arkeoloji\/wp-json\/wp\/v2\/pages\/5638\/revisions"}],"predecessor-version":[{"id":7731,"href":"https:\/\/atauni.edu.tr\/arkeoloji\/wp-json\/wp\/v2\/pages\/5638\/revisions\/7731"}],"wp:attachment":[{"href":"https:\/\/atauni.edu.tr\/arkeoloji\/wp-json\/wp\/v2\/media?parent=5638"}],"curies":[{"name":"wp","href":"https:\/\/api.w.org\/{rel}","templated":true}]}}