{"id":5682,"date":"2021-07-13T10:10:01","date_gmt":"2021-07-13T07:10:01","guid":{"rendered":"https:\/\/portaltest.atauni.edu.tr\/bilgisayar-muhendisligi\/?page_id=5682"},"modified":"2022-01-27T20:32:05","modified_gmt":"2022-01-27T17:32:05","slug":"misyon-vizyon-ve-temel-degerler","status":"publish","type":"page","link":"https:\/\/atauni.edu.tr\/arkeoloji\/misyon-vizyon-ve-temel-degerler\/","title":{"rendered":"Misyon, Vizyon ve Temel De\u011ferler"},"content":{"rendered":"\t\t<div data-elementor-type=\"wp-page\" data-elementor-id=\"5682\" class=\"elementor elementor-5682\" data-elementor-post-type=\"page\">\n\t\t\t\t\t\t<section class=\"elementor-section elementor-top-section elementor-element elementor-element-730d320 elementor-section-boxed elementor-section-height-default elementor-section-height-default\" data-id=\"730d320\" data-element_type=\"section\">\n\t\t\t\t\t\t<div class=\"elementor-container elementor-column-gap-default\">\n\t\t\t\t\t<div class=\"elementor-column elementor-col-100 elementor-top-column elementor-element elementor-element-753d0860\" data-id=\"753d0860\" data-element_type=\"column\">\n\t\t\t<div class=\"elementor-widget-wrap\">\n\t\t\t\t\t\t\t<\/div>\n\t\t<\/div>\n\t\t\t\t\t<\/div>\n\t\t<\/section>\n\t\t\t\t<section class=\"elementor-section elementor-top-section elementor-element elementor-element-9be811a elementor-section-boxed elementor-section-height-default elementor-section-height-default\" data-id=\"9be811a\" data-element_type=\"section\">\n\t\t\t\t\t\t<div class=\"elementor-container elementor-column-gap-default\">\n\t\t\t\t\t<div class=\"elementor-column elementor-col-100 elementor-top-column elementor-element elementor-element-1ed847b7\" data-id=\"1ed847b7\" data-element_type=\"column\">\n\t\t\t<div class=\"elementor-widget-wrap elementor-element-populated\">\n\t\t\t\t\t\t<div class=\"elementor-element elementor-element-4ce0d07f elementor-widget elementor-widget-heading\" data-id=\"4ce0d07f\" data-element_type=\"widget\" data-widget_type=\"heading.default\">\n\t\t\t\t<div class=\"elementor-widget-container\">\n\t\t\t\t\t<h2 class=\"elementor-heading-title elementor-size-default\">Misyon, Vizyon ve Temel De\u011ferler<\/h2>\t\t\t\t<\/div>\n\t\t\t\t<\/div>\n\t\t\t\t<div class=\"elementor-element elementor-element-63260862 elementor-widget-divider--view-line elementor-widget elementor-widget-divider\" data-id=\"63260862\" data-element_type=\"widget\" data-widget_type=\"divider.default\">\n\t\t\t\t<div class=\"elementor-widget-container\">\n\t\t\t\t\t\t\t<div class=\"elementor-divider\">\n\t\t\t<span class=\"elementor-divider-separator\">\n\t\t\t\t\t\t<\/span>\n\t\t<\/div>\n\t\t\t\t\t\t<\/div>\n\t\t\t\t<\/div>\n\t\t\t\t\t<\/div>\n\t\t<\/div>\n\t\t\t\t\t<\/div>\n\t\t<\/section>\n\t\t\t\t<section class=\"elementor-section elementor-top-section elementor-element elementor-element-681db8b elementor-section-boxed elementor-section-height-default elementor-section-height-default\" data-id=\"681db8b\" data-element_type=\"section\">\n\t\t\t\t\t\t<div class=\"elementor-container elementor-column-gap-default\">\n\t\t\t\t\t<div class=\"elementor-column elementor-col-100 elementor-top-column elementor-element elementor-element-ad4dac5\" data-id=\"ad4dac5\" data-element_type=\"column\">\n\t\t\t<div class=\"elementor-widget-wrap elementor-element-populated\">\n\t\t\t\t\t\t<div class=\"elementor-element elementor-element-2f96b3d elementor-widget elementor-widget-text-editor\" data-id=\"2f96b3d\" data-element_type=\"widget\" data-widget_type=\"text-editor.default\">\n\t\t\t\t<div class=\"elementor-widget-container\">\n\t\t\t\t\t\t\t\t\t<p><span style=\"text-decoration: underline\"><em><strong>M\u0130SYON<\/strong><\/em><\/span><\/p><p>Arkeoloji B\u00f6l\u00fcm\u00fc evrensel de\u011ferler \u0131\u015f\u0131\u011f\u0131nda, \u00fclkemizin ihtiya\u00e7 duydu\u011fu donan\u0131ml\u0131, \u00e7a\u011fda\u015f teknolojileri mesle\u011finde kullanma becerisine sahip bireyler yeti\u015ftirmeyi, ara\u015ft\u0131rma, \u00f6\u011fretim ve hizmet alanlar\u0131ndaki \u00fcretimini toplum yarar\u0131na sunmay\u0131 g\u00f6rev edinmi\u015ftir. \u00dclkemizin sahip oldu\u011fu e\u015fsiz k\u00fclt\u00fcr varl\u0131klar\u0131n\u0131 bilimsel metotlarla g\u00fcn \u0131\u015f\u0131\u011f\u0131na \u00e7\u0131kartabilecek yetkin arkeologlar yeti\u015ftirmek ve bu eserleri m\u00fczelerimizde \u00e7a\u011fda\u015f y\u00f6ntemlerle koruma ve sergilemeyi bilen elemanlar yeti\u015ftirmek \u00f6nemli g\u00f6revlerimiz aras\u0131nda yer almaktad\u0131r.<\/p><p><span style=\"text-decoration: underline\"><em><strong>V\u0130ZYON<\/strong><\/em><\/span><\/p><p>Ulusal ve uluslararas\u0131 ortamlarda mensubu olmaktan \u00f6v\u00fcn\u00e7 duyulan, verece\u011fi e\u011fitim-\u00f6\u011fretim, \u00fcretece\u011fi bilgi, teknoloji ve sanatla \u00fclkemizin \u00e7a\u011fda\u015f uygarl\u0131k d\u00fczeyinin \u00fczerine \u00e7\u0131kmas\u0131na katk\u0131da bulunacak bir b\u00f6l\u00fcm olmakt\u0131r.<\/p>\t\t\t\t\t\t\t\t<\/div>\n\t\t\t\t<\/div>\n\t\t\t\t\t<\/div>\n\t\t<\/div>\n\t\t\t\t\t<\/div>\n\t\t<\/section>\n\t\t\t\t<\/div>\n\t\t","protected":false},"excerpt":{"rendered":"<p>Misyon, Vizyon ve Temel De\u011ferler M\u0130SYON Arkeoloji B\u00f6l\u00fcm\u00fc evrensel de\u011ferler \u0131\u015f\u0131\u011f\u0131nda, \u00fclkemizin ihtiya\u00e7 duydu\u011fu donan\u0131ml\u0131, \u00e7a\u011fda\u015f teknolojileri mesle\u011finde kullanma becerisine sahip bireyler yeti\u015ftirmeyi, ara\u015ft\u0131rma, \u00f6\u011fretim ve hizmet alanlar\u0131ndaki \u00fcretimini toplum yarar\u0131na sunmay\u0131 g\u00f6rev edinmi\u015ftir. \u00dclkemizin sahip oldu\u011fu e\u015fsiz k\u00fclt\u00fcr varl\u0131klar\u0131n\u0131 bilimsel metotlarla g\u00fcn \u0131\u015f\u0131\u011f\u0131na \u00e7\u0131kartabilecek yetkin arkeologlar yeti\u015ftirmek ve bu eserleri m\u00fczelerimizde \u00e7a\u011fda\u015f y\u00f6ntemlerle koruma [&hellip;]<\/p>\n","protected":false},"author":1,"featured_media":0,"parent":0,"menu_order":0,"comment_status":"closed","ping_status":"closed","template":"elementor_header_footer","meta":{"footnotes":""},"class_list":["post-5682","page","type-page","status-publish","hentry"],"_links":{"self":[{"href":"https:\/\/atauni.edu.tr\/arkeoloji\/wp-json\/wp\/v2\/pages\/5682","targetHints":{"allow":["GET"]}}],"collection":[{"href":"https:\/\/atauni.edu.tr\/arkeoloji\/wp-json\/wp\/v2\/pages"}],"about":[{"href":"https:\/\/atauni.edu.tr\/arkeoloji\/wp-json\/wp\/v2\/types\/page"}],"author":[{"embeddable":true,"href":"https:\/\/atauni.edu.tr\/arkeoloji\/wp-json\/wp\/v2\/users\/1"}],"replies":[{"embeddable":true,"href":"https:\/\/atauni.edu.tr\/arkeoloji\/wp-json\/wp\/v2\/comments?post=5682"}],"version-history":[{"count":11,"href":"https:\/\/atauni.edu.tr\/arkeoloji\/wp-json\/wp\/v2\/pages\/5682\/revisions"}],"predecessor-version":[{"id":6272,"href":"https:\/\/atauni.edu.tr\/arkeoloji\/wp-json\/wp\/v2\/pages\/5682\/revisions\/6272"}],"wp:attachment":[{"href":"https:\/\/atauni.edu.tr\/arkeoloji\/wp-json\/wp\/v2\/media?parent=5682"}],"curies":[{"name":"wp","href":"https:\/\/api.w.org\/{rel}","templated":true}]}}