{"id":5728,"date":"2021-07-13T11:33:38","date_gmt":"2021-07-13T08:33:38","guid":{"rendered":"https:\/\/portaltest.atauni.edu.tr\/bilgisayar-muhendisligi\/?page_id=5728"},"modified":"2025-11-10T17:43:26","modified_gmt":"2025-11-10T14:43:26","slug":"bolum-tanitimi","status":"publish","type":"page","link":"https:\/\/atauni.edu.tr\/arkeoloji\/bolum-tanitimi\/","title":{"rendered":"B\u00f6l\u00fcm Tan\u0131t\u0131m\u0131"},"content":{"rendered":"\t\t<div data-elementor-type=\"wp-page\" data-elementor-id=\"5728\" class=\"elementor elementor-5728\" data-elementor-post-type=\"page\">\n\t\t\t\t\t\t<section class=\"elementor-section elementor-top-section elementor-element elementor-element-730d320 elementor-section-boxed elementor-section-height-default elementor-section-height-default\" data-id=\"730d320\" data-element_type=\"section\">\n\t\t\t\t\t\t<div class=\"elementor-container elementor-column-gap-default\">\n\t\t\t\t\t<div class=\"elementor-column elementor-col-100 elementor-top-column elementor-element elementor-element-753d0860\" data-id=\"753d0860\" data-element_type=\"column\">\n\t\t\t<div class=\"elementor-widget-wrap\">\n\t\t\t\t\t\t\t<\/div>\n\t\t<\/div>\n\t\t\t\t\t<\/div>\n\t\t<\/section>\n\t\t\t\t<section class=\"elementor-section elementor-top-section elementor-element elementor-element-9be811a elementor-section-boxed elementor-section-height-default elementor-section-height-default\" data-id=\"9be811a\" data-element_type=\"section\">\n\t\t\t\t\t\t<div class=\"elementor-container elementor-column-gap-default\">\n\t\t\t\t\t<div class=\"elementor-column elementor-col-100 elementor-top-column elementor-element elementor-element-1ed847b7\" data-id=\"1ed847b7\" data-element_type=\"column\">\n\t\t\t<div class=\"elementor-widget-wrap elementor-element-populated\">\n\t\t\t\t\t\t<div class=\"elementor-element elementor-element-4ce0d07f elementor-widget elementor-widget-heading\" data-id=\"4ce0d07f\" data-element_type=\"widget\" data-widget_type=\"heading.default\">\n\t\t\t\t<div class=\"elementor-widget-container\">\n\t\t\t\t\t<h2 class=\"elementor-heading-title elementor-size-default\">B\u00f6l\u00fcm Tan\u0131t\u0131m\u0131<\/h2>\t\t\t\t<\/div>\n\t\t\t\t<\/div>\n\t\t\t\t<div class=\"elementor-element elementor-element-63260862 elementor-widget-divider--view-line elementor-widget elementor-widget-divider\" data-id=\"63260862\" data-element_type=\"widget\" data-widget_type=\"divider.default\">\n\t\t\t\t<div class=\"elementor-widget-container\">\n\t\t\t\t\t\t\t<div class=\"elementor-divider\">\n\t\t\t<span class=\"elementor-divider-separator\">\n\t\t\t\t\t\t<\/span>\n\t\t<\/div>\n\t\t\t\t\t\t<\/div>\n\t\t\t\t<\/div>\n\t\t\t\t\t<\/div>\n\t\t<\/div>\n\t\t\t\t\t<\/div>\n\t\t<\/section>\n\t\t\t\t<section class=\"elementor-section elementor-top-section elementor-element elementor-element-681db8b elementor-section-boxed elementor-section-height-default elementor-section-height-default\" data-id=\"681db8b\" data-element_type=\"section\">\n\t\t\t\t\t\t<div class=\"elementor-container elementor-column-gap-default\">\n\t\t\t\t\t<div class=\"elementor-column elementor-col-100 elementor-top-column elementor-element elementor-element-ad4dac5\" data-id=\"ad4dac5\" data-element_type=\"column\">\n\t\t\t<div class=\"elementor-widget-wrap elementor-element-populated\">\n\t\t\t\t\t\t<div class=\"elementor-element elementor-element-2f96b3d elementor-widget elementor-widget-text-editor\" data-id=\"2f96b3d\" data-element_type=\"widget\" data-widget_type=\"text-editor.default\">\n\t\t\t\t<div class=\"elementor-widget-container\">\n\t\t\t\t\t\t\t\t\t<p>-Arkeoloji B\u00f6l\u00fcm\u00fc evrensel de\u011ferler \u0131\u015f\u0131\u011f\u0131nda, \u00fclkemizin ihtiya\u00e7 duydu\u011fu donan\u0131ml\u0131, \u00e7a\u011fda\u015f teknolojileri mesle\u011finde kullanma becerisine sahip bireyler yeti\u015ftirmeyi, ara\u015ft\u0131rma, \u00f6\u011fretim ve hizmet alanlar\u0131ndaki \u00fcretimini toplum yarar\u0131na sunmay\u0131 g\u00f6rev edinmi\u015ftir. \u00dclkemizin sahip oldu\u011fu e\u015fsiz k\u00fclt\u00fcr varl\u0131klar\u0131n\u0131 bilimsel metotlarla g\u00fcn \u0131\u015f\u0131\u011f\u0131na \u00e7\u0131kartabilecek yetkin arkeologlar yeti\u015ftirmek ve bu eserleri m\u00fczelerimizde \u00e7a\u011fda\u015f y\u00f6ntemlerle koruma ve sergilemeyi bilen elemanlar yeti\u015ftirmek \u00f6nemli g\u00f6revlerimiz aras\u0131nda yer almaktad\u0131r<span style=\"letter-spacing: 0px\">.<\/span><\/p>\n<ul>\n<li>B\u00f6l\u00fcm\u00fcm\u00fcz YKS (TYT-AYT) s\u0131nav\u0131 E\u015fit A\u011f\u0131rl\u0131k puan t\u00fcr\u00fcnden Lisans \u00f6\u011frencisi almakta olup, b\u00f6l\u00fcm \u00f6\u011fretim \u00fcyeleri T\u00fcrkiye&#8217;nin farkl\u0131 b\u00f6lgelerinde Klasik ve \u00d6nasya Arkeolojisi Kaz\u0131lar\u0131 yapmaktad\u0131r.<\/li>\n<li>B\u00f6l\u00fcm\u00fcm\u00fcz yine ayn\u0131 anabilim dallar\u0131nda Y\u00fcksek Lisans ve Doktora Programlar\u0131nda \u00f6\u011frenim vermektedir.&nbsp;&nbsp;<\/li>\n<\/ul>\n<p><strong>B\u00f6l\u00fcm\u00fcm\u00fcz \u00d6\u011fretim \u00dcyeleri Taraf\u0131ndan Ger\u00e7ekle\u015ftirilen ve Katk\u0131 Sunulan Arkeolojik Kaz\u0131lar<\/strong><\/p>\n<ul>\n<li style=\"list-style-type: none\">\n<ul>\n<li>Alabanda Antik Kenti Kaz\u0131s\u0131 (Prof. Dr. Ali Yal\u00e7\u0131n TAVUK\u00c7U (Kaz\u0131 Ba\u015fkan\u0131), Do\u00e7. Dr. Mesut CEYLAN (Kaz\u0131 Ba\u015fkan Yard\u0131m\u0131c\u0131s\u0131), Do\u00e7. Dr. Zerrin AYDIN TAVUK\u00c7U (Kaz\u0131 Heyet \u00dcyesi), Ar\u015f. G\u00f6r. Ay\u015fe AVL\u0130 (Kaz\u0131 Heyet \u00dcyesi))<\/li>\n<li>Ayanis Kaz\u0131s\u0131 (Prof. Dr. Mehmet I\u015eIKLI (Kaz\u0131 Ba\u015fkan\u0131))<\/li>\n<li>Pulur H\u00f6y\u00fck Kaz\u0131s\u0131 (Do\u00e7. Dr. Rabia AKARSU (Kaz\u0131 Ba\u015fkan\u0131))<\/li>\n<li>Ksanthos-Letoon Kaz\u0131lar\u0131 (Do\u00e7. Dr. Hasan KASAPO\u011eLU (Kaz\u0131 Ba\u015fkan\u0131), Dr. \u00d6\u011fr. \u00dcyesi B\u00fc\u015fra Elif KASAPO\u011eLU (Kaz\u0131 Heyet \u00dcyesi))<\/li>\n<li>H\u0131n\u0131s-Parmaks\u0131z KaleH\u00f6y\u00fck Kaz\u0131s\u0131 (Do\u00e7. Dr. Umut PARLITI (Kaz\u0131 Ba\u015fkan\u0131))<\/li>\n<li>Trabzon \u0130\u00e7kale (Yukar\u0131 Hisar) Kaz\u0131s\u0131 (Ar\u015f. G\u00f6r. K\u00fcbra YAZAR (Kaz\u0131 Heyet \u00dcyesi))<\/li>\n<\/ul>\n<\/li>\n<\/ul>\t\t\t\t\t\t\t\t<\/div>\n\t\t\t\t<\/div>\n\t\t\t\t\t<\/div>\n\t\t<\/div>\n\t\t\t\t\t<\/div>\n\t\t<\/section>\n\t\t\t\t<\/div>\n\t\t","protected":false},"excerpt":{"rendered":"<p>B\u00f6l\u00fcm Tan\u0131t\u0131m\u0131 -Arkeoloji B\u00f6l\u00fcm\u00fc evrensel de\u011ferler \u0131\u015f\u0131\u011f\u0131nda, \u00fclkemizin ihtiya\u00e7 duydu\u011fu donan\u0131ml\u0131, \u00e7a\u011fda\u015f teknolojileri mesle\u011finde kullanma becerisine sahip bireyler yeti\u015ftirmeyi, ara\u015ft\u0131rma, \u00f6\u011fretim ve hizmet alanlar\u0131ndaki \u00fcretimini toplum yarar\u0131na sunmay\u0131 g\u00f6rev edinmi\u015ftir. \u00dclkemizin sahip oldu\u011fu e\u015fsiz k\u00fclt\u00fcr varl\u0131klar\u0131n\u0131 bilimsel metotlarla g\u00fcn \u0131\u015f\u0131\u011f\u0131na \u00e7\u0131kartabilecek yetkin arkeologlar yeti\u015ftirmek ve bu eserleri m\u00fczelerimizde \u00e7a\u011fda\u015f y\u00f6ntemlerle koruma ve sergilemeyi bilen elemanlar [&hellip;]<\/p>\n","protected":false},"author":1,"featured_media":0,"parent":0,"menu_order":0,"comment_status":"closed","ping_status":"closed","template":"elementor_header_footer","meta":{"footnotes":""},"class_list":["post-5728","page","type-page","status-publish","hentry"],"_links":{"self":[{"href":"https:\/\/atauni.edu.tr\/arkeoloji\/wp-json\/wp\/v2\/pages\/5728","targetHints":{"allow":["GET"]}}],"collection":[{"href":"https:\/\/atauni.edu.tr\/arkeoloji\/wp-json\/wp\/v2\/pages"}],"about":[{"href":"https:\/\/atauni.edu.tr\/arkeoloji\/wp-json\/wp\/v2\/types\/page"}],"author":[{"embeddable":true,"href":"https:\/\/atauni.edu.tr\/arkeoloji\/wp-json\/wp\/v2\/users\/1"}],"replies":[{"embeddable":true,"href":"https:\/\/atauni.edu.tr\/arkeoloji\/wp-json\/wp\/v2\/comments?post=5728"}],"version-history":[{"count":41,"href":"https:\/\/atauni.edu.tr\/arkeoloji\/wp-json\/wp\/v2\/pages\/5728\/revisions"}],"predecessor-version":[{"id":8322,"href":"https:\/\/atauni.edu.tr\/arkeoloji\/wp-json\/wp\/v2\/pages\/5728\/revisions\/8322"}],"wp:attachment":[{"href":"https:\/\/atauni.edu.tr\/arkeoloji\/wp-json\/wp\/v2\/media?parent=5728"}],"curies":[{"name":"wp","href":"https:\/\/api.w.org\/{rel}","templated":true}]}}