{"id":5765,"date":"2021-07-13T12:56:51","date_gmt":"2021-07-13T09:56:51","guid":{"rendered":"https:\/\/portaltest.atauni.edu.tr\/bilgisayar-muhendisligi\/?page_id=5765"},"modified":"2024-03-11T11:12:49","modified_gmt":"2024-03-11T08:12:49","slug":"anabilim-dallari","status":"publish","type":"page","link":"https:\/\/atauni.edu.tr\/arkeoloji\/akademik-personel\/anabilim-dallari\/","title":{"rendered":"Anabilim Dallar\u0131"},"content":{"rendered":"\t\t<div data-elementor-type=\"wp-page\" data-elementor-id=\"5765\" class=\"elementor elementor-5765\" data-elementor-post-type=\"page\">\n\t\t\t\t\t\t<section class=\"elementor-section elementor-top-section elementor-element elementor-element-730d320 elementor-section-boxed elementor-section-height-default elementor-section-height-default\" data-id=\"730d320\" data-element_type=\"section\">\n\t\t\t\t\t\t<div class=\"elementor-container elementor-column-gap-default\">\n\t\t\t\t\t<div class=\"elementor-column elementor-col-100 elementor-top-column elementor-element elementor-element-753d0860\" data-id=\"753d0860\" data-element_type=\"column\">\n\t\t\t<div class=\"elementor-widget-wrap\">\n\t\t\t\t\t\t\t<\/div>\n\t\t<\/div>\n\t\t\t\t\t<\/div>\n\t\t<\/section>\n\t\t\t\t<section class=\"elementor-section elementor-top-section elementor-element elementor-element-9be811a elementor-section-boxed elementor-section-height-default elementor-section-height-default\" data-id=\"9be811a\" data-element_type=\"section\">\n\t\t\t\t\t\t<div class=\"elementor-container elementor-column-gap-default\">\n\t\t\t\t\t<div class=\"elementor-column elementor-col-100 elementor-top-column elementor-element elementor-element-1ed847b7\" data-id=\"1ed847b7\" data-element_type=\"column\">\n\t\t\t<div class=\"elementor-widget-wrap elementor-element-populated\">\n\t\t\t\t\t\t<div class=\"elementor-element elementor-element-4ce0d07f elementor-widget elementor-widget-heading\" data-id=\"4ce0d07f\" data-element_type=\"widget\" data-widget_type=\"heading.default\">\n\t\t\t\t<div class=\"elementor-widget-container\">\n\t\t\t\t\t<h2 class=\"elementor-heading-title elementor-size-default\">Anabilim Dallar\u0131<\/h2>\t\t\t\t<\/div>\n\t\t\t\t<\/div>\n\t\t\t\t<div class=\"elementor-element elementor-element-63260862 elementor-widget-divider--view-line elementor-widget elementor-widget-divider\" data-id=\"63260862\" data-element_type=\"widget\" data-widget_type=\"divider.default\">\n\t\t\t\t<div class=\"elementor-widget-container\">\n\t\t\t\t\t\t\t<div class=\"elementor-divider\">\n\t\t\t<span class=\"elementor-divider-separator\">\n\t\t\t\t\t\t<\/span>\n\t\t<\/div>\n\t\t\t\t\t\t<\/div>\n\t\t\t\t<\/div>\n\t\t\t\t\t<\/div>\n\t\t<\/div>\n\t\t\t\t\t<\/div>\n\t\t<\/section>\n\t\t\t\t<section class=\"elementor-section elementor-top-section elementor-element elementor-element-681db8b elementor-section-boxed elementor-section-height-default elementor-section-height-default\" data-id=\"681db8b\" data-element_type=\"section\">\n\t\t\t\t\t\t<div class=\"elementor-container elementor-column-gap-default\">\n\t\t\t\t\t<div class=\"elementor-column elementor-col-100 elementor-top-column elementor-element elementor-element-ad4dac5\" data-id=\"ad4dac5\" data-element_type=\"column\">\n\t\t\t<div class=\"elementor-widget-wrap elementor-element-populated\">\n\t\t\t\t\t\t<div class=\"elementor-element elementor-element-2f96b3d elementor-widget elementor-widget-text-editor\" data-id=\"2f96b3d\" data-element_type=\"widget\" data-widget_type=\"text-editor.default\">\n\t\t\t\t<div class=\"elementor-widget-container\">\n\t\t\t\t\t\t\t\t\t<ul><li><h4><strong>Klasik Arkeoloji\u00a0<\/strong><\/h4><\/li><\/ul><p>Prof. Dr. Nurettin \u00d6ZT\u00dcRK (Anabilim Dal\u0131 Ba\u015fkan\u0131)<\/p><p>Prof. Dr. Ali Yal\u00e7\u0131n TAVUK\u00c7U<\/p><p>Prof. Dr. Cevat BA\u015eARAN<\/p><p>Prof. Dr. Korkmaz MERAL<\/p><p>Do\u00e7. Dr. Berna KAVAZ KINDI\u011eILI<\/p><p>Do\u00e7. Dr. Hasan KASAPO\u011eLU<\/p><p>Do\u00e7. Dr. Mesut CEYLAN<\/p><p>Do\u00e7. Dr. Zerrin AYDIN TAVUK\u00c7U<\/p><p>Dr. \u00d6\u011fr. \u00dcyesi B\u00fc\u015fra Elif KASAPO\u011eLU<\/p><p>Dr. \u00d6\u011fr. \u00dcyesi Ahmetcuneydi HAS<\/p><p>Ar\u015f. G\u00f6r. Ay\u015fe AVL\u0130<\/p><p>Ar\u015f. G\u00f6r. K\u00fcbra YAZAR<\/p><ul><li><h4><strong>Protohistorya ve \u00d6n Asya Arkeolojisi<\/strong><\/h4><\/li><\/ul><p>Prof. Dr. Mehmet I\u015eIKLI (Anabilim Dal\u0131 Ba\u015fkan\u0131)<\/p><p>Do\u00e7. Dr. Rabia AKARSU<\/p><p>Do\u00e7. Dr. Umut PARLITI<\/p><p>\u00a0<\/p>\t\t\t\t\t\t\t\t<\/div>\n\t\t\t\t<\/div>\n\t\t\t\t\t<\/div>\n\t\t<\/div>\n\t\t\t\t\t<\/div>\n\t\t<\/section>\n\t\t\t\t<\/div>\n\t\t","protected":false},"excerpt":{"rendered":"<p>Anabilim Dallar\u0131 Klasik Arkeoloji\u00a0 Prof. Dr. Nurettin \u00d6ZT\u00dcRK (Anabilim Dal\u0131 Ba\u015fkan\u0131) Prof. Dr. Ali Yal\u00e7\u0131n TAVUK\u00c7U Prof. Dr. Cevat BA\u015eARAN Prof. Dr. Korkmaz MERAL Do\u00e7. Dr. Berna KAVAZ KINDI\u011eILI Do\u00e7. Dr. Hasan KASAPO\u011eLU Do\u00e7. Dr. Mesut CEYLAN Do\u00e7. Dr. Zerrin AYDIN TAVUK\u00c7U Dr. \u00d6\u011fr. \u00dcyesi B\u00fc\u015fra Elif KASAPO\u011eLU Dr. \u00d6\u011fr. \u00dcyesi Ahmetcuneydi HAS Ar\u015f. G\u00f6r. [&hellip;]<\/p>\n","protected":false},"author":1,"featured_media":0,"parent":5688,"menu_order":0,"comment_status":"closed","ping_status":"closed","template":"elementor_header_footer","meta":{"footnotes":""},"class_list":["post-5765","page","type-page","status-publish","hentry"],"_links":{"self":[{"href":"https:\/\/atauni.edu.tr\/arkeoloji\/wp-json\/wp\/v2\/pages\/5765","targetHints":{"allow":["GET"]}}],"collection":[{"href":"https:\/\/atauni.edu.tr\/arkeoloji\/wp-json\/wp\/v2\/pages"}],"about":[{"href":"https:\/\/atauni.edu.tr\/arkeoloji\/wp-json\/wp\/v2\/types\/page"}],"author":[{"embeddable":true,"href":"https:\/\/atauni.edu.tr\/arkeoloji\/wp-json\/wp\/v2\/users\/1"}],"replies":[{"embeddable":true,"href":"https:\/\/atauni.edu.tr\/arkeoloji\/wp-json\/wp\/v2\/comments?post=5765"}],"version-history":[{"count":29,"href":"https:\/\/atauni.edu.tr\/arkeoloji\/wp-json\/wp\/v2\/pages\/5765\/revisions"}],"predecessor-version":[{"id":7464,"href":"https:\/\/atauni.edu.tr\/arkeoloji\/wp-json\/wp\/v2\/pages\/5765\/revisions\/7464"}],"up":[{"embeddable":true,"href":"https:\/\/atauni.edu.tr\/arkeoloji\/wp-json\/wp\/v2\/pages\/5688"}],"wp:attachment":[{"href":"https:\/\/atauni.edu.tr\/arkeoloji\/wp-json\/wp\/v2\/media?parent=5765"}],"curies":[{"name":"wp","href":"https:\/\/api.w.org\/{rel}","templated":true}]}}