{"id":6397,"date":"2022-02-11T12:00:17","date_gmt":"2022-02-11T09:00:17","guid":{"rendered":"https:\/\/birimler.atauni.edu.tr\/arkeoloji\/?page_id=6397"},"modified":"2022-02-14T15:05:28","modified_gmt":"2022-02-14T12:05:28","slug":"labaratuvarlar","status":"publish","type":"page","link":"https:\/\/atauni.edu.tr\/arkeoloji\/labaratuvarlar\/","title":{"rendered":"Labaratuvarlar"},"content":{"rendered":"\t\t<div data-elementor-type=\"wp-page\" data-elementor-id=\"6397\" class=\"elementor elementor-6397\" data-elementor-post-type=\"page\">\n\t\t\t\t\t\t<section class=\"elementor-section elementor-top-section elementor-element elementor-element-0aa2f3c elementor-section-boxed elementor-section-height-default elementor-section-height-default\" data-id=\"0aa2f3c\" data-element_type=\"section\">\n\t\t\t\t\t\t<div class=\"elementor-container elementor-column-gap-default\">\n\t\t\t\t\t<div class=\"elementor-column elementor-col-100 elementor-top-column elementor-element elementor-element-5d1c557\" data-id=\"5d1c557\" data-element_type=\"column\">\n\t\t\t<div class=\"elementor-widget-wrap elementor-element-populated\">\n\t\t\t\t\t\t<div class=\"elementor-element elementor-element-1a76d29 elementor-widget elementor-widget-heading\" data-id=\"1a76d29\" data-element_type=\"widget\" data-widget_type=\"heading.default\">\n\t\t\t\t<div class=\"elementor-widget-container\">\n\t\t\t\t\t<h2 class=\"elementor-heading-title elementor-size-default\"> Pulur H\u00f6y\u00fck Kaz\u0131 Labaratuvar\u0131<\/h2>\t\t\t\t<\/div>\n\t\t\t\t<\/div>\n\t\t\t\t\t<\/div>\n\t\t<\/div>\n\t\t\t\t\t<\/div>\n\t\t<\/section>\n\t\t\t\t<section class=\"elementor-section elementor-top-section elementor-element elementor-element-22d9132 elementor-section-boxed elementor-section-height-default elementor-section-height-default\" data-id=\"22d9132\" data-element_type=\"section\">\n\t\t\t\t\t\t<div class=\"elementor-container elementor-column-gap-default\">\n\t\t\t\t\t<div class=\"elementor-column elementor-col-100 elementor-top-column elementor-element elementor-element-52b8399\" data-id=\"52b8399\" data-element_type=\"column\">\n\t\t\t<div class=\"elementor-widget-wrap elementor-element-populated\">\n\t\t\t\t\t\t<div class=\"elementor-element elementor-element-788f921 elementor-widget elementor-widget-gallery\" data-id=\"788f921\" data-element_type=\"widget\" data-settings=\"{&quot;lazyload&quot;:&quot;yes&quot;,&quot;gallery_layout&quot;:&quot;grid&quot;,&quot;columns&quot;:4,&quot;columns_tablet&quot;:2,&quot;columns_mobile&quot;:1,&quot;gap&quot;:{&quot;unit&quot;:&quot;px&quot;,&quot;size&quot;:10,&quot;sizes&quot;:[]},&quot;gap_tablet&quot;:{&quot;unit&quot;:&quot;px&quot;,&quot;size&quot;:10,&quot;sizes&quot;:[]},&quot;gap_mobile&quot;:{&quot;unit&quot;:&quot;px&quot;,&quot;size&quot;:10,&quot;sizes&quot;:[]},&quot;link_to&quot;:&quot;file&quot;,&quot;aspect_ratio&quot;:&quot;3:2&quot;,&quot;overlay_background&quot;:&quot;yes&quot;,&quot;content_hover_animation&quot;:&quot;fade-in&quot;}\" data-widget_type=\"gallery.default\">\n\t\t\t\t<div class=\"elementor-widget-container\">\n\t\t\t\t\t\t\t<div class=\"elementor-gallery__container\">\n\t\t\t\t\t\t\t<a class=\"e-gallery-item elementor-gallery-item elementor-animated-content\" href=\"https:\/\/atauni.edu.tr\/arkeoloji\/wp-content\/uploads\/sites\/81\/2020\/07\/20220121_135032-scaled.jpg\" data-elementor-open-lightbox=\"yes\" data-elementor-lightbox-slideshow=\"788f921\" data-elementor-lightbox-title=\"20220121_135032\" data-e-action-hash=\"#elementor-action%3Aaction%3Dlightbox%26settings%3DeyJpZCI6NjM5OSwidXJsIjoiaHR0cHM6XC9cL2F0YXVuaS5lZHUudHJcL2Fya2VvbG9qaVwvd3AtY29udGVudFwvdXBsb2Fkc1wvc2l0ZXNcLzgxXC8yMDIwXC8wN1wvMjAyMjAxMjFfMTM1MDMyLXNjYWxlZC5qcGciLCJzbGlkZXNob3ciOiI3ODhmOTIxIn0%3D\">\n\t\t\t\t\t<div class=\"e-gallery-image elementor-gallery-item__image\" data-thumbnail=\"https:\/\/atauni.edu.tr\/arkeoloji\/wp-content\/uploads\/sites\/81\/2020\/07\/20220121_135032-225x300.jpg\" data-width=\"225\" data-height=\"300\" aria-label=\"\" role=\"img\" ><\/div>\n\t\t\t\t\t\t\t\t\t\t\t<div class=\"elementor-gallery-item__overlay\"><\/div>\n\t\t\t\t\t\t\t\t\t\t\t\t\t\t<\/a>\n\t\t\t\t\t\t\t<a class=\"e-gallery-item elementor-gallery-item elementor-animated-content\" href=\"https:\/\/atauni.edu.tr\/arkeoloji\/wp-content\/uploads\/sites\/81\/2020\/07\/WhatsApp-Image-2022-02-11-at-11.02.48-1.jpeg\" data-elementor-open-lightbox=\"yes\" data-elementor-lightbox-slideshow=\"788f921\" data-elementor-lightbox-title=\"WhatsApp Image 2022-02-11 at 11.02.48 (1)\" data-e-action-hash=\"#elementor-action%3Aaction%3Dlightbox%26settings%3DeyJpZCI6NjQwMCwidXJsIjoiaHR0cHM6XC9cL2F0YXVuaS5lZHUudHJcL2Fya2VvbG9qaVwvd3AtY29udGVudFwvdXBsb2Fkc1wvc2l0ZXNcLzgxXC8yMDIwXC8wN1wvV2hhdHNBcHAtSW1hZ2UtMjAyMi0wMi0xMS1hdC0xMS4wMi40OC0xLmpwZWciLCJzbGlkZXNob3ciOiI3ODhmOTIxIn0%3D\">\n\t\t\t\t\t<div class=\"e-gallery-image elementor-gallery-item__image\" data-thumbnail=\"https:\/\/atauni.edu.tr\/arkeoloji\/wp-content\/uploads\/sites\/81\/2020\/07\/WhatsApp-Image-2022-02-11-at-11.02.48-1-300x225.jpeg\" data-width=\"300\" data-height=\"225\" aria-label=\"\" role=\"img\" ><\/div>\n\t\t\t\t\t\t\t\t\t\t\t<div class=\"elementor-gallery-item__overlay\"><\/div>\n\t\t\t\t\t\t\t\t\t\t\t\t\t\t<\/a>\n\t\t\t\t\t\t\t<a class=\"e-gallery-item elementor-gallery-item elementor-animated-content\" href=\"https:\/\/atauni.edu.tr\/arkeoloji\/wp-content\/uploads\/sites\/81\/2020\/07\/WhatsApp-Image-2022-02-11-at-11.02.48.jpeg\" data-elementor-open-lightbox=\"yes\" data-elementor-lightbox-slideshow=\"788f921\" data-elementor-lightbox-title=\"WhatsApp Image 2022-02-11 at 11.02.48\" data-e-action-hash=\"#elementor-action%3Aaction%3Dlightbox%26settings%3DeyJpZCI6NjQwMSwidXJsIjoiaHR0cHM6XC9cL2F0YXVuaS5lZHUudHJcL2Fya2VvbG9qaVwvd3AtY29udGVudFwvdXBsb2Fkc1wvc2l0ZXNcLzgxXC8yMDIwXC8wN1wvV2hhdHNBcHAtSW1hZ2UtMjAyMi0wMi0xMS1hdC0xMS4wMi40OC5qcGVnIiwic2xpZGVzaG93IjoiNzg4ZjkyMSJ9\">\n\t\t\t\t\t<div class=\"e-gallery-image elementor-gallery-item__image\" data-thumbnail=\"https:\/\/atauni.edu.tr\/arkeoloji\/wp-content\/uploads\/sites\/81\/2020\/07\/WhatsApp-Image-2022-02-11-at-11.02.48-300x225.jpeg\" data-width=\"300\" data-height=\"225\" aria-label=\"\" role=\"img\" ><\/div>\n\t\t\t\t\t\t\t\t\t\t\t<div class=\"elementor-gallery-item__overlay\"><\/div>\n\t\t\t\t\t\t\t\t\t\t\t\t\t\t<\/a>\n\t\t\t\t\t\t\t<a class=\"e-gallery-item elementor-gallery-item elementor-animated-content\" href=\"https:\/\/atauni.edu.tr\/arkeoloji\/wp-content\/uploads\/sites\/81\/2020\/07\/20220121_135008-scaled.jpg\" data-elementor-open-lightbox=\"yes\" data-elementor-lightbox-slideshow=\"788f921\" data-elementor-lightbox-title=\"20220121_135008\" data-e-action-hash=\"#elementor-action%3Aaction%3Dlightbox%26settings%3DeyJpZCI6NjQwMiwidXJsIjoiaHR0cHM6XC9cL2F0YXVuaS5lZHUudHJcL2Fya2VvbG9qaVwvd3AtY29udGVudFwvdXBsb2Fkc1wvc2l0ZXNcLzgxXC8yMDIwXC8wN1wvMjAyMjAxMjFfMTM1MDA4LXNjYWxlZC5qcGciLCJzbGlkZXNob3ciOiI3ODhmOTIxIn0%3D\">\n\t\t\t\t\t<div class=\"e-gallery-image elementor-gallery-item__image\" data-thumbnail=\"https:\/\/atauni.edu.tr\/arkeoloji\/wp-content\/uploads\/sites\/81\/2020\/07\/20220121_135008-225x300.jpg\" data-width=\"225\" data-height=\"300\" aria-label=\"\" role=\"img\" ><\/div>\n\t\t\t\t\t\t\t\t\t\t\t<div class=\"elementor-gallery-item__overlay\"><\/div>\n\t\t\t\t\t\t\t\t\t\t\t\t\t\t<\/a>\n\t\t\t\t\t<\/div>\n\t\t\t\t\t<\/div>\n\t\t\t\t<\/div>\n\t\t\t\t\t<\/div>\n\t\t<\/div>\n\t\t\t\t\t<\/div>\n\t\t<\/section>\n\t\t\t\t<section class=\"elementor-section elementor-top-section elementor-element elementor-element-3efc150 elementor-section-boxed elementor-section-height-default elementor-section-height-default\" data-id=\"3efc150\" data-element_type=\"section\">\n\t\t\t\t\t\t<div class=\"elementor-container elementor-column-gap-default\">\n\t\t\t\t\t<div class=\"elementor-column elementor-col-100 elementor-top-column elementor-element elementor-element-9359d3f\" data-id=\"9359d3f\" data-element_type=\"column\">\n\t\t\t<div class=\"elementor-widget-wrap\">\n\t\t\t\t\t\t\t<\/div>\n\t\t<\/div>\n\t\t\t\t\t<\/div>\n\t\t<\/section>\n\t\t\t\t<section class=\"elementor-section elementor-top-section elementor-element elementor-element-889a099 elementor-section-boxed elementor-section-height-default elementor-section-height-default\" data-id=\"889a099\" data-element_type=\"section\">\n\t\t\t\t\t\t<div class=\"elementor-container elementor-column-gap-default\">\n\t\t\t\t\t<div class=\"elementor-column elementor-col-100 elementor-top-column elementor-element elementor-element-36d8f5b\" data-id=\"36d8f5b\" data-element_type=\"column\">\n\t\t\t<div class=\"elementor-widget-wrap elementor-element-populated\">\n\t\t\t\t\t\t<div class=\"elementor-element elementor-element-9abdf44 elementor-widget elementor-widget-heading\" data-id=\"9abdf44\" data-element_type=\"widget\" data-widget_type=\"heading.default\">\n\t\t\t\t<div class=\"elementor-widget-container\">\n\t\t\t\t\t<h2 class=\"elementor-heading-title elementor-size-default\">Arkeoloji B\u00f6l\u00fcm\u00fc-Lisans\u00fcst\u00fc \u00d6\u011frencileri \u0130\u00e7in \u00c7izim ve \u00c7al\u0131\u015fma Salonu<\/h2>\t\t\t\t<\/div>\n\t\t\t\t<\/div>\n\t\t\t\t\t<\/div>\n\t\t<\/div>\n\t\t\t\t\t<\/div>\n\t\t<\/section>\n\t\t\t\t<section class=\"elementor-section elementor-top-section elementor-element elementor-element-4fbc35c elementor-section-boxed elementor-section-height-default elementor-section-height-default\" data-id=\"4fbc35c\" data-element_type=\"section\">\n\t\t\t\t\t\t<div class=\"elementor-container elementor-column-gap-default\">\n\t\t\t\t\t<div class=\"elementor-column elementor-col-100 elementor-top-column elementor-element elementor-element-1b9cdf9\" data-id=\"1b9cdf9\" data-element_type=\"column\">\n\t\t\t<div class=\"elementor-widget-wrap elementor-element-populated\">\n\t\t\t\t\t\t<div class=\"elementor-element elementor-element-5f711e1 elementor-widget elementor-widget-gallery\" data-id=\"5f711e1\" data-element_type=\"widget\" data-settings=\"{&quot;lazyload&quot;:&quot;yes&quot;,&quot;gallery_layout&quot;:&quot;grid&quot;,&quot;columns&quot;:4,&quot;columns_tablet&quot;:2,&quot;columns_mobile&quot;:1,&quot;gap&quot;:{&quot;unit&quot;:&quot;px&quot;,&quot;size&quot;:10,&quot;sizes&quot;:[]},&quot;gap_tablet&quot;:{&quot;unit&quot;:&quot;px&quot;,&quot;size&quot;:10,&quot;sizes&quot;:[]},&quot;gap_mobile&quot;:{&quot;unit&quot;:&quot;px&quot;,&quot;size&quot;:10,&quot;sizes&quot;:[]},&quot;link_to&quot;:&quot;file&quot;,&quot;aspect_ratio&quot;:&quot;3:2&quot;,&quot;overlay_background&quot;:&quot;yes&quot;,&quot;content_hover_animation&quot;:&quot;fade-in&quot;}\" data-widget_type=\"gallery.default\">\n\t\t\t\t<div class=\"elementor-widget-container\">\n\t\t\t\t\t\t\t<div class=\"elementor-gallery__container\">\n\t\t\t\t\t\t\t<a class=\"e-gallery-item elementor-gallery-item elementor-animated-content\" href=\"https:\/\/atauni.edu.tr\/arkeoloji\/wp-content\/uploads\/sites\/81\/2020\/07\/cizim-odasi.jpg\" data-elementor-open-lightbox=\"yes\" data-elementor-lightbox-slideshow=\"5f711e1\" data-elementor-lightbox-title=\"\u00e7izim odas\u0131\" data-e-action-hash=\"#elementor-action%3Aaction%3Dlightbox%26settings%3DeyJpZCI6NjQwNCwidXJsIjoiaHR0cHM6XC9cL2F0YXVuaS5lZHUudHJcL2Fya2VvbG9qaVwvd3AtY29udGVudFwvdXBsb2Fkc1wvc2l0ZXNcLzgxXC8yMDIwXC8wN1wvY2l6aW0tb2Rhc2kuanBnIiwic2xpZGVzaG93IjoiNWY3MTFlMSJ9\">\n\t\t\t\t\t<div class=\"e-gallery-image elementor-gallery-item__image\" data-thumbnail=\"https:\/\/atauni.edu.tr\/arkeoloji\/wp-content\/uploads\/sites\/81\/2020\/07\/cizim-odasi-300x225.jpg\" data-width=\"300\" data-height=\"225\" aria-label=\"\" role=\"img\" ><\/div>\n\t\t\t\t\t\t\t\t\t\t\t<div class=\"elementor-gallery-item__overlay\"><\/div>\n\t\t\t\t\t\t\t\t\t\t\t\t\t\t<\/a>\n\t\t\t\t\t\t\t<a class=\"e-gallery-item elementor-gallery-item elementor-animated-content\" href=\"https:\/\/atauni.edu.tr\/arkeoloji\/wp-content\/uploads\/sites\/81\/2020\/07\/cizim-odasi-2.jpg\" data-elementor-open-lightbox=\"yes\" data-elementor-lightbox-slideshow=\"5f711e1\" data-elementor-lightbox-title=\"\u00e7izim odas\u0131 2\" data-e-action-hash=\"#elementor-action%3Aaction%3Dlightbox%26settings%3DeyJpZCI6NjQwNSwidXJsIjoiaHR0cHM6XC9cL2F0YXVuaS5lZHUudHJcL2Fya2VvbG9qaVwvd3AtY29udGVudFwvdXBsb2Fkc1wvc2l0ZXNcLzgxXC8yMDIwXC8wN1wvY2l6aW0tb2Rhc2ktMi5qcGciLCJzbGlkZXNob3ciOiI1ZjcxMWUxIn0%3D\">\n\t\t\t\t\t<div class=\"e-gallery-image elementor-gallery-item__image\" data-thumbnail=\"https:\/\/atauni.edu.tr\/arkeoloji\/wp-content\/uploads\/sites\/81\/2020\/07\/cizim-odasi-2-300x225.jpg\" data-width=\"300\" data-height=\"225\" aria-label=\"\" role=\"img\" ><\/div>\n\t\t\t\t\t\t\t\t\t\t\t<div class=\"elementor-gallery-item__overlay\"><\/div>\n\t\t\t\t\t\t\t\t\t\t\t\t\t\t<\/a>\n\t\t\t\t\t<\/div>\n\t\t\t\t\t<\/div>\n\t\t\t\t<\/div>\n\t\t\t\t\t<\/div>\n\t\t<\/div>\n\t\t\t\t\t<\/div>\n\t\t<\/section>\n\t\t\t\t<\/div>\n\t\t","protected":false},"excerpt":{"rendered":"<p>Pulur H\u00f6y\u00fck Kaz\u0131 Labaratuvar\u0131 Arkeoloji B\u00f6l\u00fcm\u00fc-Lisans\u00fcst\u00fc \u00d6\u011frencileri \u0130\u00e7in \u00c7izim ve \u00c7al\u0131\u015fma Salonu<\/p>\n","protected":false},"author":444,"featured_media":0,"parent":0,"menu_order":0,"comment_status":"closed","ping_status":"closed","template":"","meta":{"footnotes":""},"class_list":["post-6397","page","type-page","status-publish","hentry"],"_links":{"self":[{"href":"https:\/\/atauni.edu.tr\/arkeoloji\/wp-json\/wp\/v2\/pages\/6397","targetHints":{"allow":["GET"]}}],"collection":[{"href":"https:\/\/atauni.edu.tr\/arkeoloji\/wp-json\/wp\/v2\/pages"}],"about":[{"href":"https:\/\/atauni.edu.tr\/arkeoloji\/wp-json\/wp\/v2\/types\/page"}],"author":[{"embeddable":true,"href":"https:\/\/atauni.edu.tr\/arkeoloji\/wp-json\/wp\/v2\/users\/444"}],"replies":[{"embeddable":true,"href":"https:\/\/atauni.edu.tr\/arkeoloji\/wp-json\/wp\/v2\/comments?post=6397"}],"version-history":[{"count":7,"href":"https:\/\/atauni.edu.tr\/arkeoloji\/wp-json\/wp\/v2\/pages\/6397\/revisions"}],"predecessor-version":[{"id":6441,"href":"https:\/\/atauni.edu.tr\/arkeoloji\/wp-json\/wp\/v2\/pages\/6397\/revisions\/6441"}],"wp:attachment":[{"href":"https:\/\/atauni.edu.tr\/arkeoloji\/wp-json\/wp\/v2\/media?parent=6397"}],"curies":[{"name":"wp","href":"https:\/\/api.w.org\/{rel}","templated":true}]}}