{"id":6989,"date":"2022-11-22T02:09:19","date_gmt":"2022-11-21T23:09:19","guid":{"rendered":"https:\/\/birimler.atauni.edu.tr\/arkeoloji\/?page_id=6989"},"modified":"2024-05-23T11:53:07","modified_gmt":"2024-05-23T08:53:07","slug":"bolum-yonetimi-gorev-dagilimlari","status":"publish","type":"page","link":"https:\/\/atauni.edu.tr\/arkeoloji\/bolum-yonetimi-gorev-dagilimlari\/","title":{"rendered":"B\u00f6l\u00fcm Y\u00f6netimi G\u00f6rev Da\u011f\u0131l\u0131mlar\u0131"},"content":{"rendered":"\t\t<div data-elementor-type=\"wp-page\" data-elementor-id=\"6989\" class=\"elementor elementor-6989\" data-elementor-post-type=\"page\">\n\t\t\t\t\t\t<section class=\"elementor-section elementor-top-section elementor-element elementor-element-a961732 elementor-section-boxed elementor-section-height-default elementor-section-height-default\" data-id=\"a961732\" data-element_type=\"section\">\n\t\t\t\t\t\t<div class=\"elementor-container elementor-column-gap-default\">\n\t\t\t\t\t<div class=\"elementor-column elementor-col-100 elementor-top-column elementor-element elementor-element-5aaa8e7\" data-id=\"5aaa8e7\" data-element_type=\"column\">\n\t\t\t<div class=\"elementor-widget-wrap elementor-element-populated\">\n\t\t\t\t\t\t<div class=\"elementor-element elementor-element-ff633aa elementor-widget elementor-widget-text-editor\" data-id=\"ff633aa\" data-element_type=\"widget\" data-widget_type=\"text-editor.default\">\n\t\t\t\t<div class=\"elementor-widget-container\">\n\t\t\t\t\t\t\t\t\t<p><strong>ARKEOLOJ\u0130 B\u00d6L\u00dcM Y\u00d6NET\u0130M\u0130 G\u00d6REV DA\u011eILIMI<\/strong><\/p><p><strong><u>B\u00f6l\u00fcm Ba\u015fkan\u0131<\/u><\/strong><\/p><p><strong><u>Prof. Dr. Ali Yal\u00e7\u0131n TAVUK\u00c7U<\/u><\/strong><\/p><ul><li>Strateji<\/li><li>Varl\u0131k Y\u00f6netimi<\/li><li>Odak alanlar<\/li><li>Ortakl\u0131klar<\/li><li>B\u00f6l\u00fcm tarihi<\/li><li>B\u00f6l\u00fcm de\u011ferleri<\/li><li>Varl\u0131k y\u00f6netimi<\/li><li>BT ve dijitalle\u015fme<\/li><li>Kalite\/Akreditasyon<\/li><li>\u0130leti\u015fim ve marka<\/li><li>Performans y\u00f6netimi<\/li><li>S\u0131ralama kurulu\u015flar\u0131<\/li><li>Bilimsel dergiler<\/li><li>Teknokent ile ili\u015fkiler<\/li><li>Kriz y\u00f6netimi<\/li><li>Etik<\/li><\/ul><p><strong><u>B\u00f6l\u00fcm Ba\u015fkan Yard\u0131mc\u0131s\u0131<\/u><\/strong><\/p><p><strong><u>Do\u00e7. Dr. Rabia AKARSU<\/u><\/strong><\/p><ul><li>Ar-Ge ve fon kaynaklar\u0131n\u0131n \u00e7e\u015fitlendirilmesi<\/li><li>Ara\u015ft\u0131rma i\u015fbirlikleri<\/li><li>Sanayi ile ili\u015fkiler<\/li><li>Kamu STK ve giri\u015fimcilerle ili\u015fkiler<\/li><li>Ara\u015ft\u0131rma geli\u015ftirme<\/li><li>SDG stratejileri<\/li><li>Toplumsal katk\u0131<\/li><li>K\u00fclt\u00fcrel ili\u015fkiler<\/li><li>Spor<\/li><\/ul><p>\u00a0<\/p><p><strong><u>B\u00f6l\u00fcm Ba\u015fkan Yard\u0131mc\u0131s\u0131<\/u><\/strong><\/p><p><strong><u>Do\u00e7. Dr. Berna KAVAZ KINDI\u011eILI<\/u><\/strong><\/p><ul><li>E\u011fitim-\u00f6\u011fretim faaliyetleri<\/li><li>Uluslararas\u0131la\u015fma<\/li><li>\u00d6\u011frenci i\u015fleri<\/li><li>\u00d6\u011frenci ya\u015fam\u0131<\/li><li>Burslar<\/li><li>Mezunlarla ili\u015fkiler<\/li><li>Kariyer planlama<\/li><\/ul>\t\t\t\t\t\t\t\t<\/div>\n\t\t\t\t<\/div>\n\t\t\t\t\t<\/div>\n\t\t<\/div>\n\t\t\t\t\t<\/div>\n\t\t<\/section>\n\t\t\t\t<\/div>\n\t\t","protected":false},"excerpt":{"rendered":"<p>ARKEOLOJ\u0130 B\u00d6L\u00dcM Y\u00d6NET\u0130M\u0130 G\u00d6REV DA\u011eILIMI B\u00f6l\u00fcm Ba\u015fkan\u0131 Prof. Dr. Ali Yal\u00e7\u0131n TAVUK\u00c7U Strateji Varl\u0131k Y\u00f6netimi Odak alanlar Ortakl\u0131klar B\u00f6l\u00fcm tarihi B\u00f6l\u00fcm de\u011ferleri Varl\u0131k y\u00f6netimi BT ve dijitalle\u015fme Kalite\/Akreditasyon \u0130leti\u015fim ve marka Performans y\u00f6netimi S\u0131ralama kurulu\u015flar\u0131 Bilimsel dergiler Teknokent ile ili\u015fkiler Kriz y\u00f6netimi Etik B\u00f6l\u00fcm Ba\u015fkan Yard\u0131mc\u0131s\u0131 Do\u00e7. Dr. Rabia AKARSU Ar-Ge ve fon kaynaklar\u0131n\u0131n \u00e7e\u015fitlendirilmesi [&hellip;]<\/p>\n","protected":false},"author":444,"featured_media":0,"parent":0,"menu_order":0,"comment_status":"closed","ping_status":"closed","template":"","meta":{"footnotes":""},"class_list":["post-6989","page","type-page","status-publish","hentry"],"_links":{"self":[{"href":"https:\/\/atauni.edu.tr\/arkeoloji\/wp-json\/wp\/v2\/pages\/6989","targetHints":{"allow":["GET"]}}],"collection":[{"href":"https:\/\/atauni.edu.tr\/arkeoloji\/wp-json\/wp\/v2\/pages"}],"about":[{"href":"https:\/\/atauni.edu.tr\/arkeoloji\/wp-json\/wp\/v2\/types\/page"}],"author":[{"embeddable":true,"href":"https:\/\/atauni.edu.tr\/arkeoloji\/wp-json\/wp\/v2\/users\/444"}],"replies":[{"embeddable":true,"href":"https:\/\/atauni.edu.tr\/arkeoloji\/wp-json\/wp\/v2\/comments?post=6989"}],"version-history":[{"count":37,"href":"https:\/\/atauni.edu.tr\/arkeoloji\/wp-json\/wp\/v2\/pages\/6989\/revisions"}],"predecessor-version":[{"id":7538,"href":"https:\/\/atauni.edu.tr\/arkeoloji\/wp-json\/wp\/v2\/pages\/6989\/revisions\/7538"}],"wp:attachment":[{"href":"https:\/\/atauni.edu.tr\/arkeoloji\/wp-json\/wp\/v2\/media?parent=6989"}],"curies":[{"name":"wp","href":"https:\/\/api.w.org\/{rel}","templated":true}]}}