{"id":7817,"date":"2024-12-19T23:59:11","date_gmt":"2024-12-19T20:59:11","guid":{"rendered":"https:\/\/birimler.atauni.edu.tr\/arkeoloji\/?page_id=7817"},"modified":"2024-12-20T00:02:02","modified_gmt":"2024-12-19T21:02:02","slug":"program-ogretim-amaclari","status":"publish","type":"page","link":"https:\/\/atauni.edu.tr\/arkeoloji\/program-ogretim-amaclari\/","title":{"rendered":"Program \u00d6\u011fretim Ama\u00e7lar\u0131"},"content":{"rendered":"\t\t<div data-elementor-type=\"wp-page\" data-elementor-id=\"7817\" class=\"elementor elementor-7817\" data-elementor-post-type=\"page\">\n\t\t\t\t\t\t<section class=\"elementor-section elementor-top-section elementor-element elementor-element-c4e4196 elementor-section-boxed elementor-section-height-default elementor-section-height-default\" data-id=\"c4e4196\" data-element_type=\"section\">\n\t\t\t\t\t\t<div class=\"elementor-container elementor-column-gap-default\">\n\t\t\t\t\t<div class=\"elementor-column elementor-col-100 elementor-top-column elementor-element elementor-element-29a7b23\" data-id=\"29a7b23\" data-element_type=\"column\">\n\t\t\t<div class=\"elementor-widget-wrap elementor-element-populated\">\n\t\t\t\t\t\t<div class=\"elementor-element elementor-element-1ebe1fd elementor-widget elementor-widget-pdf_viewer\" data-id=\"1ebe1fd\" data-element_type=\"widget\" data-widget_type=\"pdf_viewer.default\">\n\t\t\t\t<div class=\"elementor-widget-container\">\n\t\t\t\t\t<iframe src=\"https:\/\/docs.google.com\/viewer?url=http:\/\/birimler.atauni.edu.tr\/arkeoloji\/wp-content\/uploads\/sites\/81\/2024\/12\/Program-O\u0308g\u0306retim-Amac\u0327lari.pdf&amp;embedded=true\" style=\"display: block; margin-left: auto; margin-right: auto; width: 785px; height: 1020px;\" frameborder=\"1\" marginheight=\"0px\" marginwidth=\"0px\" allowfullscreen><\/iframe>\t\t\t\t<\/div>\n\t\t\t\t<\/div>\n\t\t\t\t\t<\/div>\n\t\t<\/div>\n\t\t\t\t\t<\/div>\n\t\t<\/section>\n\t\t\t\t<\/div>\n\t\t","protected":false},"excerpt":{"rendered":"","protected":false},"author":444,"featured_media":0,"parent":0,"menu_order":0,"comment_status":"closed","ping_status":"closed","template":"","meta":{"footnotes":""},"class_list":["post-7817","page","type-page","status-publish","hentry"],"_links":{"self":[{"href":"https:\/\/atauni.edu.tr\/arkeoloji\/wp-json\/wp\/v2\/pages\/7817","targetHints":{"allow":["GET"]}}],"collection":[{"href":"https:\/\/atauni.edu.tr\/arkeoloji\/wp-json\/wp\/v2\/pages"}],"about":[{"href":"https:\/\/atauni.edu.tr\/arkeoloji\/wp-json\/wp\/v2\/types\/page"}],"author":[{"embeddable":true,"href":"https:\/\/atauni.edu.tr\/arkeoloji\/wp-json\/wp\/v2\/users\/444"}],"replies":[{"embeddable":true,"href":"https:\/\/atauni.edu.tr\/arkeoloji\/wp-json\/wp\/v2\/comments?post=7817"}],"version-history":[{"count":4,"href":"https:\/\/atauni.edu.tr\/arkeoloji\/wp-json\/wp\/v2\/pages\/7817\/revisions"}],"predecessor-version":[{"id":7823,"href":"https:\/\/atauni.edu.tr\/arkeoloji\/wp-json\/wp\/v2\/pages\/7817\/revisions\/7823"}],"wp:attachment":[{"href":"https:\/\/atauni.edu.tr\/arkeoloji\/wp-json\/wp\/v2\/media?parent=7817"}],"curies":[{"name":"wp","href":"https:\/\/api.w.org\/{rel}","templated":true}]}}