{"id":5728,"date":"2021-07-13T11:33:38","date_gmt":"2021-07-13T08:33:38","guid":{"rendered":"https:\/\/portaltest.atauni.edu.tr\/bilgisayar-muhendisligi\/?page_id=5728"},"modified":"2025-07-16T16:07:01","modified_gmt":"2025-07-16T13:07:01","slug":"bolum-tanitimi","status":"publish","type":"page","link":"https:\/\/atauni.edu.tr\/askale-meslek-yuksekokulu\/bolum-tanitimi\/","title":{"rendered":"B\u00f6l\u00fcm Tan\u0131t\u0131m\u0131"},"content":{"rendered":"\t\t<div data-elementor-type=\"wp-page\" data-elementor-id=\"5728\" class=\"elementor elementor-5728\" data-elementor-post-type=\"page\">\n\t\t\t\t\t\t<section class=\"elementor-section elementor-top-section elementor-element elementor-element-730d320 elementor-section-boxed elementor-section-height-default elementor-section-height-default\" data-id=\"730d320\" data-element_type=\"section\">\n\t\t\t\t\t\t<div class=\"elementor-container elementor-column-gap-default\">\n\t\t\t\t\t<div class=\"elementor-column elementor-col-100 elementor-top-column elementor-element elementor-element-753d0860\" data-id=\"753d0860\" data-element_type=\"column\">\n\t\t\t<div class=\"elementor-widget-wrap\">\n\t\t\t\t\t\t\t<\/div>\n\t\t<\/div>\n\t\t\t\t\t<\/div>\n\t\t<\/section>\n\t\t\t\t<section class=\"elementor-section elementor-top-section elementor-element elementor-element-12d86a8 elementor-section-boxed elementor-section-height-default elementor-section-height-default\" data-id=\"12d86a8\" data-element_type=\"section\">\n\t\t\t\t\t\t<div class=\"elementor-container elementor-column-gap-default\">\n\t\t\t\t\t<div class=\"elementor-column elementor-col-100 elementor-top-column elementor-element elementor-element-662d877\" data-id=\"662d877\" data-element_type=\"column\">\n\t\t\t<div class=\"elementor-widget-wrap elementor-element-populated\">\n\t\t\t\t\t\t<div class=\"elementor-element elementor-element-65ac9c9 elementor-widget elementor-widget-text-editor\" data-id=\"65ac9c9\" data-element_type=\"widget\" data-widget_type=\"text-editor.default\">\n\t\t\t\t<div class=\"elementor-widget-container\">\n\t\t\t\t\t\t\t\t\t<p>Atat\u00fcrk \u00dcniversitesi A\u015fkale Meslek Y\u00fcksekokulu, Y\u00fcksek \u00d6\u011fretim Kanununun 2880 say\u0131l\u0131 kanunla de\u011fi\u015fik 7\/d-2 maddesi uyar\u0131nca Y\u00fcksek\u00f6\u011fretim Kurulu Ba\u015fkanl\u0131\u011f\u0131n\u0131n 21.10.1993 tarihli toplant\u0131s\u0131nda al\u0131nan kararla kurulmu\u015ftur. Meslek Y\u00fcksekokulumuz 1994-1995 E\u011fitim \u00d6\u011fretim y\u0131l\u0131nda \u00f6nlisans d\u00fczeyinde e\u011fitim vermek amac\u0131yla hizmete a\u00e7\u0131lm\u0131\u015ft\u0131r.&nbsp;<\/p>\n<p>Y\u00fcksekokulumuz 2025 y\u0131l\u0131 itibariyle;&nbsp;<\/p>\n<p>1) B\u00fcro Hizmetleri ve Sekreterlik,&nbsp;<\/p>\n<p>2) \u00c7ocuk Bak\u0131m ve Gen\u00e7lik Hizmetleri,&nbsp;<\/p>\n<p>3) Elektrik ve Enerji,&nbsp;<\/p>\n<p>4) Ula\u015ft\u0131rma Hizmetleri,<\/p>\n<p>5) Y\u00f6netim ve Organizasyon&nbsp;<span style=\"letter-spacing: 0px\">olmak \u00fczere be\u015f b\u00f6l\u00fcmden olu\u015fmaktad\u0131r. Y\u00fcksekokulumuz 4500 m\u00b2 kapal\u0131 alanda 10 derslik, 1 bilgisayar laboratuvar\u0131 ve 4 at\u00f6lye ile e\u011fitim-\u00f6\u011fretimini s\u00fcrd\u00fcrmektedir.<\/span><\/p>\t\t\t\t\t\t\t\t<\/div>\n\t\t\t\t<\/div>\n\t\t\t\t\t<\/div>\n\t\t<\/div>\n\t\t\t\t\t<\/div>\n\t\t<\/section>\n\t\t\t\t<\/div>\n\t\t","protected":false},"excerpt":{"rendered":"<p>Atat\u00fcrk \u00dcniversitesi A\u015fkale Meslek Y\u00fcksekokulu, Y\u00fcksek \u00d6\u011fretim Kanununun 2880 say\u0131l\u0131 kanunla de\u011fi\u015fik 7\/d-2 maddesi uyar\u0131nca Y\u00fcksek\u00f6\u011fretim Kurulu Ba\u015fkanl\u0131\u011f\u0131n\u0131n 21.10.1993 tarihli toplant\u0131s\u0131nda al\u0131nan kararla kurulmu\u015ftur. Meslek Y\u00fcksekokulumuz 1994-1995 E\u011fitim \u00d6\u011fretim y\u0131l\u0131nda \u00f6nlisans d\u00fczeyinde e\u011fitim vermek amac\u0131yla hizmete a\u00e7\u0131lm\u0131\u015ft\u0131r.&nbsp; Y\u00fcksekokulumuz 2025 y\u0131l\u0131 itibariyle;&nbsp; 1) B\u00fcro Hizmetleri ve Sekreterlik,&nbsp; 2) \u00c7ocuk Bak\u0131m ve Gen\u00e7lik Hizmetleri,&nbsp; 3) Elektrik ve [&hellip;]<\/p>\n","protected":false},"author":1,"featured_media":0,"parent":0,"menu_order":0,"comment_status":"closed","ping_status":"closed","template":"elementor_header_footer","meta":{"footnotes":""},"class_list":["post-5728","page","type-page","status-publish","hentry"],"_links":{"self":[{"href":"https:\/\/atauni.edu.tr\/askale-meslek-yuksekokulu\/wp-json\/wp\/v2\/pages\/5728","targetHints":{"allow":["GET"]}}],"collection":[{"href":"https:\/\/atauni.edu.tr\/askale-meslek-yuksekokulu\/wp-json\/wp\/v2\/pages"}],"about":[{"href":"https:\/\/atauni.edu.tr\/askale-meslek-yuksekokulu\/wp-json\/wp\/v2\/types\/page"}],"author":[{"embeddable":true,"href":"https:\/\/atauni.edu.tr\/askale-meslek-yuksekokulu\/wp-json\/wp\/v2\/users\/1"}],"replies":[{"embeddable":true,"href":"https:\/\/atauni.edu.tr\/askale-meslek-yuksekokulu\/wp-json\/wp\/v2\/comments?post=5728"}],"version-history":[{"count":35,"href":"https:\/\/atauni.edu.tr\/askale-meslek-yuksekokulu\/wp-json\/wp\/v2\/pages\/5728\/revisions"}],"predecessor-version":[{"id":8902,"href":"https:\/\/atauni.edu.tr\/askale-meslek-yuksekokulu\/wp-json\/wp\/v2\/pages\/5728\/revisions\/8902"}],"wp:attachment":[{"href":"https:\/\/atauni.edu.tr\/askale-meslek-yuksekokulu\/wp-json\/wp\/v2\/media?parent=5728"}],"curies":[{"name":"wp","href":"https:\/\/api.w.org\/{rel}","templated":true}]}}