{"id":5791,"date":"2021-07-13T13:07:15","date_gmt":"2021-07-13T10:07:15","guid":{"rendered":"https:\/\/portaltest.atauni.edu.tr\/bilgisayar-muhendisligi\/?page_id=5791"},"modified":"2021-08-27T15:49:32","modified_gmt":"2021-08-27T12:49:32","slug":"staj","status":"publish","type":"page","link":"https:\/\/atauni.edu.tr\/askale-meslek-yuksekokulu\/staj\/","title":{"rendered":"Staj"},"content":{"rendered":"\t\t<div data-elementor-type=\"wp-page\" data-elementor-id=\"5791\" class=\"elementor elementor-5791\" data-elementor-post-type=\"page\">\n\t\t\t\t\t\t<section class=\"elementor-section elementor-top-section elementor-element elementor-element-730d320 elementor-section-boxed elementor-section-height-default elementor-section-height-default\" data-id=\"730d320\" data-element_type=\"section\">\n\t\t\t\t\t\t<div class=\"elementor-container elementor-column-gap-default\">\n\t\t\t\t\t<div class=\"elementor-column elementor-col-100 elementor-top-column elementor-element elementor-element-753d0860\" data-id=\"753d0860\" data-element_type=\"column\">\n\t\t\t<div class=\"elementor-widget-wrap\">\n\t\t\t\t\t\t\t<\/div>\n\t\t<\/div>\n\t\t\t\t\t<\/div>\n\t\t<\/section>\n\t\t\t\t<section class=\"elementor-section elementor-top-section elementor-element elementor-element-9be811a elementor-section-boxed elementor-section-height-default elementor-section-height-default\" data-id=\"9be811a\" data-element_type=\"section\">\n\t\t\t\t\t\t<div class=\"elementor-container elementor-column-gap-default\">\n\t\t\t\t\t<div class=\"elementor-column elementor-col-100 elementor-top-column elementor-element elementor-element-1ed847b7\" data-id=\"1ed847b7\" data-element_type=\"column\">\n\t\t\t<div class=\"elementor-widget-wrap elementor-element-populated\">\n\t\t\t\t\t\t<div class=\"elementor-element elementor-element-4ce0d07f elementor-widget elementor-widget-heading\" data-id=\"4ce0d07f\" data-element_type=\"widget\" data-widget_type=\"heading.default\">\n\t\t\t\t<div class=\"elementor-widget-container\">\n\t\t\t\t\t<h2 class=\"elementor-heading-title elementor-size-default\">Staj<\/h2>\t\t\t\t<\/div>\n\t\t\t\t<\/div>\n\t\t\t\t<div class=\"elementor-element elementor-element-63260862 elementor-widget-divider--view-line elementor-widget elementor-widget-divider\" data-id=\"63260862\" data-element_type=\"widget\" data-widget_type=\"divider.default\">\n\t\t\t\t<div class=\"elementor-widget-container\">\n\t\t\t\t\t\t\t<div class=\"elementor-divider\">\n\t\t\t<span class=\"elementor-divider-separator\">\n\t\t\t\t\t\t<\/span>\n\t\t<\/div>\n\t\t\t\t\t\t<\/div>\n\t\t\t\t<\/div>\n\t\t\t\t\t<\/div>\n\t\t<\/div>\n\t\t\t\t\t<\/div>\n\t\t<\/section>\n\t\t\t\t<section class=\"elementor-section elementor-top-section elementor-element elementor-element-10e8347 elementor-section-boxed elementor-section-height-default elementor-section-height-default\" data-id=\"10e8347\" data-element_type=\"section\">\n\t\t\t\t\t\t<div class=\"elementor-container elementor-column-gap-default\">\n\t\t\t\t\t<div class=\"elementor-column elementor-col-100 elementor-top-column elementor-element elementor-element-795ab05\" data-id=\"795ab05\" data-element_type=\"column\">\n\t\t\t<div class=\"elementor-widget-wrap elementor-element-populated\">\n\t\t\t\t\t\t<div class=\"elementor-element elementor-element-4524745 elementor-widget elementor-widget-text-editor\" data-id=\"4524745\" data-element_type=\"widget\" data-widget_type=\"text-editor.default\">\n\t\t\t\t<div class=\"elementor-widget-container\">\n\t\t\t\t\t\t\t\t\t<p>Atat\u00fcrk \u00dcniversitesi A\u015fkale Meslek Y\u00fcksekokulu \u00f6\u011frencilerinin mezuniyet \u00f6ncesi i\u015f deneyimlerini kazanmalar\u0131n\u0131 sa\u011flayan staj programlar\u0131, \u00f6\u011frencilerin teorik bilgilerini pratik olarak uygulama f\u0131rsat\u0131 sunar. Bu programlar sayesinde \u00f6\u011frenciler, sekt\u00f6r\u00fcn i\u00e7inde yer alarak ger\u00e7ek hayat uygulamalar\u0131n\u0131 g\u00f6rme ve deneyimleme \u015fans\u0131na sahip olurlar.<\/p>\n<p>Staj ba\u015fvurular\u0131 genellikle belirli d\u00f6nemlerde yap\u0131l\u0131r ve bu s\u00fcre\u00e7te \u00f6\u011frencilerin staj yapaca\u011f\u0131 kurumlar\u0131 ara\u015ft\u0131r\u0131p se\u00e7meleri beklenir. \u00d6\u011frencilere staj yapma imkan\u0131 sunan bir\u00e7ok firma ve kurulu\u015f bulunmaktad\u0131r. Bu kurulu\u015flar genellikle \u00f6\u011frencilerin mezun olduktan sonra \u00e7al\u0131\u015fmak isteyebilecekleri alanlarda faaliyet g\u00f6sterir.<\/p>\n<p>Staj programlar\u0131n\u0131n amac\u0131, \u00f6\u011frencilere i\u015f hayat\u0131na dair deneyim kazand\u0131rarak onlar\u0131n mezuniyet sonras\u0131 istihdam edilmelerini kolayla\u015ft\u0131rmakt\u0131r. Ayn\u0131 zamanda, stajyerler kurumlar i\u00e7in de yeni ve taze fikirler getirebilecek potansiyel gelecekteki \u00e7al\u0131\u015fanlar olarak g\u00f6r\u00fclebilir.<\/p>\n<p>Staj s\u00fcresince \u00f6\u011frencilerin belirli g\u00f6revleri yerine getirmesi ve rapor haz\u0131rlamas\u0131 beklenir. Bu raporlar, \u00f6\u011frencilerin staj deneyimleri hakk\u0131nda detal\u0131 bilgi i\u00e7erir ve genellikle ilgili akademik birimler taraf\u0131ndan de\u011ferlendirilir.<\/p>\n<p>\u00d6\u011frencilerin staj ba\u015fvurular\u0131nda dikkat etmesi gereken baz\u0131 hususlar bulunmaktad\u0131r. Bunlar aras\u0131nda kurumun \u00f6\u011frencinin alan\u0131yla ilgili olmas\u0131, staj s\u00fcresince \u00e7al\u0131\u015f\u0131lan konular\u0131n \u00e7e\u015fitlili\u011fi ve \u00f6\u011frenciye sa\u011flanacak deneyimin kalitesi gibi fakt\u00f6rler yer al\u0131r.<\/p>\n<p>Staj programlar\u0131, hem \u00f6\u011frencilerin kendilerini geli\u015ftirmeleri hem de i\u015f hayat\u0131naooth bir ge\u00e7i\u015f yapmalar\u0131n\u0131 sa\u011flar. Bu nedenle, \u00f6\u011frencilerin staj f\u0131rsatlar\u0131n\u0131 de\u011ferlendirmeleri \u00f6nemlidir.<\/p>\t\t\t\t\t\t\t\t<\/div>\n\t\t\t\t<\/div>\n\t\t\t\t\t<\/div>\n\t\t<\/div>\n\t\t\t\t\t<\/div>\n\t\t<\/section>\n\t\t\t\t<\/div>\n\t\t","protected":false},"excerpt":{"rendered":"<p>Staj Lorem Ipsum Nedir? Lorem Ipsum, dizgi ve bask\u0131 end\u00fcstrisinde kullan\u0131lan m\u0131g\u0131r metinlerdir. Lorem Ipsum, ad\u0131 bilinmeyen bir matbaac\u0131n\u0131n bir hurufat numune kitab\u0131 olu\u015fturmak \u00fczere bir yaz\u0131 galerisini alarak kar\u0131\u015ft\u0131rd\u0131\u011f\u0131 1500&#8217;lerden beri end\u00fcstri standard\u0131 sahte metinler olarak kullan\u0131lm\u0131\u015ft\u0131r. Be\u015fy\u00fcz y\u0131l boyunca varl\u0131\u011f\u0131n\u0131 s\u00fcrd\u00fcrmekle kalmam\u0131\u015f, ayn\u0131 zamanda pek de\u011fi\u015fmeden elektronik dizgiye de s\u0131\u00e7ram\u0131\u015ft\u0131r. 1960&#8217;larda Lorem Ipsum [&hellip;]<\/p>\n","protected":false},"author":1,"featured_media":0,"parent":0,"menu_order":0,"comment_status":"closed","ping_status":"closed","template":"elementor_header_footer","meta":{"footnotes":""},"class_list":["post-5791","page","type-page","status-publish","hentry"],"_links":{"self":[{"href":"https:\/\/atauni.edu.tr\/askale-meslek-yuksekokulu\/wp-json\/wp\/v2\/pages\/5791","targetHints":{"allow":["GET"]}}],"collection":[{"href":"https:\/\/atauni.edu.tr\/askale-meslek-yuksekokulu\/wp-json\/wp\/v2\/pages"}],"about":[{"href":"https:\/\/atauni.edu.tr\/askale-meslek-yuksekokulu\/wp-json\/wp\/v2\/types\/page"}],"author":[{"embeddable":true,"href":"https:\/\/atauni.edu.tr\/askale-meslek-yuksekokulu\/wp-json\/wp\/v2\/users\/1"}],"replies":[{"embeddable":true,"href":"https:\/\/atauni.edu.tr\/askale-meslek-yuksekokulu\/wp-json\/wp\/v2\/comments?post=5791"}],"version-history":[{"count":8,"href":"https:\/\/atauni.edu.tr\/askale-meslek-yuksekokulu\/wp-json\/wp\/v2\/pages\/5791\/revisions"}],"predecessor-version":[{"id":6094,"href":"https:\/\/atauni.edu.tr\/askale-meslek-yuksekokulu\/wp-json\/wp\/v2\/pages\/5791\/revisions\/6094"}],"wp:attachment":[{"href":"https:\/\/atauni.edu.tr\/askale-meslek-yuksekokulu\/wp-json\/wp\/v2\/media?parent=5791"}],"curies":[{"name":"wp","href":"https:\/\/api.w.org\/{rel}","templated":true}]}}