{"id":6561,"date":"2021-12-25T11:50:34","date_gmt":"2021-12-25T08:50:34","guid":{"rendered":"https:\/\/birimler.atauni.edu.tr\/askale-meslek-yuksekokulu\/?page_id=6561"},"modified":"2022-02-01T12:42:37","modified_gmt":"2022-02-01T09:42:37","slug":"sdg","status":"publish","type":"page","link":"https:\/\/atauni.edu.tr\/askale-meslek-yuksekokulu\/sdg\/","title":{"rendered":"SDG"},"content":{"rendered":"\t\t<div data-elementor-type=\"wp-page\" data-elementor-id=\"6561\" class=\"elementor elementor-6561\" data-elementor-post-type=\"page\">\n\t\t\t\t\t\t<section class=\"elementor-section elementor-top-section elementor-element elementor-element-61ff67b elementor-section-boxed elementor-section-height-default elementor-section-height-default\" data-id=\"61ff67b\" data-element_type=\"section\">\n\t\t\t\t\t\t<div class=\"elementor-container elementor-column-gap-default\">\n\t\t\t\t\t<div class=\"elementor-column elementor-col-100 elementor-top-column elementor-element elementor-element-22f935d\" data-id=\"22f935d\" data-element_type=\"column\">\n\t\t\t<div class=\"elementor-widget-wrap elementor-element-populated\">\n\t\t\t\t\t\t<div class=\"elementor-element elementor-element-1b60d2b elementor-widget elementor-widget-heading\" data-id=\"1b60d2b\" data-element_type=\"widget\" data-widget_type=\"heading.default\">\n\t\t\t\t<div class=\"elementor-widget-container\">\n\t\t\t\t\t<h2 class=\"elementor-heading-title elementor-size-default\">SDG Bilgilendirme D\u00f6k\u00fcman\u0131<\/h2>\t\t\t\t<\/div>\n\t\t\t\t<\/div>\n\t\t\t\t\t<\/div>\n\t\t<\/div>\n\t\t\t\t\t<\/div>\n\t\t<\/section>\n\t\t\t\t<section class=\"elementor-section elementor-top-section elementor-element elementor-element-e77573b elementor-section-boxed elementor-section-height-default elementor-section-height-default\" data-id=\"e77573b\" data-element_type=\"section\">\n\t\t\t\t\t\t<div class=\"elementor-container elementor-column-gap-default\">\n\t\t\t\t\t<div class=\"elementor-column elementor-col-100 elementor-top-column elementor-element elementor-element-3e4c978\" data-id=\"3e4c978\" data-element_type=\"column\">\n\t\t\t<div class=\"elementor-widget-wrap elementor-element-populated\">\n\t\t\t\t\t\t<div class=\"elementor-element elementor-element-e07cb07 elementor-widget elementor-widget-text-editor\" data-id=\"e07cb07\" data-element_type=\"widget\" data-widget_type=\"text-editor.default\">\n\t\t\t\t<div class=\"elementor-widget-container\">\n\t\t\t\t\t\t\t\t\t<p><a href=\"http:\/\/birimler.atauni.edu.tr\/askale-meslek-yuksekokulu\/wp-content\/uploads\/sites\/438\/2020\/07\/SDG-Bilgilendirme-Dokumani-.pdf\">SDG-Bilgilendirme-Dokumani-<\/a><\/p>\t\t\t\t\t\t\t\t<\/div>\n\t\t\t\t<\/div>\n\t\t\t\t\t<\/div>\n\t\t<\/div>\n\t\t\t\t\t<\/div>\n\t\t<\/section>\n\t\t\t\t<\/div>\n\t\t","protected":false},"excerpt":{"rendered":"<p>SDG Bilgilendirme D\u00f6k\u00fcman\u0131 SDG-Bilgilendirme-Dokumani-<\/p>\n","protected":false},"author":405,"featured_media":0,"parent":0,"menu_order":0,"comment_status":"closed","ping_status":"closed","template":"","meta":{"footnotes":""},"class_list":["post-6561","page","type-page","status-publish","hentry"],"_links":{"self":[{"href":"https:\/\/atauni.edu.tr\/askale-meslek-yuksekokulu\/wp-json\/wp\/v2\/pages\/6561","targetHints":{"allow":["GET"]}}],"collection":[{"href":"https:\/\/atauni.edu.tr\/askale-meslek-yuksekokulu\/wp-json\/wp\/v2\/pages"}],"about":[{"href":"https:\/\/atauni.edu.tr\/askale-meslek-yuksekokulu\/wp-json\/wp\/v2\/types\/page"}],"author":[{"embeddable":true,"href":"https:\/\/atauni.edu.tr\/askale-meslek-yuksekokulu\/wp-json\/wp\/v2\/users\/405"}],"replies":[{"embeddable":true,"href":"https:\/\/atauni.edu.tr\/askale-meslek-yuksekokulu\/wp-json\/wp\/v2\/comments?post=6561"}],"version-history":[{"count":10,"href":"https:\/\/atauni.edu.tr\/askale-meslek-yuksekokulu\/wp-json\/wp\/v2\/pages\/6561\/revisions"}],"predecessor-version":[{"id":7316,"href":"https:\/\/atauni.edu.tr\/askale-meslek-yuksekokulu\/wp-json\/wp\/v2\/pages\/6561\/revisions\/7316"}],"wp:attachment":[{"href":"https:\/\/atauni.edu.tr\/askale-meslek-yuksekokulu\/wp-json\/wp\/v2\/media?parent=6561"}],"curies":[{"name":"wp","href":"https:\/\/api.w.org\/{rel}","templated":true}]}}