{"id":6582,"date":"2021-12-25T12:04:18","date_gmt":"2021-12-25T09:04:18","guid":{"rendered":"https:\/\/birimler.atauni.edu.tr\/askale-meslek-yuksekokulu\/?page_id=6582"},"modified":"2025-05-21T14:33:53","modified_gmt":"2025-05-21T11:33:53","slug":"calisma-gruplari-koordinatorler-ve-temsilciler","status":"publish","type":"page","link":"https:\/\/atauni.edu.tr\/askale-meslek-yuksekokulu\/calisma-gruplari-koordinatorler-ve-temsilciler\/","title":{"rendered":"\u00c7al\u0131\u015fma Gruplar\u0131\/Koordinat\u00f6rler ve Temsilciler"},"content":{"rendered":"\t\t<div data-elementor-type=\"wp-page\" data-elementor-id=\"6582\" class=\"elementor elementor-6582\" data-elementor-post-type=\"page\">\n\t\t\t\t\t\t<section class=\"elementor-section elementor-top-section elementor-element elementor-element-c2a6548 elementor-section-boxed elementor-section-height-default elementor-section-height-default\" data-id=\"c2a6548\" data-element_type=\"section\">\n\t\t\t\t\t\t<div class=\"elementor-container elementor-column-gap-default\">\n\t\t\t\t\t<div class=\"elementor-column elementor-col-100 elementor-top-column elementor-element elementor-element-a94ff67\" data-id=\"a94ff67\" data-element_type=\"column\">\n\t\t\t<div class=\"elementor-widget-wrap\">\n\t\t\t\t\t\t\t<\/div>\n\t\t<\/div>\n\t\t\t\t\t<\/div>\n\t\t<\/section>\n\t\t\t\t<section class=\"elementor-section elementor-top-section elementor-element elementor-element-73473b4 elementor-section-boxed elementor-section-height-default elementor-section-height-default\" data-id=\"73473b4\" data-element_type=\"section\">\n\t\t\t\t\t\t<div class=\"elementor-container elementor-column-gap-default\">\n\t\t\t\t\t<div class=\"elementor-column elementor-col-100 elementor-top-column elementor-element elementor-element-cdb0fc9\" data-id=\"cdb0fc9\" data-element_type=\"column\">\n\t\t\t<div class=\"elementor-widget-wrap elementor-element-populated\">\n\t\t\t\t\t\t<div class=\"elementor-element elementor-element-1e42eeb elementor-widget elementor-widget-image\" data-id=\"1e42eeb\" data-element_type=\"widget\" data-widget_type=\"image.default\">\n\t\t\t\t<div class=\"elementor-widget-container\">\n\t\t\t\t\t\t\t\t\t\t\t\t\t\t\t<img fetchpriority=\"high\" decoding=\"async\" width=\"1024\" height=\"660\" src=\"https:\/\/atauni.edu.tr\/askale-meslek-yuksekokulu\/wp-content\/uploads\/sites\/438\/2025\/05\/KOMISYONLAR_page-0001-1024x660.jpg\" class=\"attachment-large size-large wp-image-8757\" alt=\"\" srcset=\"https:\/\/atauni.edu.tr\/askale-meslek-yuksekokulu\/wp-content\/uploads\/sites\/438\/2025\/05\/KOMISYONLAR_page-0001-1024x660.jpg 1024w, https:\/\/atauni.edu.tr\/askale-meslek-yuksekokulu\/wp-content\/uploads\/sites\/438\/2025\/05\/KOMISYONLAR_page-0001-300x193.jpg 300w, https:\/\/atauni.edu.tr\/askale-meslek-yuksekokulu\/wp-content\/uploads\/sites\/438\/2025\/05\/KOMISYONLAR_page-0001-768x495.jpg 768w, https:\/\/atauni.edu.tr\/askale-meslek-yuksekokulu\/wp-content\/uploads\/sites\/438\/2025\/05\/KOMISYONLAR_page-0001-600x387.jpg 600w, https:\/\/atauni.edu.tr\/askale-meslek-yuksekokulu\/wp-content\/uploads\/sites\/438\/2025\/05\/KOMISYONLAR_page-0001-560x361.jpg 560w, https:\/\/atauni.edu.tr\/askale-meslek-yuksekokulu\/wp-content\/uploads\/sites\/438\/2025\/05\/KOMISYONLAR_page-0001.jpg 1490w\" sizes=\"(max-width: 1024px) 100vw, 1024px\" \/>\t\t\t\t\t\t\t\t\t\t\t\t\t\t\t<\/div>\n\t\t\t\t<\/div>\n\t\t\t\t\t<\/div>\n\t\t<\/div>\n\t\t\t\t\t<\/div>\n\t\t<\/section>\n\t\t\t\t<\/div>\n\t\t","protected":false},"excerpt":{"rendered":"","protected":false},"author":405,"featured_media":0,"parent":0,"menu_order":0,"comment_status":"closed","ping_status":"closed","template":"","meta":{"footnotes":""},"class_list":["post-6582","page","type-page","status-publish","hentry"],"_links":{"self":[{"href":"https:\/\/atauni.edu.tr\/askale-meslek-yuksekokulu\/wp-json\/wp\/v2\/pages\/6582","targetHints":{"allow":["GET"]}}],"collection":[{"href":"https:\/\/atauni.edu.tr\/askale-meslek-yuksekokulu\/wp-json\/wp\/v2\/pages"}],"about":[{"href":"https:\/\/atauni.edu.tr\/askale-meslek-yuksekokulu\/wp-json\/wp\/v2\/types\/page"}],"author":[{"embeddable":true,"href":"https:\/\/atauni.edu.tr\/askale-meslek-yuksekokulu\/wp-json\/wp\/v2\/users\/405"}],"replies":[{"embeddable":true,"href":"https:\/\/atauni.edu.tr\/askale-meslek-yuksekokulu\/wp-json\/wp\/v2\/comments?post=6582"}],"version-history":[{"count":16,"href":"https:\/\/atauni.edu.tr\/askale-meslek-yuksekokulu\/wp-json\/wp\/v2\/pages\/6582\/revisions"}],"predecessor-version":[{"id":8760,"href":"https:\/\/atauni.edu.tr\/askale-meslek-yuksekokulu\/wp-json\/wp\/v2\/pages\/6582\/revisions\/8760"}],"wp:attachment":[{"href":"https:\/\/atauni.edu.tr\/askale-meslek-yuksekokulu\/wp-json\/wp\/v2\/media?parent=6582"}],"curies":[{"name":"wp","href":"https:\/\/api.w.org\/{rel}","templated":true}]}}