{"id":6603,"date":"2021-12-25T12:19:05","date_gmt":"2021-12-25T09:19:05","guid":{"rendered":"https:\/\/birimler.atauni.edu.tr\/askale-meslek-yuksekokulu\/?page_id=6603"},"modified":"2025-06-20T15:40:13","modified_gmt":"2025-06-20T12:40:13","slug":"form-dilekceler","status":"publish","type":"page","link":"https:\/\/atauni.edu.tr\/askale-meslek-yuksekokulu\/form-dilekceler\/","title":{"rendered":"Form\/Dilek\u00e7eler"},"content":{"rendered":"\t\t<div data-elementor-type=\"wp-page\" data-elementor-id=\"6603\" class=\"elementor elementor-6603\" data-elementor-post-type=\"page\">\n\t\t\t\t\t\t<section class=\"elementor-section elementor-top-section elementor-element elementor-element-bcb1afa elementor-section-boxed elementor-section-height-default elementor-section-height-default\" data-id=\"bcb1afa\" data-element_type=\"section\">\n\t\t\t\t\t\t<div class=\"elementor-container elementor-column-gap-default\">\n\t\t\t\t\t<div class=\"elementor-column elementor-col-100 elementor-top-column elementor-element elementor-element-715fad3\" data-id=\"715fad3\" data-element_type=\"column\">\n\t\t\t<div class=\"elementor-widget-wrap elementor-element-populated\">\n\t\t\t\t\t\t<div class=\"elementor-element elementor-element-5deb432 elementor-widget elementor-widget-heading\" data-id=\"5deb432\" data-element_type=\"widget\" data-widget_type=\"heading.default\">\n\t\t\t\t<div class=\"elementor-widget-container\">\n\t\t\t\t\t<h2 class=\"elementor-heading-title elementor-size-default\">Diploma Kay\u0131p Dilek\u00e7esi<\/h2>\t\t\t\t<\/div>\n\t\t\t\t<\/div>\n\t\t\t\t\t<\/div>\n\t\t<\/div>\n\t\t\t\t\t<\/div>\n\t\t<\/section>\n\t\t\t\t<section class=\"elementor-section elementor-top-section elementor-element elementor-element-faf8d7a elementor-section-boxed elementor-section-height-default elementor-section-height-default\" data-id=\"faf8d7a\" data-element_type=\"section\">\n\t\t\t\t\t\t<div class=\"elementor-container elementor-column-gap-default\">\n\t\t\t\t\t<div class=\"elementor-column elementor-col-100 elementor-top-column elementor-element elementor-element-6bab5b9\" data-id=\"6bab5b9\" data-element_type=\"column\">\n\t\t\t<div class=\"elementor-widget-wrap elementor-element-populated\">\n\t\t\t\t\t\t<div class=\"elementor-element elementor-element-1c327d1 elementor-widget elementor-widget-text-editor\" data-id=\"1c327d1\" data-element_type=\"widget\" data-widget_type=\"text-editor.default\">\n\t\t\t\t<div class=\"elementor-widget-container\">\n\t\t\t\t\t\t\t\t\t<p><a href=\"http:\/\/birimler.atauni.edu.tr\/askale-meslek-yuksekokulu\/wp-content\/uploads\/sites\/438\/2020\/07\/Diploma-Kayip-Dilekcesi-1.pdf\">Diploma-Kayip-Dilekcesi<\/a><\/p>\t\t\t\t\t\t\t\t<\/div>\n\t\t\t\t<\/div>\n\t\t\t\t\t<\/div>\n\t\t<\/div>\n\t\t\t\t\t<\/div>\n\t\t<\/section>\n\t\t\t\t<section class=\"elementor-section elementor-top-section elementor-element elementor-element-d108bfb elementor-section-boxed elementor-section-height-default elementor-section-height-default\" data-id=\"d108bfb\" data-element_type=\"section\">\n\t\t\t\t\t\t<div class=\"elementor-container elementor-column-gap-default\">\n\t\t\t\t\t<div class=\"elementor-column elementor-col-100 elementor-top-column elementor-element elementor-element-2720d3f\" data-id=\"2720d3f\" data-element_type=\"column\">\n\t\t\t<div class=\"elementor-widget-wrap elementor-element-populated\">\n\t\t\t\t\t\t<div class=\"elementor-element elementor-element-da60365 elementor-widget elementor-widget-heading\" data-id=\"da60365\" data-element_type=\"widget\" data-widget_type=\"heading.default\">\n\t\t\t\t<div class=\"elementor-widget-container\">\n\t\t\t\t\t<h2 class=\"elementor-heading-title elementor-size-default\">Ek S\u0131nav Ba\u015fvuru Dilek\u00e7esi<\/h2>\t\t\t\t<\/div>\n\t\t\t\t<\/div>\n\t\t\t\t\t<\/div>\n\t\t<\/div>\n\t\t\t\t\t<\/div>\n\t\t<\/section>\n\t\t\t\t<section class=\"elementor-section elementor-top-section elementor-element elementor-element-143abfd elementor-section-boxed elementor-section-height-default elementor-section-height-default\" data-id=\"143abfd\" data-element_type=\"section\">\n\t\t\t\t\t\t<div class=\"elementor-container elementor-column-gap-default\">\n\t\t\t\t\t<div class=\"elementor-column elementor-col-100 elementor-top-column elementor-element elementor-element-d523943\" data-id=\"d523943\" data-element_type=\"column\">\n\t\t\t<div class=\"elementor-widget-wrap elementor-element-populated\">\n\t\t\t\t\t\t<div class=\"elementor-element elementor-element-aa9530d elementor-widget elementor-widget-text-editor\" data-id=\"aa9530d\" data-element_type=\"widget\" data-widget_type=\"text-editor.default\">\n\t\t\t\t<div class=\"elementor-widget-container\">\n\t\t\t\t\t\t\t\t\t<p><a href=\"http:\/\/birimler.atauni.edu.tr\/askale-meslek-yuksekokulu\/wp-content\/uploads\/sites\/438\/2020\/07\/Ek-Sinav-Basvuru-Dilekcesi-1.pdf\">Ek-Sinav-Basvuru-Dilekcesi<\/a><\/p>\t\t\t\t\t\t\t\t<\/div>\n\t\t\t\t<\/div>\n\t\t\t\t\t<\/div>\n\t\t<\/div>\n\t\t\t\t\t<\/div>\n\t\t<\/section>\n\t\t\t\t<section class=\"elementor-section elementor-top-section elementor-element elementor-element-5029510 elementor-section-boxed elementor-section-height-default elementor-section-height-default\" data-id=\"5029510\" data-element_type=\"section\">\n\t\t\t\t\t\t<div class=\"elementor-container elementor-column-gap-default\">\n\t\t\t\t\t<div class=\"elementor-column elementor-col-100 elementor-top-column elementor-element elementor-element-06426a9\" data-id=\"06426a9\" data-element_type=\"column\">\n\t\t\t<div class=\"elementor-widget-wrap elementor-element-populated\">\n\t\t\t\t\t\t<div class=\"elementor-element elementor-element-c5caad2 elementor-widget elementor-widget-heading\" data-id=\"c5caad2\" data-element_type=\"widget\" data-widget_type=\"heading.default\">\n\t\t\t\t<div class=\"elementor-widget-container\">\n\t\t\t\t\t<h2 class=\"elementor-heading-title elementor-size-default\">Kay\u0131t Dondurma Dilek\u00e7esi<\/h2>\t\t\t\t<\/div>\n\t\t\t\t<\/div>\n\t\t\t\t\t<\/div>\n\t\t<\/div>\n\t\t\t\t\t<\/div>\n\t\t<\/section>\n\t\t\t\t<section class=\"elementor-section elementor-top-section elementor-element elementor-element-cced621 elementor-section-boxed elementor-section-height-default elementor-section-height-default\" data-id=\"cced621\" data-element_type=\"section\">\n\t\t\t\t\t\t<div class=\"elementor-container elementor-column-gap-default\">\n\t\t\t\t\t<div class=\"elementor-column elementor-col-100 elementor-top-column elementor-element elementor-element-2692385\" data-id=\"2692385\" data-element_type=\"column\">\n\t\t\t<div class=\"elementor-widget-wrap elementor-element-populated\">\n\t\t\t\t\t\t<div class=\"elementor-element elementor-element-e908420 elementor-widget elementor-widget-text-editor\" data-id=\"e908420\" data-element_type=\"widget\" data-widget_type=\"text-editor.default\">\n\t\t\t\t<div class=\"elementor-widget-container\">\n\t\t\t\t\t\t\t\t\t<p><a href=\"http:\/\/birimler.atauni.edu.tr\/askale-meslek-yuksekokulu\/wp-content\/uploads\/sites\/438\/2020\/07\/Kayit-Dondurma-Dilekcesi.pdf\">Kayit-Dondurma-Dilekcesi<\/a><\/p>\t\t\t\t\t\t\t\t<\/div>\n\t\t\t\t<\/div>\n\t\t\t\t\t<\/div>\n\t\t<\/div>\n\t\t\t\t\t<\/div>\n\t\t<\/section>\n\t\t\t\t<section class=\"elementor-section elementor-top-section elementor-element elementor-element-aeb4dd9 elementor-section-boxed elementor-section-height-default elementor-section-height-default\" data-id=\"aeb4dd9\" data-element_type=\"section\">\n\t\t\t\t\t\t<div class=\"elementor-container elementor-column-gap-default\">\n\t\t\t\t\t<div class=\"elementor-column elementor-col-100 elementor-top-column elementor-element elementor-element-c0ed311\" data-id=\"c0ed311\" data-element_type=\"column\">\n\t\t\t<div class=\"elementor-widget-wrap elementor-element-populated\">\n\t\t\t\t\t\t<div class=\"elementor-element elementor-element-a1d4ad9 elementor-widget elementor-widget-heading\" data-id=\"a1d4ad9\" data-element_type=\"widget\" data-widget_type=\"heading.default\">\n\t\t\t\t<div class=\"elementor-widget-container\">\n\t\t\t\t\t<h2 class=\"elementor-heading-title elementor-size-default\">Kay\u0131t Sildirme Dilek\u00e7esi<\/h2>\t\t\t\t<\/div>\n\t\t\t\t<\/div>\n\t\t\t\t\t<\/div>\n\t\t<\/div>\n\t\t\t\t\t<\/div>\n\t\t<\/section>\n\t\t\t\t<section class=\"elementor-section elementor-top-section elementor-element elementor-element-846b83c elementor-section-boxed elementor-section-height-default elementor-section-height-default\" data-id=\"846b83c\" data-element_type=\"section\">\n\t\t\t\t\t\t<div class=\"elementor-container elementor-column-gap-default\">\n\t\t\t\t\t<div class=\"elementor-column elementor-col-100 elementor-top-column elementor-element elementor-element-d664ffe\" data-id=\"d664ffe\" data-element_type=\"column\">\n\t\t\t<div class=\"elementor-widget-wrap elementor-element-populated\">\n\t\t\t\t\t\t<div class=\"elementor-element elementor-element-9c8ea19 elementor-widget elementor-widget-text-editor\" data-id=\"9c8ea19\" data-element_type=\"widget\" data-widget_type=\"text-editor.default\">\n\t\t\t\t<div class=\"elementor-widget-container\">\n\t\t\t\t\t\t\t\t\t<p><a href=\"http:\/\/birimler.atauni.edu.tr\/askale-meslek-yuksekokulu\/wp-content\/uploads\/sites\/438\/2020\/07\/Kayit-Sildirme-Dilekcesi.pdf\">Kayit-Sildirme-Dilekcesi<\/a><\/p>\t\t\t\t\t\t\t\t<\/div>\n\t\t\t\t<\/div>\n\t\t\t\t\t<\/div>\n\t\t<\/div>\n\t\t\t\t\t<\/div>\n\t\t<\/section>\n\t\t\t\t<section class=\"elementor-section elementor-top-section elementor-element elementor-element-4d35606 elementor-section-boxed elementor-section-height-default elementor-section-height-default\" data-id=\"4d35606\" data-element_type=\"section\">\n\t\t\t\t\t\t<div class=\"elementor-container elementor-column-gap-default\">\n\t\t\t\t\t<div class=\"elementor-column elementor-col-100 elementor-top-column elementor-element elementor-element-7251287\" data-id=\"7251287\" data-element_type=\"column\">\n\t\t\t<div class=\"elementor-widget-wrap elementor-element-populated\">\n\t\t\t\t\t\t<div class=\"elementor-element elementor-element-dc3a49c elementor-widget elementor-widget-heading\" data-id=\"dc3a49c\" data-element_type=\"widget\" data-widget_type=\"heading.default\">\n\t\t\t\t<div class=\"elementor-widget-container\">\n\t\t\t\t\t<h2 class=\"elementor-heading-title elementor-size-default\">Mazeret S\u0131nav\u0131 Dilek\u00e7esi<\/h2>\t\t\t\t<\/div>\n\t\t\t\t<\/div>\n\t\t\t\t\t<\/div>\n\t\t<\/div>\n\t\t\t\t\t<\/div>\n\t\t<\/section>\n\t\t\t\t<section class=\"elementor-section elementor-top-section elementor-element elementor-element-6ab6b98 elementor-section-boxed elementor-section-height-default elementor-section-height-default\" data-id=\"6ab6b98\" data-element_type=\"section\">\n\t\t\t\t\t\t<div class=\"elementor-container elementor-column-gap-default\">\n\t\t\t\t\t<div class=\"elementor-column elementor-col-100 elementor-top-column elementor-element elementor-element-7b0e299\" data-id=\"7b0e299\" data-element_type=\"column\">\n\t\t\t<div class=\"elementor-widget-wrap elementor-element-populated\">\n\t\t\t\t\t\t<div class=\"elementor-element elementor-element-3d08a45 elementor-widget elementor-widget-text-editor\" data-id=\"3d08a45\" data-element_type=\"widget\" data-widget_type=\"text-editor.default\">\n\t\t\t\t<div class=\"elementor-widget-container\">\n\t\t\t\t\t\t\t\t\t<p><a href=\"http:\/\/birimler.atauni.edu.tr\/askale-meslek-yuksekokulu\/wp-content\/uploads\/sites\/438\/2020\/07\/Mazaret-Sinavi-Dilekcesi.pdf\">Mazaret-Sinavi-Dilekcesi<\/a><\/p>\t\t\t\t\t\t\t\t<\/div>\n\t\t\t\t<\/div>\n\t\t\t\t\t<\/div>\n\t\t<\/div>\n\t\t\t\t\t<\/div>\n\t\t<\/section>\n\t\t\t\t<section class=\"elementor-section elementor-top-section elementor-element elementor-element-f5fd2c7 elementor-section-boxed elementor-section-height-default elementor-section-height-default\" data-id=\"f5fd2c7\" data-element_type=\"section\">\n\t\t\t\t\t\t<div class=\"elementor-container elementor-column-gap-default\">\n\t\t\t\t\t<div class=\"elementor-column elementor-col-100 elementor-top-column elementor-element elementor-element-a75d554\" data-id=\"a75d554\" data-element_type=\"column\">\n\t\t\t<div class=\"elementor-widget-wrap elementor-element-populated\">\n\t\t\t\t\t\t<div class=\"elementor-element elementor-element-f4b51f4 elementor-widget elementor-widget-heading\" data-id=\"f4b51f4\" data-element_type=\"widget\" data-widget_type=\"heading.default\">\n\t\t\t\t<div class=\"elementor-widget-container\">\n\t\t\t\t\t<h2 class=\"elementor-heading-title elementor-size-default\">Mazeret Ders Alma Dilek\u00e7esi<\/h2>\t\t\t\t<\/div>\n\t\t\t\t<\/div>\n\t\t\t\t\t<\/div>\n\t\t<\/div>\n\t\t\t\t\t<\/div>\n\t\t<\/section>\n\t\t\t\t<section class=\"elementor-section elementor-top-section elementor-element elementor-element-0ca0f6b elementor-section-boxed elementor-section-height-default elementor-section-height-default\" data-id=\"0ca0f6b\" data-element_type=\"section\">\n\t\t\t\t\t\t<div class=\"elementor-container elementor-column-gap-default\">\n\t\t\t\t\t<div class=\"elementor-column elementor-col-100 elementor-top-column elementor-element elementor-element-3db96f8\" data-id=\"3db96f8\" data-element_type=\"column\">\n\t\t\t<div class=\"elementor-widget-wrap elementor-element-populated\">\n\t\t\t\t\t\t<div class=\"elementor-element elementor-element-587f2ed elementor-widget elementor-widget-text-editor\" data-id=\"587f2ed\" data-element_type=\"widget\" data-widget_type=\"text-editor.default\">\n\t\t\t\t<div class=\"elementor-widget-container\">\n\t\t\t\t\t\t\t\t\t<p><a href=\"http:\/\/birimler.atauni.edu.tr\/askale-meslek-yuksekokulu\/wp-content\/uploads\/sites\/438\/2020\/07\/Mazeret-Ders-Alma-Dilekcesi.pdf\">Mazeret-Ders-Alma-Dilekcesi<\/a><\/p>\t\t\t\t\t\t\t\t<\/div>\n\t\t\t\t<\/div>\n\t\t\t\t\t<\/div>\n\t\t<\/div>\n\t\t\t\t\t<\/div>\n\t\t<\/section>\n\t\t\t\t<section class=\"elementor-section elementor-top-section elementor-element elementor-element-7bbd00b elementor-section-boxed elementor-section-height-default elementor-section-height-default\" data-id=\"7bbd00b\" data-element_type=\"section\">\n\t\t\t\t\t\t<div class=\"elementor-container elementor-column-gap-default\">\n\t\t\t\t\t<div class=\"elementor-column elementor-col-100 elementor-top-column elementor-element elementor-element-3e196a5\" data-id=\"3e196a5\" data-element_type=\"column\">\n\t\t\t<div class=\"elementor-widget-wrap elementor-element-populated\">\n\t\t\t\t\t\t<div class=\"elementor-element elementor-element-0205f68 elementor-widget elementor-widget-heading\" data-id=\"0205f68\" data-element_type=\"widget\" data-widget_type=\"heading.default\">\n\t\t\t\t<div class=\"elementor-widget-container\">\n\t\t\t\t\t<h2 class=\"elementor-heading-title elementor-size-default\">Tek Ders S\u0131nav Dilek\u00e7esi<\/h2>\t\t\t\t<\/div>\n\t\t\t\t<\/div>\n\t\t\t\t\t<\/div>\n\t\t<\/div>\n\t\t\t\t\t<\/div>\n\t\t<\/section>\n\t\t\t\t<section class=\"elementor-section elementor-top-section elementor-element elementor-element-86e8537 elementor-section-boxed elementor-section-height-default elementor-section-height-default\" data-id=\"86e8537\" data-element_type=\"section\">\n\t\t\t\t\t\t<div class=\"elementor-container elementor-column-gap-default\">\n\t\t\t\t\t<div class=\"elementor-column elementor-col-100 elementor-top-column elementor-element elementor-element-555c29a\" data-id=\"555c29a\" data-element_type=\"column\">\n\t\t\t<div class=\"elementor-widget-wrap elementor-element-populated\">\n\t\t\t\t\t\t<div class=\"elementor-element elementor-element-29da8ff elementor-widget elementor-widget-text-editor\" data-id=\"29da8ff\" data-element_type=\"widget\" data-widget_type=\"text-editor.default\">\n\t\t\t\t<div class=\"elementor-widget-container\">\n\t\t\t\t\t\t\t\t\t<p><a href=\"http:\/\/birimler.atauni.edu.tr\/askale-meslek-yuksekokulu\/wp-content\/uploads\/sites\/438\/2020\/07\/Tek-Ders-Sinav-Dilekcesi.pdf\">Tek-Ders-Sinav-Dilekcesi<\/a><\/p>\t\t\t\t\t\t\t\t<\/div>\n\t\t\t\t<\/div>\n\t\t\t\t\t<\/div>\n\t\t<\/div>\n\t\t\t\t\t<\/div>\n\t\t<\/section>\n\t\t\t\t<section class=\"elementor-section elementor-top-section elementor-element elementor-element-93d65b0 elementor-section-boxed elementor-section-height-default elementor-section-height-default\" data-id=\"93d65b0\" data-element_type=\"section\">\n\t\t\t\t\t\t<div class=\"elementor-container elementor-column-gap-default\">\n\t\t\t\t\t<div class=\"elementor-column elementor-col-100 elementor-top-column elementor-element elementor-element-9570811\" data-id=\"9570811\" data-element_type=\"column\">\n\t\t\t<div class=\"elementor-widget-wrap elementor-element-populated\">\n\t\t\t\t\t\t<div class=\"elementor-element elementor-element-9c37c76 elementor-widget elementor-widget-text-editor\" data-id=\"9c37c76\" data-element_type=\"widget\" data-widget_type=\"text-editor.default\">\n\t\t\t\t<div class=\"elementor-widget-container\">\n\t\t\t\t\t\t\t\t\t<h2><span style=\"color: #808080\">Staj Muafiyet Dilek\u00e7esi<\/span><\/h2>\t\t\t\t\t\t\t\t<\/div>\n\t\t\t\t<\/div>\n\t\t\t\t\t<\/div>\n\t\t<\/div>\n\t\t\t\t\t<\/div>\n\t\t<\/section>\n\t\t\t\t<section class=\"elementor-section elementor-top-section elementor-element elementor-element-adf89c3 elementor-section-boxed elementor-section-height-default elementor-section-height-default\" data-id=\"adf89c3\" data-element_type=\"section\">\n\t\t\t\t\t\t<div class=\"elementor-container elementor-column-gap-default\">\n\t\t\t\t\t<div class=\"elementor-column elementor-col-100 elementor-top-column elementor-element elementor-element-38d5179\" data-id=\"38d5179\" data-element_type=\"column\">\n\t\t\t<div class=\"elementor-widget-wrap elementor-element-populated\">\n\t\t\t\t\t\t<div class=\"elementor-element elementor-element-0ac582f elementor-widget elementor-widget-text-editor\" data-id=\"0ac582f\" data-element_type=\"widget\" data-widget_type=\"text-editor.default\">\n\t\t\t\t<div class=\"elementor-widget-container\">\n\t\t\t\t\t\t\t\t\t<p><a href=\"http:\/\/birimler.atauni.edu.tr\/askale-meslek-yuksekokulu\/wp-content\/uploads\/sites\/438\/2025\/06\/Staj-Muafiyet-Dilekcesi.pdf\">Staj Muafiyet Dilek\u00e7esi<\/a><\/p>\t\t\t\t\t\t\t\t<\/div>\n\t\t\t\t<\/div>\n\t\t\t\t\t<\/div>\n\t\t<\/div>\n\t\t\t\t\t<\/div>\n\t\t<\/section>\n\t\t\t\t<\/div>\n\t\t","protected":false},"excerpt":{"rendered":"<p>Diploma Kay\u0131p Dilek\u00e7esi Diploma-Kayip-Dilekcesi Ek S\u0131nav Ba\u015fvuru Dilek\u00e7esi Ek-Sinav-Basvuru-Dilekcesi Kay\u0131t Dondurma Dilek\u00e7esi Kayit-Dondurma-Dilekcesi Kay\u0131t Sildirme Dilek\u00e7esi Kayit-Sildirme-Dilekcesi Mazeret S\u0131nav\u0131 Dilek\u00e7esi Mazaret-Sinavi-Dilekcesi Mazeret Ders Alma Dilek\u00e7esi Mazeret-Ders-Alma-Dilekcesi Tek Ders S\u0131nav Dilek\u00e7esi Tek-Ders-Sinav-Dilekcesi Staj Muafiyet Dilek\u00e7esi Staj Muafiyet Dilek\u00e7esi<\/p>\n","protected":false},"author":405,"featured_media":0,"parent":0,"menu_order":0,"comment_status":"closed","ping_status":"closed","template":"","meta":{"footnotes":""},"class_list":["post-6603","page","type-page","status-publish","hentry"],"_links":{"self":[{"href":"https:\/\/atauni.edu.tr\/askale-meslek-yuksekokulu\/wp-json\/wp\/v2\/pages\/6603","targetHints":{"allow":["GET"]}}],"collection":[{"href":"https:\/\/atauni.edu.tr\/askale-meslek-yuksekokulu\/wp-json\/wp\/v2\/pages"}],"about":[{"href":"https:\/\/atauni.edu.tr\/askale-meslek-yuksekokulu\/wp-json\/wp\/v2\/types\/page"}],"author":[{"embeddable":true,"href":"https:\/\/atauni.edu.tr\/askale-meslek-yuksekokulu\/wp-json\/wp\/v2\/users\/405"}],"replies":[{"embeddable":true,"href":"https:\/\/atauni.edu.tr\/askale-meslek-yuksekokulu\/wp-json\/wp\/v2\/comments?post=6603"}],"version-history":[{"count":16,"href":"https:\/\/atauni.edu.tr\/askale-meslek-yuksekokulu\/wp-json\/wp\/v2\/pages\/6603\/revisions"}],"predecessor-version":[{"id":8868,"href":"https:\/\/atauni.edu.tr\/askale-meslek-yuksekokulu\/wp-json\/wp\/v2\/pages\/6603\/revisions\/8868"}],"wp:attachment":[{"href":"https:\/\/atauni.edu.tr\/askale-meslek-yuksekokulu\/wp-json\/wp\/v2\/media?parent=6603"}],"curies":[{"name":"wp","href":"https:\/\/api.w.org\/{rel}","templated":true}]}}