{"id":6619,"date":"2021-12-25T12:34:15","date_gmt":"2021-12-25T09:34:15","guid":{"rendered":"https:\/\/birimler.atauni.edu.tr\/askale-meslek-yuksekokulu\/?page_id=6619"},"modified":"2025-10-01T15:03:18","modified_gmt":"2025-10-01T12:03:18","slug":"staj-evraklari","status":"publish","type":"page","link":"https:\/\/atauni.edu.tr\/askale-meslek-yuksekokulu\/staj-evraklari\/","title":{"rendered":"Staj Evraklar\u0131"},"content":{"rendered":"\t\t<div data-elementor-type=\"wp-page\" data-elementor-id=\"6619\" class=\"elementor elementor-6619\" data-elementor-post-type=\"page\">\n\t\t\t\t\t\t<section class=\"elementor-section elementor-top-section elementor-element elementor-element-a9cb830 elementor-section-boxed elementor-section-height-default elementor-section-height-default\" data-id=\"a9cb830\" data-element_type=\"section\">\n\t\t\t\t\t\t<div class=\"elementor-container elementor-column-gap-default\">\n\t\t\t\t\t<div class=\"elementor-column elementor-col-100 elementor-top-column elementor-element elementor-element-619d41e\" data-id=\"619d41e\" data-element_type=\"column\">\n\t\t\t<div class=\"elementor-widget-wrap elementor-element-populated\">\n\t\t\t\t\t\t<div class=\"elementor-element elementor-element-5426453 elementor-widget elementor-widget-heading\" data-id=\"5426453\" data-element_type=\"widget\" data-widget_type=\"heading.default\">\n\t\t\t\t<div class=\"elementor-widget-container\">\n\t\t\t\t\t<h2 class=\"elementor-heading-title elementor-size-default\">Staj Ba\u015fvuru<\/h2>\t\t\t\t<\/div>\n\t\t\t\t<\/div>\n\t\t\t\t\t<\/div>\n\t\t<\/div>\n\t\t\t\t\t<\/div>\n\t\t<\/section>\n\t\t\t\t<section class=\"elementor-section elementor-top-section elementor-element elementor-element-b519a70 elementor-section-boxed elementor-section-height-default elementor-section-height-default\" data-id=\"b519a70\" data-element_type=\"section\">\n\t\t\t\t\t\t<div class=\"elementor-container elementor-column-gap-default\">\n\t\t\t\t\t<div class=\"elementor-column elementor-col-100 elementor-top-column elementor-element elementor-element-ce209e5\" data-id=\"ce209e5\" data-element_type=\"column\">\n\t\t\t<div class=\"elementor-widget-wrap elementor-element-populated\">\n\t\t\t\t\t\t<div class=\"elementor-element elementor-element-0a635ee elementor-widget elementor-widget-text-editor\" data-id=\"0a635ee\" data-element_type=\"widget\" data-widget_type=\"text-editor.default\">\n\t\t\t\t<div class=\"elementor-widget-container\">\n\t\t\t\t\t\t\t\t\t<p><a href=\"http:\/\/birimler.atauni.edu.tr\/askale-meslek-yuksekokulu\/wp-content\/uploads\/sites\/438\/2020\/07\/STAJ-BASVURU.pdf\">STAJ BA\u015eVURU<\/a><\/p>\t\t\t\t\t\t\t\t<\/div>\n\t\t\t\t<\/div>\n\t\t\t\t\t<\/div>\n\t\t<\/div>\n\t\t\t\t\t<\/div>\n\t\t<\/section>\n\t\t\t\t<section class=\"elementor-section elementor-top-section elementor-element elementor-element-22e8765 elementor-section-boxed elementor-section-height-default elementor-section-height-default\" data-id=\"22e8765\" data-element_type=\"section\">\n\t\t\t\t\t\t<div class=\"elementor-container elementor-column-gap-default\">\n\t\t\t\t\t<div class=\"elementor-column elementor-col-100 elementor-top-column elementor-element elementor-element-4f09a52\" data-id=\"4f09a52\" data-element_type=\"column\">\n\t\t\t<div class=\"elementor-widget-wrap elementor-element-populated\">\n\t\t\t\t\t\t<div class=\"elementor-element elementor-element-4382e25 elementor-widget elementor-widget-heading\" data-id=\"4382e25\" data-element_type=\"widget\" data-widget_type=\"heading.default\">\n\t\t\t\t<div class=\"elementor-widget-container\">\n\t\t\t\t\t<h2 class=\"elementor-heading-title elementor-size-default\">Staj Dosyas\u0131<\/h2>\t\t\t\t<\/div>\n\t\t\t\t<\/div>\n\t\t\t\t\t<\/div>\n\t\t<\/div>\n\t\t\t\t\t<\/div>\n\t\t<\/section>\n\t\t\t\t<section class=\"elementor-section elementor-top-section elementor-element elementor-element-9692833 elementor-section-boxed elementor-section-height-default elementor-section-height-default\" data-id=\"9692833\" data-element_type=\"section\">\n\t\t\t\t\t\t<div class=\"elementor-container elementor-column-gap-default\">\n\t\t\t\t\t<div class=\"elementor-column elementor-col-100 elementor-top-column elementor-element elementor-element-43b62f2\" data-id=\"43b62f2\" data-element_type=\"column\">\n\t\t\t<div class=\"elementor-widget-wrap elementor-element-populated\">\n\t\t\t\t\t\t<div class=\"elementor-element elementor-element-6c5b437 elementor-widget elementor-widget-text-editor\" data-id=\"6c5b437\" data-element_type=\"widget\" data-widget_type=\"text-editor.default\">\n\t\t\t\t<div class=\"elementor-widget-container\">\n\t\t\t\t\t\t\t\t\t<p><a href=\"http:\/\/birimler.atauni.edu.tr\/askale-meslek-yuksekokulu\/wp-content\/uploads\/sites\/438\/2025\/10\/STAJ-DOSYASI.pdf\">STAJ-DOSYASI<\/a><\/p>\t\t\t\t\t\t\t\t<\/div>\n\t\t\t\t<\/div>\n\t\t\t\t\t<\/div>\n\t\t<\/div>\n\t\t\t\t\t<\/div>\n\t\t<\/section>\n\t\t\t\t<section class=\"elementor-section elementor-top-section elementor-element elementor-element-dd87016 elementor-section-boxed elementor-section-height-default elementor-section-height-default\" data-id=\"dd87016\" data-element_type=\"section\">\n\t\t\t\t\t\t<div class=\"elementor-container elementor-column-gap-default\">\n\t\t\t\t\t<div class=\"elementor-column elementor-col-100 elementor-top-column elementor-element elementor-element-1c5f1bd\" data-id=\"1c5f1bd\" data-element_type=\"column\">\n\t\t\t<div class=\"elementor-widget-wrap elementor-element-populated\">\n\t\t\t\t\t\t<div class=\"elementor-element elementor-element-440e9b0 elementor-widget elementor-widget-text-editor\" data-id=\"440e9b0\" data-element_type=\"widget\" data-widget_type=\"text-editor.default\">\n\t\t\t\t<div class=\"elementor-widget-container\">\n\t\t\t\t\t\t\t\t\t<p><strong>STAJ S\u00d6ZLE\u015eMES\u0130 ve D\u0130\u011eER EKLER<\/strong><\/p><p><a href=\"http:\/\/birimler.atauni.edu.tr\/askale-meslek-yuksekokulu\/wp-content\/uploads\/sites\/438\/2020\/07\/STAJ-SOZLESMESI-1.pdf\">STAJ-SOZLESMESI<\/a><\/p><p><a href=\"http:\/\/birimler.atauni.edu.tr\/askale-meslek-yuksekokulu\/wp-content\/uploads\/sites\/438\/2020\/07\/Girisimcilik-Dersi-2.pdf\">Giri\u015fimcilik Dersi<\/a><\/p><p><a href=\"http:\/\/birimler.atauni.edu.tr\/askale-meslek-yuksekokulu\/wp-content\/uploads\/sites\/438\/2025\/07\/Hava-Limani-Apron-Giris-Karti-Cikartilmasi.pdf\">Hava Liman\u0131 Apron Giri\u015f Kart\u0131 \u00c7\u0131kart\u0131lmas\u0131<\/a><\/p><p><a href=\"http:\/\/birimler.atauni.edu.tr\/askale-meslek-yuksekokulu\/wp-content\/uploads\/sites\/438\/2020\/07\/Is-Sagligi-ve-Guvenligi-Dersi-2.pdf\">\u0130\u015f Sa\u011fl\u0131\u011f\u0131 ve G\u00fcvenli\u011fi Dersi<\/a><\/p><p><a href=\"http:\/\/birimler.atauni.edu.tr\/askale-meslek-yuksekokulu\/wp-content\/uploads\/sites\/438\/2025\/08\/Staj-Muafiyet-Belgesi.pdf\">Staj Muafiyet Belgesi<\/a><\/p>\t\t\t\t\t\t\t\t<\/div>\n\t\t\t\t<\/div>\n\t\t\t\t\t<\/div>\n\t\t<\/div>\n\t\t\t\t\t<\/div>\n\t\t<\/section>\n\t\t\t\t<\/div>\n\t\t","protected":false},"excerpt":{"rendered":"<p>Staj Ba\u015fvuru STAJ BA\u015eVURU Staj Dosyas\u0131 STAJ-DOSYASI STAJ S\u00d6ZLE\u015eMES\u0130 ve D\u0130\u011eER EKLER STAJ-SOZLESMESI Giri\u015fimcilik Dersi Hava Liman\u0131 Apron Giri\u015f Kart\u0131 \u00c7\u0131kart\u0131lmas\u0131 \u0130\u015f Sa\u011fl\u0131\u011f\u0131 ve G\u00fcvenli\u011fi Dersi Staj Muafiyet Belgesi<\/p>\n","protected":false},"author":405,"featured_media":0,"parent":0,"menu_order":0,"comment_status":"closed","ping_status":"closed","template":"","meta":{"footnotes":""},"class_list":["post-6619","page","type-page","status-publish","hentry"],"_links":{"self":[{"href":"https:\/\/atauni.edu.tr\/askale-meslek-yuksekokulu\/wp-json\/wp\/v2\/pages\/6619","targetHints":{"allow":["GET"]}}],"collection":[{"href":"https:\/\/atauni.edu.tr\/askale-meslek-yuksekokulu\/wp-json\/wp\/v2\/pages"}],"about":[{"href":"https:\/\/atauni.edu.tr\/askale-meslek-yuksekokulu\/wp-json\/wp\/v2\/types\/page"}],"author":[{"embeddable":true,"href":"https:\/\/atauni.edu.tr\/askale-meslek-yuksekokulu\/wp-json\/wp\/v2\/users\/405"}],"replies":[{"embeddable":true,"href":"https:\/\/atauni.edu.tr\/askale-meslek-yuksekokulu\/wp-json\/wp\/v2\/comments?post=6619"}],"version-history":[{"count":67,"href":"https:\/\/atauni.edu.tr\/askale-meslek-yuksekokulu\/wp-json\/wp\/v2\/pages\/6619\/revisions"}],"predecessor-version":[{"id":9232,"href":"https:\/\/atauni.edu.tr\/askale-meslek-yuksekokulu\/wp-json\/wp\/v2\/pages\/6619\/revisions\/9232"}],"wp:attachment":[{"href":"https:\/\/atauni.edu.tr\/askale-meslek-yuksekokulu\/wp-json\/wp\/v2\/media?parent=6619"}],"curies":[{"name":"wp","href":"https:\/\/api.w.org\/{rel}","templated":true}]}}