{"id":6625,"date":"2021-12-25T12:36:44","date_gmt":"2021-12-25T09:36:44","guid":{"rendered":"https:\/\/birimler.atauni.edu.tr\/askale-meslek-yuksekokulu\/?page_id=6625"},"modified":"2021-12-25T12:37:48","modified_gmt":"2021-12-25T09:37:48","slug":"yaz-staji-kurallari","status":"publish","type":"page","link":"https:\/\/atauni.edu.tr\/askale-meslek-yuksekokulu\/yaz-staji-kurallari\/","title":{"rendered":"Yaz Staj\u0131 Kurallar\u0131"},"content":{"rendered":"\t\t<div data-elementor-type=\"wp-page\" data-elementor-id=\"6625\" class=\"elementor elementor-6625\" data-elementor-post-type=\"page\">\n\t\t\t\t\t\t<section class=\"elementor-section elementor-top-section elementor-element elementor-element-8853542 elementor-section-boxed elementor-section-height-default elementor-section-height-default\" data-id=\"8853542\" data-element_type=\"section\">\n\t\t\t\t\t\t<div class=\"elementor-container elementor-column-gap-default\">\n\t\t\t\t\t<div class=\"elementor-column elementor-col-100 elementor-top-column elementor-element elementor-element-30d2191\" data-id=\"30d2191\" data-element_type=\"column\">\n\t\t\t<div class=\"elementor-widget-wrap elementor-element-populated\">\n\t\t\t\t\t\t<div class=\"elementor-element elementor-element-bddade0 elementor-widget elementor-widget-text-editor\" data-id=\"bddade0\" data-element_type=\"widget\" data-widget_type=\"text-editor.default\">\n\t\t\t\t<div class=\"elementor-widget-container\">\n\t\t\t\t\t\t\t\t\t<div align=\"center\"><strong><u>MYO YAZ STAJ UYGULAMALARI \u0130LE \u0130LG\u0130L\u0130 UYULMASI GEREKEN KURALLAR<\/u><\/strong><\/div>\n<div><strong>1-<\/strong>Atat\u00fcrk \u00dcniversitesi Senatosu\u2019nun 05.04.2012 tarihli oturumunda karara ba\u011flanan, Atat\u00fcrk \u00dcniversitesi Meslek Y\u00fcksekokullar\u0131 Staj Y\u00f6nergesinin 6. madde 2. bendine g\u00f6re \u2018Staj ba\u015fvurusundan \u00f6nceki d\u00f6nem itibar\u0131 ile alm\u0131\u015f olduklar\u0131 derslerin toplam kredisinin %60\u2019\u0131ndan ba\u015far\u0131l\u0131 olan \u00f6\u011frenciler staj yapabilirler\u2019<\/div>\n<div><strong>2-<\/strong>\u00d6\u011frenci yaz staj\u0131n\u0131 belirtilen tarihler aras\u0131nda ve belirtilen birimlerde yapmak zorundad\u0131r.<\/div>\n<div><strong>3-<\/strong>Yaz okuluna devam eden \u00f6\u011frenciler yaz okulu s\u00fcresince staj yapamazlar. Ancak, haftada en fazla 8 saat ders y\u00fck\u00fc ile y\u00fck\u00fcml\u00fc olan \u00f6\u011frenciler normal e\u011fitim-\u00f6\u011fretim d\u00f6nemi, b\u00fct\u00fcnleme veya yaz okulu s\u00fcresinde ilgili y\u00f6netim kurulunun onay vermesi halinde staj yapabilirler. Yaz okulu hari\u00e7 ortak zorunlu dersler, ders y\u00fck\u00fcnden say\u0131lmaz.<\/div>\n<div><strong>4-<\/strong>Staj karneleri ve staj evraklar\u0131 \u00f6\u011frencinin bizzat kendisi yada dilek\u00e7e ile veya noterden vek\u00e2let verdi\u011fi \u00fc\u00e7\u00fcnc\u00fc bir \u015fah\u0131s taraf\u0131ndan al\u0131nabilir.<\/div>\n<div><strong>5-<\/strong>Staj kabul formu i\u015fletme\/kurum yetkilisine onaylat\u0131lmal\u0131d\u0131r.<\/div>\n<div><strong>6-<\/strong>Staj karnesi staj\u0131n yap\u0131laca\u011f\u0131 ilgili kuruma teslim edilir.<\/div>\n<div><strong>7-<\/strong>Staj karneleri \u00f6\u011frencinin bizzat kendisi veya ilgili kurum taraf\u0131ndan elden ya da posta ile staj bitimini takip eden en fazla bir ay i\u00e7erisinde teslim edilmelidir.<\/div>\n<div><strong>8-<\/strong>Staj karnelerinin doldurulmas\u0131 ve de\u011ferlendirilmesi ilgili birim sorumlular\u0131 (doktor, uzman doktor, \u00f6\u011fretim \u00fcyeleri ve ba\u015fhekim, ba\u015fhekim yard\u0131mc\u0131lar\u0131, ba\u015fm\u00fcd\u00fcr, m\u00fcd\u00fcr ve m\u00fcd\u00fcr yard\u0131mc\u0131lar\u0131) taraf\u0131ndan yap\u0131l\u0131p imzalanacakt\u0131r.<\/div>\n<div><strong>9-<\/strong>Staj s\u00fcresince izinsiz ve mazeretsiz \u00fc\u00e7 g\u00fcn \u00fcst \u00fcste veya staj s\u00fcresinin %10\u2019u oran\u0131nda devams\u0131zl\u0131k yapan \u00f6\u011frencinin staj\u0131na son verilir. Bu durumda \u00f6\u011frencinin herhangi bir yasal talep hakk\u0131 do\u011fmaz.<\/div>\n<div><strong>10-<\/strong>Staja \u00fc\u00e7 g\u00fcnden fazla s\u00fcre ile devam etmeyen \u00f6\u011frenci durumunu MYO M\u00fcd\u00fcrl\u00fc\u011f\u00fcne bildirmek ve mazeretini belgelemek zorundad\u0131r. Ge\u00e7erli mazereti nedeni ile staja devam edemeyen \u00f6\u011frencilerin devam edemedikleri s\u00fcre staja eklenir.<\/div>\n<div><strong>11-<\/strong>Staj yapacak \u00f6\u011frenciler staj yerlerine gitmeme veya yar\u0131da b\u0131rakma gibi durumlarda sigorta i\u015flemleri nedeni ile do\u011facak yasal para cezas\u0131n\u0131 \u00f6demek zorundad\u0131r.<\/div>\n<div><strong>12-<\/strong>Staj uygulamalar\u0131 staj karnesinde belirlenen minimal uygulama say\u0131lar\u0131na uygun yap\u0131lmal\u0131d\u0131r.<\/div>\n<div><strong>13-<\/strong>Staj yapan \u00f6\u011frenci staj s\u00fcresinde sadece staj karnesinde belirtilen uygulamalar\u0131 yapabilir. Bu uygulamalar d\u0131\u015f\u0131nda ki yetki ve e\u011fitim alan\u0131na girmeyen uygulamalar\u0131 yapamaz.<\/div>\n<div><strong>14-<\/strong>Staj ba\u015far\u0131 notu 100 \u00fczerinden 60 t\u0131r. Ba\u015far\u0131s\u0131z \u00f6\u011frenciler staj\u0131 tekrarlamak zorundad\u0131r.<\/div>\n<div><strong>15-<\/strong>Staj yapacak \u00f6\u011frenciler staj karnesinin arka y\u00fcz\u00fcnde yer alan MYO Yaz Staj Y\u00f6nergesi\u2019ndeki kurallara uymak zorundad\u0131r. Aksine hareket edenlerin yaz stajlar\u0131 ge\u00e7ersiz say\u0131l\u0131r ya da haklar\u0131nda disiplin soru\u015fturmas\u0131 a\u00e7\u0131l\u0131r<\/div>\t\t\t\t\t\t\t\t<\/div>\n\t\t\t\t<\/div>\n\t\t\t\t\t<\/div>\n\t\t<\/div>\n\t\t\t\t\t<\/div>\n\t\t<\/section>\n\t\t\t\t<\/div>\n\t\t","protected":false},"excerpt":{"rendered":"<p>MYO YAZ STAJ UYGULAMALARI \u0130LE \u0130LG\u0130L\u0130 UYULMASI GEREKEN KURALLAR 1-Atat\u00fcrk \u00dcniversitesi Senatosu\u2019nun 05.04.2012 tarihli oturumunda karara ba\u011flanan, Atat\u00fcrk \u00dcniversitesi Meslek Y\u00fcksekokullar\u0131 Staj Y\u00f6nergesinin 6. madde 2. bendine g\u00f6re \u2018Staj ba\u015fvurusundan \u00f6nceki d\u00f6nem itibar\u0131 ile alm\u0131\u015f olduklar\u0131 derslerin toplam kredisinin %60\u2019\u0131ndan ba\u015far\u0131l\u0131 olan \u00f6\u011frenciler staj yapabilirler\u2019 2-\u00d6\u011frenci yaz staj\u0131n\u0131 belirtilen tarihler aras\u0131nda ve belirtilen birimlerde yapmak [&hellip;]<\/p>\n","protected":false},"author":405,"featured_media":0,"parent":0,"menu_order":0,"comment_status":"closed","ping_status":"closed","template":"","meta":{"footnotes":""},"class_list":["post-6625","page","type-page","status-publish","hentry"],"_links":{"self":[{"href":"https:\/\/atauni.edu.tr\/askale-meslek-yuksekokulu\/wp-json\/wp\/v2\/pages\/6625","targetHints":{"allow":["GET"]}}],"collection":[{"href":"https:\/\/atauni.edu.tr\/askale-meslek-yuksekokulu\/wp-json\/wp\/v2\/pages"}],"about":[{"href":"https:\/\/atauni.edu.tr\/askale-meslek-yuksekokulu\/wp-json\/wp\/v2\/types\/page"}],"author":[{"embeddable":true,"href":"https:\/\/atauni.edu.tr\/askale-meslek-yuksekokulu\/wp-json\/wp\/v2\/users\/405"}],"replies":[{"embeddable":true,"href":"https:\/\/atauni.edu.tr\/askale-meslek-yuksekokulu\/wp-json\/wp\/v2\/comments?post=6625"}],"version-history":[{"count":4,"href":"https:\/\/atauni.edu.tr\/askale-meslek-yuksekokulu\/wp-json\/wp\/v2\/pages\/6625\/revisions"}],"predecessor-version":[{"id":6629,"href":"https:\/\/atauni.edu.tr\/askale-meslek-yuksekokulu\/wp-json\/wp\/v2\/pages\/6625\/revisions\/6629"}],"wp:attachment":[{"href":"https:\/\/atauni.edu.tr\/askale-meslek-yuksekokulu\/wp-json\/wp\/v2\/media?parent=6625"}],"curies":[{"name":"wp","href":"https:\/\/api.w.org\/{rel}","templated":true}]}}