{"id":7234,"date":"2022-01-14T10:27:29","date_gmt":"2022-01-14T07:27:29","guid":{"rendered":"https:\/\/birimler.atauni.edu.tr\/askale-meslek-yuksekokulu\/?page_id=7234"},"modified":"2022-01-17T12:08:28","modified_gmt":"2022-01-17T09:08:28","slug":"gorev-tanitim-formu","status":"publish","type":"page","link":"https:\/\/atauni.edu.tr\/askale-meslek-yuksekokulu\/gorev-tanitim-formu\/","title":{"rendered":"G\u00f6rev Tan\u0131t\u0131m Formu"},"content":{"rendered":"\t\t<div data-elementor-type=\"wp-page\" data-elementor-id=\"7234\" class=\"elementor elementor-7234\" data-elementor-post-type=\"page\">\n\t\t\t\t\t\t<section class=\"elementor-section elementor-top-section elementor-element elementor-element-835706c elementor-section-boxed elementor-section-height-default elementor-section-height-default\" data-id=\"835706c\" data-element_type=\"section\">\n\t\t\t\t\t\t<div class=\"elementor-container elementor-column-gap-default\">\n\t\t\t\t\t<div class=\"elementor-column elementor-col-100 elementor-top-column elementor-element elementor-element-9c43840\" data-id=\"9c43840\" data-element_type=\"column\">\n\t\t\t<div class=\"elementor-widget-wrap elementor-element-populated\">\n\t\t\t\t\t\t\t<\/div>\n\t\t<\/div>\n\t\t\t\t\t<\/div>\n\t\t<\/section>\n\t\t\t\t<\/div>\n\t\t","protected":false},"excerpt":{"rendered":"","protected":false},"author":405,"featured_media":0,"parent":0,"menu_order":0,"comment_status":"closed","ping_status":"closed","template":"","meta":{"footnotes":""},"class_list":["post-7234","page","type-page","status-publish","hentry"],"_links":{"self":[{"href":"https:\/\/atauni.edu.tr\/askale-meslek-yuksekokulu\/wp-json\/wp\/v2\/pages\/7234","targetHints":{"allow":["GET"]}}],"collection":[{"href":"https:\/\/atauni.edu.tr\/askale-meslek-yuksekokulu\/wp-json\/wp\/v2\/pages"}],"about":[{"href":"https:\/\/atauni.edu.tr\/askale-meslek-yuksekokulu\/wp-json\/wp\/v2\/types\/page"}],"author":[{"embeddable":true,"href":"https:\/\/atauni.edu.tr\/askale-meslek-yuksekokulu\/wp-json\/wp\/v2\/users\/405"}],"replies":[{"embeddable":true,"href":"https:\/\/atauni.edu.tr\/askale-meslek-yuksekokulu\/wp-json\/wp\/v2\/comments?post=7234"}],"version-history":[{"count":7,"href":"https:\/\/atauni.edu.tr\/askale-meslek-yuksekokulu\/wp-json\/wp\/v2\/pages\/7234\/revisions"}],"predecessor-version":[{"id":7291,"href":"https:\/\/atauni.edu.tr\/askale-meslek-yuksekokulu\/wp-json\/wp\/v2\/pages\/7234\/revisions\/7291"}],"wp:attachment":[{"href":"https:\/\/atauni.edu.tr\/askale-meslek-yuksekokulu\/wp-json\/wp\/v2\/media?parent=7234"}],"curies":[{"name":"wp","href":"https:\/\/api.w.org\/{rel}","templated":true}]}}