{"id":7248,"date":"2022-01-14T10:36:46","date_gmt":"2022-01-14T07:36:46","guid":{"rendered":"https:\/\/birimler.atauni.edu.tr\/askale-meslek-yuksekokulu\/?page_id=7248"},"modified":"2022-01-14T10:36:47","modified_gmt":"2022-01-14T07:36:47","slug":"teskilat-ve-yonetim-semasi","status":"publish","type":"page","link":"https:\/\/atauni.edu.tr\/askale-meslek-yuksekokulu\/teskilat-ve-yonetim-semasi\/","title":{"rendered":"Te\u015fkilat ve Y\u00f6netim \u015eemas\u0131"},"content":{"rendered":"","protected":false},"excerpt":{"rendered":"","protected":false},"author":405,"featured_media":0,"parent":0,"menu_order":0,"comment_status":"closed","ping_status":"closed","template":"","meta":{"footnotes":""},"class_list":["post-7248","page","type-page","status-publish","hentry"],"_links":{"self":[{"href":"https:\/\/atauni.edu.tr\/askale-meslek-yuksekokulu\/wp-json\/wp\/v2\/pages\/7248","targetHints":{"allow":["GET"]}}],"collection":[{"href":"https:\/\/atauni.edu.tr\/askale-meslek-yuksekokulu\/wp-json\/wp\/v2\/pages"}],"about":[{"href":"https:\/\/atauni.edu.tr\/askale-meslek-yuksekokulu\/wp-json\/wp\/v2\/types\/page"}],"author":[{"embeddable":true,"href":"https:\/\/atauni.edu.tr\/askale-meslek-yuksekokulu\/wp-json\/wp\/v2\/users\/405"}],"replies":[{"embeddable":true,"href":"https:\/\/atauni.edu.tr\/askale-meslek-yuksekokulu\/wp-json\/wp\/v2\/comments?post=7248"}],"version-history":[{"count":1,"href":"https:\/\/atauni.edu.tr\/askale-meslek-yuksekokulu\/wp-json\/wp\/v2\/pages\/7248\/revisions"}],"predecessor-version":[{"id":7249,"href":"https:\/\/atauni.edu.tr\/askale-meslek-yuksekokulu\/wp-json\/wp\/v2\/pages\/7248\/revisions\/7249"}],"wp:attachment":[{"href":"https:\/\/atauni.edu.tr\/askale-meslek-yuksekokulu\/wp-json\/wp\/v2\/media?parent=7248"}],"curies":[{"name":"wp","href":"https:\/\/api.w.org\/{rel}","templated":true}]}}