{"id":7587,"date":"2022-07-28T12:13:23","date_gmt":"2022-07-28T09:13:23","guid":{"rendered":"https:\/\/birimler.atauni.edu.tr\/askale-meslek-yuksekokulu\/?page_id=7587"},"modified":"2022-12-05T16:42:35","modified_gmt":"2022-12-05T13:42:35","slug":"ders-mufredati-ve-ders-icerikleri-2","status":"publish","type":"page","link":"https:\/\/atauni.edu.tr\/askale-meslek-yuksekokulu\/ders-mufredati-ve-ders-icerikleri-2\/","title":{"rendered":"Ders M\u00fcfredat\u0131 ve Ders \u0130\u00e7erikleri"},"content":{"rendered":"\t\t<div data-elementor-type=\"wp-page\" data-elementor-id=\"7587\" class=\"elementor elementor-7587\" data-elementor-post-type=\"page\">\n\t\t\t\t\t\t<section class=\"elementor-section elementor-top-section elementor-element elementor-element-98586b4 elementor-section-boxed elementor-section-height-default elementor-section-height-default\" data-id=\"98586b4\" data-element_type=\"section\">\n\t\t\t\t\t\t<div class=\"elementor-container elementor-column-gap-default\">\n\t\t\t\t\t<div class=\"elementor-column elementor-col-100 elementor-top-column elementor-element elementor-element-eecf557\" data-id=\"eecf557\" data-element_type=\"column\">\n\t\t\t<div class=\"elementor-widget-wrap elementor-element-populated\">\n\t\t\t\t\t\t<div class=\"elementor-element elementor-element-7aacd21 elementor-widget elementor-widget-text-editor\" data-id=\"7aacd21\" data-element_type=\"widget\" data-widget_type=\"text-editor.default\">\n\t\t\t\t<div class=\"elementor-widget-container\">\n\t\t\t\t\t\t\t\t\t<p>B\u00fcro Y\u00f6netimi ve Y\u00f6netici Asistanl\u0131\u011f\u0131 Program\u0131 Ders M\u00fcfredat\u0131 ve Ders \u0130\u00e7erikleri<\/p><p><a href=\"http:\/\/birimler.atauni.edu.tr\/askale-meslek-yuksekokulu\/wp-content\/uploads\/sites\/438\/2020\/07\/Buro-Yonetimi-ve-Yonetici-Asistanligi-Programi-Ders-Mufredati-ve-Ders-Icerikleri-2.pdf\">B\u00fcro Y\u00f6netimi ve Y\u00f6netici Asistanl\u0131\u011f\u0131 Program\u0131 Ders M\u00fcfredat\u0131 ve Ders \u0130\u00e7erikleri<\/a><\/p>\t\t\t\t\t\t\t\t<\/div>\n\t\t\t\t<\/div>\n\t\t\t\t\t<\/div>\n\t\t<\/div>\n\t\t\t\t\t<\/div>\n\t\t<\/section>\n\t\t\t\t<section class=\"elementor-section elementor-top-section elementor-element elementor-element-ec532e3 elementor-section-boxed elementor-section-height-default elementor-section-height-default\" data-id=\"ec532e3\" data-element_type=\"section\">\n\t\t\t\t\t\t<div class=\"elementor-container elementor-column-gap-default\">\n\t\t\t\t\t<div class=\"elementor-column elementor-col-100 elementor-top-column elementor-element elementor-element-683459e\" data-id=\"683459e\" data-element_type=\"column\">\n\t\t\t<div class=\"elementor-widget-wrap elementor-element-populated\">\n\t\t\t\t\t\t<div class=\"elementor-element elementor-element-8dbb501 elementor-widget elementor-widget-text-editor\" data-id=\"8dbb501\" data-element_type=\"widget\" data-widget_type=\"text-editor.default\">\n\t\t\t\t<div class=\"elementor-widget-container\">\n\t\t\t\t\t\t\t\t\t<p>\u00c7ocuk Geli\u015fim Program\u0131 Ders M\u00fcfredat\u0131 ve Ders \u0130\u00e7erikleri<\/p><p><a href=\"http:\/\/birimler.atauni.edu.tr\/askale-meslek-yuksekokulu\/wp-content\/uploads\/sites\/438\/2020\/07\/Cocuk-Gelisim-Programi-Ders-Mufredati-ve-Ders-Icerikleri-2.pdf\">\u00c7ocuk Geli\u015fim Program\u0131 Ders M\u00fcfredat\u0131 ve Ders \u0130\u00e7erikleri<\/a><\/p>\t\t\t\t\t\t\t\t<\/div>\n\t\t\t\t<\/div>\n\t\t\t\t\t<\/div>\n\t\t<\/div>\n\t\t\t\t\t<\/div>\n\t\t<\/section>\n\t\t\t\t<section class=\"elementor-section elementor-top-section elementor-element elementor-element-5c40182 elementor-section-boxed elementor-section-height-default elementor-section-height-default\" data-id=\"5c40182\" data-element_type=\"section\">\n\t\t\t\t\t\t<div class=\"elementor-container elementor-column-gap-default\">\n\t\t\t\t\t<div class=\"elementor-column elementor-col-100 elementor-top-column elementor-element elementor-element-d42d77d\" data-id=\"d42d77d\" data-element_type=\"column\">\n\t\t\t<div class=\"elementor-widget-wrap elementor-element-populated\">\n\t\t\t\t\t\t<div class=\"elementor-element elementor-element-7434cff elementor-widget elementor-widget-text-editor\" data-id=\"7434cff\" data-element_type=\"widget\" data-widget_type=\"text-editor.default\">\n\t\t\t\t<div class=\"elementor-widget-container\">\n\t\t\t\t\t\t\t\t\t<p>Elektrik Program\u0131 Ders M\u00fcfredat\u0131 ve Ders \u0130\u00e7erikleri<\/p><p><a href=\"http:\/\/birimler.atauni.edu.tr\/askale-meslek-yuksekokulu\/wp-content\/uploads\/sites\/438\/2020\/07\/Elektrik-Programi-Ders-Mufredati-ve-Ders-Icerikleri-2.pdf\">Elektrik Program\u0131 Ders M\u00fcfredat\u0131 ve Ders \u0130\u00e7erikleri<\/a><\/p>\t\t\t\t\t\t\t\t<\/div>\n\t\t\t\t<\/div>\n\t\t\t\t\t<\/div>\n\t\t<\/div>\n\t\t\t\t\t<\/div>\n\t\t<\/section>\n\t\t\t\t<section class=\"elementor-section elementor-top-section elementor-element elementor-element-bf9a9e1 elementor-section-boxed elementor-section-height-default elementor-section-height-default\" data-id=\"bf9a9e1\" data-element_type=\"section\">\n\t\t\t\t\t\t<div class=\"elementor-container elementor-column-gap-default\">\n\t\t\t\t\t<div class=\"elementor-column elementor-col-100 elementor-top-column elementor-element elementor-element-d5cb130\" data-id=\"d5cb130\" data-element_type=\"column\">\n\t\t\t<div class=\"elementor-widget-wrap elementor-element-populated\">\n\t\t\t\t\t\t<div class=\"elementor-element elementor-element-8d9235c elementor-widget elementor-widget-text-editor\" data-id=\"8d9235c\" data-element_type=\"widget\" data-widget_type=\"text-editor.default\">\n\t\t\t\t<div class=\"elementor-widget-container\">\n\t\t\t\t\t\t\t\t\t<p>Elektrik Enerjisi \u00dcretim, \u0130letim ve Da\u011f\u0131t\u0131m Program\u0131 Ders M\u00fcfradat\u0131 ve Ders \u0130\u00e7erikleri<\/p><p><a href=\"http:\/\/birimler.atauni.edu.tr\/askale-meslek-yuksekokulu\/wp-content\/uploads\/sites\/438\/2020\/07\/Elektrik-Enerjisi-Uretim-Iletim-ve-Dagitim-Programi-Ders-Mufradati-ve-Ders-Icerikleri-2.pdf\">Elektrik Enerjisi \u00dcretim, \u0130letim ve Da\u011f\u0131t\u0131m Program\u0131 Ders M\u00fcfradat\u0131 ve Ders \u0130\u00e7erikleri<\/a><\/p>\t\t\t\t\t\t\t\t<\/div>\n\t\t\t\t<\/div>\n\t\t\t\t\t<\/div>\n\t\t<\/div>\n\t\t\t\t\t<\/div>\n\t\t<\/section>\n\t\t\t\t<section class=\"elementor-section elementor-top-section elementor-element elementor-element-db731e7 elementor-section-boxed elementor-section-height-default elementor-section-height-default\" data-id=\"db731e7\" data-element_type=\"section\">\n\t\t\t\t\t\t<div class=\"elementor-container elementor-column-gap-default\">\n\t\t\t\t\t<div class=\"elementor-column elementor-col-100 elementor-top-column elementor-element elementor-element-5c6c581\" data-id=\"5c6c581\" data-element_type=\"column\">\n\t\t\t<div class=\"elementor-widget-wrap elementor-element-populated\">\n\t\t\t\t\t\t<div class=\"elementor-element elementor-element-0c2ca31 elementor-widget elementor-widget-text-editor\" data-id=\"0c2ca31\" data-element_type=\"widget\" data-widget_type=\"text-editor.default\">\n\t\t\t\t<div class=\"elementor-widget-container\">\n\t\t\t\t\t\t\t\t\t<p>Lojistik Program\u0131 Ders M\u00fcfredat\u0131 ve Ders \u0130\u00e7erikleri<\/p><p><a href=\"http:\/\/birimler.atauni.edu.tr\/askale-meslek-yuksekokulu\/wp-content\/uploads\/sites\/438\/2020\/07\/Lojistik-Programi-Ders-Mufredati-ve-Ders-Icerikleri-2.pdf\">Lojistik Program\u0131 Ders M\u00fcfredat\u0131 ve Ders \u0130\u00e7erikleri<\/a><\/p>\t\t\t\t\t\t\t\t<\/div>\n\t\t\t\t<\/div>\n\t\t\t\t\t<\/div>\n\t\t<\/div>\n\t\t\t\t\t<\/div>\n\t\t<\/section>\n\t\t\t\t<section class=\"elementor-section elementor-top-section elementor-element elementor-element-4076bb7 elementor-section-boxed elementor-section-height-default elementor-section-height-default\" data-id=\"4076bb7\" data-element_type=\"section\">\n\t\t\t\t\t\t<div class=\"elementor-container elementor-column-gap-default\">\n\t\t\t\t\t<div class=\"elementor-column elementor-col-100 elementor-top-column elementor-element elementor-element-cb9da4e\" data-id=\"cb9da4e\" data-element_type=\"column\">\n\t\t\t<div class=\"elementor-widget-wrap elementor-element-populated\">\n\t\t\t\t\t\t<div class=\"elementor-element elementor-element-84d49a1 elementor-widget elementor-widget-text-editor\" data-id=\"84d49a1\" data-element_type=\"widget\" data-widget_type=\"text-editor.default\">\n\t\t\t\t<div class=\"elementor-widget-container\">\n\t\t\t\t\t\t\t\t\t<p>Metalurji Program\u0131 Ders M\u00fcfredat\u0131 ve Ders \u0130\u00e7erikleri<\/p><p><a href=\"http:\/\/birimler.atauni.edu.tr\/askale-meslek-yuksekokulu\/wp-content\/uploads\/sites\/438\/2020\/07\/Metalurji-Programi-Ders-Mufredati-ve-Ders-Icerikleri-2.pdf\">Metalurji Program\u0131 Ders M\u00fcfredat\u0131 ve Ders \u0130\u00e7erikleri<\/a><\/p>\t\t\t\t\t\t\t\t<\/div>\n\t\t\t\t<\/div>\n\t\t\t\t\t<\/div>\n\t\t<\/div>\n\t\t\t\t\t<\/div>\n\t\t<\/section>\n\t\t\t\t<section class=\"elementor-section elementor-top-section elementor-element elementor-element-c7a771e elementor-section-boxed elementor-section-height-default elementor-section-height-default\" data-id=\"c7a771e\" data-element_type=\"section\">\n\t\t\t\t\t\t<div class=\"elementor-container elementor-column-gap-default\">\n\t\t\t\t\t<div class=\"elementor-column elementor-col-100 elementor-top-column elementor-element elementor-element-2868175\" data-id=\"2868175\" data-element_type=\"column\">\n\t\t\t<div class=\"elementor-widget-wrap elementor-element-populated\">\n\t\t\t\t\t\t<div class=\"elementor-element elementor-element-bbef7ee elementor-widget elementor-widget-text-editor\" data-id=\"bbef7ee\" data-element_type=\"widget\" data-widget_type=\"text-editor.default\">\n\t\t\t\t<div class=\"elementor-widget-container\">\n\t\t\t\t\t\t\t\t\t<p>Muhasebe ve Vergi Uygulamalar\u0131 Program\u0131 Ders M\u00fcfredat\u0131 ve Ders \u0130\u00e7erikleri<\/p><p><a href=\"http:\/\/birimler.atauni.edu.tr\/askale-meslek-yuksekokulu\/wp-content\/uploads\/sites\/438\/2020\/07\/Muhasebe-ve-Vergi-Uygulamalari-Programi-Ders-Mufredati-ve-Ders-Icerikleri-2.pdf\">Muhasebe ve Vergi Uygulamalar\u0131 Program\u0131 Ders M\u00fcfredat\u0131 ve Ders \u0130\u00e7erikleri<\/a><\/p>\t\t\t\t\t\t\t\t<\/div>\n\t\t\t\t<\/div>\n\t\t\t\t\t<\/div>\n\t\t<\/div>\n\t\t\t\t\t<\/div>\n\t\t<\/section>\n\t\t\t\t<section class=\"elementor-section elementor-top-section elementor-element elementor-element-2b5d6b8 elementor-section-boxed elementor-section-height-default elementor-section-height-default\" data-id=\"2b5d6b8\" data-element_type=\"section\">\n\t\t\t\t\t\t<div class=\"elementor-container elementor-column-gap-default\">\n\t\t\t\t\t<div class=\"elementor-column elementor-col-100 elementor-top-column elementor-element elementor-element-356e1ba\" data-id=\"356e1ba\" data-element_type=\"column\">\n\t\t\t<div class=\"elementor-widget-wrap elementor-element-populated\">\n\t\t\t\t\t\t<div class=\"elementor-element elementor-element-9fff330 elementor-widget elementor-widget-text-editor\" data-id=\"9fff330\" data-element_type=\"widget\" data-widget_type=\"text-editor.default\">\n\t\t\t\t<div class=\"elementor-widget-container\">\n\t\t\t\t\t\t\t\t\t<p>Sa\u011fl\u0131k Kurumlar\u0131 \u0130\u015fletmecili\u011fi Ders M\u00fcfredat\u0131 ve Ders \u0130\u00e7erikleri<\/p><p><a href=\"http:\/\/birimler.atauni.edu.tr\/askale-meslek-yuksekokulu\/wp-content\/uploads\/sites\/438\/2020\/07\/Saglik-Kurumlari-Isletmeciligi-Ders-Mufredati-ve-Ders-Icerikleri-2.pdf\">Sa\u011fl\u0131k Kurumlar\u0131 \u0130\u015fletmecili\u011fi Ders M\u00fcfredat\u0131 ve Ders \u0130\u00e7erikleri<\/a><\/p>\t\t\t\t\t\t\t\t<\/div>\n\t\t\t\t<\/div>\n\t\t\t\t\t<\/div>\n\t\t<\/div>\n\t\t\t\t\t<\/div>\n\t\t<\/section>\n\t\t\t\t<section class=\"elementor-section elementor-top-section elementor-element elementor-element-d1c6d83 elementor-section-boxed elementor-section-height-default elementor-section-height-default\" data-id=\"d1c6d83\" data-element_type=\"section\">\n\t\t\t\t\t\t<div class=\"elementor-container elementor-column-gap-default\">\n\t\t\t\t\t<div class=\"elementor-column elementor-col-100 elementor-top-column elementor-element elementor-element-aca32a8\" data-id=\"aca32a8\" data-element_type=\"column\">\n\t\t\t<div class=\"elementor-widget-wrap elementor-element-populated\">\n\t\t\t\t\t\t<div class=\"elementor-element elementor-element-a6c029b elementor-widget elementor-widget-text-editor\" data-id=\"a6c029b\" data-element_type=\"widget\" data-widget_type=\"text-editor.default\">\n\t\t\t\t<div class=\"elementor-widget-container\">\n\t\t\t\t\t\t\t\t\t<p>Sivil Hava Ula\u015ft\u0131rma \u0130\u015fletmecili\u011fi Program\u0131 Ders M\u00fcfredat\u0131 ve Ders \u0130\u00e7erikleri<\/p><p><a href=\"http:\/\/birimler.atauni.edu.tr\/askale-meslek-yuksekokulu\/wp-content\/uploads\/sites\/438\/2020\/07\/Sivil-Hava-Ulastirma-Isletmeciligi-Programi-Ders-Mufredati-ve-Ders-Icerikleri-2.pdf\">Sivil Hava Ula\u015ft\u0131rma \u0130\u015fletmecili\u011fi Program\u0131 Ders M\u00fcfredat\u0131 ve Ders \u0130\u00e7erikleri<\/a><\/p>\t\t\t\t\t\t\t\t<\/div>\n\t\t\t\t<\/div>\n\t\t\t\t\t<\/div>\n\t\t<\/div>\n\t\t\t\t\t<\/div>\n\t\t<\/section>\n\t\t\t\t<\/div>\n\t\t","protected":false},"excerpt":{"rendered":"<p>B\u00fcro Y\u00f6netimi ve Y\u00f6netici Asistanl\u0131\u011f\u0131 Program\u0131 Ders M\u00fcfredat\u0131 ve Ders \u0130\u00e7erikleri B\u00fcro Y\u00f6netimi ve Y\u00f6netici Asistanl\u0131\u011f\u0131 Program\u0131 Ders M\u00fcfredat\u0131 ve Ders \u0130\u00e7erikleri \u00c7ocuk Geli\u015fim Program\u0131 Ders M\u00fcfredat\u0131 ve Ders \u0130\u00e7erikleri \u00c7ocuk Geli\u015fim Program\u0131 Ders M\u00fcfredat\u0131 ve Ders \u0130\u00e7erikleri Elektrik Program\u0131 Ders M\u00fcfredat\u0131 ve Ders \u0130\u00e7erikleri Elektrik Program\u0131 Ders M\u00fcfredat\u0131 ve Ders \u0130\u00e7erikleri Elektrik Enerjisi \u00dcretim, [&hellip;]<\/p>\n","protected":false},"author":405,"featured_media":0,"parent":0,"menu_order":0,"comment_status":"closed","ping_status":"closed","template":"","meta":{"footnotes":""},"class_list":["post-7587","page","type-page","status-publish","hentry"],"_links":{"self":[{"href":"https:\/\/atauni.edu.tr\/askale-meslek-yuksekokulu\/wp-json\/wp\/v2\/pages\/7587","targetHints":{"allow":["GET"]}}],"collection":[{"href":"https:\/\/atauni.edu.tr\/askale-meslek-yuksekokulu\/wp-json\/wp\/v2\/pages"}],"about":[{"href":"https:\/\/atauni.edu.tr\/askale-meslek-yuksekokulu\/wp-json\/wp\/v2\/types\/page"}],"author":[{"embeddable":true,"href":"https:\/\/atauni.edu.tr\/askale-meslek-yuksekokulu\/wp-json\/wp\/v2\/users\/405"}],"replies":[{"embeddable":true,"href":"https:\/\/atauni.edu.tr\/askale-meslek-yuksekokulu\/wp-json\/wp\/v2\/comments?post=7587"}],"version-history":[{"count":10,"href":"https:\/\/atauni.edu.tr\/askale-meslek-yuksekokulu\/wp-json\/wp\/v2\/pages\/7587\/revisions"}],"predecessor-version":[{"id":7790,"href":"https:\/\/atauni.edu.tr\/askale-meslek-yuksekokulu\/wp-json\/wp\/v2\/pages\/7587\/revisions\/7790"}],"wp:attachment":[{"href":"https:\/\/atauni.edu.tr\/askale-meslek-yuksekokulu\/wp-json\/wp\/v2\/media?parent=7587"}],"curies":[{"name":"wp","href":"https:\/\/api.w.org\/{rel}","templated":true}]}}