{"id":5638,"date":"2021-07-13T09:49:25","date_gmt":"2021-07-13T06:49:25","guid":{"rendered":"https:\/\/portaltest.atauni.edu.tr\/bilgisayar-muhendisligi\/?page_id=5638"},"modified":"2025-11-09T00:14:59","modified_gmt":"2025-11-08T21:14:59","slug":"tarihce","status":"publish","type":"page","link":"https:\/\/atauni.edu.tr\/astronomi-ve-astrofizik\/tarihce\/","title":{"rendered":"Tarih\u00e7e"},"content":{"rendered":"\t\t<div data-elementor-type=\"wp-page\" data-elementor-id=\"5638\" class=\"elementor elementor-5638\" data-elementor-post-type=\"page\">\n\t\t\t\t\t\t<section class=\"elementor-section elementor-top-section elementor-element elementor-element-730d320 elementor-section-boxed elementor-section-height-default elementor-section-height-default\" data-id=\"730d320\" data-element_type=\"section\">\n\t\t\t\t\t\t<div class=\"elementor-container elementor-column-gap-default\">\n\t\t\t\t\t<div class=\"elementor-column elementor-col-100 elementor-top-column elementor-element elementor-element-753d0860\" data-id=\"753d0860\" data-element_type=\"column\">\n\t\t\t<div class=\"elementor-widget-wrap\">\n\t\t\t\t\t\t\t<\/div>\n\t\t<\/div>\n\t\t\t\t\t<\/div>\n\t\t<\/section>\n\t\t\t\t<section class=\"elementor-section elementor-top-section elementor-element elementor-element-9be811a elementor-section-boxed elementor-section-height-default elementor-section-height-default\" data-id=\"9be811a\" data-element_type=\"section\">\n\t\t\t\t\t\t<div class=\"elementor-container elementor-column-gap-default\">\n\t\t\t\t\t<div class=\"elementor-column elementor-col-100 elementor-top-column elementor-element elementor-element-1ed847b7\" data-id=\"1ed847b7\" data-element_type=\"column\">\n\t\t\t<div class=\"elementor-widget-wrap elementor-element-populated\">\n\t\t\t\t\t\t<div class=\"elementor-element elementor-element-4ce0d07f elementor-widget elementor-widget-heading\" data-id=\"4ce0d07f\" data-element_type=\"widget\" data-widget_type=\"heading.default\">\n\t\t\t\t<div class=\"elementor-widget-container\">\n\t\t\t\t\t<h2 class=\"elementor-heading-title elementor-size-default\">Tarih\u00e7e<\/h2>\t\t\t\t<\/div>\n\t\t\t\t<\/div>\n\t\t\t\t<div class=\"elementor-element elementor-element-63260862 elementor-widget-divider--view-line elementor-widget elementor-widget-divider\" data-id=\"63260862\" data-element_type=\"widget\" data-widget_type=\"divider.default\">\n\t\t\t\t<div class=\"elementor-widget-container\">\n\t\t\t\t\t\t\t<div class=\"elementor-divider\">\n\t\t\t<span class=\"elementor-divider-separator\">\n\t\t\t\t\t\t<\/span>\n\t\t<\/div>\n\t\t\t\t\t\t<\/div>\n\t\t\t\t<\/div>\n\t\t\t\t\t<\/div>\n\t\t<\/div>\n\t\t\t\t\t<\/div>\n\t\t<\/section>\n\t\t\t\t<section class=\"elementor-section elementor-top-section elementor-element elementor-element-681db8b elementor-section-boxed elementor-section-height-default elementor-section-height-default\" data-id=\"681db8b\" data-element_type=\"section\">\n\t\t\t\t\t\t<div class=\"elementor-container elementor-column-gap-default\">\n\t\t\t\t\t<div class=\"elementor-column elementor-col-100 elementor-top-column elementor-element elementor-element-ad4dac5\" data-id=\"ad4dac5\" data-element_type=\"column\">\n\t\t\t<div class=\"elementor-widget-wrap elementor-element-populated\">\n\t\t\t\t\t\t<div class=\"elementor-element elementor-element-2f96b3d elementor-widget elementor-widget-text-editor\" data-id=\"2f96b3d\" data-element_type=\"widget\" data-widget_type=\"text-editor.default\">\n\t\t\t\t<div class=\"elementor-widget-container\">\n\t\t\t\t\t\t\t\t\t<div>\n<h2><span style=\"color: #212529;font-size: 13px;font-weight: 300;background-color: #fafafa\">Astronomi ve Uzay Bilimleri B\u00f6l\u00fcm\u00fc, 2013 y\u0131l\u0131nda &#8220;Astronomi ve Astrofizik B\u00f6l\u00fcm\u00fc&#8221; ad\u0131yla a\u00e7\u0131lm\u0131\u015ft\u0131r. T\u00fcrkiye\u2019de Astronomi ve Astrofizik alanlar\u0131n\u0131 birle\u015ftiren ilk disiplinleraras\u0131 b\u00f6l\u00fcmd\u00fcr.&nbsp;<\/span><span style=\"color: #212529;font-size: 13px;font-weight: 300;background-color: #fafafa\"> B\u00f6l\u00fcm\u00fcm\u00fcz T\u00fcrkiye&#8217;deki Astronomi ve Uzay Bilimleri b\u00f6l\u00fcmleri i\u00e7inde&nbsp; kurulan 5. lisans b\u00f6l\u00fcm\u00fcd\u00fcr.<\/span><span style=\"color: #212529;font-size: 13px;font-weight: 300;background-color: #fafafa\">&nbsp;2017-2018 e\u011fitim &nbsp;\u00f6\u011fretim y\u0131l\u0131na kadar sadece y\u00fcksek lisans ve doktora e\u011fitimleri verilmi\u015ftir. 2018-2019 e\u011fitim \u00f6\u011fretim y\u0131l\u0131 itibariyle de lisans e\u011fitimine ba\u015flanm\u0131\u015ft\u0131r.&nbsp;<\/span><\/h2>\n<\/div>\n<div>&nbsp;<\/div>\t\t\t\t\t\t\t\t<\/div>\n\t\t\t\t<\/div>\n\t\t\t\t\t<\/div>\n\t\t<\/div>\n\t\t\t\t\t<\/div>\n\t\t<\/section>\n\t\t\t\t<\/div>\n\t\t","protected":false},"excerpt":{"rendered":"<p>Tarih\u00e7e Astronomi ve Uzay Bilimleri B\u00f6l\u00fcm\u00fc, 2013 y\u0131l\u0131nda &#8220;Astronomi ve Astrofizik B\u00f6l\u00fcm\u00fc&#8221; ad\u0131yla a\u00e7\u0131lm\u0131\u015ft\u0131r. T\u00fcrkiye\u2019de Astronomi ve Astrofizik alanlar\u0131n\u0131 birle\u015ftiren ilk disiplinleraras\u0131 b\u00f6l\u00fcmd\u00fcr.&nbsp; B\u00f6l\u00fcm\u00fcm\u00fcz T\u00fcrkiye&#8217;deki Astronomi ve Uzay Bilimleri b\u00f6l\u00fcmleri i\u00e7inde&nbsp; kurulan 5. lisans b\u00f6l\u00fcm\u00fcd\u00fcr.&nbsp;2017-2018 e\u011fitim &nbsp;\u00f6\u011fretim y\u0131l\u0131na kadar sadece y\u00fcksek lisans ve doktora e\u011fitimleri verilmi\u015ftir. 2018-2019 e\u011fitim \u00f6\u011fretim y\u0131l\u0131 itibariyle de lisans e\u011fitimine ba\u015flanm\u0131\u015ft\u0131r.&nbsp; [&hellip;]<\/p>\n","protected":false},"author":1,"featured_media":0,"parent":0,"menu_order":0,"comment_status":"closed","ping_status":"closed","template":"","meta":{"footnotes":""},"class_list":["post-5638","page","type-page","status-publish","hentry"],"_links":{"self":[{"href":"https:\/\/atauni.edu.tr\/astronomi-ve-astrofizik\/wp-json\/wp\/v2\/pages\/5638","targetHints":{"allow":["GET"]}}],"collection":[{"href":"https:\/\/atauni.edu.tr\/astronomi-ve-astrofizik\/wp-json\/wp\/v2\/pages"}],"about":[{"href":"https:\/\/atauni.edu.tr\/astronomi-ve-astrofizik\/wp-json\/wp\/v2\/types\/page"}],"author":[{"embeddable":true,"href":"https:\/\/atauni.edu.tr\/astronomi-ve-astrofizik\/wp-json\/wp\/v2\/users\/1"}],"replies":[{"embeddable":true,"href":"https:\/\/atauni.edu.tr\/astronomi-ve-astrofizik\/wp-json\/wp\/v2\/comments?post=5638"}],"version-history":[{"count":40,"href":"https:\/\/atauni.edu.tr\/astronomi-ve-astrofizik\/wp-json\/wp\/v2\/pages\/5638\/revisions"}],"predecessor-version":[{"id":7667,"href":"https:\/\/atauni.edu.tr\/astronomi-ve-astrofizik\/wp-json\/wp\/v2\/pages\/5638\/revisions\/7667"}],"wp:attachment":[{"href":"https:\/\/atauni.edu.tr\/astronomi-ve-astrofizik\/wp-json\/wp\/v2\/media?parent=5638"}],"curies":[{"name":"wp","href":"https:\/\/api.w.org\/{rel}","templated":true}]}}