{"id":5682,"date":"2021-07-13T10:10:01","date_gmt":"2021-07-13T07:10:01","guid":{"rendered":"https:\/\/portaltest.atauni.edu.tr\/bilgisayar-muhendisligi\/?page_id=5682"},"modified":"2021-09-27T12:30:04","modified_gmt":"2021-09-27T09:30:04","slug":"misyon-vizyon-ve-temel-degerler","status":"publish","type":"page","link":"https:\/\/atauni.edu.tr\/astronomi-ve-astrofizik\/misyon-vizyon-ve-temel-degerler\/","title":{"rendered":"Misyon, Vizyon ve Temel De\u011ferler"},"content":{"rendered":"\t\t<div data-elementor-type=\"wp-page\" data-elementor-id=\"5682\" class=\"elementor elementor-5682\" data-elementor-post-type=\"page\">\n\t\t\t\t\t\t<section class=\"elementor-section elementor-top-section elementor-element elementor-element-730d320 elementor-section-boxed elementor-section-height-default elementor-section-height-default\" data-id=\"730d320\" data-element_type=\"section\">\n\t\t\t\t\t\t<div class=\"elementor-container elementor-column-gap-default\">\n\t\t\t\t\t<div class=\"elementor-column elementor-col-100 elementor-top-column elementor-element elementor-element-753d0860\" data-id=\"753d0860\" data-element_type=\"column\">\n\t\t\t<div class=\"elementor-widget-wrap\">\n\t\t\t\t\t\t\t<\/div>\n\t\t<\/div>\n\t\t\t\t\t<\/div>\n\t\t<\/section>\n\t\t\t\t<section class=\"elementor-section elementor-top-section elementor-element elementor-element-9be811a elementor-section-boxed elementor-section-height-default elementor-section-height-default\" data-id=\"9be811a\" data-element_type=\"section\">\n\t\t\t\t\t\t<div class=\"elementor-container elementor-column-gap-default\">\n\t\t\t\t\t<div class=\"elementor-column elementor-col-100 elementor-top-column elementor-element elementor-element-1ed847b7\" data-id=\"1ed847b7\" data-element_type=\"column\">\n\t\t\t<div class=\"elementor-widget-wrap elementor-element-populated\">\n\t\t\t\t\t\t<div class=\"elementor-element elementor-element-4ce0d07f elementor-widget elementor-widget-heading\" data-id=\"4ce0d07f\" data-element_type=\"widget\" data-widget_type=\"heading.default\">\n\t\t\t\t<div class=\"elementor-widget-container\">\n\t\t\t\t\t<h2 class=\"elementor-heading-title elementor-size-default\">Misyon, Vizyon ve Temel De\u011ferler<\/h2>\t\t\t\t<\/div>\n\t\t\t\t<\/div>\n\t\t\t\t<div class=\"elementor-element elementor-element-63260862 elementor-widget-divider--view-line elementor-widget elementor-widget-divider\" data-id=\"63260862\" data-element_type=\"widget\" data-widget_type=\"divider.default\">\n\t\t\t\t<div class=\"elementor-widget-container\">\n\t\t\t\t\t\t\t<div class=\"elementor-divider\">\n\t\t\t<span class=\"elementor-divider-separator\">\n\t\t\t\t\t\t<\/span>\n\t\t<\/div>\n\t\t\t\t\t\t<\/div>\n\t\t\t\t<\/div>\n\t\t\t\t\t<\/div>\n\t\t<\/div>\n\t\t\t\t\t<\/div>\n\t\t<\/section>\n\t\t\t\t<section class=\"elementor-section elementor-top-section elementor-element elementor-element-681db8b elementor-section-boxed elementor-section-height-default elementor-section-height-default\" data-id=\"681db8b\" data-element_type=\"section\">\n\t\t\t\t\t\t<div class=\"elementor-container elementor-column-gap-default\">\n\t\t\t\t\t<div class=\"elementor-column elementor-col-100 elementor-top-column elementor-element elementor-element-ad4dac5\" data-id=\"ad4dac5\" data-element_type=\"column\">\n\t\t\t<div class=\"elementor-widget-wrap elementor-element-populated\">\n\t\t\t\t\t\t<div class=\"elementor-element elementor-element-2f96b3d elementor-widget elementor-widget-text-editor\" data-id=\"2f96b3d\" data-element_type=\"widget\" data-widget_type=\"text-editor.default\">\n\t\t\t\t<div class=\"elementor-widget-container\">\n\t\t\t\t\t\t\t\t\t<div>\n<h2><p style=\"margin-bottom: 1rem;line-height: 26px;text-align: left;padding: 0px 12px;font-weight: normal;font-size: 13px\"><span style=\"font-weight: bolder\">Misyon<\/span><\/p><p style=\"margin-bottom: 1rem;line-height: 26px;text-align: left;padding: 0px 12px;font-weight: normal;font-size: 13px\">Astronomi ve Uzay Bilimleri\u2019nde, ulusal d\u00fczeydeki \u00e7al\u0131\u015fmalara y\u00f6n vermek ve \u00f6nc\u00fc olmak, uluslararas\u0131 d\u00fczeyde g\u00fcncel \u00e7al\u0131\u015fmalarla tan\u0131n\u0131r olmak.<\/p><p style=\"margin-bottom: 1rem;line-height: 26px;text-align: left;padding: 0px 12px;font-weight: normal;font-size: 13px\"><span style=\"font-weight: bolder\">Vizyon<\/span><\/p><p style=\"margin-bottom: 1rem;line-height: 26px;text-align: left;padding: 0px 12px;font-weight: normal;font-size: 13px\">Astronomi ve Uzay Bilimleri\u2019nde, ulusal d\u00fczeyde rekabet\u00e7i, payla\u015f\u0131mc\u0131, \u00f6nc\u00fc ve tercih edilen, uluslararas\u0131 d\u00fczeyde tan\u0131n\u0131r b\u00f6l\u00fcm olmak.<\/p><\/h2><\/div><div>\n<\/div>\t\t\t\t\t\t\t\t<\/div>\n\t\t\t\t<\/div>\n\t\t\t\t\t<\/div>\n\t\t<\/div>\n\t\t\t\t\t<\/div>\n\t\t<\/section>\n\t\t\t\t<\/div>\n\t\t","protected":false},"excerpt":{"rendered":"<p>Misyon, Vizyon ve Temel De\u011ferler Misyon Astronomi ve Uzay Bilimleri\u2019nde, ulusal d\u00fczeydeki \u00e7al\u0131\u015fmalara y\u00f6n vermek ve \u00f6nc\u00fc olmak, uluslararas\u0131 d\u00fczeyde g\u00fcncel \u00e7al\u0131\u015fmalarla tan\u0131n\u0131r olmak. Vizyon Astronomi ve Uzay Bilimleri\u2019nde, ulusal d\u00fczeyde rekabet\u00e7i, payla\u015f\u0131mc\u0131, \u00f6nc\u00fc ve tercih edilen, uluslararas\u0131 d\u00fczeyde tan\u0131n\u0131r b\u00f6l\u00fcm olmak.<\/p>\n","protected":false},"author":1,"featured_media":0,"parent":0,"menu_order":0,"comment_status":"closed","ping_status":"closed","template":"elementor_header_footer","meta":{"footnotes":""},"class_list":["post-5682","page","type-page","status-publish","hentry"],"_links":{"self":[{"href":"https:\/\/atauni.edu.tr\/astronomi-ve-astrofizik\/wp-json\/wp\/v2\/pages\/5682","targetHints":{"allow":["GET"]}}],"collection":[{"href":"https:\/\/atauni.edu.tr\/astronomi-ve-astrofizik\/wp-json\/wp\/v2\/pages"}],"about":[{"href":"https:\/\/atauni.edu.tr\/astronomi-ve-astrofizik\/wp-json\/wp\/v2\/types\/page"}],"author":[{"embeddable":true,"href":"https:\/\/atauni.edu.tr\/astronomi-ve-astrofizik\/wp-json\/wp\/v2\/users\/1"}],"replies":[{"embeddable":true,"href":"https:\/\/atauni.edu.tr\/astronomi-ve-astrofizik\/wp-json\/wp\/v2\/comments?post=5682"}],"version-history":[{"count":12,"href":"https:\/\/atauni.edu.tr\/astronomi-ve-astrofizik\/wp-json\/wp\/v2\/pages\/5682\/revisions"}],"predecessor-version":[{"id":6153,"href":"https:\/\/atauni.edu.tr\/astronomi-ve-astrofizik\/wp-json\/wp\/v2\/pages\/5682\/revisions\/6153"}],"wp:attachment":[{"href":"https:\/\/atauni.edu.tr\/astronomi-ve-astrofizik\/wp-json\/wp\/v2\/media?parent=5682"}],"curies":[{"name":"wp","href":"https:\/\/api.w.org\/{rel}","templated":true}]}}